{"id":4518,"date":"2022-08-11T11:31:05","date_gmt":"2022-08-11T14:31:05","guid":{"rendered":"https:\/\/portal.pi.gov.br\/cge\/?page_id=4518"},"modified":"2026-01-09T11:48:30","modified_gmt":"2026-01-09T14:48:30","slug":"publicacoes-resolucoes","status":"publish","type":"page","link":"https:\/\/portal.pi.gov.br\/cge\/publicacoes-resolucoes\/","title":{"rendered":"Resolu\u00e7\u00f5es"},"content":{"rendered":"\n<div class=\"wp-block-columns is-layout-flex wp-container-2\">\n<div class=\"wp-block-column is-layout-flow\">\n<div class=\"wp-block-stackable-image-box stk-block-image-box stk-hover-parent stk-block stk-d9845a4 is-style-default\" data-block-id=\"d9845a4\"><div class=\"stk-block-content stk-inner-blocks has-text-align-center stk-row stk-block-image-box__content\">\n<div class=\"wp-block-stackable-image stk-block-image stk-block stk-9213d26\" data-block-id=\"9213d26\"><style>.stk-9213d26 .stk-img-wrapper{height:100px !important}:where(.stk-hover-parent:hover,.stk-hover-parent.stk--is-hovered) .stk-9213d26 .stk-img-wrapper::after{background-color:#000000 !important}:where(.stk-hover-parent:hover,.stk-hover-parent.stk--is-hovered) .stk-9213d26 .stk-img-wrapper{--stk-gradient-overlay:0.7 !important}<\/style><figure class=\"stk-img-wrapper stk-image--shape-stretch\"><img decoding=\"async\" loading=\"lazy\" class=\"stk-img wp-image-4522\" src=\"https:\/\/portal.pi.gov.br\/cge\/wp-content\/uploads\/sites\/12\/2022\/08\/Copia-de-EFICIENCIA-2.png\" width=\"988\" height=\"100\" srcset=\"https:\/\/portal.pi.gov.br\/cge\/wp-content\/uploads\/sites\/12\/2022\/08\/Copia-de-EFICIENCIA-2.png 988w, https:\/\/portal.pi.gov.br\/cge\/wp-content\/uploads\/sites\/12\/2022\/08\/Copia-de-EFICIENCIA-2-300x30.png 300w, https:\/\/portal.pi.gov.br\/cge\/wp-content\/uploads\/sites\/12\/2022\/08\/Copia-de-EFICIENCIA-2-768x78.png 768w, https:\/\/portal.pi.gov.br\/cge\/wp-content\/uploads\/sites\/12\/2022\/08\/Copia-de-EFICIENCIA-2-420x43.png 420w, https:\/\/portal.pi.gov.br\/cge\/wp-content\/uploads\/sites\/12\/2022\/08\/Copia-de-EFICIENCIA-2-540x55.png 540w, https:\/\/portal.pi.gov.br\/cge\/wp-content\/uploads\/sites\/12\/2022\/08\/Copia-de-EFICIENCIA-2-780x79.png 780w, https:\/\/portal.pi.gov.br\/cge\/wp-content\/uploads\/sites\/12\/2022\/08\/Copia-de-EFICIENCIA-2-947x96.png 947w, https:\/\/portal.pi.gov.br\/cge\/wp-content\/uploads\/sites\/12\/2022\/08\/Copia-de-EFICIENCIA-2-624x63.png 624w\" sizes=\"(max-width: 988px) 100vw, 988px\" \/><\/figure><\/div>\n\n\n\n<div class=\"wp-block-stackable-column stk-block-column stk-column stk-block stk-c222173\" data-v=\"4\" data-block-id=\"c222173\"><style>.stk-c222173{align-items:center !important;display:flex !important}<\/style><div class=\"stk-column-wrapper stk-block-column__content stk-container stk-c222173-container stk--no-background stk--no-padding\"><div class=\"stk-block-content stk-inner-blocks stk-c222173-inner-blocks\"><\/div><\/div><\/div>\n<\/div><\/div>\n<\/div>\n<\/div>\n\n\n\n<p class=\"has-text-align-justify\">Neste campo voc\u00ea encontrar\u00e1 os Decretos para orientar servidores estaduais quanto aos procedimentos relacionados \u00e0s \u00e1reas de atua\u00e7\u00e3o no \u00e2mbito do controle interno.<\/p>\n\n\n\n<p><em>Para facilitar a busca utilize o atalho Ctrl + F e digite a palavra-chave.<\/em><\/p>\n\n\n\n<div class=\"wp-block-group is-layout-constrained\"><div class=\"wp-block-group__inner-container\">\n<div class=\"wp-block-stackable-heading stk-block-heading stk-block-heading--v2 stk-block stk-98f4763\" id=\"resolucao-cgfr-n-013-2025\" data-block-id=\"98f4763\"><style>.stk-98f4763{margin-bottom:0px !important}.stk-98f4763 .stk-block-heading__text{color:#000000 !important}.stk-98f4763 .stk-block-heading__top-line{height:4px !important;width:450px !important;background-color:#1071a1 !important;margin-bottom:0px !important}.stk-98f4763 .stk-block-heading__bottom-line{height:4px !important;width:0px !important;background-color:#1071a1 !important;margin-top:7px !important}<\/style><div class=\"stk-block-heading__top-line\"><\/div><h2 class=\"stk-block-heading__text has-text-color has-black-color stk-block-heading--use-theme-margins\">Resolu\u00e7\u00e3o CGFR N.\u00ba 013\/2025<\/h2><\/div>\n\n\n\n<p>Estabelece as listas de verifica\u00e7\u00e3o necess\u00e1rias \u00e0 instru\u00e7\u00e3o dos processos de realiza\u00e7\u00e3o de despesas pela Lei N.\u00ba 14.133\/2021 dos \u00f3rg\u00e3os da Administra\u00e7\u00e3o Direta, aut\u00e1rquica e fundacional do Estado do Piau\u00ed.<\/p>\n\n\n\n<p><em><a href=\"https:\/\/portal.pi.gov.br\/cge\/download\/155\/licitacoes-e-contratos-administrativos\/11176\/resolucao-cgfr-13-2025-listas-de-verificacao.pdf\">Acesse o documento<\/a><\/em><\/p>\n<\/div><\/div>\n\n\n\n<div class=\"wp-block-group is-layout-constrained\"><div class=\"wp-block-group__inner-container\">\n<div class=\"wp-block-stackable-heading stk-block-heading stk-block-heading--v2 stk-block stk-cf2b8db\" id=\"resolucao-cgfr-n-004-2025\" data-block-id=\"cf2b8db\"><style>.stk-cf2b8db{margin-bottom:0px !important}.stk-cf2b8db .stk-block-heading__text{color:#000000 !important}.stk-cf2b8db .stk-block-heading__top-line{height:4px !important;width:450px !important;background-color:#1071a1 !important;margin-bottom:0px !important}.stk-cf2b8db .stk-block-heading__bottom-line{height:4px !important;width:0px !important;background-color:#1071a1 !important;margin-top:7px !important}<\/style><div class=\"stk-block-heading__top-line\"><\/div><h2 class=\"stk-block-heading__text has-text-color has-black-color stk-block-heading--use-theme-margins\">Resolu\u00e7\u00e3o CGFR N.\u00ba 004\/2025<\/h2><\/div>\n\n\n\n<p>Estabelece a obrigatoriedade do controle de jornada de trabalho por meio de ponto eletr\u00f4nico para os colaboradores vinculados a contratos de loca\u00e7\u00e3o de m\u00e3o de obra no Governo do Estado do Piau\u00ed.<\/p>\n\n\n\n<p><em><a href=\"https:\/\/portal.pi.gov.br\/cge\/download\/155\/licitacoes-e-contratos-administrativos\/10092\/resolucao-cgfr-no-04-2025.pdf\">Acesse o documento<\/a><\/em><\/p>\n<\/div><\/div>\n\n\n\n<div class=\"wp-block-group is-layout-constrained\"><div class=\"wp-block-group__inner-container\">\n<div class=\"wp-block-stackable-heading stk-block-heading stk-block-heading--v2 stk-block stk-da784f9\" id=\"resolucao-cgfr-n-003-2025\" data-block-id=\"da784f9\"><style>.stk-da784f9{margin-bottom:0px !important}.stk-da784f9 .stk-block-heading__text{color:#000000 !important}.stk-da784f9 .stk-block-heading__top-line{height:4px !important;width:450px !important;background-color:#1071a1 !important;margin-bottom:0px !important}.stk-da784f9 .stk-block-heading__bottom-line{height:4px !important;width:0px !important;background-color:#1071a1 !important;margin-top:7px !important}<\/style><div class=\"stk-block-heading__top-line\"><\/div><h2 class=\"stk-block-heading__text has-text-color has-black-color stk-block-heading--use-theme-margins\">Resolu\u00e7\u00e3o CGFR N.\u00ba 003\/2025<\/h2><\/div>\n\n\n\n<p>Disp\u00f5e sobre medidas de gest\u00e3o relativas \u00e0s repactua\u00e7\u00f5es contratuais em sede de servi\u00e7os sob o regime de execu\u00e7\u00e3o indireta no \u00e2mbito da Administra\u00e7\u00e3o P\u00fablica Estadual do Piau\u00ed.<\/p>\n\n\n\n<p><em><a href=\"https:\/\/portal.pi.gov.br\/cge\/download\/155\/licitacoes-e-contratos-administrativos\/10093\/resolucao-cgfr-no-03-2025-repactuacoes.pdf\">Acesse o documento<\/a><\/em><\/p>\n<\/div><\/div>\n\n\n\n<div class=\"wp-block-group is-vertical is-layout-flex wp-container-8\">\n<div class=\"wp-block-stackable-heading stk-block-heading stk-block-heading--v2 stk-block stk-a60d9ba\" id=\"resolucao-cgfr-n-004-2024\" data-block-id=\"a60d9ba\"><style>.stk-a60d9ba{margin-bottom:0px !important}.stk-a60d9ba .stk-block-heading__text{color:#000000 !important}.stk-a60d9ba .stk-block-heading__top-line{height:4px !important;width:450px !important;background-color:#1071a1 !important;margin-bottom:0px !important}.stk-a60d9ba .stk-block-heading__bottom-line{height:4px !important;width:0px !important;background-color:#1071a1 !important;margin-top:7px !important}<\/style><div class=\"stk-block-heading__top-line\"><\/div><h2 class=\"stk-block-heading__text has-text-color has-black-color stk-block-heading--use-theme-margins\">Resolu\u00e7\u00e3o CGFR N.\u00ba 004\/2024<\/h2><\/div>\n\n\n\n<p>Estabelecimento de Programa de Revis\u00e3o de Gastos no \u00e2mbito da Administra\u00e7\u00e3o P\u00fablica Direta e Indireta do Poder Executivo Estadual para os exerc\u00edcios de 2024 e 2025.<\/p>\n\n\n\n<p><em><a href=\"https:\/\/portal.pi.gov.br\/cge\/download\/155\/licitacoes-e-contratos-administrativos\/9475\/resolucao-no-004-2024-cgfr.pdf\">Acesse o documento<\/a><\/em><\/p>\n\n\n\n<div class=\"wp-block-stackable-heading stk-block-heading stk-block-heading--v2 stk-block stk-97f85cf\" id=\"resolucao-cgfr-n-005-2023\" data-block-id=\"97f85cf\"><style>.stk-97f85cf{margin-bottom:0px !important}.stk-97f85cf .stk-block-heading__text{color:#000000 !important}.stk-97f85cf .stk-block-heading__top-line{height:4px !important;width:450px !important;background-color:#1071a1 !important;margin-bottom:0px !important}.stk-97f85cf .stk-block-heading__bottom-line{height:4px !important;width:0px !important;background-color:#1071a1 !important;margin-top:7px !important}<\/style><div class=\"stk-block-heading__top-line\"><\/div><h2 class=\"stk-block-heading__text has-text-color has-black-color stk-block-heading--use-theme-margins\">Resolu\u00e7\u00e3o CGFR N\u00ba 005\/2023<\/h2><\/div>\n\n\n\n<p id=\"resolucao-cgfr-n-005-2023\">Estabelecimento de Medidas de Conten\u00e7\u00e3o de Despesas no \u00e2mbito da Administra\u00e7\u00e3o P\u00fablica Direta e Indireta Estadual.<\/p>\n\n\n\n<p id=\"resolucao-cgfr-n-005-2023\"><em><a href=\"https:\/\/portal.pi.gov.br\/cge\/download\/155\/licitacoes-e-contratos-administrativos\/7044\/resolucao-005-2023.pdf\">Acesse o documento<\/a><\/em><\/p>\n\n\n\n<div class=\"wp-block-stackable-heading stk-block-heading stk-block-heading--v2 stk-block stk-22d20d9\" id=\"resolucao-cgfr-n-002-2022\" data-block-id=\"22d20d9\"><style>.stk-22d20d9{margin-bottom:0px !important}.stk-22d20d9 .stk-block-heading__text{color:#000000 !important}.stk-22d20d9 .stk-block-heading__top-line{height:4px !important;width:450px !important;background-color:#1071a1 !important;margin-bottom:0px !important}.stk-22d20d9 .stk-block-heading__bottom-line{height:4px !important;width:0px !important;background-color:#1071a1 !important;margin-top:7px !important}<\/style><div class=\"stk-block-heading__top-line\"><\/div><h2 class=\"stk-block-heading__text has-text-color has-black-color stk-block-heading--use-theme-margins\">Resolu\u00e7\u00e3o CGFR N.\u00ba 002\/2022<\/h2><\/div>\n\n\n\n<p class=\"has-text-align-justify\">Disp\u00f5e sobre a defini\u00e7\u00e3o de procedimentos relativos \u00e0 execu\u00e7\u00e3o or\u00e7ament\u00e1ria e financeira das transfer\u00eancias de recursos estaduais aos munic\u00edpios mediante emendas individuais impositivas na modalidade transfer\u00eancia especial.<\/p>\n\n\n\n<p id=\"resolucao-cgfr-n-005-2023\"><em><a href=\"https:\/\/portal.pi.gov.br\/cge\/download\/155\/licitacoes-e-contratos-administrativos\/9476\/resolucao-cgfr-02-2022-recursos-de-emenda-impositiva.pdf\">Acesse o documento<\/a><\/em><\/p>\n\n\n\n<div class=\"wp-block-stackable-heading stk-block-heading stk-block-heading--v2 stk-block stk-a87e4c2\" id=\"resolucao-cgfr-n-003-2021\" data-block-id=\"a87e4c2\"><style>.stk-a87e4c2{margin-bottom:0px !important}.stk-a87e4c2 .stk-block-heading__text{color:#000000 !important}.stk-a87e4c2 .stk-block-heading__top-line{height:4px !important;width:450px !important;background-color:#1071a1 !important;margin-bottom:0px !important}.stk-a87e4c2 .stk-block-heading__bottom-line{height:4px !important;width:0px !important;background-color:#1071a1 !important;margin-top:7px !important}<\/style><div class=\"stk-block-heading__top-line\"><\/div><h2 class=\"stk-block-heading__text has-text-color has-black-color stk-block-heading--use-theme-margins\">Resolu\u00e7\u00e3o CGFR N\u00ba 003\/2021<\/h2><\/div>\n\n\n\n<p>Disp\u00f5e sobre a suspens\u00e3o de novas contrata\u00e7\u00f5es da Administra\u00e7\u00e3o P\u00fablica Direta e Indireta Estadual, estabelece medidas de conten\u00e7\u00e3o de despesas e d\u00e1 outras provid\u00eancias.<\/p>\n\n\n\n<p><em><a href=\"https:\/\/portal.pi.gov.br\/cge\/download\/155\/licitacoes-e-contratos-administrativos\/1997\/resolucao-cgfr-no-003-2021.pdf\">Acesse o documento<\/a><\/em><\/p>\n\n\n\n<div class=\"wp-block-group is-vertical is-layout-flex wp-container-7\">\n<div class=\"wp-block-stackable-heading stk-block-heading stk-block-heading--v2 stk-block stk-7e6cfb9\" id=\"resolucao-cgfr-n-002-2021\" data-block-id=\"7e6cfb9\"><style>.stk-7e6cfb9{margin-bottom:0px !important}.stk-7e6cfb9 .stk-block-heading__text{color:#000000 !important}.stk-7e6cfb9 .stk-block-heading__top-line{height:4px !important;width:450px !important;background-color:#1071a1 !important;margin-bottom:0px !important}.stk-7e6cfb9 .stk-block-heading__bottom-line{height:4px !important;width:0px !important;background-color:#1071a1 !important;margin-top:7px !important}<\/style><div class=\"stk-block-heading__top-line\"><\/div><h2 class=\"stk-block-heading__text has-text-color has-black-color stk-block-heading--use-theme-margins\">Resolu\u00e7\u00e3o CGFR N\u00ba 002\/2021<\/h2><\/div>\n\n\n\n<p class=\"has-text-align-justify\">Estabelece par\u00e2metros para elabora\u00e7\u00e3o de extratos de licita\u00e7\u00e3o e contratos administrativos a fim e serem publicados na imprensa oficial.<\/p>\n\n\n\n<p><em><a href=\"https:\/\/portal.pi.gov.br\/cge\/download\/155\/licitacoes-e-contratos-administrativos\/1856\/resolucao-cgfr-no-002-2021.pdf\">Acesse o documento<\/a><\/em><\/p>\n\n\n\n<div class=\"wp-block-group is-vertical is-layout-flex wp-container-6\">\n<div class=\"wp-block-stackable-heading stk-block-heading stk-block-heading--v2 stk-block stk-a680020\" id=\"resolucao-cgfr-n-003-2020\" data-block-id=\"a680020\"><style>.stk-a680020{margin-bottom:0px !important}.stk-a680020 .stk-block-heading__text{color:#000000 !important}.stk-a680020 .stk-block-heading__top-line{height:4px !important;width:450px !important;background-color:#1071a1 !important;margin-bottom:0px !important}.stk-a680020 .stk-block-heading__bottom-line{height:4px !important;width:0px !important;background-color:#1071a1 !important;margin-top:7px !important}<\/style><div class=\"stk-block-heading__top-line\"><\/div><h2 class=\"stk-block-heading__text has-text-color has-black-color stk-block-heading--use-theme-margins\">Resolu\u00e7\u00e3o CGFR N\u00ba 003\/2020<\/h2><\/div>\n\n\n\n<p class=\"has-text-align-justify\">Altera as listas de verifica\u00e7\u00e3o e fluxos necess\u00e1rios \u00e0 instru\u00e7\u00e3o dos processos de realiza\u00e7\u00e3o de despesas dos \u00f3rg\u00e3os da Administra\u00e7\u00e3o Direita, aut\u00e1rquica e fundacional do Estado do Piau\u00ed.<\/p>\n\n\n\n<p><em><a href=\"https:\/\/portal.pi.gov.br\/cge\/download\/155\/licitacoes-e-contratos-administrativos\/1861\/resolucao-cgfr-no-003-2020.pdf\">Acesse o documento<\/a><\/em><\/p>\n\n\n\n<p><\/p>\n<\/div>\n<\/div>\n<\/div>\n","protected":false},"excerpt":{"rendered":"<p>Neste campo voc\u00ea encontrar\u00e1 os Decretos para orientar servidores estaduais quanto aos procedimentos relacionados \u00e0s \u00e1reas de atua\u00e7\u00e3o no \u00e2mbito do controle interno. Para facilitar a busca utilize o atalho [&hellip;]<\/p>\n","protected":false},"author":41,"featured_media":0,"parent":0,"menu_order":0,"comment_status":"closed","ping_status":"closed","template":"","meta":[],"featured_image_urls":{"full":"","thumbnail":"","medium":"","medium_large":"","large":"","sgg-420":"","sgg-540":"","sgg-780":"","1536x1536":"","2048x2048":"","homepage-slider":"","homepage-slider-small":"","page-top":"","page-small":"","loop-main":"","thumb-gallery-widget":""},"post_excerpt_stackable":"<p>Neste campo voc\u00ea encontrar\u00e1 os Decretos para orientar servidores estaduais quanto aos procedimentos relacionados \u00e0s \u00e1reas de atua\u00e7\u00e3o no \u00e2mbito do controle interno. Para facilitar a busca utilize o atalho Ctrl + F e digite a palavra-chave. Resolu\u00e7\u00e3o CGFR N.\u00ba 013\/2025 Estabelece as listas de verifica\u00e7\u00e3o necess\u00e1rias \u00e0 instru\u00e7\u00e3o dos processos de realiza\u00e7\u00e3o de despesas pela Lei N.\u00ba 14.133\/2021 dos \u00f3rg\u00e3os da Administra\u00e7\u00e3o Direta, aut\u00e1rquica e fundacional do Estado do Piau\u00ed. Acesse o documento Resolu\u00e7\u00e3o CGFR N.\u00ba 004\/2025 Estabelece a obrigatoriedade do controle de jornada de trabalho por meio de ponto eletr\u00f4nico para os colaboradores vinculados a contratos de loca\u00e7\u00e3o&hellip;<\/p>\n","category_list":"","author_info":{"name":"anavirginia","url":"https:\/\/portal.pi.gov.br\/cge\/author\/anavirginia\/"},"comments_num":"0 coment\u00e1rio","featured_image_urls_v2":{"full":"","thumbnail":"","medium":"","medium_large":"","large":"","sgg-420":"","sgg-540":"","sgg-780":"","1536x1536":"","2048x2048":"","homepage-slider":"","homepage-slider-small":"","page-top":"","page-small":"","loop-main":"","thumb-gallery-widget":""},"post_excerpt_stackable_v2":"<p>Neste campo voc\u00ea encontrar\u00e1 os Decretos para orientar servidores estaduais quanto aos procedimentos relacionados \u00e0s \u00e1reas de atua\u00e7\u00e3o no \u00e2mbito do controle interno. Para facilitar a busca utilize o atalho Ctrl + F e digite a palavra-chave. Resolu\u00e7\u00e3o CGFR N.\u00ba 013\/2025 Estabelece as listas de verifica\u00e7\u00e3o necess\u00e1rias \u00e0 instru\u00e7\u00e3o dos processos de realiza\u00e7\u00e3o de despesas pela Lei N.\u00ba 14.133\/2021 dos \u00f3rg\u00e3os da Administra\u00e7\u00e3o Direta, aut\u00e1rquica e fundacional do Estado do Piau\u00ed. Acesse o documento Resolu\u00e7\u00e3o CGFR N.\u00ba 004\/2025 Estabelece a obrigatoriedade do controle de jornada de trabalho por meio de ponto eletr\u00f4nico para os colaboradores vinculados a contratos de loca\u00e7\u00e3o&hellip;<\/p>\n","category_list_v2":"","author_info_v2":{"name":"anavirginia","url":"https:\/\/portal.pi.gov.br\/cge\/author\/anavirginia\/"},"comments_num_v2":"0 coment\u00e1rio","jetpack_sharing_enabled":true,"_links":{"self":[{"href":"https:\/\/portal.pi.gov.br\/cge\/wp-json\/wp\/v2\/pages\/4518"}],"collection":[{"href":"https:\/\/portal.pi.gov.br\/cge\/wp-json\/wp\/v2\/pages"}],"about":[{"href":"https:\/\/portal.pi.gov.br\/cge\/wp-json\/wp\/v2\/types\/page"}],"author":[{"embeddable":true,"href":"https:\/\/portal.pi.gov.br\/cge\/wp-json\/wp\/v2\/users\/41"}],"replies":[{"embeddable":true,"href":"https:\/\/portal.pi.gov.br\/cge\/wp-json\/wp\/v2\/comments?post=4518"}],"version-history":[{"count":9,"href":"https:\/\/portal.pi.gov.br\/cge\/wp-json\/wp\/v2\/pages\/4518\/revisions"}],"predecessor-version":[{"id":11178,"href":"https:\/\/portal.pi.gov.br\/cge\/wp-json\/wp\/v2\/pages\/4518\/revisions\/11178"}],"wp:attachment":[{"href":"https:\/\/portal.pi.gov.br\/cge\/wp-json\/wp\/v2\/media?parent=4518"}],"curies":[{"name":"wp","href":"https:\/\/api.w.org\/{rel}","templated":true}]}}