{"id":4537,"date":"2022-08-11T12:11:14","date_gmt":"2022-08-11T15:11:14","guid":{"rendered":"https:\/\/portal.pi.gov.br\/cge\/?page_id=4537"},"modified":"2022-08-12T12:15:08","modified_gmt":"2022-08-12T15:15:08","slug":"ouvidoria-legislacao","status":"publish","type":"page","link":"https:\/\/portal.pi.gov.br\/cge\/ouvidoria-legislacao\/","title":{"rendered":"Legisla\u00e7\u00e3o"},"content":{"rendered":"\n<div class=\"wp-block-columns is-layout-flex wp-container-2\">\n<div class=\"wp-block-column is-layout-flow\">\n<div class=\"wp-block-stackable-image-box is-style-default stk-block-image-box stk-hover-parent stk-block stk-4e6fef1\" data-block-id=\"4e6fef1\"><div class=\"stk-block-content stk-inner-blocks has-text-align-center stk-row stk-block-image-box__content\">\n<div class=\"wp-block-stackable-image stk-block-image stk-block stk-1342fe5\" data-block-id=\"1342fe5\"><style>.stk-1342fe5 .stk-img-wrapper{height:100px !important}:where(.stk-hover-parent:hover,.stk-hover-parent.stk--is-hovered) .stk-1342fe5 .stk-img-wrapper{--stk-gradient-overlay:0.7 !important}:where(.stk-hover-parent:hover,.stk-hover-parent.stk--is-hovered) .stk-1342fe5 .stk-img-wrapper::after{background-color:#000000 !important}<\/style><figure class=\"stk-img-wrapper stk-image--shape-stretch\"><img decoding=\"async\" loading=\"lazy\" class=\"stk-img wp-image-4547\" src=\"https:\/\/portal.pi.gov.br\/cge\/wp-content\/uploads\/sites\/12\/2022\/08\/Copia-de-EFICIENCIA.png\" width=\"988\" height=\"100\" srcset=\"https:\/\/portal.pi.gov.br\/cge\/wp-content\/uploads\/sites\/12\/2022\/08\/Copia-de-EFICIENCIA.png 988w, https:\/\/portal.pi.gov.br\/cge\/wp-content\/uploads\/sites\/12\/2022\/08\/Copia-de-EFICIENCIA-300x30.png 300w, https:\/\/portal.pi.gov.br\/cge\/wp-content\/uploads\/sites\/12\/2022\/08\/Copia-de-EFICIENCIA-768x78.png 768w, https:\/\/portal.pi.gov.br\/cge\/wp-content\/uploads\/sites\/12\/2022\/08\/Copia-de-EFICIENCIA-420x43.png 420w, https:\/\/portal.pi.gov.br\/cge\/wp-content\/uploads\/sites\/12\/2022\/08\/Copia-de-EFICIENCIA-540x55.png 540w, https:\/\/portal.pi.gov.br\/cge\/wp-content\/uploads\/sites\/12\/2022\/08\/Copia-de-EFICIENCIA-780x79.png 780w, https:\/\/portal.pi.gov.br\/cge\/wp-content\/uploads\/sites\/12\/2022\/08\/Copia-de-EFICIENCIA-947x96.png 947w, https:\/\/portal.pi.gov.br\/cge\/wp-content\/uploads\/sites\/12\/2022\/08\/Copia-de-EFICIENCIA-624x63.png 624w\" sizes=\"(max-width: 988px) 100vw, 988px\" \/><\/figure><\/div>\n\n\n\n<div class=\"wp-block-stackable-column stk-block-column stk-column stk-block stk-b384080\" data-block-id=\"b384080\"><style>.stk-b384080{display:flex !important}.stk-b384080{align-items:center !important}<\/style><div class=\"stk-column-wrapper stk-block-column__content stk-container stk-b384080-container stk--no-background stk--no-padding\"><div class=\"stk-block-content stk-inner-blocks\"><\/div><\/div><\/div>\n<\/div><\/div>\n<\/div>\n<\/div>\n\n\n\n<p>Neste campo voc\u00ea encontrar\u00e1 a Legisla\u00e7\u00e3o referente ao servi\u00e7o de Ouvidoria.<\/p>\n\n\n\n<p><em>Para facilitar a busca utilize o atalho Ctrl + F e digite a palavra-chave.<\/em><\/p>\n\n\n\n<div class=\"wp-block-stackable-heading stk-block-heading stk-block stk-1a62756\" id=\"lei-13-709-de-14-de-agosto-de-2018-lgpd\" data-block-id=\"1a62756\"><style>.stk-1a62756{margin-bottom:0px !important}.stk-1a62756 .stk-block-heading__text{color:#000000 !important}.stk-1a62756 .stk-block-heading__top-line{height:4px !important;width:450px !important;background-color:#1071a1 !important;margin-bottom:0px !important}.stk-1a62756 .stk-block-heading__bottom-line{height:4px !important;width:0px !important;background-color:#1071a1 !important;margin-top:7px !important}<\/style><div class=\"stk-block-heading__top-line\"><\/div><h2 class=\"stk-block-heading__text has-text-color has-black-color\">Lei 13.709, de 14 de agosto de 2018 &#8211; LGPD<\/h2><\/div>\n\n\n\n<p class=\"has-text-align-justify\">Lei Geral de Prote\u00e7\u00e3o de Dados<\/p>\n\n\n\n<p><em><a href=\"https:\/\/portal.pi.gov.br\/cge\/download\/297\/legislacao\/3575\/lei-13-709-14-08-2018-lei-de-protecao-de-dados-pessoais-lgpd.pdf\">Acesse o documento<\/a><\/em><\/p>\n\n\n\n<div class=\"wp-block-group is-vertical is-layout-flex wp-container-4\">\n<div class=\"wp-block-stackable-heading stk-block-heading stk-block stk-fc618ec\" id=\"lei-13-460-2017-participacao-protecao-e-defesa-dos-direitos-do-usuario\" data-block-id=\"fc618ec\"><style>.stk-fc618ec{margin-bottom:0px !important}.stk-fc618ec .stk-block-heading__text{color:#000000 !important}.stk-fc618ec .stk-block-heading__top-line{height:4px !important;width:450px !important;background-color:#1071a1 !important;margin-bottom:0px !important}.stk-fc618ec .stk-block-heading__bottom-line{height:4px !important;width:0px !important;background-color:#1071a1 !important;margin-top:7px !important}<\/style><div class=\"stk-block-heading__top-line\"><\/div><h2 class=\"stk-block-heading__text has-text-color has-black-color\">Lei 13.460\/2017 &#8211; Participa\u00e7\u00e3o, prote\u00e7\u00e3o e defesa dos direitos do usu\u00e1rio<\/h2><\/div>\n\n\n\n<p class=\"has-text-align-justify\">Disp\u00f5e sobre participa\u00e7\u00e3o, prote\u00e7\u00e3o e defesa dos direitos do usu\u00e1rio dos servi\u00e7os p\u00fablicos da administra\u00e7\u00e3o p\u00fablica. <\/p>\n\n\n\n<p><em><a href=\"https:\/\/portal.pi.gov.br\/cge\/download\/297\/legislacao\/3800\/lei-13-460-2017-participacao-protecao-e-defesa-dos-direitos-do-usuario.pdf\">Acesse o documento<\/a><\/em><\/p>\n\n\n\n<div class=\"wp-block-group is-vertical is-layout-flex wp-container-3\">\n<div class=\"wp-block-stackable-heading stk-block-heading stk-block stk-a652e11\" id=\"lei-12-527-de-18-de-novembro-de-2011-lei-de-acesso-a-informacao\" data-block-id=\"a652e11\"><style>.stk-a652e11{margin-bottom:0px !important}.stk-a652e11 .stk-block-heading__text{color:#000000 !important}.stk-a652e11 .stk-block-heading__top-line{height:4px !important;width:450px !important;background-color:#1071a1 !important;margin-bottom:0px !important}.stk-a652e11 .stk-block-heading__bottom-line{height:4px !important;width:0px !important;background-color:#1071a1 !important;margin-top:7px !important}<\/style><div class=\"stk-block-heading__top-line\"><\/div><h2 class=\"stk-block-heading__text has-text-color has-black-color\">Lei 12.527, de 18 de novembro de 2011 &#8211; Lei de Acesso \u00e0 Informa\u00e7\u00e3o<\/h2><\/div>\n\n\n\n<p class=\"has-text-align-justify\">Disp\u00f5e sobre participa\u00e7\u00e3o, prote\u00e7\u00e3o e defesa dos direitos do usu\u00e1rio dos servi\u00e7os p\u00fablicos da administra\u00e7\u00e3o p\u00fablica. <\/p>\n\n\n\n<p><em><a href=\"https:\/\/portal.pi.gov.br\/cge\/download\/297\/legislacao\/3576\/lei-12-527-18-11-2011-lei-de-acesso-a-informacao.pdf\">Acesse o documento<\/a><\/em><\/p>\n<\/div>\n<\/div>\n","protected":false},"excerpt":{"rendered":"<p>Neste campo voc\u00ea encontrar\u00e1 a Legisla\u00e7\u00e3o referente ao servi\u00e7o de Ouvidoria. Para facilitar a busca utilize o atalho Ctrl + F e digite a palavra-chave. Lei 13.709, de 14 de [&hellip;]<\/p>\n","protected":false},"author":44,"featured_media":0,"parent":0,"menu_order":0,"comment_status":"closed","ping_status":"closed","template":"","meta":[],"featured_image_urls":{"full":"","thumbnail":"","medium":"","medium_large":"","large":"","sgg-420":"","sgg-540":"","sgg-780":"","1536x1536":"","2048x2048":"","homepage-slider":"","homepage-slider-small":"","page-top":"","page-small":"","loop-main":"","thumb-gallery-widget":""},"post_excerpt_stackable":"<p>Neste campo voc\u00ea encontrar\u00e1 a Legisla\u00e7\u00e3o referente ao servi\u00e7o de Ouvidoria. Para facilitar a busca utilize o atalho Ctrl + F e digite a palavra-chave. Lei 13.709, de 14 de agosto de 2018 &#8211; LGPD Lei Geral de Prote\u00e7\u00e3o de Dados Acesse o documento Lei 13.460\/2017 &#8211; Participa\u00e7\u00e3o, prote\u00e7\u00e3o e defesa dos direitos do usu\u00e1rio Disp\u00f5e sobre participa\u00e7\u00e3o, prote\u00e7\u00e3o e defesa dos direitos do usu\u00e1rio dos servi\u00e7os p\u00fablicos da administra\u00e7\u00e3o p\u00fablica. Acesse o documento Lei 12.527, de 18 de novembro de 2011 &#8211; Lei de Acesso \u00e0 Informa\u00e7\u00e3o Disp\u00f5e sobre participa\u00e7\u00e3o, prote\u00e7\u00e3o e defesa dos direitos do usu\u00e1rio dos servi\u00e7os&hellip;<\/p>\n","category_list":"","author_info":{"name":"andressa","url":"https:\/\/portal.pi.gov.br\/cge\/author\/andressa\/"},"comments_num":"0 coment\u00e1rio","featured_image_urls_v2":{"full":"","thumbnail":"","medium":"","medium_large":"","large":"","sgg-420":"","sgg-540":"","sgg-780":"","1536x1536":"","2048x2048":"","homepage-slider":"","homepage-slider-small":"","page-top":"","page-small":"","loop-main":"","thumb-gallery-widget":""},"post_excerpt_stackable_v2":"<p>Neste campo voc\u00ea encontrar\u00e1 a Legisla\u00e7\u00e3o referente ao servi\u00e7o de Ouvidoria. Para facilitar a busca utilize o atalho Ctrl + F e digite a palavra-chave. Lei 13.709, de 14 de agosto de 2018 &#8211; LGPD Lei Geral de Prote\u00e7\u00e3o de Dados Acesse o documento Lei 13.460\/2017 &#8211; Participa\u00e7\u00e3o, prote\u00e7\u00e3o e defesa dos direitos do usu\u00e1rio Disp\u00f5e sobre participa\u00e7\u00e3o, prote\u00e7\u00e3o e defesa dos direitos do usu\u00e1rio dos servi\u00e7os p\u00fablicos da administra\u00e7\u00e3o p\u00fablica. Acesse o documento Lei 12.527, de 18 de novembro de 2011 &#8211; Lei de Acesso \u00e0 Informa\u00e7\u00e3o Disp\u00f5e sobre participa\u00e7\u00e3o, prote\u00e7\u00e3o e defesa dos direitos do usu\u00e1rio dos servi\u00e7os&hellip;<\/p>\n","category_list_v2":"","author_info_v2":{"name":"andressa","url":"https:\/\/portal.pi.gov.br\/cge\/author\/andressa\/"},"comments_num_v2":"0 coment\u00e1rio","jetpack_sharing_enabled":true,"_links":{"self":[{"href":"https:\/\/portal.pi.gov.br\/cge\/wp-json\/wp\/v2\/pages\/4537"}],"collection":[{"href":"https:\/\/portal.pi.gov.br\/cge\/wp-json\/wp\/v2\/pages"}],"about":[{"href":"https:\/\/portal.pi.gov.br\/cge\/wp-json\/wp\/v2\/types\/page"}],"author":[{"embeddable":true,"href":"https:\/\/portal.pi.gov.br\/cge\/wp-json\/wp\/v2\/users\/44"}],"replies":[{"embeddable":true,"href":"https:\/\/portal.pi.gov.br\/cge\/wp-json\/wp\/v2\/comments?post=4537"}],"version-history":[{"count":2,"href":"https:\/\/portal.pi.gov.br\/cge\/wp-json\/wp\/v2\/pages\/4537\/revisions"}],"predecessor-version":[{"id":4549,"href":"https:\/\/portal.pi.gov.br\/cge\/wp-json\/wp\/v2\/pages\/4537\/revisions\/4549"}],"wp:attachment":[{"href":"https:\/\/portal.pi.gov.br\/cge\/wp-json\/wp\/v2\/media?parent=4537"}],"curies":[{"name":"wp","href":"https:\/\/api.w.org\/{rel}","templated":true}]}}