{"id":4540,"date":"2022-08-11T12:13:53","date_gmt":"2022-08-11T15:13:53","guid":{"rendered":"https:\/\/portal.pi.gov.br\/cge\/?page_id=4540"},"modified":"2022-09-21T11:44:06","modified_gmt":"2022-09-21T14:44:06","slug":"ouvidoria-manuais-e-cartilhas","status":"publish","type":"page","link":"https:\/\/portal.pi.gov.br\/cge\/ouvidoria-manuais-e-cartilhas\/","title":{"rendered":"Manuais e cartilhas"},"content":{"rendered":"\n<div class=\"wp-block-columns is-layout-flex wp-container-2\">\n<div class=\"wp-block-column is-layout-flow\">\n<div class=\"wp-block-stackable-image-box is-style-default stk-block-image-box stk-hover-parent stk-block stk-19ba04d\" data-block-id=\"19ba04d\"><div class=\"stk-block-content stk-inner-blocks has-text-align-center stk-row stk-block-image-box__content\">\n<div class=\"wp-block-stackable-image stk-block-image stk-block stk-c3a84bf\" data-block-id=\"c3a84bf\"><style>.stk-c3a84bf .stk-img-wrapper{height:100px !important}:where(.stk-hover-parent:hover,.stk-hover-parent.stk--is-hovered) .stk-c3a84bf .stk-img-wrapper{--stk-gradient-overlay:0.7 !important}:where(.stk-hover-parent:hover,.stk-hover-parent.stk--is-hovered) .stk-c3a84bf .stk-img-wrapper::after{background-color:#000000 !important}<\/style><figure class=\"stk-img-wrapper stk-image--shape-stretch\"><img decoding=\"async\" loading=\"lazy\" class=\"stk-img wp-image-4557\" src=\"https:\/\/portal.pi.gov.br\/cge\/wp-content\/uploads\/sites\/12\/2022\/08\/Copia-de-EFICIENCIA-4.png\" width=\"988\" height=\"100\" srcset=\"https:\/\/portal.pi.gov.br\/cge\/wp-content\/uploads\/sites\/12\/2022\/08\/Copia-de-EFICIENCIA-4.png 988w, https:\/\/portal.pi.gov.br\/cge\/wp-content\/uploads\/sites\/12\/2022\/08\/Copia-de-EFICIENCIA-4-300x30.png 300w, https:\/\/portal.pi.gov.br\/cge\/wp-content\/uploads\/sites\/12\/2022\/08\/Copia-de-EFICIENCIA-4-768x78.png 768w, https:\/\/portal.pi.gov.br\/cge\/wp-content\/uploads\/sites\/12\/2022\/08\/Copia-de-EFICIENCIA-4-420x43.png 420w, https:\/\/portal.pi.gov.br\/cge\/wp-content\/uploads\/sites\/12\/2022\/08\/Copia-de-EFICIENCIA-4-540x55.png 540w, https:\/\/portal.pi.gov.br\/cge\/wp-content\/uploads\/sites\/12\/2022\/08\/Copia-de-EFICIENCIA-4-780x79.png 780w, https:\/\/portal.pi.gov.br\/cge\/wp-content\/uploads\/sites\/12\/2022\/08\/Copia-de-EFICIENCIA-4-947x96.png 947w, https:\/\/portal.pi.gov.br\/cge\/wp-content\/uploads\/sites\/12\/2022\/08\/Copia-de-EFICIENCIA-4-624x63.png 624w\" sizes=\"(max-width: 988px) 100vw, 988px\" \/><\/figure><\/div>\n\n\n\n<div class=\"wp-block-stackable-column stk-block-column stk-block-column--v2 stk-column stk-block stk-b175efb\" data-block-id=\"b175efb\"><style>.stk-b175efb{display:flex !important}.stk-b175efb{align-items:center !important}<\/style><div class=\"stk-column-wrapper stk-block-column__content stk-container stk-b175efb-container stk--no-background stk--no-padding\"><div class=\"stk-block-content stk-inner-blocks stk-b175efb-inner-blocks\"><\/div><\/div><\/div>\n<\/div><\/div>\n<\/div>\n<\/div>\n\n\n\n<p>Neste campo voc\u00ea encontrar\u00e1 os Manuais e Cartilhas referente ao servi\u00e7o de Ouvidoria.<\/p>\n\n\n\n<p><em>Para facilitar a busca utilize o atalho Ctrl + F e digite a palavra-chave.<\/em><\/p>\n\n\n\n<div class=\"wp-block-group is-vertical is-layout-flex wp-container-3\">\n<div class=\"wp-block-stackable-heading stk-block-heading stk-block stk-90f30a3\" id=\"guia-pratico-fala-br-para-ouvidores-setoriais\" data-block-id=\"90f30a3\"><style>.stk-90f30a3{margin-bottom:0px !important}.stk-90f30a3 .stk-block-heading__text{color:#000000 !important}.stk-90f30a3 .stk-block-heading__top-line{height:4px !important;width:450px !important;background-color:#1071a1 !important;margin-bottom:0px !important}.stk-90f30a3 .stk-block-heading__bottom-line{height:4px !important;width:0px !important;background-color:#1071a1 !important;margin-top:7px !important}<\/style><div class=\"stk-block-heading__top-line\"><\/div><h2 class=\"stk-block-heading__text has-text-color has-black-color\">Guia Pr\u00e1tico FALA.BR para Ouvidores Setoriais<\/h2><\/div>\n\n\n\n<div class=\"wp-block-stackable-text stk-block-text stk-block stk-8f45e44\" data-block-id=\"8f45e44\"><style>.stk-8f45e44{margin-bottom:0px !important}<\/style><p class=\"stk-block-text__text\">Uso da plataforma Fala.BR pelos N\u00facleos de Ouvidorias Setoriais do Governo do Piau\u00ed. <\/p><\/div>\n\n\n\n<div class=\"wp-block-stackable-text stk-block-text stk-block stk-c68c909\" data-block-id=\"c68c909\"><p class=\"stk-block-text__text\"><em><a href=\"https:\/\/portal.pi.gov.br\/cge\/download\/299\/ouvidoria\/4998\/guia-pratico-fala-br-para-servidores-de-ouvidoria.pdf\">Acesse o documento<\/a><\/em><\/p><\/div>\n<\/div>\n\n\n\n<div class=\"wp-block-group is-vertical is-layout-flex wp-container-6\">\n<div class=\"wp-block-stackable-heading stk-block-heading stk-block stk-ae48bb6\" id=\"cartilha-lei-de-acesso-a-informacao-lai\" data-block-id=\"ae48bb6\"><style>.stk-ae48bb6{margin-bottom:0px !important}.stk-ae48bb6 .stk-block-heading__text{color:#000000 !important}.stk-ae48bb6 .stk-block-heading__top-line{height:4px !important;width:450px !important;background-color:#1071a1 !important;margin-bottom:0px !important}.stk-ae48bb6 .stk-block-heading__bottom-line{height:4px !important;width:0px !important;background-color:#1071a1 !important;margin-top:7px !important}<\/style><div class=\"stk-block-heading__top-line\"><\/div><h2 class=\"stk-block-heading__text has-text-color has-black-color\">Cartilha Lei de Acesso \u00e0 Informa\u00e7\u00e3o &#8211; LAI<\/h2><\/div>\n\n\n\n<p><em><a href=\"https:\/\/portal.pi.gov.br\/cge\/download\/299\/ouvidoria\/1826\/cartilha-lei-de-acesso-a-informacao-lai.pdf\">Acesse o documento<\/a><\/em><\/p>\n\n\n\n<div class=\"wp-block-group is-vertical is-layout-flex wp-container-4\">\n<div class=\"wp-block-stackable-heading stk-block-heading stk-block stk-a2dd4b7\" id=\"cartilha-rede-ouvir-piaui\" data-block-id=\"a2dd4b7\"><style>.stk-a2dd4b7{margin-bottom:0px !important}.stk-a2dd4b7 .stk-block-heading__text{color:#000000 !important}.stk-a2dd4b7 .stk-block-heading__top-line{height:4px !important;width:450px !important;background-color:#1071a1 !important;margin-bottom:0px !important}.stk-a2dd4b7 .stk-block-heading__bottom-line{height:4px !important;width:0px !important;background-color:#1071a1 !important;margin-top:7px !important}<\/style><div class=\"stk-block-heading__top-line\"><\/div><h2 class=\"stk-block-heading__text has-text-color has-black-color\">Cartilha Rede Ouvir Piau\u00ed<\/h2><\/div>\n\n\n\n<p><em><a href=\"https:\/\/portal.pi.gov.br\/cge\/download\/299\/ouvidoria\/4342\/cartilha-rede-ouvir-piaui.pdf\">Acesse o documento<\/a><\/em><\/p>\n<\/div>\n\n\n\n<div class=\"wp-block-group is-vertical is-layout-flex wp-container-5\">\n<div class=\"wp-block-stackable-heading stk-block-heading stk-block stk-6d155a6\" id=\"manual-e-sic-guia-do-servidor\" data-block-id=\"6d155a6\"><style>.stk-6d155a6{margin-bottom:0px !important}.stk-6d155a6 .stk-block-heading__text{color:#000000 !important}.stk-6d155a6 .stk-block-heading__top-line{height:4px !important;width:450px !important;background-color:#1071a1 !important;margin-bottom:0px !important}.stk-6d155a6 .stk-block-heading__bottom-line{height:4px !important;width:0px !important;background-color:#1071a1 !important;margin-top:7px !important}<\/style><div class=\"stk-block-heading__top-line\"><\/div><h2 class=\"stk-block-heading__text has-text-color has-black-color\">Manual eSic &#8211; Guia do Servidor<\/h2><\/div>\n\n\n\n<p><em><a href=\"https:\/\/portal.pi.gov.br\/cge\/download\/299\/ouvidoria\/1827\/manual-esic-guia-do-servidor.pdf\">Acesse o documento<\/a><\/em><\/p>\n<\/div>\n<\/div>\n","protected":false},"excerpt":{"rendered":"<p>Neste campo voc\u00ea encontrar\u00e1 os Manuais e Cartilhas referente ao servi\u00e7o de Ouvidoria. Para facilitar a busca utilize o atalho Ctrl + F e digite a palavra-chave. Guia Pr\u00e1tico FALA.BR [&hellip;]<\/p>\n","protected":false},"author":44,"featured_media":0,"parent":0,"menu_order":0,"comment_status":"closed","ping_status":"closed","template":"","meta":[],"featured_image_urls":{"full":"","thumbnail":"","medium":"","medium_large":"","large":"","sgg-420":"","sgg-540":"","sgg-780":"","1536x1536":"","2048x2048":"","homepage-slider":"","homepage-slider-small":"","page-top":"","page-small":"","loop-main":"","thumb-gallery-widget":""},"post_excerpt_stackable":"<p>Neste campo voc\u00ea encontrar\u00e1 os Manuais e Cartilhas referente ao servi\u00e7o de Ouvidoria. Para facilitar a busca utilize o atalho Ctrl + F e digite a palavra-chave. Guia Pr\u00e1tico FALA.BR para Ouvidores Setoriais Uso da plataforma Fala.BR pelos N\u00facleos de Ouvidorias Setoriais do Governo do Piau\u00ed. Acesse o documento Cartilha Lei de Acesso \u00e0 Informa\u00e7\u00e3o &#8211; LAI Acesse o documento Cartilha Rede Ouvir Piau\u00ed Acesse o documento Manual eSic &#8211; Guia do Servidor Acesse o documento<\/p>\n","category_list":"","author_info":{"name":"andressa","url":"https:\/\/portal.pi.gov.br\/cge\/author\/andressa\/"},"comments_num":"0 coment\u00e1rio","featured_image_urls_v2":{"full":"","thumbnail":"","medium":"","medium_large":"","large":"","sgg-420":"","sgg-540":"","sgg-780":"","1536x1536":"","2048x2048":"","homepage-slider":"","homepage-slider-small":"","page-top":"","page-small":"","loop-main":"","thumb-gallery-widget":""},"post_excerpt_stackable_v2":"<p>Neste campo voc\u00ea encontrar\u00e1 os Manuais e Cartilhas referente ao servi\u00e7o de Ouvidoria. Para facilitar a busca utilize o atalho Ctrl + F e digite a palavra-chave. Guia Pr\u00e1tico FALA.BR para Ouvidores Setoriais Uso da plataforma Fala.BR pelos N\u00facleos de Ouvidorias Setoriais do Governo do Piau\u00ed. Acesse o documento Cartilha Lei de Acesso \u00e0 Informa\u00e7\u00e3o &#8211; LAI Acesse o documento Cartilha Rede Ouvir Piau\u00ed Acesse o documento Manual eSic &#8211; Guia do Servidor Acesse o documento<\/p>\n","category_list_v2":"","author_info_v2":{"name":"andressa","url":"https:\/\/portal.pi.gov.br\/cge\/author\/andressa\/"},"comments_num_v2":"0 coment\u00e1rio","jetpack_sharing_enabled":true,"_links":{"self":[{"href":"https:\/\/portal.pi.gov.br\/cge\/wp-json\/wp\/v2\/pages\/4540"}],"collection":[{"href":"https:\/\/portal.pi.gov.br\/cge\/wp-json\/wp\/v2\/pages"}],"about":[{"href":"https:\/\/portal.pi.gov.br\/cge\/wp-json\/wp\/v2\/types\/page"}],"author":[{"embeddable":true,"href":"https:\/\/portal.pi.gov.br\/cge\/wp-json\/wp\/v2\/users\/44"}],"replies":[{"embeddable":true,"href":"https:\/\/portal.pi.gov.br\/cge\/wp-json\/wp\/v2\/comments?post=4540"}],"version-history":[{"count":4,"href":"https:\/\/portal.pi.gov.br\/cge\/wp-json\/wp\/v2\/pages\/4540\/revisions"}],"predecessor-version":[{"id":5005,"href":"https:\/\/portal.pi.gov.br\/cge\/wp-json\/wp\/v2\/pages\/4540\/revisions\/5005"}],"wp:attachment":[{"href":"https:\/\/portal.pi.gov.br\/cge\/wp-json\/wp\/v2\/media?parent=4540"}],"curies":[{"name":"wp","href":"https:\/\/api.w.org\/{rel}","templated":true}]}}