{"id":4542,"date":"2022-08-11T12:15:18","date_gmt":"2022-08-11T15:15:18","guid":{"rendered":"https:\/\/portal.pi.gov.br\/cge\/?page_id=4542"},"modified":"2023-01-16T09:23:43","modified_gmt":"2023-01-16T12:23:43","slug":"ouvidoria-boletins-e-relatorios","status":"publish","type":"page","link":"https:\/\/portal.pi.gov.br\/cge\/ouvidoria-boletins-e-relatorios\/","title":{"rendered":"Boletins e Relat\u00f3rios"},"content":{"rendered":"\n<div class=\"wp-block-columns is-layout-flex wp-container-2\">\n<div class=\"wp-block-column is-layout-flow\">\n<div class=\"wp-block-stackable-image-box is-style-default stk-block-image-box stk-hover-parent stk-block stk-7d502f9\" data-block-id=\"7d502f9\"><div class=\"stk-block-content stk-inner-blocks has-text-align-center stk-row stk-block-image-box__content\">\n<div class=\"wp-block-stackable-image stk-block-image stk-block stk-111f3b9\" data-block-id=\"111f3b9\"><style>.stk-111f3b9 .stk-img-wrapper{height:100px !important}:where(.stk-hover-parent:hover,.stk-hover-parent.stk--is-hovered) .stk-111f3b9 .stk-img-wrapper{--stk-gradient-overlay:0.7 !important}:where(.stk-hover-parent:hover,.stk-hover-parent.stk--is-hovered) .stk-111f3b9 .stk-img-wrapper::after{background-color:#000000 !important}<\/style><figure class=\"stk-img-wrapper stk-image--shape-stretch\"><img decoding=\"async\" loading=\"lazy\" class=\"stk-img wp-image-4553\" src=\"https:\/\/portal.pi.gov.br\/cge\/wp-content\/uploads\/sites\/12\/2022\/08\/Copia-de-EFICIENCIA-3.png\" width=\"988\" height=\"100\" srcset=\"https:\/\/portal.pi.gov.br\/cge\/wp-content\/uploads\/sites\/12\/2022\/08\/Copia-de-EFICIENCIA-3.png 988w, https:\/\/portal.pi.gov.br\/cge\/wp-content\/uploads\/sites\/12\/2022\/08\/Copia-de-EFICIENCIA-3-300x30.png 300w, https:\/\/portal.pi.gov.br\/cge\/wp-content\/uploads\/sites\/12\/2022\/08\/Copia-de-EFICIENCIA-3-768x78.png 768w, https:\/\/portal.pi.gov.br\/cge\/wp-content\/uploads\/sites\/12\/2022\/08\/Copia-de-EFICIENCIA-3-420x43.png 420w, https:\/\/portal.pi.gov.br\/cge\/wp-content\/uploads\/sites\/12\/2022\/08\/Copia-de-EFICIENCIA-3-540x55.png 540w, https:\/\/portal.pi.gov.br\/cge\/wp-content\/uploads\/sites\/12\/2022\/08\/Copia-de-EFICIENCIA-3-780x79.png 780w, https:\/\/portal.pi.gov.br\/cge\/wp-content\/uploads\/sites\/12\/2022\/08\/Copia-de-EFICIENCIA-3-947x96.png 947w, https:\/\/portal.pi.gov.br\/cge\/wp-content\/uploads\/sites\/12\/2022\/08\/Copia-de-EFICIENCIA-3-624x63.png 624w\" sizes=\"(max-width: 988px) 100vw, 988px\" \/><\/figure><\/div>\n\n\n\n<div class=\"wp-block-stackable-column stk-block-column stk-block-column--v2 stk-column stk-block stk-51cabb7\" data-block-id=\"51cabb7\"><style>.stk-51cabb7{display:flex !important}.stk-51cabb7{align-items:center !important}<\/style><div class=\"stk-column-wrapper stk-block-column__content stk-container stk-51cabb7-container stk--no-background stk--no-padding\"><div class=\"stk-block-content stk-inner-blocks stk-51cabb7-inner-blocks\"><\/div><\/div><\/div>\n<\/div><\/div>\n<\/div>\n<\/div>\n\n\n\n<p class=\"has-text-align-justify\">Neste campo voc\u00ea encontrar\u00e1 os Boletins e Relat\u00f3rios produzidos pela CGE referente ao servi\u00e7o de Ouvidoria.<\/p>\n\n\n\n<p><em>Para facilitar a busca utilize o atalho Ctrl + F e digite a palavra-chave.<\/em><\/p>\n\n\n\n<div class=\"wp-block-group is-vertical is-layout-flex wp-container-3\">\n<div class=\"wp-block-stackable-heading stk-block-heading stk-block stk-dc1d9c9\" id=\"relatorio-de-ouvidoria-2022\" data-block-id=\"dc1d9c9\"><style>.stk-dc1d9c9{margin-bottom:0px !important}.stk-dc1d9c9 .stk-block-heading__text{color:#000000 !important}.stk-dc1d9c9 .stk-block-heading__top-line{height:4px !important;width:450px !important;background-color:#1071a1 !important;margin-bottom:0px !important}.stk-dc1d9c9 .stk-block-heading__bottom-line{height:4px !important;width:0px !important;background-color:#1071a1 !important;margin-top:7px !important}<\/style><div class=\"stk-block-heading__top-line\"><\/div><h2 class=\"stk-block-heading__text has-text-color has-black-color\">Relat\u00f3rio de Ouvidoria &#8211; 2022<\/h2><\/div>\n\n\n\n<p>Relat\u00f3rio de a\u00e7\u00f5es da Ouvidoria-Geral do Estado referente ao ano de 2022.<\/p>\n\n\n\n<p><em><a href=\"https:\/\/portal.pi.gov.br\/cge\/download\/294\/boletim-trimestral\/5262\/relatorio-ouvidoria-2022.pdf\">Acesse o documento<\/a><\/em><\/p>\n<\/div>\n\n\n\n<div class=\"wp-block-group is-vertical is-layout-flex wp-container-4\">\n<div class=\"wp-block-stackable-heading stk-block-heading stk-block stk-03fc541\" id=\"boletim-ouvidoria-3-edicao\" data-block-id=\"03fc541\"><style>.stk-03fc541{margin-bottom:0px !important}.stk-03fc541 .stk-block-heading__text{color:#000000 !important}.stk-03fc541 .stk-block-heading__top-line{height:4px !important;width:450px !important;background-color:#1071a1 !important;margin-bottom:0px !important}.stk-03fc541 .stk-block-heading__bottom-line{height:4px !important;width:0px !important;background-color:#1071a1 !important;margin-top:7px !important}<\/style><div class=\"stk-block-heading__top-line\"><\/div><h2 class=\"stk-block-heading__text has-text-color has-black-color\">Boletim Ouvidoria &#8211; 3\u00aa edi\u00e7\u00e3o<\/h2><\/div>\n\n\n\n<p>Boletim de a\u00e7\u00f5es da Ouvidoria-Geral do Estado &#8211; 3\u00ba trimestre 2022<\/p>\n\n\n\n<p><em><a href=\"https:\/\/portal.pi.gov.br\/cge\/download\/294\/boletim-trimestral\/5019\/boletim-ouvidoria-3a-edicao.pdf\">Acesse o documento<\/a><\/em><\/p>\n<\/div>\n\n\n\n<div class=\"wp-block-group is-vertical is-layout-flex wp-container-6\">\n<div class=\"wp-block-stackable-heading stk-block-heading stk-block stk-6f6cf4f\" id=\"boletim-ouvidoria-2-edicao\" data-block-id=\"6f6cf4f\"><style>.stk-6f6cf4f{margin-bottom:4px !important}.stk-6f6cf4f .stk-block-heading__text{color:#000000 !important}.stk-6f6cf4f .stk-block-heading__top-line{height:4px !important;width:450px !important;background-color:#1071a1 !important;margin-bottom:0px !important}.stk-6f6cf4f .stk-block-heading__bottom-line{height:4px !important;width:0px !important;background-color:#1071a1 !important;margin-top:7px !important}<\/style><div class=\"stk-block-heading__top-line\"><\/div><h2 class=\"stk-block-heading__text has-text-color has-black-color\">Boletim Ouvidoria &#8211; 2\u00aa edi\u00e7\u00e3o<\/h2><\/div>\n\n\n\n<p>Boletim de a\u00e7\u00f5es da Ouvidoria-Geral do Estado &#8211; 2\u00ba trimestre 2022<\/p>\n\n\n\n<p><em><a href=\"https:\/\/portal.pi.gov.br\/cge\/download\/294\/boletim-trimestral\/3861\/boletim-ouvidoria-2a-edicao.pdf\">Acesse o documento<\/a><\/em><\/p>\n\n\n\n<div class=\"wp-block-group is-vertical is-layout-flex wp-container-5\">\n<div class=\"wp-block-stackable-heading stk-block-heading stk-block stk-cf6c514\" id=\"boletim-ouvidoria-1-edicao\" data-block-id=\"cf6c514\"><style>.stk-cf6c514{margin-bottom:0px !important}.stk-cf6c514 .stk-block-heading__text{color:#000000 !important}.stk-cf6c514 .stk-block-heading__top-line{height:4px !important;width:450px !important;background-color:#1071a1 !important;margin-bottom:0px !important}.stk-cf6c514 .stk-block-heading__bottom-line{height:4px !important;width:0px !important;background-color:#1071a1 !important;margin-top:7px !important}<\/style><div class=\"stk-block-heading__top-line\"><\/div><h2 class=\"stk-block-heading__text has-text-color has-black-color\">Boletim Ouvidoria &#8211; 1\u00aa edi\u00e7\u00e3o<\/h2><\/div>\n\n\n\n<p>Boletim de a\u00e7\u00f5es da Ouvidoria-Geral do Estado &#8211; 1\u00ba trimestre 2022<\/p>\n\n\n\n<p><em><a href=\"https:\/\/portal.pi.gov.br\/cge\/download\/294\/boletim-trimestral\/3499\/boletim-ouvidoria-1o-edicao.pdf\">Acesse o documento<\/a><\/em><\/p>\n<\/div>\n<\/div>\n","protected":false},"excerpt":{"rendered":"<p>Neste campo voc\u00ea encontrar\u00e1 os Boletins e Relat\u00f3rios produzidos pela CGE referente ao servi\u00e7o de Ouvidoria. Para facilitar a busca utilize o atalho Ctrl + F e digite a palavra-chave. [&hellip;]<\/p>\n","protected":false},"author":44,"featured_media":0,"parent":0,"menu_order":0,"comment_status":"closed","ping_status":"closed","template":"","meta":[],"featured_image_urls":{"full":"","thumbnail":"","medium":"","medium_large":"","large":"","sgg-420":"","sgg-540":"","sgg-780":"","1536x1536":"","2048x2048":"","homepage-slider":"","homepage-slider-small":"","page-top":"","page-small":"","loop-main":"","thumb-gallery-widget":""},"post_excerpt_stackable":"<p>Neste campo voc\u00ea encontrar\u00e1 os Boletins e Relat\u00f3rios produzidos pela CGE referente ao servi\u00e7o de Ouvidoria. Para facilitar a busca utilize o atalho Ctrl + F e digite a palavra-chave. Relat\u00f3rio de Ouvidoria &#8211; 2022 Relat\u00f3rio de a\u00e7\u00f5es da Ouvidoria-Geral do Estado referente ao ano de 2022. Acesse o documento Boletim Ouvidoria &#8211; 3\u00aa edi\u00e7\u00e3o Boletim de a\u00e7\u00f5es da Ouvidoria-Geral do Estado &#8211; 3\u00ba trimestre 2022 Acesse o documento Boletim Ouvidoria &#8211; 2\u00aa edi\u00e7\u00e3o Boletim de a\u00e7\u00f5es da Ouvidoria-Geral do Estado &#8211; 2\u00ba trimestre 2022 Acesse o documento Boletim Ouvidoria &#8211; 1\u00aa edi\u00e7\u00e3o Boletim de a\u00e7\u00f5es da Ouvidoria-Geral do Estado&hellip;<\/p>\n","category_list":"","author_info":{"name":"andressa","url":"https:\/\/portal.pi.gov.br\/cge\/author\/andressa\/"},"comments_num":"0 coment\u00e1rio","featured_image_urls_v2":{"full":"","thumbnail":"","medium":"","medium_large":"","large":"","sgg-420":"","sgg-540":"","sgg-780":"","1536x1536":"","2048x2048":"","homepage-slider":"","homepage-slider-small":"","page-top":"","page-small":"","loop-main":"","thumb-gallery-widget":""},"post_excerpt_stackable_v2":"<p>Neste campo voc\u00ea encontrar\u00e1 os Boletins e Relat\u00f3rios produzidos pela CGE referente ao servi\u00e7o de Ouvidoria. Para facilitar a busca utilize o atalho Ctrl + F e digite a palavra-chave. Relat\u00f3rio de Ouvidoria &#8211; 2022 Relat\u00f3rio de a\u00e7\u00f5es da Ouvidoria-Geral do Estado referente ao ano de 2022. Acesse o documento Boletim Ouvidoria &#8211; 3\u00aa edi\u00e7\u00e3o Boletim de a\u00e7\u00f5es da Ouvidoria-Geral do Estado &#8211; 3\u00ba trimestre 2022 Acesse o documento Boletim Ouvidoria &#8211; 2\u00aa edi\u00e7\u00e3o Boletim de a\u00e7\u00f5es da Ouvidoria-Geral do Estado &#8211; 2\u00ba trimestre 2022 Acesse o documento Boletim Ouvidoria &#8211; 1\u00aa edi\u00e7\u00e3o Boletim de a\u00e7\u00f5es da Ouvidoria-Geral do Estado&hellip;<\/p>\n","category_list_v2":"","author_info_v2":{"name":"andressa","url":"https:\/\/portal.pi.gov.br\/cge\/author\/andressa\/"},"comments_num_v2":"0 coment\u00e1rio","jetpack_sharing_enabled":true,"_links":{"self":[{"href":"https:\/\/portal.pi.gov.br\/cge\/wp-json\/wp\/v2\/pages\/4542"}],"collection":[{"href":"https:\/\/portal.pi.gov.br\/cge\/wp-json\/wp\/v2\/pages"}],"about":[{"href":"https:\/\/portal.pi.gov.br\/cge\/wp-json\/wp\/v2\/types\/page"}],"author":[{"embeddable":true,"href":"https:\/\/portal.pi.gov.br\/cge\/wp-json\/wp\/v2\/users\/44"}],"replies":[{"embeddable":true,"href":"https:\/\/portal.pi.gov.br\/cge\/wp-json\/wp\/v2\/comments?post=4542"}],"version-history":[{"count":6,"href":"https:\/\/portal.pi.gov.br\/cge\/wp-json\/wp\/v2\/pages\/4542\/revisions"}],"predecessor-version":[{"id":5264,"href":"https:\/\/portal.pi.gov.br\/cge\/wp-json\/wp\/v2\/pages\/4542\/revisions\/5264"}],"wp:attachment":[{"href":"https:\/\/portal.pi.gov.br\/cge\/wp-json\/wp\/v2\/media?parent=4542"}],"curies":[{"name":"wp","href":"https:\/\/api.w.org\/{rel}","templated":true}]}}