{"id":468,"date":"2021-09-02T10:42:27","date_gmt":"2021-09-02T13:42:27","guid":{"rendered":"http:\/\/portal.pi.gov.br\/cge\/?page_id=468"},"modified":"2023-05-19T11:12:46","modified_gmt":"2023-05-19T14:12:46","slug":"contato","status":"publish","type":"page","link":"https:\/\/portal.pi.gov.br\/cge\/contato\/","title":{"rendered":"Contato"},"content":{"rendered":"\n<hr class=\"wp-block-separator has-css-opacity\" \/>\n\n\n\n<h3 class=\"wp-block-heading\">Atendimento via Telefone:<\/h3>\n\n\n\n<p>CGE: <strong>(86) 3326-2000<\/strong> <br>WhatsApp CGE:  <strong>(86) 9 8802-4071<\/strong> <br>Disque-Ouvidoria: <strong>162<\/strong><br>WhatsApp &#8211; Ouvidoria: <strong>(86) 9 9544-7924<\/strong><br>Corregedoria: <strong>(86) 9 8877-1758<\/strong><\/p>\n\n\n\n<hr class=\"wp-block-separator has-css-opacity\" \/>\n\n\n\n<p>Para den\u00fancias, reclama\u00e7\u00f5es, sugest\u00f5es, elogios e solicita\u00e7\u00f5es de provid\u00eancias referentes aos servi\u00e7os estaduais s\u00e3o disponibilizados os seguintes canais:<\/p>\n\n\n\n<h3 class=\"wp-block-heading\">Atendimento On-line:<\/h3>\n\n\n\n<p><strong>Plataforma Integrada de Ouvidoria e Acesso \u00e0 Informa\u00e7\u00e3o (Fala.BR)<\/strong><br>E-mail: <a href=\"https:\/\/falabr.cgu.gov.br\/publico\/PI\/Manifestacao\/RegistrarManifestacao\"><strong>Fala.Br<\/strong><\/a><\/p>\n\n\n\n<hr class=\"wp-block-separator has-css-opacity\" \/>\n\n\n\n<h3 class=\"wp-block-heading\">Atendimento Presencial:<\/h3>\n\n\n\n<p><strong><a href=\"http:\/\/www.cge.pi.gov.br\/\">CGE<\/a><\/strong><\/p>\n\n\n\n<p>Av. Pedro Freitas, 1900, Centro Administrativo, Pr\u00e9dio CGE\/ATI, 2\u00ba andar \u2013 Teresina\/PI Segunda a sexta-feira, das 7h30 \u00e0s 13h30 Fone: (86) 3326-2000 \/ 9 8802-4071<br>E-mail: <a href=\"mailto:cge@cge.pi.gov.br\"><strong>cge@cge.pi.gov.br<\/strong><\/a><\/p>\n\n\n\n<p><strong><a href=\"https:\/\/portal.pi.gov.br\/cge\/corregedoria\/?customize_changeset_uuid=3fea0ce2-4e3e-4e63-b0bf-22643c450ae2&amp;customize_autosaved=on&amp;customize_messenger_channel=preview-9\">CORREGEDORIA<\/a><\/strong><\/p>\n\n\n\n<p>Av. Pedro Freitas, 1900, Centro Administrativo, Pr\u00e9dio CGE\/ATI, 2\u00ba andar \u2013 Teresina\/PI Segunda a sexta-feira, das 7h30 \u00e0s 13h30 Fone: (86) 3326-2000 \/ (86) 9 8877-1758<br>E-mail: <a href=\"mailto:corregedoria@cge.pi.gov.br\"><strong>corregedoria@cge.pi.gov.br<\/strong><\/a><\/p>\n\n\n\n<hr class=\"wp-block-separator has-css-opacity\" \/>\n\n\n\n<h2 class=\"wp-block-heading\">Localiza\u00e7\u00e3o:<\/h2>\n\n\n<style type=\"text\/css\">\r\n       .errordiv { padding:10px; margin:10px; border: 1px solid #555555;color: #000000;background-color: #f8f8f8; width:500px; }#advanced_iframe {visibility:visible;opacity:1;vertical-align:top;}.ai-info-bottom-iframe { position: fixed; z-index: 10000; bottom:0; left: 0; margin: 0px; text-align: center; width: 100%; background-color: #ff9999; padding-left: 5px;padding-bottom: 5px; border-top: 1px solid #aaa } a.ai-bold {font-weight: bold;}#ai-layer-div-advanced_iframe p {height:100%;margin:0;padding:0}<\/style><script type=\"text\/javascript\">var ai_iframe_width_advanced_iframe = 0;var ai_iframe_height_advanced_iframe = 0;function aiReceiveMessageadvanced_iframe(event) {  aiProcessMessage(event,\"advanced_iframe\", \"true\");}if (window.addEventListener) {  window.addEventListener(\"message\", aiReceiveMessageadvanced_iframe);} else if (el.attachEvent)  {  el.attachEvent(\"message\", aiReceiveMessageadvanced_iframe);}var aiIsIe8=false;var aiOnloadScrollTop=\"true\";var aiShowDebug=false;\r\n\t\tif (typeof aiReadyCallbacks === 'undefined') {\r\n\t\t\tvar aiReadyCallbacks = [];  \r\n\t\t} else if (!(aiReadyCallbacks instanceof Array)) {\r\n\t\t\tvar aiReadyCallbacks = [];\r\n\t\t}    function aiShowIframeId(id_iframe) { jQuery(\"#\"+id_iframe).css(\"visibility\", \"visible\");    }    function aiResizeIframeHeight(height) { aiResizeIframeHeight(height,advanced_iframe); }    function aiResizeIframeHeightId(height,width,id) {aiResizeIframeHeightById(id,height);}<\/script><iframe id=\"advanced_iframe\"  name=\"advanced_iframe\"  src=\"https:\/\/www.google.com\/maps\/embed?pb=%211m14%211m8%211m3%211d15895.861077674826%212d-42.8132643%213d-5.1093%213m2%211i1024%212i768%214f13.1%213m3%211m2%211s0x0%3A0x560a29585c1ea3dd%212sControladoria-Geral+do+Estado+do+Piau%C3%AD+-+CGE%2FPI%215e0%213m2%211spt-BR%212sbr%214v1643989505081%215m2%211spt-BR%212sbr\"  width=\"100%\"  height=\"600\"  frameborder=\"0\"  allowtransparency=\"true\"  loading=\"lazy\"  style=\"border:0;;width:100%;height:600px;\"  allowfullscreen ><\/iframe><script type=\"text\/javascript\">var ifrm_advanced_iframe = document.getElementById(\"advanced_iframe\");var hiddenTabsDoneadvanced_iframe = false;\r\nfunction resizeCallbackadvanced_iframe() {}<\/script><script type=\"text\/javascript\"><\/script>\n\n\n<p>Av. Pedro Freitas, 1900 &#8211; S\u00e3o Pedro, Centro Administrativo &#8211; Pr\u00e9dio CGE\/ATI, Teresina &#8211; PI, CEP: 64018-900<\/p>\n","protected":false},"excerpt":{"rendered":"<p>Atendimento via Telefone: CGE: (86) 3326-2000 WhatsApp CGE: (86) 9 8802-4071 Disque-Ouvidoria: 162WhatsApp &#8211; Ouvidoria: (86) 9 9544-7924Corregedoria: (86) 9 8877-1758 Para den\u00fancias, reclama\u00e7\u00f5es, sugest\u00f5es, elogios e solicita\u00e7\u00f5es de provid\u00eancias [&hellip;]<\/p>\n","protected":false},"author":1,"featured_media":0,"parent":0,"menu_order":0,"comment_status":"closed","ping_status":"closed","template":"template-fullwidth.php","meta":[],"featured_image_urls":{"full":"","thumbnail":"","medium":"","medium_large":"","large":"","sgg-420":"","sgg-540":"","sgg-780":"","1536x1536":"","2048x2048":"","homepage-slider":"","homepage-slider-small":"","page-top":"","page-small":"","loop-main":"","thumb-gallery-widget":""},"post_excerpt_stackable":"<p>Atendimento via Telefone: CGE: (86) 3326-2000 WhatsApp CGE: (86) 9 8802-4071 Disque-Ouvidoria: 162WhatsApp &#8211; Ouvidoria: (86) 9 9544-7924Corregedoria: (86) 9 8877-1758 Para den\u00fancias, reclama\u00e7\u00f5es, sugest\u00f5es, elogios e solicita\u00e7\u00f5es de provid\u00eancias referentes aos servi\u00e7os estaduais s\u00e3o disponibilizados os seguintes canais: Atendimento On-line: Plataforma Integrada de Ouvidoria e Acesso \u00e0 Informa\u00e7\u00e3o (Fala.BR)E-mail: Fala.Br Atendimento Presencial: CGE Av. Pedro Freitas, 1900, Centro Administrativo, Pr\u00e9dio CGE\/ATI, 2\u00ba andar \u2013 Teresina\/PI Segunda a sexta-feira, das 7h30 \u00e0s 13h30 Fone: (86) 3326-2000 \/ 9 8802-4071E-mail: cge@cge.pi.gov.br CORREGEDORIA Av. Pedro Freitas, 1900, Centro Administrativo, Pr\u00e9dio CGE\/ATI, 2\u00ba andar \u2013 Teresina\/PI Segunda a sexta-feira, das 7h30 \u00e0s 13h30&hellip;<\/p>\n","category_list":"","author_info":{"name":"admin","url":"https:\/\/portal.pi.gov.br\/cge\/author\/admin\/"},"comments_num":"0 coment\u00e1rio","featured_image_urls_v2":{"full":"","thumbnail":"","medium":"","medium_large":"","large":"","sgg-420":"","sgg-540":"","sgg-780":"","1536x1536":"","2048x2048":"","homepage-slider":"","homepage-slider-small":"","page-top":"","page-small":"","loop-main":"","thumb-gallery-widget":""},"post_excerpt_stackable_v2":"<p>Atendimento via Telefone: CGE: (86) 3326-2000 WhatsApp CGE: (86) 9 8802-4071 Disque-Ouvidoria: 162WhatsApp &#8211; Ouvidoria: (86) 9 9544-7924Corregedoria: (86) 9 8877-1758 Para den\u00fancias, reclama\u00e7\u00f5es, sugest\u00f5es, elogios e solicita\u00e7\u00f5es de provid\u00eancias referentes aos servi\u00e7os estaduais s\u00e3o disponibilizados os seguintes canais: Atendimento On-line: Plataforma Integrada de Ouvidoria e Acesso \u00e0 Informa\u00e7\u00e3o (Fala.BR)E-mail: Fala.Br Atendimento Presencial: CGE Av. Pedro Freitas, 1900, Centro Administrativo, Pr\u00e9dio CGE\/ATI, 2\u00ba andar \u2013 Teresina\/PI Segunda a sexta-feira, das 7h30 \u00e0s 13h30 Fone: (86) 3326-2000 \/ 9 8802-4071E-mail: cge@cge.pi.gov.br CORREGEDORIA Av. Pedro Freitas, 1900, Centro Administrativo, Pr\u00e9dio CGE\/ATI, 2\u00ba andar \u2013 Teresina\/PI Segunda a sexta-feira, das 7h30 \u00e0s 13h30&hellip;<\/p>\n","category_list_v2":"","author_info_v2":{"name":"admin","url":"https:\/\/portal.pi.gov.br\/cge\/author\/admin\/"},"comments_num_v2":"0 coment\u00e1rio","jetpack_sharing_enabled":true,"_links":{"self":[{"href":"https:\/\/portal.pi.gov.br\/cge\/wp-json\/wp\/v2\/pages\/468"}],"collection":[{"href":"https:\/\/portal.pi.gov.br\/cge\/wp-json\/wp\/v2\/pages"}],"about":[{"href":"https:\/\/portal.pi.gov.br\/cge\/wp-json\/wp\/v2\/types\/page"}],"author":[{"embeddable":true,"href":"https:\/\/portal.pi.gov.br\/cge\/wp-json\/wp\/v2\/users\/1"}],"replies":[{"embeddable":true,"href":"https:\/\/portal.pi.gov.br\/cge\/wp-json\/wp\/v2\/comments?post=468"}],"version-history":[{"count":27,"href":"https:\/\/portal.pi.gov.br\/cge\/wp-json\/wp\/v2\/pages\/468\/revisions"}],"predecessor-version":[{"id":6023,"href":"https:\/\/portal.pi.gov.br\/cge\/wp-json\/wp\/v2\/pages\/468\/revisions\/6023"}],"wp:attachment":[{"href":"https:\/\/portal.pi.gov.br\/cge\/wp-json\/wp\/v2\/media?parent=468"}],"curies":[{"name":"wp","href":"https:\/\/api.w.org\/{rel}","templated":true}]}}