{"id":549,"date":"2021-09-03T08:35:05","date_gmt":"2021-09-03T11:35:05","guid":{"rendered":"http:\/\/portal.pi.gov.br\/cge\/?page_id=549"},"modified":"2022-02-17T08:38:35","modified_gmt":"2022-02-17T11:38:35","slug":"licitacoes-e-contratos","status":"publish","type":"page","link":"https:\/\/portal.pi.gov.br\/cge\/licitacoes-e-contratos\/","title":{"rendered":"Licita\u00e7\u00f5es e Contratos"},"content":{"rendered":"\n<p><p style=\"text-align:justify\">Esta se\u00e7\u00e3o re\u00fane informa\u00e7\u00f5es sobre os processos de licita\u00e7\u00e3o, atas de registro de pre\u00e7os e contratos firmados pela Controladoria-Geral do Estado do Piau\u00ed (CGE\/PI).<\/p><\/p>\n\n\n\n<p><p style=\"text-align:justify\">A obrigatoriedade de licitar est\u00e1 fundamentada no art. 37, XXI, da Constitui\u00e7\u00e3o Federal para contrata\u00e7\u00e3o de obras, servi\u00e7os, compras e aliena\u00e7\u00f5es, ressalvados os casos especificados na legisla\u00e7\u00e3o. &nbsp;<\/p><\/p>\n\n\n\n<p><p style=\"text-align:justify\">A Lei N.\u00ba 14.133\/2021 (atualiza\u00e7\u00e3o da Lei N.\u00ba 8.666\/93), em seu artigo 2\u00ba, estabelece a aplica\u00e7\u00e3o nos seguintes casos:<\/p><\/p>\n\n\n\n<blockquote class=\"wp-block-quote\"><p><\/p><cite>I &#8211; aliena\u00e7\u00e3o e concess\u00e3o de direito real de uso de bens;<br>II &#8211; compra, inclusive por encomenda;<br>III &#8211; loca\u00e7\u00e3o;<br>IV &#8211; concess\u00e3o e permiss\u00e3o de uso de bens p\u00fablicos;<br>V &#8211; presta\u00e7\u00e3o de servi\u00e7os, inclusive os t\u00e9cnico-profissionais especializados;<br>VI &#8211; obras e servi\u00e7os de arquitetura e engenharia;<br>VII &#8211; contrata\u00e7\u00f5es de tecnologia da informa\u00e7\u00e3o e de comunica\u00e7\u00e3o.<\/cite><\/blockquote>\n\n\n\n<div class=\"wp-block-ugb-notification ugb-notification ugb-57a2a0f ugb-notification--v2 ugb-notification--design-basic ugb-notification--type-info ugb-main-block\"><style>.ugb-57a2a0f .ugb-notification__item{border-radius:13px !important;background-color:rgba(32,145,225,0.1) !important}.ugb-57a2a0f .ugb-notification__item:before{background-color:#2091e1 !important}.ugb-57a2a0f .ugb-notification__title{color:#222222 !important}.ugb-57a2a0f .ugb-notification__description{color:#222222 !important}.ugb-57a2a0f .ugb-button{border-color:#424242}.ugb-57a2a0f .ugb-button .ugb-button--inner,.ugb-57a2a0f .ugb-button.ugb-button--has-icon.ugb-button--has-icon svg{color:#424242}.ugb-57a2a0f .ugb-button:hover .ugb-button--inner,.ugb-57a2a0f .ugb-button:hover svg{color:#424242}.ugb-57a2a0f.ugb-notification{z-index:1000 !important;opacity:1 !important}<\/style><div class=\"ugb-inner-block\"><div class=\"ugb-block-content\"><div class=\"ugb-notification__item ugb-notification--new-icon ugb--shadow-7\"><h5 class=\"ugb-notification__title\"><strong> Transpar\u00eancia<\/strong><\/h5><p class=\"ugb-notification__description\">As informa\u00e7\u00f5es relativas aos&nbsp;<strong>processos licitat\u00f3rios<\/strong>&nbsp;podem ser acessados por meio do&nbsp;<strong>Portal da Transpar\u00eancia do Governo do Estado<\/strong>, onde podem ser consultadas as informa\u00e7\u00f5es por status de andamento, bem como dados relacionados aos participantes da licita\u00e7\u00e3o, os empenhos emitidos, os contratos, entre outras informa\u00e7\u00f5es.&nbsp;&nbsp;<\/p><div class=\"ugb-button-container\"><a class=\"ugb-button ugb-button--size-normal ugb-button--design-ghost\" href=\"https:\/\/transparencia.pi.gov.br\/ords\/f?p=101:LICITACAO:9130283932178::NO:::\" target=\"_blank\" rel=\"noopener noreferrer\" title=\"\"><span class=\"ugb-button--inner\">Acesse o Portal da Transpar\u00eancia<\/span><\/a><\/div><\/div><\/div><\/div><\/div>\n\n\n<p class=\"fonts-plugin-block \" style=\"font-weight: normal;font-size: 19px;line-height: 1.5\">Para encontrar as informa\u00e7\u00f5es sobre licita\u00e7\u00f5es da CGE\/PI no Portal da Transpar\u00eancia basta efetuar o passo a passo a seguir:<\/p>\n\n\n<p>1 &#8211; Acesse o Portal da Transpar\u00eancia:\u00a0<a href=\"https:\/\/transparencia.pi.gov.br\/ords\/f?p=101:LICITACAO:9130283932178::NO:::\" target=\"_blank\" rel=\"noreferrer noopener\"><strong>http:\/\/transparencia.pi.gov.br<\/strong><\/a>;<\/p>\n\n\n\n<p>2 &#8211; Acesse Licita\u00e7\u00f5es no menu Consultas (no lado esquerdo da tela) ou no \u00edcone Licita\u00e7\u00f5es (em amarelo) na p\u00e1gina principal do Portal;<\/p>\n\n\n\n<p>3 &#8211; Selecione os dados a serem consultados por status (finalizado, cancelado, divulgado, n\u00e3o finalizado ou suspenso);<\/p>\n\n\n\n<p>4 &#8211; Clique no desenho da lupa para selecionar o tipo de informa\u00e7\u00e3o a ser pesquisada e digite no campo de pesquisa a informa\u00e7\u00e3o desejada. Algumas op\u00e7\u00f5es de filtro s\u00e3o: \u00f3rg\u00e3o, n\u00famero do processo, descri\u00e7\u00e3o do objeto, entre outros;<\/p>\n\n\n\n<p>5 &#8211; Para acessar os dados da CGE, basta colocar no filtro \u201c\u00f3rg\u00e3o\u201d, o nome Controladoria-Geral do Estado ou a sigla CGE. <\/p>\n\n\n\n<p>6 \u2013 Depois \u00e9 s\u00f3 clicar em Ir.<\/p>\n\n\n\n<p><strong>Obs.:<\/strong> Outra forma de localizar licita\u00e7\u00f5es da CGE no Portal da Transpar\u00eancia \u00e9 clicando no filtro \u00d3rg\u00e3o, que aparece na tabela e selecionar o nome Controladoria-Geral do Estado.<\/p>\n\n\n<p class=\"fonts-plugin-block \" style=\"font-weight: normal;font-size: 19px;line-height: 1.5\">Para encontrar as informa\u00e7\u00f5es sobre\u00a0<strong>contratos<\/strong>\u00a0da CGE no Portal da Transpar\u00eancia basta efetuar o passo a passo a seguir:<\/p>\n\n\n<p>1 &#8211; Acesse o Portal da Transpar\u00eancia:\u00a0<a rel=\"noreferrer noopener\" href=\"https:\/\/transparencia.pi.gov.br\/ords\/f?p=101:LICITACAO:9130283932178::NO:::\" target=\"_blank\"><strong>http:\/\/transparencia.pi<\/strong><\/a><a href=\"https:\/\/transparencia.pi.gov.br\/ords\/f?p=101:LICITACAO:9130283932178::NO:::\" target=\"_blank\" rel=\"noreferrer noopener\"><strong>.<\/strong><\/a><a rel=\"noreferrer noopener\" href=\"https:\/\/transparencia.pi.gov.br\/ords\/f?p=101:LICITACAO:9130283932178::NO:::\" target=\"_blank\"><strong>gov.br<\/strong><\/a>;<\/p>\n\n\n\n<p>2 &#8211; Acesse Contratos no menu Consultas (no lado esquerdo da tela) ou no \u00edcone Contratos (em vermelho) na p\u00e1gina principal do Portal; <\/p>\n\n\n\n<p>3 &#8211; Clique no desenho da lupa para selecionar o tipo de informa\u00e7\u00e3o a ser pesquisada e digite no campo de pesquisa a informa\u00e7\u00e3o desejada. Algumas op\u00e7\u00f5es de filtro s\u00e3o: \u00f3rg\u00e3o, n\u00famero do processo, valor contratado, fonte do recurso, entre outros;<\/p>\n\n\n\n<p>4 &#8211; Para acessar os dados da CGE, basta colocar no filtro \u201c\u00f3rg\u00e3o\u201d, o nome Controladoria-Geral do Estado ou a sigla CGE. <\/p>\n\n\n\n<p>5 \u2013 Depois \u00e9 s\u00f3 clicar em Ir.<\/p>\n\n\n\n<p> <strong>Obs.:<\/strong> Outra forma de localizar Contratos da CGE no Portal da Transpar\u00eancia \u00e9 clicando no filtro \u00d3rg\u00e3o, que aparece na tabela e selecionar o nome Controladoria-Geral do Estado. <\/p>\n","protected":false},"excerpt":{"rendered":"<p>Esta se\u00e7\u00e3o re\u00fane informa\u00e7\u00f5es sobre os processos de licita\u00e7\u00e3o, atas de registro de pre\u00e7os e contratos firmados pela Controladoria-Geral do Estado do Piau\u00ed (CGE\/PI). A obrigatoriedade de licitar est\u00e1 fundamentada [&hellip;]<\/p>\n","protected":false},"author":40,"featured_media":0,"parent":0,"menu_order":0,"comment_status":"closed","ping_status":"closed","template":"","meta":[],"featured_image_urls":{"full":"","thumbnail":"","medium":"","medium_large":"","large":"","sgg-420":"","sgg-540":"","sgg-780":"","1536x1536":"","2048x2048":"","homepage-slider":"","homepage-slider-small":"","page-top":"","page-small":"","loop-main":"","thumb-gallery-widget":""},"post_excerpt_stackable":"<p>Esta se\u00e7\u00e3o re\u00fane informa\u00e7\u00f5es sobre os processos de licita\u00e7\u00e3o, atas de registro de pre\u00e7os e contratos firmados pela Controladoria-Geral do Estado do Piau\u00ed (CGE\/PI). A obrigatoriedade de licitar est\u00e1 fundamentada no art. 37, XXI, da Constitui\u00e7\u00e3o Federal para contrata\u00e7\u00e3o de obras, servi\u00e7os, compras e aliena\u00e7\u00f5es, ressalvados os casos especificados na legisla\u00e7\u00e3o. &nbsp; A Lei N.\u00ba 14.133\/2021 (atualiza\u00e7\u00e3o da Lei N.\u00ba 8.666\/93), em seu artigo 2\u00ba, estabelece a aplica\u00e7\u00e3o nos seguintes casos: I &#8211; aliena\u00e7\u00e3o e concess\u00e3o de direito real de uso de bens;II &#8211; compra, inclusive por encomenda;III &#8211; loca\u00e7\u00e3o;IV &#8211; concess\u00e3o e permiss\u00e3o de uso de bens p\u00fablicos;V &#8211;&hellip;<\/p>\n","category_list":"","author_info":{"name":"ariel","url":"https:\/\/portal.pi.gov.br\/cge\/author\/ariel\/"},"comments_num":"0 coment\u00e1rio","featured_image_urls_v2":{"full":"","thumbnail":"","medium":"","medium_large":"","large":"","sgg-420":"","sgg-540":"","sgg-780":"","1536x1536":"","2048x2048":"","homepage-slider":"","homepage-slider-small":"","page-top":"","page-small":"","loop-main":"","thumb-gallery-widget":""},"post_excerpt_stackable_v2":"<p>Esta se\u00e7\u00e3o re\u00fane informa\u00e7\u00f5es sobre os processos de licita\u00e7\u00e3o, atas de registro de pre\u00e7os e contratos firmados pela Controladoria-Geral do Estado do Piau\u00ed (CGE\/PI). A obrigatoriedade de licitar est\u00e1 fundamentada no art. 37, XXI, da Constitui\u00e7\u00e3o Federal para contrata\u00e7\u00e3o de obras, servi\u00e7os, compras e aliena\u00e7\u00f5es, ressalvados os casos especificados na legisla\u00e7\u00e3o. &nbsp; A Lei N.\u00ba 14.133\/2021 (atualiza\u00e7\u00e3o da Lei N.\u00ba 8.666\/93), em seu artigo 2\u00ba, estabelece a aplica\u00e7\u00e3o nos seguintes casos: I &#8211; aliena\u00e7\u00e3o e concess\u00e3o de direito real de uso de bens;II &#8211; compra, inclusive por encomenda;III &#8211; loca\u00e7\u00e3o;IV &#8211; concess\u00e3o e permiss\u00e3o de uso de bens p\u00fablicos;V &#8211;&hellip;<\/p>\n","category_list_v2":"","author_info_v2":{"name":"ariel","url":"https:\/\/portal.pi.gov.br\/cge\/author\/ariel\/"},"comments_num_v2":"0 coment\u00e1rio","jetpack_sharing_enabled":true,"_links":{"self":[{"href":"https:\/\/portal.pi.gov.br\/cge\/wp-json\/wp\/v2\/pages\/549"}],"collection":[{"href":"https:\/\/portal.pi.gov.br\/cge\/wp-json\/wp\/v2\/pages"}],"about":[{"href":"https:\/\/portal.pi.gov.br\/cge\/wp-json\/wp\/v2\/types\/page"}],"author":[{"embeddable":true,"href":"https:\/\/portal.pi.gov.br\/cge\/wp-json\/wp\/v2\/users\/40"}],"replies":[{"embeddable":true,"href":"https:\/\/portal.pi.gov.br\/cge\/wp-json\/wp\/v2\/comments?post=549"}],"version-history":[{"count":14,"href":"https:\/\/portal.pi.gov.br\/cge\/wp-json\/wp\/v2\/pages\/549\/revisions"}],"predecessor-version":[{"id":2493,"href":"https:\/\/portal.pi.gov.br\/cge\/wp-json\/wp\/v2\/pages\/549\/revisions\/2493"}],"wp:attachment":[{"href":"https:\/\/portal.pi.gov.br\/cge\/wp-json\/wp\/v2\/media?parent=549"}],"curies":[{"name":"wp","href":"https:\/\/api.w.org\/{rel}","templated":true}]}}