{"id":5654,"date":"2023-04-10T10:56:24","date_gmt":"2023-04-10T13:56:24","guid":{"rendered":"https:\/\/portal.pi.gov.br\/cge\/?page_id=5654"},"modified":"2023-04-10T13:17:55","modified_gmt":"2023-04-10T16:17:55","slug":"pareceres-pge-sobre-acumulo","status":"publish","type":"page","link":"https:\/\/portal.pi.gov.br\/cge\/pareceres-pge-sobre-acumulo\/","title":{"rendered":"Pareceres PGE sobre ac\u00famulo"},"content":{"rendered":"\n<div class=\"wp-block-stackable-image stk-block-image stk-block stk-8d33de2\" data-block-id=\"8d33de2\"><style>.stk-8d33de2 .stk-img-wrapper{height:100px !important}:where(.stk-hover-parent:hover,.stk-hover-parent.stk--is-hovered) .stk-8d33de2 .stk-img-wrapper{--stk-gradient-overlay:0.7 !important}:where(.stk-hover-parent:hover,.stk-hover-parent.stk--is-hovered) .stk-8d33de2 .stk-img-wrapper::after{background-color:#000000 !important}<\/style><figure class=\"stk-img-wrapper stk-image--shape-stretch\"><img decoding=\"async\" loading=\"lazy\" class=\"stk-img wp-image-5655\" src=\"https:\/\/portal.pi.gov.br\/cge\/wp-content\/uploads\/sites\/12\/2023\/04\/Copia-de-EFICIENCIA.png\" width=\"988\" height=\"100\" srcset=\"https:\/\/portal.pi.gov.br\/cge\/wp-content\/uploads\/sites\/12\/2023\/04\/Copia-de-EFICIENCIA.png 988w, https:\/\/portal.pi.gov.br\/cge\/wp-content\/uploads\/sites\/12\/2023\/04\/Copia-de-EFICIENCIA-300x30.png 300w, https:\/\/portal.pi.gov.br\/cge\/wp-content\/uploads\/sites\/12\/2023\/04\/Copia-de-EFICIENCIA-768x78.png 768w, https:\/\/portal.pi.gov.br\/cge\/wp-content\/uploads\/sites\/12\/2023\/04\/Copia-de-EFICIENCIA-420x43.png 420w, https:\/\/portal.pi.gov.br\/cge\/wp-content\/uploads\/sites\/12\/2023\/04\/Copia-de-EFICIENCIA-540x55.png 540w, https:\/\/portal.pi.gov.br\/cge\/wp-content\/uploads\/sites\/12\/2023\/04\/Copia-de-EFICIENCIA-780x79.png 780w, https:\/\/portal.pi.gov.br\/cge\/wp-content\/uploads\/sites\/12\/2023\/04\/Copia-de-EFICIENCIA-947x96.png 947w, https:\/\/portal.pi.gov.br\/cge\/wp-content\/uploads\/sites\/12\/2023\/04\/Copia-de-EFICIENCIA-624x63.png 624w\" sizes=\"(max-width: 988px) 100vw, 988px\" \/><\/figure><\/div>\n\n\n\n<p>Neste campo voc\u00ea encontrar\u00e1 os Pareceres da Procuradoria-Geral do Estado sobre ac\u00famulo referente ao servi\u00e7o de Corregedoria.<\/p>\n\n\n\n<p><em>Para facilitar a busca utilize o atalho Ctrl + F e digite a palavra-chave.<\/em><\/p>\n\n\n\n<div class=\"wp-block-group is-vertical is-layout-flex wp-container-1\">\n<div class=\"wp-block-stackable-heading stk-block-heading stk-block stk-60ec415\" id=\"span-style-class-stk-highlight-decreto-federal-n-10-024-2019-span\" data-block-id=\"60ec415\"><style>.stk-60ec415{margin-bottom:0px !important}.stk-60ec415 .stk-block-heading__text{color:#000000 !important}.stk-60ec415 .stk-block-heading__top-line{height:4px !important;width:450px !important;background-color:#1071a1 !important;margin-bottom:0px !important}.stk-60ec415 .stk-block-heading__bottom-line{height:4px !important;width:0px !important;background-color:#1071a1 !important;margin-top:7px !important}<\/style><div class=\"stk-block-heading__top-line\"><\/div><h2 class=\"stk-block-heading__text has-text-color has-black-color\"><span class=\"stk-highlight\">Parecer<\/span> N\u00ba 5\/2022\/SS\/CONSUL\/GAB\/PGE-PI\/CONSUL\/GAB\/PGE-PI\/GAB\/PGE-PI<\/h2><\/div>\n\n\n\n<p class=\"has-text-align-justify\">Consulta da Corregedoria da Controladoria Geral do Estado sobre a possibilidade de acumula\u00e7\u00e3o porservidora p\u00fablica estadual de dois cargos de professora e de uma pens\u00e3o por morte.<\/p>\n\n\n\n<p><em><a href=\"https:\/\/portal.pi.gov.br\/cge\/download\/374\/pareceres-pge\/5667\/parecer-05-2022-pge-possibilidade-de-acumular-dois-cargos-e-pensao-por-morte.pdf\">Acesse o documento<\/a><\/em><\/p>\n\n\n\n<h2 class=\"wp-block-heading\">Parecer PGE\/CJ N\u00b0 732\/2019 (CS-SEADPREV)<\/h2>\n\n\n\n<p>Consulta sobre a possibilidade de acumula\u00e7\u00e3o dos cargos de Professor e Militar.<\/p>\n\n\n\n<p><a href=\"https:\/\/portal.pi.gov.br\/cge\/download\/374\/pareceres-pge\/5670\/parecer-732-2019-com-despacho-de-aprovacao-acumulo-militar.pdf\">Acesse o documento<\/a><\/p>\n\n\n\n<h2 class=\"wp-block-heading\">Parecer PGE\/CJ N\u00b0 737\/2019 (CS-SEADPREV)<\/h2>\n\n\n\n<p>Consulta sobre a possibilidade de acumula\u00e7\u00e3o dos cargos de M\u00e9dico e Consultor Legislativo da Assembl\u00e9ia Legislativa.<\/p>\n\n\n\n<p><a href=\"https:\/\/portal.pi.gov.br\/cge\/download\/374\/pareceres-pge\/5674\/parecer-pge-cj-n-737-2019-com-despacho-de-aprovacao-consultor-legislativo-e-medico.pdf\">Acesse o documento<\/a><\/p>\n\n\n\n<h2 class=\"wp-block-heading\">Parecer PGE N\u00b0 675\/2016<\/h2>\n\n\n\n<p>Consulta sobre a possibilidade de acumula\u00e7\u00e3o dos cargos de Professor e Agente Comunit\u00e1rio de Sa\u00fade.<\/p>\n\n\n\n<p><a href=\"https:\/\/portal.pi.gov.br\/cge\/download\/374\/pareceres-pge\/5676\/parecer-pge-n-2016-675-agente-comunitario-de-saude-e-professor.pdf\">Acesse o documento<\/a><\/p>\n\n\n\n<h2 class=\"wp-block-heading\">Parecer PGE N\u00b0 900\/2012<\/h2>\n\n\n\n<p>Consulta sobre a possibilidade de acumula\u00e7\u00e3o de dois cargos efetivos de m\u00e9dico com um cargo em comiss\u00e3o.<\/p>\n\n\n\n<p><a href=\"https:\/\/portal.pi.gov.br\/cge\/download\/374\/pareceres-pge\/5678\/parecer-pge-no-2012-900-dois-cargos-efetivos-de-medico-com-um-cargo-em-comissao-acumulaveis.pdf\">Acesse o documento<\/a><\/p>\n\n\n\n<h2 class=\"wp-block-heading\">Parecer PGE N\u00b0 520\/2013<\/h2>\n\n\n\n<p>Consulta sobre a possibilidade de acumula\u00e7\u00e3o dos cargos de enfermeiro e laboratorista.<\/p>\n\n\n\n<p><a href=\"https:\/\/portal.pi.gov.br\/cge\/download\/374\/pareceres-pge\/5680\/parecer-pge-no-2013-520-enfermeiro-e-laboratorista-incacumulaveis.pdf\">Acesse o documento<\/a><\/p>\n\n\n\n<h2 class=\"wp-block-heading\">Parecer PGE N\u00b0 836\/2013<\/h2>\n\n\n\n<p>Consulta sobre a possibilidade de acumula\u00e7\u00e3o dos cargos de escriv\u00e3o e professor.<\/p>\n\n\n\n<p><a href=\"https:\/\/portal.pi.gov.br\/cge\/download\/374\/pareceres-pge\/5681\/parecer-pge-no-2013-836-escrivao-de-policia-e-professor-inacumulaveis.pdf\">Acesse o documento<\/a><\/p>\n\n\n\n<h2 class=\"wp-block-heading\">Parecer PGE N\u00b0 666\/2014<\/h2>\n\n\n\n<p>Consulta sobre a possibilidade de acumula\u00e7\u00e3o dos cargos de t\u00e9cnico da fazenda estadual e professor.<\/p>\n\n\n\n<p><a href=\"https:\/\/portal.pi.gov.br\/cge\/download\/374\/pareceres-pge\/5682\/parecer-pge-no-2014-666-tecnico-da-fazenda-estadual-e-professor-inacumulaveis.pdf\">Acesse o documento<\/a><\/p>\n\n\n\n<h2 class=\"wp-block-heading\">Parecer PGE N\u00b0 668\/2014<\/h2>\n\n\n\n<p>Consulta sobre a possibilidade de acumula\u00e7\u00e3o dos cargos de agente de pol\u00edcia e professor.<\/p>\n\n\n\n<p><a href=\"https:\/\/portal.pi.gov.br\/cge\/download\/374\/pareceres-pge\/5683\/parecer-pge-no-2014-668-agente-de-policia-e-professor-inacumulaveis.pdf\">Acesse o documento<\/a><\/p>\n\n\n\n<h2 class=\"wp-block-heading\">Parecer PGE N\u00b0 675\/2016<\/h2>\n\n\n\n<p>Consulta sobre a possibilidade de acumula\u00e7\u00e3o dos cargos de agente comunit\u00e1rio de sa\u00fade e professor.<\/p>\n\n\n\n<p><a href=\"https:\/\/portal.pi.gov.br\/cge\/download\/374\/pareceres-pge\/5687\/parecer-pge-no-2016-675-agente-de-saude-e-professor-inacumulaveis.pdf\">Acesse o documento<\/a><\/p>\n\n\n\n<h2 class=\"wp-block-heading\">Parecer PGE N\u00b0 675\/2016<\/h2>\n\n\n\n<p>Consulta sobre a possibilidade de acumula\u00e7\u00e3o dos cargos de agente comunit\u00e1rio de sa\u00fade e professor.<\/p>\n\n\n\n<p><a href=\"https:\/\/portal.pi.gov.br\/cge\/download\/374\/pareceres-pge\/5687\/parecer-pge-no-2016-675-agente-de-saude-e-professor-inacumulaveis.pdf\">Acesse o documento<\/a><\/p>\n\n\n\n<h2 class=\"wp-block-heading\">Parecer PGE N\u00b0 807\/2016<\/h2>\n\n\n\n<p>Consulta se Visitador Sanit\u00e1rio \u00e9 cargo privativo de profissional da sa\u00fade. <\/p>\n\n\n\n<p><a href=\"https:\/\/portal.pi.gov.br\/cge\/download\/374\/pareceres-pge\/5689\/parecer-pge-no-2016-807-visitador-sanitario-inacumulavel-com-cargo-da-saude.pdf\">Acesse o documento<\/a><\/p>\n\n\n\n<h2 class=\"wp-block-heading\">Parecer PGE N\u00b0 1022\/2016<\/h2>\n\n\n\n<p>Consulta sobre a possibilidade de acumula\u00e7\u00e3o dos cargos de agente t\u00e9cnico de servi\u00e7os do EMATER e professor.<\/p>\n\n\n\n<p><a href=\"https:\/\/portal.pi.gov.br\/cge\/download\/374\/pareceres-pge\/5690\/parecer-pge-no-2016-1022-agente-tecnico-de-servico-emater-e-professor-inacumulaveis.pdf\">Acesse o documento<\/a><\/p>\n\n\n\n<h2 class=\"wp-block-heading\">Parecer PGE N\u00b0 991\/2016<\/h2>\n\n\n\n<p>Consulta sobre a possibilidade de acumula\u00e7\u00e3o dos cargos de assistente t\u00e9cnico art\u00edstico-cultural e professor.<\/p>\n\n\n\n<p><a href=\"https:\/\/portal.pi.gov.br\/cge\/download\/374\/pareceres-pge\/5691\/parecer-pge-no-2016-991-assistente-tecnico-artistico-cultural-e-professor-inacumulaveis.pdf\">Acesse o documento<\/a><\/p>\n\n\n\n<h2 class=\"wp-block-heading\">Parecer PGE N\u00b0 1016\/2016<\/h2>\n\n\n\n<p>Consulta sobre a possibilidade de acumula\u00e7\u00e3o de dois cargos efetivos com um de vereador.<\/p>\n\n\n\n<p><a href=\"https:\/\/portal.pi.gov.br\/cge\/download\/374\/pareceres-pge\/5692\/parecer-pge-no-2016-1016-acumulacao-de-dois-cargos-efetivos-com-um-de-vereador-impossibilidade.pdf\">Acesse o documento<\/a><\/p>\n\n\n\n<h2 class=\"wp-block-heading\">Parecer PGE N\u00b0 1025\/2016<\/h2>\n\n\n\n<p>Consulta sobre a possibilidade de acumula\u00e7\u00e3o de dois cargos de auxiliar de enfermagem.<\/p>\n\n\n\n<p><a href=\"https:\/\/portal.pi.gov.br\/cge\/download\/374\/pareceres-pge\/5693\/parecer-pge-no-2016-1025-dois-cargos-de-auxiliar-de-enfermagem-acumulaveis.pdf\">Acesse o documento<\/a><\/p>\n\n\n\n<h2 class=\"wp-block-heading\">Parecer PGE N\u00b0 1136\/2016<\/h2>\n\n\n\n<p>Consulta se sobre a possibilidade de acumula\u00e7\u00e3o dos cargos de administrador hospitalar e enfermeiro.<\/p>\n\n\n\n<p><a href=\"https:\/\/portal.pi.gov.br\/cge\/download\/374\/pareceres-pge\/5694\/parecer-pge-no-2016-1136-administrador-hospitalar-e-enfermeiro-inacumulaveis.pdf\">Acesse o documento<\/a><\/p>\n\n\n\n<h2 class=\"wp-block-heading\">Parecer PGE N\u00b0 1169\/2016<\/h2>\n\n\n\n<p>Consulta sobre a possibilidade de acumula\u00e7\u00e3o dos cargos de perito odonto-legal e odont\u00f3logo.<\/p>\n\n\n\n<p><a href=\"https:\/\/portal.pi.gov.br\/cge\/download\/374\/pareceres-pge\/5695\/parecer-pge-no-2016-1169-perito-odonto-legal-e-odontologo-acumulaveis.pdf\">Acesse o documento<\/a><\/p>\n\n\n\n<h2 class=\"wp-block-heading\">Parecer PGE N\u00b0 1231\/2016<\/h2>\n\n\n\n<p>Consulta sobre a possibilidade de acumula\u00e7\u00e3o dos cargos de enfermeiro-auditor e enfermeiro.<\/p>\n\n\n\n<p><a href=\"https:\/\/portal.pi.gov.br\/cge\/download\/374\/pareceres-pge\/5696\/parecer-pge-no-2016-1231-efermeiro-auditor-e-enfermeiro-acumulaveis.pdf\">Acesse o documento<\/a><\/p>\n\n\n\n<h2 class=\"wp-block-heading\">Parecer PGE N\u00b0 1236\/2016<\/h2>\n\n\n\n<p>Consulta sobre a possibilidade de acumula\u00e7\u00e3o dos cargos de administrador hospitalar e enfermeiro.<\/p>\n\n\n\n<p><a href=\"https:\/\/portal.pi.gov.br\/cge\/download\/374\/pareceres-pge\/5697\/parecer-pge-no-2016-1236-administrador-hospitalar-e-enfermeiro-inacumulavel.pdf\">Acesse o documento<\/a><\/p>\n\n\n\n<h2 class=\"wp-block-heading\">Parecer PGE N\u00b0 1328\/2016<\/h2>\n\n\n\n<p>Consulta sobre a possibilidade de acumula\u00e7\u00e3o dos cargos de auxiliar em assuntos educacionais e professor.<\/p>\n\n\n\n<p><a href=\"https:\/\/portal.pi.gov.br\/cge\/download\/374\/pareceres-pge\/5698\/parecer-pge-no-2016-1328-professor-e-auxiliar-em-assuntos-educacionais-inacumulaveis.pdf\">Acesse o documento<\/a><\/p>\n\n\n\n<h2 class=\"wp-block-heading\">Parecer PGE N\u00b0 29\/2017<\/h2>\n\n\n\n<p>Consulta sobre a possibilidade de acumula\u00e7\u00e3o dos cargos de analista judici\u00e1rio e professor.<\/p>\n\n\n\n<p><a href=\"https:\/\/portal.pi.gov.br\/cge\/download\/374\/pareceres-pge\/5699\/parecer-pge-no-2017-29-analista-judiciario-e-professor-acumulaveis.pdf\">Acesse o documento<\/a><\/p>\n\n\n\n<h2 class=\"wp-block-heading\">Parecer PGE N\u00b0 292\/2017<\/h2>\n\n\n\n<p>Consulta sobre a possibilidade de acumula\u00e7\u00e3o de dois cargos de dentista.<\/p>\n\n\n\n<p><a href=\"https:\/\/portal.pi.gov.br\/cge\/download\/374\/pareceres-pge\/5700\/parecer-pge-no-2017-292-dois-cargos-de-dentista-esferas-civil-e-militar-acumulaveis.pdf\">Acesse o documento<\/a><\/p>\n\n\n\n<h2 class=\"wp-block-heading\">Parecer PGE N\u00b0 324\/2017<\/h2>\n\n\n\n<p>Consulta sobre a possibilidade de acumula\u00e7\u00e3o dos cargos de datil\u00f3grafo e professor.<\/p>\n\n\n\n<p><a href=\"https:\/\/portal.pi.gov.br\/cge\/download\/374\/pareceres-pge\/5701\/parecer-pge-no-2017-324-datilografo-e-professor-inacumulaveis.pdf\">Acesse o documento<\/a><\/p>\n\n\n\n<h2 class=\"wp-block-heading\">Parecer PGE N\u00b0 885\/2017<\/h2>\n\n\n\n<p>Consulta sobre a possibilidade de acumula\u00e7\u00e3o do cargo de professor com est\u00e1gio n\u00e3o obrigat\u00f3rio remunerado.<\/p>\n\n\n\n<p><a href=\"https:\/\/portal.pi.gov.br\/cge\/download\/374\/pareceres-pge\/5692\/parecer-pge-no-2016-1016-acumulacao-de-dois-cargos-efetivos-com-um-de-vereador-impossibilidade.pdf\">Acesse o <\/a><a href=\"https:\/\/portal.pi.gov.br\/cge\/download\/374\/pareceres-pge\/5702\/parecer-pge-no-2017-885-professor-e-estagio-nao-obrigatorio-remunerado-inacumulavel.pdf\">documento<\/a><\/p>\n<\/div>\n","protected":false},"excerpt":{"rendered":"<p>Neste campo voc\u00ea encontrar\u00e1 os Pareceres da Procuradoria-Geral do Estado sobre ac\u00famulo referente ao servi\u00e7o de Corregedoria. Para facilitar a busca utilize o atalho Ctrl + F e digite a [&hellip;]<\/p>\n","protected":false},"author":44,"featured_media":0,"parent":0,"menu_order":0,"comment_status":"closed","ping_status":"closed","template":"","meta":[],"featured_image_urls":{"full":"","thumbnail":"","medium":"","medium_large":"","large":"","sgg-420":"","sgg-540":"","sgg-780":"","1536x1536":"","2048x2048":"","homepage-slider":"","homepage-slider-small":"","page-top":"","page-small":"","loop-main":"","thumb-gallery-widget":""},"post_excerpt_stackable":"<p>Neste campo voc\u00ea encontrar\u00e1 os Pareceres da Procuradoria-Geral do Estado sobre ac\u00famulo referente ao servi\u00e7o de Corregedoria. Para facilitar a busca utilize o atalho Ctrl + F e digite a palavra-chave. Parecer N\u00ba 5\/2022\/SS\/CONSUL\/GAB\/PGE-PI\/CONSUL\/GAB\/PGE-PI\/GAB\/PGE-PI Consulta da Corregedoria da Controladoria Geral do Estado sobre a possibilidade de acumula\u00e7\u00e3o porservidora p\u00fablica estadual de dois cargos de professora e de uma pens\u00e3o por morte. Acesse o documento Parecer PGE\/CJ N\u00b0 732\/2019 (CS-SEADPREV) Consulta sobre a possibilidade de acumula\u00e7\u00e3o dos cargos de Professor e Militar. Acesse o documento Parecer PGE\/CJ N\u00b0 737\/2019 (CS-SEADPREV) Consulta sobre a possibilidade de acumula\u00e7\u00e3o dos cargos de M\u00e9dico e&hellip;<\/p>\n","category_list":"","author_info":{"name":"andressa","url":"https:\/\/portal.pi.gov.br\/cge\/author\/andressa\/"},"comments_num":"0 coment\u00e1rio","featured_image_urls_v2":{"full":"","thumbnail":"","medium":"","medium_large":"","large":"","sgg-420":"","sgg-540":"","sgg-780":"","1536x1536":"","2048x2048":"","homepage-slider":"","homepage-slider-small":"","page-top":"","page-small":"","loop-main":"","thumb-gallery-widget":""},"post_excerpt_stackable_v2":"<p>Neste campo voc\u00ea encontrar\u00e1 os Pareceres da Procuradoria-Geral do Estado sobre ac\u00famulo referente ao servi\u00e7o de Corregedoria. Para facilitar a busca utilize o atalho Ctrl + F e digite a palavra-chave. Parecer N\u00ba 5\/2022\/SS\/CONSUL\/GAB\/PGE-PI\/CONSUL\/GAB\/PGE-PI\/GAB\/PGE-PI Consulta da Corregedoria da Controladoria Geral do Estado sobre a possibilidade de acumula\u00e7\u00e3o porservidora p\u00fablica estadual de dois cargos de professora e de uma pens\u00e3o por morte. Acesse o documento Parecer PGE\/CJ N\u00b0 732\/2019 (CS-SEADPREV) Consulta sobre a possibilidade de acumula\u00e7\u00e3o dos cargos de Professor e Militar. Acesse o documento Parecer PGE\/CJ N\u00b0 737\/2019 (CS-SEADPREV) Consulta sobre a possibilidade de acumula\u00e7\u00e3o dos cargos de M\u00e9dico e&hellip;<\/p>\n","category_list_v2":"","author_info_v2":{"name":"andressa","url":"https:\/\/portal.pi.gov.br\/cge\/author\/andressa\/"},"comments_num_v2":"0 coment\u00e1rio","jetpack_sharing_enabled":true,"_links":{"self":[{"href":"https:\/\/portal.pi.gov.br\/cge\/wp-json\/wp\/v2\/pages\/5654"}],"collection":[{"href":"https:\/\/portal.pi.gov.br\/cge\/wp-json\/wp\/v2\/pages"}],"about":[{"href":"https:\/\/portal.pi.gov.br\/cge\/wp-json\/wp\/v2\/types\/page"}],"author":[{"embeddable":true,"href":"https:\/\/portal.pi.gov.br\/cge\/wp-json\/wp\/v2\/users\/44"}],"replies":[{"embeddable":true,"href":"https:\/\/portal.pi.gov.br\/cge\/wp-json\/wp\/v2\/comments?post=5654"}],"version-history":[{"count":7,"href":"https:\/\/portal.pi.gov.br\/cge\/wp-json\/wp\/v2\/pages\/5654\/revisions"}],"predecessor-version":[{"id":5703,"href":"https:\/\/portal.pi.gov.br\/cge\/wp-json\/wp\/v2\/pages\/5654\/revisions\/5703"}],"wp:attachment":[{"href":"https:\/\/portal.pi.gov.br\/cge\/wp-json\/wp\/v2\/media?parent=5654"}],"curies":[{"name":"wp","href":"https:\/\/api.w.org\/{rel}","templated":true}]}}