{"id":629,"date":"2021-09-06T08:29:36","date_gmt":"2021-09-06T11:29:36","guid":{"rendered":"http:\/\/portal.pi.gov.br\/cge\/?page_id=629"},"modified":"2023-02-08T08:55:17","modified_gmt":"2023-02-08T11:55:17","slug":"pessoal","status":"publish","type":"page","link":"https:\/\/portal.pi.gov.br\/cge\/pessoal\/","title":{"rendered":"Gest\u00e3o de Pessoal"},"content":{"rendered":"\n<div class=\"wp-block-columns is-layout-flex wp-container-2\">\n<div class=\"wp-block-column is-layout-flow\">\n<div class=\"wp-block-stackable-image-box is-style-default stk-block-image-box stk-hover-parent stk-block stk-f5a751a\" data-block-id=\"f5a751a\"><div class=\"stk-block-content stk-inner-blocks has-text-align-center stk-row stk-block-image-box__content\">\n<div class=\"wp-block-stackable-image stk-block-image stk-block stk-fc0d82d\" data-block-id=\"fc0d82d\"><style>.stk-fc0d82d .stk-img-wrapper{height:100px !important}:where(.stk-hover-parent:hover,.stk-hover-parent.stk--is-hovered) .stk-fc0d82d .stk-img-wrapper{--stk-gradient-overlay:0.7 !important}:where(.stk-hover-parent:hover,.stk-hover-parent.stk--is-hovered) .stk-fc0d82d .stk-img-wrapper::after{background-color:#000000 !important}<\/style><figure class=\"stk-img-wrapper stk-image--shape-stretch\"><img decoding=\"async\" loading=\"lazy\" class=\"stk-img wp-image-4598\" src=\"https:\/\/portal.pi.gov.br\/cge\/wp-content\/uploads\/sites\/12\/2022\/08\/Copia-de-EFICIENCIA-15.png\" width=\"988\" height=\"100\" srcset=\"https:\/\/portal.pi.gov.br\/cge\/wp-content\/uploads\/sites\/12\/2022\/08\/Copia-de-EFICIENCIA-15.png 988w, https:\/\/portal.pi.gov.br\/cge\/wp-content\/uploads\/sites\/12\/2022\/08\/Copia-de-EFICIENCIA-15-300x30.png 300w, https:\/\/portal.pi.gov.br\/cge\/wp-content\/uploads\/sites\/12\/2022\/08\/Copia-de-EFICIENCIA-15-768x78.png 768w, https:\/\/portal.pi.gov.br\/cge\/wp-content\/uploads\/sites\/12\/2022\/08\/Copia-de-EFICIENCIA-15-420x43.png 420w, https:\/\/portal.pi.gov.br\/cge\/wp-content\/uploads\/sites\/12\/2022\/08\/Copia-de-EFICIENCIA-15-540x55.png 540w, https:\/\/portal.pi.gov.br\/cge\/wp-content\/uploads\/sites\/12\/2022\/08\/Copia-de-EFICIENCIA-15-780x79.png 780w, https:\/\/portal.pi.gov.br\/cge\/wp-content\/uploads\/sites\/12\/2022\/08\/Copia-de-EFICIENCIA-15-947x96.png 947w, https:\/\/portal.pi.gov.br\/cge\/wp-content\/uploads\/sites\/12\/2022\/08\/Copia-de-EFICIENCIA-15-624x63.png 624w\" sizes=\"(max-width: 988px) 100vw, 988px\" \/><\/figure><\/div>\n\n\n\n<div class=\"wp-block-stackable-column stk-block-column stk-block-column--v2 stk-column stk-block stk-c44b414\" data-block-id=\"c44b414\"><style>.stk-c44b414{display:flex !important}.stk-c44b414{align-items:center !important}<\/style><div class=\"stk-column-wrapper stk-block-column__content stk-container stk-c44b414-container stk--no-background stk--no-padding\"><div class=\"stk-block-content stk-inner-blocks stk-c44b414-inner-blocks\"><\/div><\/div><\/div>\n<\/div><\/div>\n<\/div>\n<\/div>\n\n\n\n<p>Acesse o conte\u00fado dos treinamentos na \u00e1rea de pessoal promovidos pela Controladoria-Geral do Estado do Piau\u00ed.<\/p>\n\n\n\n<div class=\"wp-block-ugb-accordion ugb-accordion ugb-27a714c ugb-accordion--v2 ugb-accordion--design-basic ugb-main-block\" aria-expanded=\"false\"><div class=\"ugb-inner-block\"><div class=\"ugb-block-content\"><div class=\"ugb-accordion__item\"><div class=\"ugb-accordion__heading\" role=\"button\" tabindex=\"0\"><h4 class=\"ugb-accordion__title\"><span style=\"color: #00406b\" class=\"stk-highlight\">eSocial<\/span><\/h4><svg xmlns=\"http:\/\/www.w3.org\/2000\/svg\" viewBox=\"0 0 20 20\" class=\"ugb-accordion__arrow\" width=\"20\" height=\"20\"><path d=\"M16.7 3.3L10 10 3.3 3.4 0 6.7l10 10v-.1l10-9.9z\"><\/path><\/svg><\/div><div class=\"ugb-accordion__content\" role=\"region\"><div class=\"ugb-accordion__content-inner\">\n<p class=\"has-text-align-justify\">A CGE\/PI, como \u00f3rg\u00e3o central de controle interno do Poder Executivo do Piau\u00ed, \u00e9 respons\u00e1vel pela coordena\u00e7\u00e3o dos \u00f3rg\u00e3os\/entidades para a implanta\u00e7\u00e3o do eSocial no Poder Executivo estadual, conforme determina o&nbsp;Decreto Estadual n\u00ba 17.774 de 22\/05\/2018.<\/p>\n\n\n\n<div class=\"wp-block-group is-vertical is-layout-flex wp-container-3\">\n<div class=\"wp-block-stackable-heading stk-block-heading stk-block stk-5bd147b\" id=\"manual-de-orientacoes-fev-2022\" data-block-id=\"5bd147b\"><style>.stk-5bd147b{margin-bottom:1px !important}.stk-5bd147b .stk-block-heading__text{color:#000000 !important}.stk-5bd147b .stk-block-heading__top-line{height:4px !important;width:450px !important;background-color:#1071a1 !important;margin-bottom:0px !important}.stk-5bd147b .stk-block-heading__bottom-line{height:4px !important;width:0px !important;background-color:#1071a1 !important;margin-top:7px !important}<\/style><div class=\"stk-block-heading__top-line\"><\/div><h2 class=\"stk-block-heading__text has-text-color has-black-color\">Manual de Orienta\u00e7\u00f5es  &#8211; Fev\/2022<\/h2><\/div>\n\n\n\n<p>Vers\u00e3o S-1.0 (Consol. at\u00e9 a NO S-1.0 \u2013 10.2022) (aprovada pela Portaria Conjunta SEPRT\/RFB n\u00ba 82, de 10\/11\/2020 \u2013 DOU de 11\/11\/2020) \u2013 consolida\u00e7\u00e3o publicada em 09\/02\/2022.<\/p>\n\n\n\n<p><em><a href=\"https:\/\/portal.pi.gov.br\/cge\/download\/272\/esocial\/3121\/manual-de-orientacao-do-esocial-v-s-1-0-ate-no-10-2022.pdf\" target=\"_blank\" rel=\"noreferrer noopener\">Acesse o documento<\/a><\/em><\/p>\n<\/div>\n\n\n\n<div class=\"wp-block-group is-vertical is-layout-flex wp-container-6\">\n<div class=\"wp-block-stackable-heading stk-block-heading stk-block stk-2de2ff7\" id=\"apresentacao-e-social-para-orgaos-publicos\" data-block-id=\"2de2ff7\"><style>.stk-2de2ff7{margin-bottom:1px !important}.stk-2de2ff7 .stk-block-heading__text{color:#000000 !important}.stk-2de2ff7 .stk-block-heading__top-line{height:4px !important;width:450px !important;background-color:#1071a1 !important;margin-bottom:0px !important}.stk-2de2ff7 .stk-block-heading__bottom-line{height:4px !important;width:0px !important;background-color:#1071a1 !important;margin-top:7px !important}<\/style><div class=\"stk-block-heading__top-line\"><\/div><h2 class=\"stk-block-heading__text has-text-color has-black-color\">Apresenta\u00e7\u00e3o eSocial para \u00f3rg\u00e3os p\u00fablicos<\/h2><\/div>\n\n\n\n<p>Por&nbsp;<em>Fernando Lisboa, Auditor-Fiscal do Trabalho e Thomas Costa, Coordenador de Gerenciamento e Estrutura\u00e7\u00e3o de Cadastros<\/em><\/p>\n\n\n\n<p><em><a href=\"https:\/\/portal.pi.gov.br\/cge\/download\/272\/esocial\/3128\/apresentacao-esocial-para-orgaos-publicos-por-fernando-lisboa-e-thomas-costa.pdf\" target=\"_blank\" rel=\"noreferrer noopener\">Acesse o documento<\/a><\/em><\/p>\n\n\n\n<div class=\"wp-block-group is-vertical is-layout-flex wp-container-5\">\n<div class=\"wp-block-group is-vertical is-layout-flex wp-container-4\">\n<div class=\"wp-block-stackable-heading stk-block-heading stk-block stk-e4d01dd\" id=\"documentacao-rapida\" data-block-id=\"e4d01dd\"><style>.stk-e4d01dd{margin-bottom:1px !important}.stk-e4d01dd .stk-block-heading__text{color:#000000 !important}.stk-e4d01dd .stk-block-heading__top-line{height:4px !important;width:450px !important;background-color:#1071a1 !important;margin-bottom:0px !important}.stk-e4d01dd .stk-block-heading__bottom-line{height:4px !important;width:0px !important;background-color:#1071a1 !important;margin-top:7px !important}<\/style><div class=\"stk-block-heading__top-line\"><\/div><h2 class=\"stk-block-heading__text has-text-color has-black-color\">Documenta\u00e7\u00e3o r\u00e1pida<\/h2><\/div>\n\n\n\n<p>Leiautes eSocial simplificado<\/p>\n\n\n\n<p><em><a href=\"https:\/\/www.gov.br\/esocial\/pt-br\/documentacao-tecnica\/documentacao-tecnica#:~:text=Esquemas%20XSD%20v.%20S%2D1.0%20%2D%20NT%2004\/2021\" target=\"_blank\" rel=\"noreferrer noopener\">Acesse o documento<\/a><\/em><\/p>\n<\/div>\n\n\n\n<div class=\"wp-block-stackable-heading stk-block-heading stk-block stk-85dfbec\" id=\"guia-de-referencia-rapida-e-social-s-2200\" data-block-id=\"85dfbec\"><style>.stk-85dfbec{margin-bottom:1px !important}.stk-85dfbec .stk-block-heading__text{color:#000000 !important}.stk-85dfbec .stk-block-heading__top-line{height:4px !important;width:450px !important;background-color:#1071a1 !important;margin-bottom:0px !important}.stk-85dfbec .stk-block-heading__bottom-line{height:4px !important;width:0px !important;background-color:#1071a1 !important;margin-top:7px !important}<\/style><div class=\"stk-block-heading__top-line\"><\/div><h2 class=\"stk-block-heading__text has-text-color has-black-color\">Guia de Refer\u00eancia R\u00e1pida &#8211; eSocial S-2200<\/h2><\/div>\n\n\n\n<p>Guia de refer\u00eancia para transmiss\u00e3o do evento S-2200 do eSocial &#8211; Admiss\u00e3o\/ingresso do trabalhador).<\/p>\n\n\n\n<p><em><a href=\"https:\/\/portal.pi.gov.br\/cge\/wp-admin\/admin-ajax.php?juwpfisadmin=false&amp;action=wpfd&amp;task=file.download&amp;wpfd_category_id=272&amp;wpfd_file_id=3554\">Acesse o documento<\/a><\/em><\/p>\n<\/div>\n<\/div>\n\n\n\n<div class=\"wp-block-group is-vertical is-layout-flex wp-container-7\">\n<div class=\"wp-block-stackable-heading stk-block-heading stk-block stk-c60240d\" id=\"guia-de-referencia-rapida-e-social-s-2230-v-f\" data-block-id=\"c60240d\"><style>.stk-c60240d{margin-bottom:1px !important}.stk-c60240d .stk-block-heading__text{color:#000000 !important}.stk-c60240d .stk-block-heading__top-line{height:4px !important;width:450px !important;background-color:#1071a1 !important;margin-bottom:0px !important}.stk-c60240d .stk-block-heading__bottom-line{height:4px !important;width:0px !important;background-color:#1071a1 !important;margin-top:7px !important}<\/style><div class=\"stk-block-heading__top-line\"><\/div><h2 class=\"stk-block-heading__text has-text-color has-black-color\">Guia de Refer\u00eancia R\u00e1pida &#8211; eSocial S-2230 V.F<\/h2><\/div>\n\n\n\n<p>Guia de Refer\u00eancia R\u00e1pida &#8211; Transmiss\u00e3o de Eventos eSocial &#8211; Evento S-2230 \u2013 Afastamento Tempor\u00e1rio.<\/p>\n\n\n\n<p><em><a href=\"https:\/\/portal.pi.gov.br\/cge\/download\/272\/esocial\/5315\/guia-de-referencia-rapida-esocial-s-2230-v-f.pdf\">Acesse o documento<\/a><\/em><\/p>\n<\/div>\n\n\n\n<div class=\"wp-block-group is-vertical is-layout-flex wp-container-8\">\n<div class=\"wp-block-stackable-heading stk-block-heading stk-block stk-c35cbe6\" id=\"guia-de-referencia-rapida-e-social-s-3000-v-f\" data-block-id=\"c35cbe6\"><style>.stk-c35cbe6{margin-bottom:1px !important}.stk-c35cbe6 .stk-block-heading__text{color:#000000 !important}.stk-c35cbe6 .stk-block-heading__top-line{height:4px !important;width:450px !important;background-color:#1071a1 !important;margin-bottom:0px !important}.stk-c35cbe6 .stk-block-heading__bottom-line{height:4px !important;width:0px !important;background-color:#1071a1 !important;margin-top:7px !important}<\/style><div class=\"stk-block-heading__top-line\"><\/div><h2 class=\"stk-block-heading__text has-text-color has-black-color\">Guia de Refer\u00eancia R\u00e1pida &#8211; eSocial S-3000 V.F<\/h2><\/div>\n\n\n\n<p>Guia de Refer\u00eancia R\u00e1pida &#8211; Transmiss\u00e3o de Eventos eSocial &#8211; Evento S-3000 \u2013 Exclus\u00e3o de Eventos.<\/p>\n\n\n\n<p><em><a href=\"https:\/\/portal.pi.gov.br\/cge\/download\/272\/esocial\/5314\/guia-de-referencia-rapida-esocial-s-3000-v-f.pdf\">Acesse o documento<\/a><\/em><\/p>\n<\/div>\n\n\n\n<div class=\"wp-block-group is-vertical is-layout-flex wp-container-9\">\n<div class=\"wp-block-stackable-heading stk-block-heading stk-block stk-825f134\" id=\"guia-de-referencia-rapida-e-social-s-2299-v-f\" data-block-id=\"825f134\"><style>.stk-825f134{margin-bottom:1px !important}.stk-825f134 .stk-block-heading__text{color:#000000 !important}.stk-825f134 .stk-block-heading__top-line{height:4px !important;width:450px !important;background-color:#1071a1 !important;margin-bottom:0px !important}.stk-825f134 .stk-block-heading__bottom-line{height:4px !important;width:0px !important;background-color:#1071a1 !important;margin-top:7px !important}<\/style><div class=\"stk-block-heading__top-line\"><\/div><h2 class=\"stk-block-heading__text has-text-color has-black-color\">Guia de Refer\u00eancia R\u00e1pida &#8211; eSocial S-2299 V.F<\/h2><\/div>\n\n\n\n<p>Guia de Refer\u00eancia R\u00e1pida &#8211; Transmiss\u00e3o de Eventos eSocial &#8211; Evento S-2299 \u2013 Desligamento.<\/p>\n\n\n\n<p><em><a href=\"https:\/\/portal.pi.gov.br\/cge\/download\/272\/esocial\/5313\/guia-de-referencia-rapida-esocial-s-2299-v-f.pdf\">Acesse o documento<\/a><\/em><\/p>\n<\/div>\n\n\n\n<div class=\"wp-block-group is-vertical is-layout-flex wp-container-10\">\n<div class=\"wp-block-stackable-heading stk-block-heading stk-block stk-73c5e29\" id=\"guia-de-referencia-rapida-e-social-eventos-de-geracao-de-folha-1200-1202-e-1210\" data-block-id=\"73c5e29\"><style>.stk-73c5e29{margin-bottom:1px !important}.stk-73c5e29 .stk-block-heading__text{color:#000000 !important}.stk-73c5e29 .stk-block-heading__top-line{height:4px !important;width:450px !important;background-color:#1071a1 !important;margin-bottom:0px !important}.stk-73c5e29 .stk-block-heading__bottom-line{height:4px !important;width:0px !important;background-color:#1071a1 !important;margin-top:7px !important}<\/style><div class=\"stk-block-heading__top-line\"><\/div><h2 class=\"stk-block-heading__text has-text-color has-black-color\">Guia de Refer\u00eancia R\u00e1pida &#8211; eSocial Eventos de Gera\u00e7\u00e3o de Folha &#8211; 1200, 1202 e 1210<\/h2><\/div>\n\n\n\n<p>Guia de Refer\u00eancia R\u00e1pida &#8211; Transmiss\u00e3o de Eventos eSocial &#8211; Eventos de Gera\u00e7\u00e3o de Folha de Pagamento (S-1200, S-1202 e S-1210).<\/p>\n\n\n\n<p><em><a href=\"https:\/\/portal.pi.gov.br\/cge\/download\/272\/esocial\/5312\/1200-1202-e-1210-guia-de-referencia-rapida-esocial-eventos-de-geracao-de-folha-v1-c.pdf\">Acesse o documento<\/a><\/em><\/p>\n<\/div>\n\n\n\n<div class=\"wp-block-group is-vertical is-layout-flex wp-container-11\">\n<div class=\"wp-block-stackable-heading stk-block-heading stk-block stk-340fa88\" id=\"guia-de-referencia-rapida-e-social-s-2231-vf\" data-block-id=\"340fa88\"><style>.stk-340fa88{margin-bottom:1px !important}.stk-340fa88 .stk-block-heading__text{color:#000000 !important}.stk-340fa88 .stk-block-heading__top-line{height:4px !important;width:450px !important;background-color:#1071a1 !important;margin-bottom:0px !important}.stk-340fa88 .stk-block-heading__bottom-line{height:4px !important;width:0px !important;background-color:#1071a1 !important;margin-top:7px !important}<\/style><div class=\"stk-block-heading__top-line\"><\/div><h2 class=\"stk-block-heading__text has-text-color has-black-color\">Guia de Refer\u00eancia R\u00e1pida &#8211; eSocial S-2231 &#8211; VF<\/h2><\/div>\n\n\n\n<p>Guia de Refer\u00eancia R\u00e1pida &#8211; Transmiss\u00e3o de Eventos eSocial &#8211; Evento S-2231 \u2013 Cess\u00e3o\/Exerc\u00edcio em Outro \u00d3rg\u00e3o<\/p>\n\n\n\n<p><em><a href=\"https:\/\/portal.pi.gov.br\/cge\/download\/272\/esocial\/5319\/guia-de-referencia-rapida-esocial-s-2231-vf.pdf\">Acesse o documento<\/a><\/em><\/p>\n<\/div>\n<\/div><\/div><\/div><\/div><\/div><\/div>\n","protected":false},"excerpt":{"rendered":"<p>Acesse o conte\u00fado dos treinamentos na \u00e1rea de pessoal promovidos pela Controladoria-Geral do Estado do Piau\u00ed. A CGE\/PI, como \u00f3rg\u00e3o central de controle interno do Poder Executivo do Piau\u00ed, \u00e9 [&hellip;]<\/p>\n","protected":false},"author":40,"featured_media":0,"parent":0,"menu_order":0,"comment_status":"closed","ping_status":"closed","template":"","meta":[],"featured_image_urls":{"full":"","thumbnail":"","medium":"","medium_large":"","large":"","sgg-420":"","sgg-540":"","sgg-780":"","1536x1536":"","2048x2048":"","homepage-slider":"","homepage-slider-small":"","page-top":"","page-small":"","loop-main":"","thumb-gallery-widget":""},"post_excerpt_stackable":"<p>Acesse o conte\u00fado dos treinamentos na \u00e1rea de pessoal promovidos pela Controladoria-Geral do Estado do Piau\u00ed. eSocial A CGE\/PI, como \u00f3rg\u00e3o central de controle interno do Poder Executivo do Piau\u00ed, \u00e9 respons\u00e1vel pela coordena\u00e7\u00e3o dos \u00f3rg\u00e3os\/entidades para a implanta\u00e7\u00e3o do eSocial no Poder Executivo estadual, conforme determina o&nbsp;Decreto Estadual n\u00ba 17.774 de 22\/05\/2018. Manual de Orienta\u00e7\u00f5es &#8211; Fev\/2022 Vers\u00e3o S-1.0 (Consol. at\u00e9 a NO S-1.0 \u2013 10.2022) (aprovada pela Portaria Conjunta SEPRT\/RFB n\u00ba 82, de 10\/11\/2020 \u2013 DOU de 11\/11\/2020) \u2013 consolida\u00e7\u00e3o publicada em 09\/02\/2022. Acesse o documento Apresenta\u00e7\u00e3o eSocial para \u00f3rg\u00e3os p\u00fablicos Por&nbsp;Fernando Lisboa, Auditor-Fiscal do Trabalho e Thomas&hellip;<\/p>\n","category_list":"","author_info":{"name":"ariel","url":"https:\/\/portal.pi.gov.br\/cge\/author\/ariel\/"},"comments_num":"0 coment\u00e1rio","featured_image_urls_v2":{"full":"","thumbnail":"","medium":"","medium_large":"","large":"","sgg-420":"","sgg-540":"","sgg-780":"","1536x1536":"","2048x2048":"","homepage-slider":"","homepage-slider-small":"","page-top":"","page-small":"","loop-main":"","thumb-gallery-widget":""},"post_excerpt_stackable_v2":"<p>Acesse o conte\u00fado dos treinamentos na \u00e1rea de pessoal promovidos pela Controladoria-Geral do Estado do Piau\u00ed. eSocial A CGE\/PI, como \u00f3rg\u00e3o central de controle interno do Poder Executivo do Piau\u00ed, \u00e9 respons\u00e1vel pela coordena\u00e7\u00e3o dos \u00f3rg\u00e3os\/entidades para a implanta\u00e7\u00e3o do eSocial no Poder Executivo estadual, conforme determina o&nbsp;Decreto Estadual n\u00ba 17.774 de 22\/05\/2018. Manual de Orienta\u00e7\u00f5es &#8211; Fev\/2022 Vers\u00e3o S-1.0 (Consol. at\u00e9 a NO S-1.0 \u2013 10.2022) (aprovada pela Portaria Conjunta SEPRT\/RFB n\u00ba 82, de 10\/11\/2020 \u2013 DOU de 11\/11\/2020) \u2013 consolida\u00e7\u00e3o publicada em 09\/02\/2022. Acesse o documento Apresenta\u00e7\u00e3o eSocial para \u00f3rg\u00e3os p\u00fablicos Por&nbsp;Fernando Lisboa, Auditor-Fiscal do Trabalho e Thomas&hellip;<\/p>\n","category_list_v2":"","author_info_v2":{"name":"ariel","url":"https:\/\/portal.pi.gov.br\/cge\/author\/ariel\/"},"comments_num_v2":"0 coment\u00e1rio","jetpack_sharing_enabled":true,"_links":{"self":[{"href":"https:\/\/portal.pi.gov.br\/cge\/wp-json\/wp\/v2\/pages\/629"}],"collection":[{"href":"https:\/\/portal.pi.gov.br\/cge\/wp-json\/wp\/v2\/pages"}],"about":[{"href":"https:\/\/portal.pi.gov.br\/cge\/wp-json\/wp\/v2\/types\/page"}],"author":[{"embeddable":true,"href":"https:\/\/portal.pi.gov.br\/cge\/wp-json\/wp\/v2\/users\/40"}],"replies":[{"embeddable":true,"href":"https:\/\/portal.pi.gov.br\/cge\/wp-json\/wp\/v2\/comments?post=629"}],"version-history":[{"count":17,"href":"https:\/\/portal.pi.gov.br\/cge\/wp-json\/wp\/v2\/pages\/629\/revisions"}],"predecessor-version":[{"id":5333,"href":"https:\/\/portal.pi.gov.br\/cge\/wp-json\/wp\/v2\/pages\/629\/revisions\/5333"}],"wp:attachment":[{"href":"https:\/\/portal.pi.gov.br\/cge\/wp-json\/wp\/v2\/media?parent=629"}],"curies":[{"name":"wp","href":"https:\/\/api.w.org\/{rel}","templated":true}]}}