{"id":6362,"date":"2023-06-26T10:37:14","date_gmt":"2023-06-26T13:37:14","guid":{"rendered":"https:\/\/portal.pi.gov.br\/cge\/?page_id=6362"},"modified":"2025-12-01T13:19:52","modified_gmt":"2025-12-01T16:19:52","slug":"lei-de-acesso-a-informacao-lai","status":"publish","type":"page","link":"https:\/\/portal.pi.gov.br\/cge\/lei-de-acesso-a-informacao-lai\/","title":{"rendered":"Lei de Acesso \u00e0 Informa\u00e7\u00e3o (LAI)"},"content":{"rendered":"\n<details class=\"wp-block-stackable-accordion stk-block-accordion stk-inner-blocks stk-block-content stk-block stk-790b386 is-style-default\" data-block-id=\"790b386\">\n<summary class=\"wp-block-stackable-column stk-block-column stk-column stk-block stk-12f0da3 stk--container-small stk-block-accordion__heading\" data-v=\"4\" data-block-id=\"12f0da3\"><div class=\"stk-column-wrapper stk-block-column__content stk-container stk-12f0da3-container stk-hover-parent\"><div class=\"stk-block-content stk-inner-blocks stk-12f0da3-inner-blocks\">\n<div class=\"wp-block-stackable-icon-label stk-block-icon-label stk-block stk-fa8e8b6\" data-block-id=\"fa8e8b6\"><div class=\"stk-row stk-inner-blocks stk-block-content\">\n<div class=\"wp-block-stackable-heading stk-block-heading stk-block-heading--v2 stk-block stk-a1020d5\" id=\"strong-como-fazer-um-pedido-de-informacao-strong\" data-block-id=\"a1020d5\"><h4 class=\"stk-block-heading__text\"><strong>COMO FAZER UM PEDIDO DE INFORMA\u00c7\u00c3O?<\/strong><\/h4><\/div>\n\n\n\n<div class=\"wp-block-stackable-icon stk-block-icon stk-block stk-00d4aaa\" data-block-id=\"00d4aaa\"><span class=\"stk--svg-wrapper\"><div class=\"stk--inner-svg\"><svg style=\"height:0;width:0\"><defs><linearGradient id=\"linear-gradient-00d4aaa\" x1=\"0\" x2=\"100%\" y1=\"0\" y2=\"0\"><stop offset=\"0%\" style=\"stop-opacity:1;stop-color:var(--linear-gradient-00-d-4-aaa-color-1)\"><\/stop><stop offset=\"100%\" style=\"stop-opacity:1;stop-color:var(--linear-gradient-00-d-4-aaa-color-2)\"><\/stop><\/linearGradient><\/defs><\/svg><svg data-prefix=\"fas\" data-icon=\"chevron-down\" class=\"svg-inline--fa fa-chevron-down fa-w-14\" xmlns=\"http:\/\/www.w3.org\/2000\/svg\" viewBox=\"0 0 448 512\" aria-hidden=\"true\" width=\"32\" height=\"32\"><path fill=\"currentColor\" d=\"M207.029 381.476L12.686 187.132c-9.373-9.373-9.373-24.569 0-33.941l22.667-22.667c9.357-9.357 24.522-9.375 33.901-.04L224 284.505l154.745-154.021c9.379-9.335 24.544-9.317 33.901.04l22.667 22.667c9.373 9.373 9.373 24.569 0 33.941L240.971 381.476c-9.373 9.372-24.569 9.372-33.942 0z\"><\/path><\/svg><\/div><\/span><\/div>\n<\/div><\/div>\n<\/div><\/div><\/summary>\n\n\n\n<div class=\"wp-block-stackable-column stk-block-column stk-column stk-block stk-ec94564 stk-block-accordion__content\" data-v=\"4\" data-block-id=\"ec94564\"><div class=\"stk-column-wrapper stk-block-column__content stk-container stk-ec94564-container stk--no-background stk--no-padding\"><div class=\"stk-block-content stk-inner-blocks stk-ec94564-inner-blocks\">\n<p>O pedido pode ser feito pela internet, por meio do servi\u00e7o eletr\u00f4nico de solicita\u00e7\u00e3o de informa\u00e7\u00f5es. No Governo do Estado do Piau\u00ed, esse sistema \u00e9 o <strong><a href=\"https:\/\/falabr.cgu.gov.br\/web\/manifestacao\/selecionarsubtipoformulario?tipo=8\" data-type=\"URL\" data-id=\"https:\/\/falabr.cgu.gov.br\/publico\/PI\/Manifestacao\/RegistrarManifestacao\" target=\"_blank\" rel=\"noreferrer noopener\">Fala.BR<\/a><\/strong> \u2013 M\u00f3dulo LAI.<\/p>\n\n\n\n<p>Veja como fazer um pedido por meio do\u202fFala.BR:&nbsp;<\/p>\n\n\n\n<ol type=\"1\">\n<li>Acesse o\u202fFala.BR. Caso voc\u00ea nunca tenha usado o sistema, cadastre-se;&nbsp;<\/li>\n\n\n\n<li>Fa\u00e7a o Login;&nbsp;<\/li>\n\n\n\n<li>Selecione a op\u00e7\u00e3o \u201c<strong>Acesso \u00e0 Informa\u00e7\u00e3o<\/strong>\u201d;<\/li>\n\n\n\n<li>Preencha o formul\u00e1rio de requisi\u00e7\u00e3o de informa\u00e7\u00e3o;<\/li>\n<\/ol>\n\n\n\n<p>Ao final do processo, o\u202f<strong><a href=\"https:\/\/falabr.cgu.gov.br\/web\/manifestacao\/selecionarsubtipoformulario?tipo=8\" target=\"_blank\" rel=\"noreferrer noopener\">Fala.BR<\/a>\u202f<\/strong>informar\u00e1 um n\u00famero de protocolo, que tamb\u00e9m ser\u00e1 enviado para seu e-mail. Guarde esse n\u00famero! Ele \u00e9 a forma mais r\u00e1pida de acompanhar seu pedido futuramente.\u00c9 poss\u00edvel ainda protocolar pedidos de informa\u00e7\u00e3o pessoalmente, por e-mail, por telefone ou at\u00e9 pelos correios.\u00a0 Para fazer um pedido de informa\u00e7\u00e3o presencial, v\u00e1 ao Servi\u00e7o de Informa\u00e7\u00f5es ao Cidad\u00e3o (SIC) desejado.Conhe\u00e7a tamb\u00e9m os prazos da Lei de Acesso \u00e0 Informa\u00e7\u00e3o.<\/p>\n\n\n\n<p><\/p>\n\n\n\n<p><\/p>\n<\/div><\/div><\/div>\n<\/details>\n\n\n\n<details class=\"wp-block-stackable-accordion stk-block-accordion stk-inner-blocks stk-block-content stk-block stk-7edf30a is-style-default\" data-block-id=\"7edf30a\">\n<summary class=\"wp-block-stackable-column stk-block-column stk-column stk-block stk-5649dcd stk--container-small stk-block-accordion__heading\" data-v=\"4\" data-block-id=\"5649dcd\"><div class=\"stk-column-wrapper stk-block-column__content stk-container stk-5649dcd-container stk-hover-parent\"><div class=\"stk-block-content stk-inner-blocks stk-5649dcd-inner-blocks\">\n<div class=\"wp-block-stackable-icon-label stk-block-icon-label stk-block stk-66e3166\" data-block-id=\"66e3166\"><div class=\"stk-row stk-inner-blocks stk-block-content\">\n<div class=\"wp-block-stackable-heading stk-block-heading stk-block-heading--v2 stk-block stk-c4a1639\" id=\"prazos-da-lei-de-acesso-a-informacao\" data-block-id=\"c4a1639\"><h4 class=\"stk-block-heading__text\">PRAZOS DA LEI DE ACESSO \u00c0 INFORMA\u00c7\u00c3O<\/h4><\/div>\n\n\n\n<div class=\"wp-block-stackable-icon stk-block-icon stk-block stk-3ee4f56\" data-block-id=\"3ee4f56\"><span class=\"stk--svg-wrapper\"><div class=\"stk--inner-svg\"><svg style=\"height:0;width:0\"><defs><linearGradient id=\"linear-gradient-3ee4f56\" x1=\"0\" x2=\"100%\" y1=\"0\" y2=\"0\"><stop offset=\"0%\" style=\"stop-opacity:1;stop-color:var(--linear-gradient-3-ee-4-f-56-color-1)\"><\/stop><stop offset=\"100%\" style=\"stop-opacity:1;stop-color:var(--linear-gradient-3-ee-4-f-56-color-2)\"><\/stop><\/linearGradient><\/defs><\/svg><svg data-prefix=\"fas\" data-icon=\"chevron-down\" class=\"svg-inline--fa fa-chevron-down fa-w-14\" xmlns=\"http:\/\/www.w3.org\/2000\/svg\" viewBox=\"0 0 448 512\" aria-hidden=\"true\" width=\"32\" height=\"32\"><path fill=\"currentColor\" d=\"M207.029 381.476L12.686 187.132c-9.373-9.373-9.373-24.569 0-33.941l22.667-22.667c9.357-9.357 24.522-9.375 33.901-.04L224 284.505l154.745-154.021c9.379-9.335 24.544-9.317 33.901.04l22.667 22.667c9.373 9.373 9.373 24.569 0 33.941L240.971 381.476c-9.373 9.372-24.569 9.372-33.942 0z\"><\/path><\/svg><\/div><\/span><\/div>\n<\/div><\/div>\n<\/div><\/div><\/summary>\n\n\n\n<div class=\"wp-block-stackable-column stk-block-column stk-column stk-block stk-d3f757e stk-block-accordion__content\" data-v=\"4\" data-block-id=\"d3f757e\"><div class=\"stk-column-wrapper stk-block-column__content stk-container stk-d3f757e-container stk--no-background stk--no-padding\"><div class=\"stk-block-content stk-inner-blocks stk-d3f757e-inner-blocks\">\n<p>Se a informa\u00e7\u00e3o estiver dispon\u00edvel, ela deve ser entregue imediatamente ao solicitante. Caso n\u00e3o seja poss\u00edvel conceder o acesso imediato, o \u00f3rg\u00e3o ou entidade tem at\u00e9 20 (vinte) dias para responder ao pedido, prazo que pode ser prorrogado por mais 10 (dez) dias, mediante justificativa expressa.<\/p>\n\n\n\n<p><strong>Recursos<\/strong><\/p>\n\n\n\n<p>No caso de negativa de acesso \u00e0 informa\u00e7\u00e3o ou de n\u00e3o fornecimento das raz\u00f5es da negativa do acesso, poder\u00e1 o requerente apresentar recurso no prazo de dez dias, contado da ci\u00eancia da decis\u00e3o, \u00e0 autoridade hierarquicamente superior \u00e0 que adotou a decis\u00e3o, que dever\u00e1 apreci\u00e1-lo no prazo de cinco dias, contado da sua apresenta\u00e7\u00e3o.<\/p>\n\n\n\n<p>Desprovido o recurso, poder\u00e1 o requerente apresentar novo recurso no prazo de dez dias, contado da ci\u00eancia da decis\u00e3o, \u00e0 autoridade m\u00e1xima do \u00f3rg\u00e3o ou entidade, que dever\u00e1 se manifestar em cinco dias contados do recebimento do recurso.<\/p>\n\n\n\n<p>Desprovido o recurso, poder\u00e1 o requerente apresentar recurso no prazo de dez dias, contado da ci\u00eancia da decis\u00e3o, \u00e0 <strong>Controladoria-Geral do Estado<\/strong>, que dever\u00e1 se manifestar no prazo de cinco dias, contado do recebimento do recurso.<\/p>\n<\/div><\/div><\/div>\n<\/details>\n\n\n\n<details class=\"wp-block-stackable-accordion stk-block-accordion stk-inner-blocks stk-block-content stk-block stk-3b493b7 is-style-default\" data-block-id=\"3b493b7\">\n<summary class=\"wp-block-stackable-column stk-block-column stk-column stk-block stk-2685e93 stk--container-small stk-block-accordion__heading\" data-v=\"4\" data-block-id=\"2685e93\"><div class=\"stk-column-wrapper stk-block-column__content stk-container stk-2685e93-container stk-hover-parent\"><div class=\"stk-block-content stk-inner-blocks stk-2685e93-inner-blocks\">\n<div class=\"wp-block-stackable-icon-label stk-block-icon-label stk-block stk-d436bb9\" data-block-id=\"d436bb9\"><div class=\"stk-row stk-inner-blocks stk-block-content\">\n<div class=\"wp-block-stackable-heading stk-block-heading stk-block-heading--v2 stk-block stk-16a70f7\" id=\"strong-servico-de-informacoes-ao-cidadao-sic-strong\" data-block-id=\"16a70f7\"><h4 class=\"stk-block-heading__text\"><strong>SERVI\u00c7O DE INFORMA\u00c7\u00d5ES AO CIDAD\u00c3O (SIC)<\/strong><\/h4><\/div>\n\n\n\n<div class=\"wp-block-stackable-icon stk-block-icon stk-block stk-9096060\" data-block-id=\"9096060\"><span class=\"stk--svg-wrapper\"><div class=\"stk--inner-svg\"><svg style=\"height:0;width:0\"><defs><linearGradient id=\"linear-gradient-9096060\" x1=\"0\" x2=\"100%\" y1=\"0\" y2=\"0\"><stop offset=\"0%\" style=\"stop-opacity:1;stop-color:var(--linear-gradient-9096060-color-1)\"><\/stop><stop offset=\"100%\" style=\"stop-opacity:1;stop-color:var(--linear-gradient-9096060-color-2)\"><\/stop><\/linearGradient><\/defs><\/svg><svg data-prefix=\"fas\" data-icon=\"chevron-down\" class=\"svg-inline--fa fa-chevron-down fa-w-14\" xmlns=\"http:\/\/www.w3.org\/2000\/svg\" viewBox=\"0 0 448 512\" aria-hidden=\"true\" width=\"32\" height=\"32\"><path fill=\"currentColor\" d=\"M207.029 381.476L12.686 187.132c-9.373-9.373-9.373-24.569 0-33.941l22.667-22.667c9.357-9.357 24.522-9.375 33.901-.04L224 284.505l154.745-154.021c9.379-9.335 24.544-9.317 33.901.04l22.667 22.667c9.373 9.373 9.373 24.569 0 33.941L240.971 381.476c-9.373 9.372-24.569 9.372-33.942 0z\"><\/path><\/svg><\/div><\/span><\/div>\n<\/div><\/div>\n<\/div><\/div><\/summary>\n\n\n\n<div class=\"wp-block-stackable-column stk-block-column stk-column stk-block stk-81ccb71 stk-block-accordion__content\" data-v=\"4\" data-block-id=\"81ccb71\"><div class=\"stk-column-wrapper stk-block-column__content stk-container stk-81ccb71-container stk--no-background stk--no-padding\"><div class=\"stk-block-content stk-inner-blocks stk-81ccb71-inner-blocks\">\n<p>Para assegurar o acesso a informa\u00e7\u00f5es p\u00fablicas, \u00e9 dever do Estado a cria\u00e7\u00e3o dos Servi\u00e7o de Informa\u00e7\u00f5es ao Cidad\u00e3o \u2013 SIC como ponto de contato entre a sociedade e o setor p\u00fablico (art. 9\u00b0 da Lei de Acesso \u00e0 Informa\u00e7\u00e3o n\u00b0 12.527\/2011).<\/p>\n\n\n\n<p>S\u00e3o fun\u00e7\u00f5es do SIC:<\/p>\n\n\n\n<p>a) atender e orientar os cidad\u00e3os sobre pedidos de informa\u00e7\u00e3o;<\/p>\n\n\n\n<p>b) informar sobre a tramita\u00e7\u00e3o de documentos e requerimentos de acesso \u00e0 informa\u00e7\u00e3o;<\/p>\n\n\n\n<p>c) receber e registrar os pedidos de acesso e devolver as respostas aos solicitantes.<\/p>\n\n\n\n<p>A Controladoria-Geral do Estado do Piau\u00ed \u00e9 a autoridade respons\u00e1vel pelo monitoramento da implementa\u00e7\u00e3o da Lei de Acesso \u00e0 Informa\u00e7\u00e3o no \u00e2mbito do Poder Executivo do Estado do Piau\u00ed, conforme Decreto estadual n\u00b0 14.588\/13.<\/p>\n\n\n\n<p><strong>Hor\u00e1rios e local de atendimento:<\/strong><\/p>\n\n\n\n<p>Ger\u00eancia de controle de sistemas e transpar\u00eancia &#8211; GECST<\/p>\n\n\n\n<p>De segunda a sexta-feira,das 07:30 \u00e0s 13:30.<\/p>\n\n\n\n<p>Av. Pedro Freitas, 1900<br>Centro Administrativo<br>Bairro S\u00e3o Pedro<br>Teresina -PI \u2013 CEP: 64.018-900<br>E-mail: cge@cge.pi.gov.br<br>Fone: (86) 3326-2000<\/p>\n\n\n\n<p>Acesse as principais informa\u00e7\u00f5es dos SICs cadastrados na Plataforma Fala.BR: <strong><u><a rel=\"noreferrer noopener\" href=\"https:\/\/portal.pi.gov.br\/cge\/download\/390\/relatorios\/10164\/lista-completa-de-responsaveis-pelo-sic-2025.pdf\" data-type=\"URL\" data-id=\"https:\/\/portal.pi.gov.br\/cge\/download\/388\/lai\/6650\/lista-dos-sics.xlsx\" target=\"_blank\">Lista Completa dos SICs<\/a><\/u><\/strong> (dados atualizados at\u00e9 maio de 2025).<\/p>\n<\/div><\/div><\/div>\n<\/details>\n\n\n\n<p><\/p>\n\n\n\n<p><\/p>\n\n\n\n<div class=\"wp-block-stackable-text stk-block-text stk-block stk-96ffa69\" data-block-id=\"96ffa69\"><p class=\"stk-block-text__text\"><\/p><\/div>\n\n\n\n<p><\/p>\n\n\n\n<figure class=\"wp-block-image\"><img alt=\"\" \/><\/figure>\n","protected":false},"excerpt":{"rendered":"<p>COMO FAZER UM PEDIDO DE INFORMA\u00c7\u00c3O? O pedido pode ser feito pela internet, por meio do servi\u00e7o eletr\u00f4nico de solicita\u00e7\u00e3o de informa\u00e7\u00f5es. No Governo do Estado do Piau\u00ed, esse sistema [&hellip;]<\/p>\n","protected":false},"author":40,"featured_media":0,"parent":0,"menu_order":0,"comment_status":"closed","ping_status":"closed","template":"","meta":[],"featured_image_urls":{"full":"","thumbnail":"","medium":"","medium_large":"","large":"","sgg-420":"","sgg-540":"","sgg-780":"","1536x1536":"","2048x2048":"","homepage-slider":"","homepage-slider-small":"","page-top":"","page-small":"","loop-main":"","thumb-gallery-widget":""},"post_excerpt_stackable":"<p>COMO FAZER UM PEDIDO DE INFORMA\u00c7\u00c3O? O pedido pode ser feito pela internet, por meio do servi\u00e7o eletr\u00f4nico de solicita\u00e7\u00e3o de informa\u00e7\u00f5es. No Governo do Estado do Piau\u00ed, esse sistema \u00e9 o Fala.BR \u2013 M\u00f3dulo LAI. Veja como fazer um pedido por meio do\u202fFala.BR:&nbsp; Acesse o\u202fFala.BR. Caso voc\u00ea nunca tenha usado o sistema, cadastre-se;&nbsp; Fa\u00e7a o Login;&nbsp; Selecione a op\u00e7\u00e3o \u201cAcesso \u00e0 Informa\u00e7\u00e3o\u201d; Preencha o formul\u00e1rio de requisi\u00e7\u00e3o de informa\u00e7\u00e3o; Ao final do processo, o\u202fFala.BR\u202finformar\u00e1 um n\u00famero de protocolo, que tamb\u00e9m ser\u00e1 enviado para seu e-mail. Guarde esse n\u00famero! Ele \u00e9 a forma mais r\u00e1pida de acompanhar seu pedido futuramente.\u00c9&hellip;<\/p>\n","category_list":"","author_info":{"name":"ariel","url":"https:\/\/portal.pi.gov.br\/cge\/author\/ariel\/"},"comments_num":"0 coment\u00e1rio","featured_image_urls_v2":{"full":"","thumbnail":"","medium":"","medium_large":"","large":"","sgg-420":"","sgg-540":"","sgg-780":"","1536x1536":"","2048x2048":"","homepage-slider":"","homepage-slider-small":"","page-top":"","page-small":"","loop-main":"","thumb-gallery-widget":""},"post_excerpt_stackable_v2":"<p>COMO FAZER UM PEDIDO DE INFORMA\u00c7\u00c3O? O pedido pode ser feito pela internet, por meio do servi\u00e7o eletr\u00f4nico de solicita\u00e7\u00e3o de informa\u00e7\u00f5es. No Governo do Estado do Piau\u00ed, esse sistema \u00e9 o Fala.BR \u2013 M\u00f3dulo LAI. Veja como fazer um pedido por meio do\u202fFala.BR:&nbsp; Acesse o\u202fFala.BR. Caso voc\u00ea nunca tenha usado o sistema, cadastre-se;&nbsp; Fa\u00e7a o Login;&nbsp; Selecione a op\u00e7\u00e3o \u201cAcesso \u00e0 Informa\u00e7\u00e3o\u201d; Preencha o formul\u00e1rio de requisi\u00e7\u00e3o de informa\u00e7\u00e3o; Ao final do processo, o\u202fFala.BR\u202finformar\u00e1 um n\u00famero de protocolo, que tamb\u00e9m ser\u00e1 enviado para seu e-mail. Guarde esse n\u00famero! Ele \u00e9 a forma mais r\u00e1pida de acompanhar seu pedido futuramente.\u00c9&hellip;<\/p>\n","category_list_v2":"","author_info_v2":{"name":"ariel","url":"https:\/\/portal.pi.gov.br\/cge\/author\/ariel\/"},"comments_num_v2":"0 coment\u00e1rio","jetpack_sharing_enabled":true,"_links":{"self":[{"href":"https:\/\/portal.pi.gov.br\/cge\/wp-json\/wp\/v2\/pages\/6362"}],"collection":[{"href":"https:\/\/portal.pi.gov.br\/cge\/wp-json\/wp\/v2\/pages"}],"about":[{"href":"https:\/\/portal.pi.gov.br\/cge\/wp-json\/wp\/v2\/types\/page"}],"author":[{"embeddable":true,"href":"https:\/\/portal.pi.gov.br\/cge\/wp-json\/wp\/v2\/users\/40"}],"replies":[{"embeddable":true,"href":"https:\/\/portal.pi.gov.br\/cge\/wp-json\/wp\/v2\/comments?post=6362"}],"version-history":[{"count":21,"href":"https:\/\/portal.pi.gov.br\/cge\/wp-json\/wp\/v2\/pages\/6362\/revisions"}],"predecessor-version":[{"id":10901,"href":"https:\/\/portal.pi.gov.br\/cge\/wp-json\/wp\/v2\/pages\/6362\/revisions\/10901"}],"wp:attachment":[{"href":"https:\/\/portal.pi.gov.br\/cge\/wp-json\/wp\/v2\/media?parent=6362"}],"curies":[{"name":"wp","href":"https:\/\/api.w.org\/{rel}","templated":true}]}}