{"id":6413,"date":"2023-06-28T08:58:20","date_gmt":"2023-06-28T11:58:20","guid":{"rendered":"https:\/\/portal.pi.gov.br\/cge\/?page_id=6413"},"modified":"2023-06-29T08:02:44","modified_gmt":"2023-06-29T11:02:44","slug":"legislacao-2","status":"publish","type":"page","link":"https:\/\/portal.pi.gov.br\/cge\/legislacao-2\/","title":{"rendered":"Legisla\u00e7\u00e3o"},"content":{"rendered":"\n<p><\/p>\n\n\n\n<h2 class=\"wp-block-heading\">Decreto estadual N\u00ba 15.188, de 22 de maio de 2013<\/h2>\n\n\n\n<p>Regulamenta, no \u00e2mbito do Poder Executivo do Estado do Piau\u00ed, a <a href=\"https:\/\/www.planalto.gov.br\/ccivil_03\/_ato2011-2014\/2011\/lei\/l12527.htm\" data-type=\"URL\" data-id=\"https:\/\/www.planalto.gov.br\/ccivil_03\/_ato2011-2014\/2011\/lei\/l12527.htm\" target=\"_blank\" rel=\"noreferrer noopener\">Lei Federal no 12.527<\/a>, de 18 de novembro de 2011, que disp\u00f5e sobre o acesso a informa\u00e7\u00f5es previsto no inciso XXXIII, do caput do art. 5o, no inciso II do \u00a7 3\u00ba art. 37 e no \u00a7 2\u00ba, do art. 216, todos da Constitui\u00e7\u00e3o Federal.<\/p>\n\n\n\n<p><strong><u><em><a href=\"https:\/\/portal.pi.gov.br\/cge\/download\/388\/lai\/6417\/decreto-15-188-de-2013-regulamenta-a-lai-1.pdf\" data-type=\"URL\" data-id=\"https:\/\/portal.pi.gov.br\/cge\/download\/388\/lai\/6417\/decreto-15-188-de-2013-regulamenta-a-lai-1.pdf\" target=\"_blank\" rel=\"noreferrer noopener\">Acesse o documento<\/a><\/em><\/u><\/strong><\/p>\n","protected":false},"excerpt":{"rendered":"<p>Decreto estadual N\u00ba 15.188, de 22 de maio de 2013 Regulamenta, no \u00e2mbito do Poder Executivo do Estado do Piau\u00ed, a Lei Federal no 12.527, de 18 de novembro de [&hellip;]<\/p>\n","protected":false},"author":40,"featured_media":0,"parent":0,"menu_order":0,"comment_status":"closed","ping_status":"closed","template":"","meta":[],"featured_image_urls":{"full":"","thumbnail":"","medium":"","medium_large":"","large":"","sgg-420":"","sgg-540":"","sgg-780":"","1536x1536":"","2048x2048":"","homepage-slider":"","homepage-slider-small":"","page-top":"","page-small":"","loop-main":"","thumb-gallery-widget":""},"post_excerpt_stackable":"<p>Decreto estadual N\u00ba 15.188, de 22 de maio de 2013 Regulamenta, no \u00e2mbito do Poder Executivo do Estado do Piau\u00ed, a Lei Federal no 12.527, de 18 de novembro de 2011, que disp\u00f5e sobre o acesso a informa\u00e7\u00f5es previsto no inciso XXXIII, do caput do art. 5o, no inciso II do \u00a7 3\u00ba art. 37 e no \u00a7 2\u00ba, do art. 216, todos da Constitui\u00e7\u00e3o Federal. Acesse o documento<\/p>\n","category_list":"","author_info":{"name":"ariel","url":"https:\/\/portal.pi.gov.br\/cge\/author\/ariel\/"},"comments_num":"0 coment\u00e1rio","featured_image_urls_v2":{"full":"","thumbnail":"","medium":"","medium_large":"","large":"","sgg-420":"","sgg-540":"","sgg-780":"","1536x1536":"","2048x2048":"","homepage-slider":"","homepage-slider-small":"","page-top":"","page-small":"","loop-main":"","thumb-gallery-widget":""},"post_excerpt_stackable_v2":"<p>Decreto estadual N\u00ba 15.188, de 22 de maio de 2013 Regulamenta, no \u00e2mbito do Poder Executivo do Estado do Piau\u00ed, a Lei Federal no 12.527, de 18 de novembro de 2011, que disp\u00f5e sobre o acesso a informa\u00e7\u00f5es previsto no inciso XXXIII, do caput do art. 5o, no inciso II do \u00a7 3\u00ba art. 37 e no \u00a7 2\u00ba, do art. 216, todos da Constitui\u00e7\u00e3o Federal. Acesse o documento<\/p>\n","category_list_v2":"","author_info_v2":{"name":"ariel","url":"https:\/\/portal.pi.gov.br\/cge\/author\/ariel\/"},"comments_num_v2":"0 coment\u00e1rio","jetpack_sharing_enabled":true,"_links":{"self":[{"href":"https:\/\/portal.pi.gov.br\/cge\/wp-json\/wp\/v2\/pages\/6413"}],"collection":[{"href":"https:\/\/portal.pi.gov.br\/cge\/wp-json\/wp\/v2\/pages"}],"about":[{"href":"https:\/\/portal.pi.gov.br\/cge\/wp-json\/wp\/v2\/types\/page"}],"author":[{"embeddable":true,"href":"https:\/\/portal.pi.gov.br\/cge\/wp-json\/wp\/v2\/users\/40"}],"replies":[{"embeddable":true,"href":"https:\/\/portal.pi.gov.br\/cge\/wp-json\/wp\/v2\/comments?post=6413"}],"version-history":[{"count":4,"href":"https:\/\/portal.pi.gov.br\/cge\/wp-json\/wp\/v2\/pages\/6413\/revisions"}],"predecessor-version":[{"id":6430,"href":"https:\/\/portal.pi.gov.br\/cge\/wp-json\/wp\/v2\/pages\/6413\/revisions\/6430"}],"wp:attachment":[{"href":"https:\/\/portal.pi.gov.br\/cge\/wp-json\/wp\/v2\/media?parent=6413"}],"curies":[{"name":"wp","href":"https:\/\/api.w.org\/{rel}","templated":true}]}}