{"id":6526,"date":"2023-07-05T08:00:23","date_gmt":"2023-07-05T11:00:23","guid":{"rendered":"https:\/\/portal.pi.gov.br\/cge\/?page_id=6526"},"modified":"2024-06-10T09:19:02","modified_gmt":"2024-06-10T12:19:02","slug":"relatorios-2","status":"publish","type":"page","link":"https:\/\/portal.pi.gov.br\/cge\/relatorios-2\/","title":{"rendered":"Relat\u00f3rios"},"content":{"rendered":"\n<div class=\"wp-block-group is-vertical is-layout-flex wp-container-1\"><\/div>\n\n\n\n<div class=\"wp-block-group is-vertical is-layout-flex wp-container-2\">\n<div class=\"wp-block-stackable-heading stk-block-heading stk-block-heading--v2 stk-block stk-e9ebe5e\" id=\"relatorio-anual-2023\" data-block-id=\"e9ebe5e\"><style>.stk-e9ebe5e{margin-bottom:0px !important}.stk-e9ebe5e .stk-block-heading__text{color:#000000 !important}.stk-e9ebe5e .stk-block-heading__top-line{height:4px !important;width:450px !important;background-color:#1071a1 !important;margin-bottom:0px !important}.stk-e9ebe5e .stk-block-heading__bottom-line{height:4px !important;width:0px !important;background-color:#1071a1 !important;margin-top:7px !important}<\/style><div class=\"stk-block-heading__top-line\"><\/div><h2 class=\"stk-block-heading__text has-text-color has-black-color stk-block-heading--use-theme-margins\">Relat\u00f3rio Anual &#8211; 2023 <\/h2><\/div>\n\n\n\n<p class=\"has-text-align-justify\">Acesso \u00e0 Informa\u00e7\u00e3o &#8211; 2023<\/p>\n\n\n\n<p><em><a href=\"https:\/\/portal.pi.gov.br\/cge\/download\/390\/relatorios\/8424\/relatorio-anual-de-acesso-a-informacao-2023-piaui.pdf\" target=\"_blank\" rel=\"noreferrer noopener\">Acesse o documento<\/a><\/em><\/p>\n<\/div>\n\n\n\n<div class=\"wp-block-group is-vertical is-layout-flex wp-container-3\">\n<div class=\"wp-block-stackable-heading stk-block-heading stk-block-heading--v2 stk-block stk-0e9e948\" id=\"pesquisa-de-satisfacao-lai-2023\" data-block-id=\"0e9e948\"><style>.stk-0e9e948{margin-bottom:0px !important}.stk-0e9e948 .stk-block-heading__text{color:#000000 !important}.stk-0e9e948 .stk-block-heading__top-line{height:4px !important;width:450px !important;background-color:#1071a1 !important;margin-bottom:0px !important}.stk-0e9e948 .stk-block-heading__bottom-line{height:4px !important;width:0px !important;background-color:#1071a1 !important;margin-top:7px !important}<\/style><div class=\"stk-block-heading__top-line\"><\/div><h2 class=\"stk-block-heading__text has-text-color has-black-color stk-block-heading--use-theme-margins\">Pesquisa de Satisfa\u00e7\u00e3o &#8211; LAI  &#8211; 2023<\/h2><\/div>\n\n\n\n<p class=\"has-text-align-justify\"><\/p>\n\n\n\n<p><em><a href=\"https:\/\/portal.pi.gov.br\/cge\/download\/390\/relatorios\/8576\/pesquisas-de-satisfacao-lai.pdf\" target=\"_blank\" rel=\"noreferrer noopener\">Acesse o documento<\/a><\/em><\/p>\n<\/div>\n\n\n\n<div class=\"wp-block-group is-vertical is-layout-flex wp-container-4\">\n<div class=\"wp-block-stackable-heading stk-block-heading stk-block-heading--v2 stk-block stk-5ff9616\" id=\"pesquisa-de-satisfacao-ouvidoria-2023\" data-block-id=\"5ff9616\"><style>.stk-5ff9616{margin-bottom:0px !important}.stk-5ff9616 .stk-block-heading__text{color:#000000 !important}.stk-5ff9616 .stk-block-heading__top-line{height:4px !important;width:450px !important;background-color:#1071a1 !important;margin-bottom:0px !important}.stk-5ff9616 .stk-block-heading__bottom-line{height:4px !important;width:0px !important;background-color:#1071a1 !important;margin-top:7px !important}<\/style><div class=\"stk-block-heading__top-line\"><\/div><h2 class=\"stk-block-heading__text has-text-color has-black-color stk-block-heading--use-theme-margins\">Pesquisa de Satisfa\u00e7\u00e3o &#8211; Ouvidoria &#8211; 2023 <\/h2><\/div>\n\n\n\n<p class=\"has-text-align-justify\"><\/p>\n\n\n\n<p><em><a href=\"https:\/\/portal.pi.gov.br\/cge\/download\/390\/relatorios\/8425\/pesquisas-de-satisfacao-1.pdf\" target=\"_blank\" rel=\"noreferrer noopener\">Acesse o documento<\/a><\/em><\/p>\n<\/div>\n\n\n\n<div class=\"wp-block-group is-vertical is-layout-flex wp-container-5\">\n<div class=\"wp-block-stackable-heading stk-block-heading stk-block-heading--v2 stk-block stk-9eb4100\" id=\"boletim-ouvidoria-2022\" data-block-id=\"9eb4100\"><style>.stk-9eb4100{margin-bottom:0px !important}.stk-9eb4100 .stk-block-heading__text{color:#000000 !important}.stk-9eb4100 .stk-block-heading__top-line{height:4px !important;width:450px !important;background-color:#1071a1 !important;margin-bottom:0px !important}.stk-9eb4100 .stk-block-heading__bottom-line{height:4px !important;width:0px !important;background-color:#1071a1 !important;margin-top:7px !important}<\/style><div class=\"stk-block-heading__top-line\"><\/div><h2 class=\"stk-block-heading__text has-text-color has-black-color stk-block-heading--use-theme-margins\">Boletim Ouvidoria &#8211; 2022  <\/h2><\/div>\n\n\n\n<p class=\"has-text-align-justify\"><\/p>\n\n\n\n<p><em><a href=\"https:\/\/portal.pi.gov.br\/cge\/download\/390\/relatorios\/8439\/boletim_ouvidoria_2022.pdf\" target=\"_blank\" rel=\"noreferrer noopener\">Acesse o documento<\/a><\/em><\/p>\n<\/div>\n\n\n","protected":false},"excerpt":{"rendered":"<p>Relat\u00f3rio Anual &#8211; 2023 Acesso \u00e0 Informa\u00e7\u00e3o &#8211; 2023 Acesse o documento Pesquisa de Satisfa\u00e7\u00e3o &#8211; LAI &#8211; 2023 Acesse o documento Pesquisa de Satisfa\u00e7\u00e3o &#8211; Ouvidoria &#8211; 2023 Acesse [&hellip;]<\/p>\n","protected":false},"author":40,"featured_media":0,"parent":0,"menu_order":0,"comment_status":"closed","ping_status":"closed","template":"","meta":[],"featured_image_urls":{"full":"","thumbnail":"","medium":"","medium_large":"","large":"","sgg-420":"","sgg-540":"","sgg-780":"","1536x1536":"","2048x2048":"","homepage-slider":"","homepage-slider-small":"","page-top":"","page-small":"","loop-main":"","thumb-gallery-widget":""},"post_excerpt_stackable":"<p>Relat\u00f3rio Anual &#8211; 2023 Acesso \u00e0 Informa\u00e7\u00e3o &#8211; 2023 Acesse o documento Pesquisa de Satisfa\u00e7\u00e3o &#8211; LAI &#8211; 2023 Acesse o documento Pesquisa de Satisfa\u00e7\u00e3o &#8211; Ouvidoria &#8211; 2023 Acesse o documento Boletim Ouvidoria &#8211; 2022 Acesse o documento<\/p>\n","category_list":"","author_info":{"name":"ariel","url":"https:\/\/portal.pi.gov.br\/cge\/author\/ariel\/"},"comments_num":"0 coment\u00e1rio","featured_image_urls_v2":{"full":"","thumbnail":"","medium":"","medium_large":"","large":"","sgg-420":"","sgg-540":"","sgg-780":"","1536x1536":"","2048x2048":"","homepage-slider":"","homepage-slider-small":"","page-top":"","page-small":"","loop-main":"","thumb-gallery-widget":""},"post_excerpt_stackable_v2":"<p>Relat\u00f3rio Anual &#8211; 2023 Acesso \u00e0 Informa\u00e7\u00e3o &#8211; 2023 Acesse o documento Pesquisa de Satisfa\u00e7\u00e3o &#8211; LAI &#8211; 2023 Acesse o documento Pesquisa de Satisfa\u00e7\u00e3o &#8211; Ouvidoria &#8211; 2023 Acesse o documento Boletim Ouvidoria &#8211; 2022 Acesse o documento<\/p>\n","category_list_v2":"","author_info_v2":{"name":"ariel","url":"https:\/\/portal.pi.gov.br\/cge\/author\/ariel\/"},"comments_num_v2":"0 coment\u00e1rio","jetpack_sharing_enabled":true,"_links":{"self":[{"href":"https:\/\/portal.pi.gov.br\/cge\/wp-json\/wp\/v2\/pages\/6526"}],"collection":[{"href":"https:\/\/portal.pi.gov.br\/cge\/wp-json\/wp\/v2\/pages"}],"about":[{"href":"https:\/\/portal.pi.gov.br\/cge\/wp-json\/wp\/v2\/types\/page"}],"author":[{"embeddable":true,"href":"https:\/\/portal.pi.gov.br\/cge\/wp-json\/wp\/v2\/users\/40"}],"replies":[{"embeddable":true,"href":"https:\/\/portal.pi.gov.br\/cge\/wp-json\/wp\/v2\/comments?post=6526"}],"version-history":[{"count":15,"href":"https:\/\/portal.pi.gov.br\/cge\/wp-json\/wp\/v2\/pages\/6526\/revisions"}],"predecessor-version":[{"id":8577,"href":"https:\/\/portal.pi.gov.br\/cge\/wp-json\/wp\/v2\/pages\/6526\/revisions\/8577"}],"wp:attachment":[{"href":"https:\/\/portal.pi.gov.br\/cge\/wp-json\/wp\/v2\/media?parent=6526"}],"curies":[{"name":"wp","href":"https:\/\/api.w.org\/{rel}","templated":true}]}}