{"id":8143,"date":"2024-04-16T08:44:04","date_gmt":"2024-04-16T11:44:04","guid":{"rendered":"https:\/\/portal.pi.gov.br\/cge\/?page_id=8143"},"modified":"2025-03-18T10:00:56","modified_gmt":"2025-03-18T13:00:56","slug":"app-sincin","status":"publish","type":"page","link":"https:\/\/portal.pi.gov.br\/cge\/app-sincin\/","title":{"rendered":"APP SINCIN"},"content":{"rendered":"\n<p class=\"has-text-align-justify\">O aplicativo SINCIN &#8211; M\u00f3dulo Fiscaliza\u00e7\u00e3o de Contratos \u00e9 uma plataforma inovadora que visa facilitar o controle na fiscaliza\u00e7\u00e3o de contratos administrativos no \u00e2mbito do Governo do Estado.<\/p>\n\n\n\n<p class=\"has-text-align-justify\">O Sistema Integrado de Controle Interno &#8211; SINCIN \u00e9 um software desenvolvido e gerenciado pela Controladoria-Geral do Estado, que visa otimizar os processos internos de an\u00e1lises de despesas e tem registrado \u00edndices satisfat\u00f3rios, se consolidando como um importante instrumento de controle.<\/p>\n\n\n\n<p class=\"has-text-align-justify\">Ao incluir m\u00f3dulo para fiscais de contratos via aplicativo, amplia-se a capacidade de controle, proporcionando maior celeridade e efic\u00e1cia nas an\u00e1lises de contratos p\u00fablicos estaduais.<\/p>\n\n\n\n<figure class=\"wp-block-image size-large\"><img decoding=\"async\" loading=\"lazy\" width=\"1024\" height=\"576\" src=\"https:\/\/portal.pi.gov.br\/cge\/wp-content\/uploads\/sites\/12\/2024\/04\/lancamento-sincin-1024x576.png\" alt=\"\" class=\"wp-image-8144\" srcset=\"https:\/\/portal.pi.gov.br\/cge\/wp-content\/uploads\/sites\/12\/2024\/04\/lancamento-sincin-1024x576.png 1024w, https:\/\/portal.pi.gov.br\/cge\/wp-content\/uploads\/sites\/12\/2024\/04\/lancamento-sincin-300x169.png 300w, https:\/\/portal.pi.gov.br\/cge\/wp-content\/uploads\/sites\/12\/2024\/04\/lancamento-sincin-768x432.png 768w, https:\/\/portal.pi.gov.br\/cge\/wp-content\/uploads\/sites\/12\/2024\/04\/lancamento-sincin-420x236.png 420w, https:\/\/portal.pi.gov.br\/cge\/wp-content\/uploads\/sites\/12\/2024\/04\/lancamento-sincin-540x304.png 540w, https:\/\/portal.pi.gov.br\/cge\/wp-content\/uploads\/sites\/12\/2024\/04\/lancamento-sincin-780x439.png 780w, https:\/\/portal.pi.gov.br\/cge\/wp-content\/uploads\/sites\/12\/2024\/04\/lancamento-sincin-1536x864.png 1536w, https:\/\/portal.pi.gov.br\/cge\/wp-content\/uploads\/sites\/12\/2024\/04\/lancamento-sincin-947x533.png 947w, https:\/\/portal.pi.gov.br\/cge\/wp-content\/uploads\/sites\/12\/2024\/04\/lancamento-sincin-624x351.png 624w, https:\/\/portal.pi.gov.br\/cge\/wp-content\/uploads\/sites\/12\/2024\/04\/lancamento-sincin.png 1920w\" sizes=\"(max-width: 1024px) 100vw, 1024px\" \/><\/figure>\n\n\n<div class=\"wpfd-single-file\">\n    <div class=\"wpfd-single-file--icon\">\n            <a href=\"\" alt=\"sincin1.1.1\" class=\"wpfdlightbox\">\n            <div class=\"wpfd-icon-placeholder\" style=\"background-image: url(&quot;https:\/\/portal.pi.gov.br\/cge\/wp-content\/wp-file-download\/icons\/svg\/apk.svg&quot;);border-radius: 4%;box-shadow: 0px 0px 0px 0px transparent;background-color: #859594;border: 0px solid ;background-size: 100%;\"><\/div>\n        <\/a>\n    <\/div>\n\n    <div class=\"wpfd-single-file--details wpfd-file-content\">\n                <h3 class=\"wpfd-file-content--title\">sincin1.1.1<\/h3>\n        <div class=\"wpfd-file-content--meta\">\n                    <div>Tamanho do Arquivo: 95.74 MB<\/div>\n                    <div>Created: 18-03-2025<\/div>\n                    <div>Updated: 18-03-2025<\/div>\n                    <div>Cliques: 164<\/div>\n        <\/div>\n    <\/div>\n    <div class=\"wpfd-single-file--buttons\">\n                                <a href=\"https:\/\/portal.pi.gov.br\/cge\/download\/390\/relatorios\/9883\/sincin1-1-1.apk\"  data-id=\"9883\" title=\"sincin1.1.1\" class=\"noLightbox wpfd_downloadlink wpfd-single-file-button wpfd-button-download\">\n                    <svg xmlns=\"http:\/\/www.w3.org\/2000\/svg\" width=\"38\" height=\"38\" viewBox=\"0 0 400 400\"><g fill=\"#ffffff\"><path d=\"M178 234v-7V24c0-13 8-23 20-24 13-1 24 9 24 23v212l5-5 44-44c10-9 23-10 32-1s9 23-1 33l-85 85c-10 11-23 11-34 0l-85-86a22 22 0 0123-37 28 28 0 018 6l44 44a31 31 0 013 5zM200 400H24c-17 0-28-14-23-29 3-10 12-15 23-16h351c12 0 21 6 24 16 5 15-6 29-22 29H200z\"\/><\/g><\/svg>\n                    <span>Baixar<\/span>\n                <\/a>\n    <\/div>\n<\/div>\n\n","protected":false},"excerpt":{"rendered":"<p>O aplicativo SINCIN &#8211; M\u00f3dulo Fiscaliza\u00e7\u00e3o de Contratos \u00e9 uma plataforma inovadora que visa facilitar o controle na fiscaliza\u00e7\u00e3o de contratos administrativos no \u00e2mbito do Governo do Estado. O Sistema [&hellip;]<\/p>\n","protected":false},"author":44,"featured_media":0,"parent":0,"menu_order":0,"comment_status":"closed","ping_status":"closed","template":"","meta":[],"featured_image_urls":{"full":"","thumbnail":"","medium":"","medium_large":"","large":"","sgg-420":"","sgg-540":"","sgg-780":"","1536x1536":"","2048x2048":"","homepage-slider":"","homepage-slider-small":"","page-top":"","page-small":"","loop-main":"","thumb-gallery-widget":""},"post_excerpt_stackable":"<p>O aplicativo SINCIN &#8211; M\u00f3dulo Fiscaliza\u00e7\u00e3o de Contratos \u00e9 uma plataforma inovadora que visa facilitar o controle na fiscaliza\u00e7\u00e3o de contratos administrativos no \u00e2mbito do Governo do Estado. O Sistema Integrado de Controle Interno &#8211; SINCIN \u00e9 um software desenvolvido e gerenciado pela Controladoria-Geral do Estado, que visa otimizar os processos internos de an\u00e1lises de despesas e tem registrado \u00edndices satisfat\u00f3rios, se consolidando como um importante instrumento de controle. Ao incluir m\u00f3dulo para fiscais de contratos via aplicativo, amplia-se a capacidade de controle, proporcionando maior celeridade e efic\u00e1cia nas an\u00e1lises de contratos p\u00fablicos estaduais. sincin1.1.1 Tamanho do Arquivo: 95.74 MB&hellip;<\/p>\n","category_list":"","author_info":{"name":"andressa","url":"https:\/\/portal.pi.gov.br\/cge\/author\/andressa\/"},"comments_num":"0 coment\u00e1rio","featured_image_urls_v2":{"full":"","thumbnail":"","medium":"","medium_large":"","large":"","sgg-420":"","sgg-540":"","sgg-780":"","1536x1536":"","2048x2048":"","homepage-slider":"","homepage-slider-small":"","page-top":"","page-small":"","loop-main":"","thumb-gallery-widget":""},"post_excerpt_stackable_v2":"<p>O aplicativo SINCIN &#8211; M\u00f3dulo Fiscaliza\u00e7\u00e3o de Contratos \u00e9 uma plataforma inovadora que visa facilitar o controle na fiscaliza\u00e7\u00e3o de contratos administrativos no \u00e2mbito do Governo do Estado. O Sistema Integrado de Controle Interno &#8211; SINCIN \u00e9 um software desenvolvido e gerenciado pela Controladoria-Geral do Estado, que visa otimizar os processos internos de an\u00e1lises de despesas e tem registrado \u00edndices satisfat\u00f3rios, se consolidando como um importante instrumento de controle. Ao incluir m\u00f3dulo para fiscais de contratos via aplicativo, amplia-se a capacidade de controle, proporcionando maior celeridade e efic\u00e1cia nas an\u00e1lises de contratos p\u00fablicos estaduais. sincin1.1.1 Tamanho do Arquivo: 95.74 MB&hellip;<\/p>\n","category_list_v2":"","author_info_v2":{"name":"andressa","url":"https:\/\/portal.pi.gov.br\/cge\/author\/andressa\/"},"comments_num_v2":"0 coment\u00e1rio","jetpack_sharing_enabled":true,"_links":{"self":[{"href":"https:\/\/portal.pi.gov.br\/cge\/wp-json\/wp\/v2\/pages\/8143"}],"collection":[{"href":"https:\/\/portal.pi.gov.br\/cge\/wp-json\/wp\/v2\/pages"}],"about":[{"href":"https:\/\/portal.pi.gov.br\/cge\/wp-json\/wp\/v2\/types\/page"}],"author":[{"embeddable":true,"href":"https:\/\/portal.pi.gov.br\/cge\/wp-json\/wp\/v2\/users\/44"}],"replies":[{"embeddable":true,"href":"https:\/\/portal.pi.gov.br\/cge\/wp-json\/wp\/v2\/comments?post=8143"}],"version-history":[{"count":5,"href":"https:\/\/portal.pi.gov.br\/cge\/wp-json\/wp\/v2\/pages\/8143\/revisions"}],"predecessor-version":[{"id":9884,"href":"https:\/\/portal.pi.gov.br\/cge\/wp-json\/wp\/v2\/pages\/8143\/revisions\/9884"}],"wp:attachment":[{"href":"https:\/\/portal.pi.gov.br\/cge\/wp-json\/wp\/v2\/media?parent=8143"}],"curies":[{"name":"wp","href":"https:\/\/api.w.org\/{rel}","templated":true}]}}