{"id":816,"date":"2021-09-12T09:23:56","date_gmt":"2021-09-12T12:23:56","guid":{"rendered":"http:\/\/portal.pi.gov.br\/cge\/?page_id=816"},"modified":"2022-08-18T10:16:17","modified_gmt":"2022-08-18T13:16:17","slug":"reajuste-contratual","status":"publish","type":"page","link":"https:\/\/portal.pi.gov.br\/cge\/reajuste-contratual\/","title":{"rendered":"Reajuste contratual"},"content":{"rendered":"\n<div class=\"wp-block-columns is-layout-flex wp-container-2\">\n<div class=\"wp-block-column is-layout-flow\">\n<div class=\"wp-block-stackable-image-box is-style-default stk-block-image-box stk-hover-parent stk-block stk-e85313c\" data-block-id=\"e85313c\"><div class=\"stk-block-content stk-inner-blocks has-text-align-center stk-row stk-block-image-box__content\">\n<div class=\"wp-block-stackable-image stk-block-image stk-block stk-5f6d3a5\" data-block-id=\"5f6d3a5\"><style>.stk-5f6d3a5 .stk-img-wrapper{height:100px !important}:where(.stk-hover-parent:hover,.stk-hover-parent.stk--is-hovered) .stk-5f6d3a5 .stk-img-wrapper{--stk-gradient-overlay:0.7 !important}:where(.stk-hover-parent:hover,.stk-hover-parent.stk--is-hovered) .stk-5f6d3a5 .stk-img-wrapper::after{background-color:#000000 !important}<\/style><figure class=\"stk-img-wrapper stk-image--shape-stretch\"><img decoding=\"async\" loading=\"lazy\" class=\"stk-img wp-image-4610\" src=\"https:\/\/portal.pi.gov.br\/cge\/wp-content\/uploads\/sites\/12\/2022\/08\/Copia-de-EFICIENCIA-20.png\" width=\"988\" height=\"100\" srcset=\"https:\/\/portal.pi.gov.br\/cge\/wp-content\/uploads\/sites\/12\/2022\/08\/Copia-de-EFICIENCIA-20.png 988w, https:\/\/portal.pi.gov.br\/cge\/wp-content\/uploads\/sites\/12\/2022\/08\/Copia-de-EFICIENCIA-20-300x30.png 300w, https:\/\/portal.pi.gov.br\/cge\/wp-content\/uploads\/sites\/12\/2022\/08\/Copia-de-EFICIENCIA-20-768x78.png 768w, https:\/\/portal.pi.gov.br\/cge\/wp-content\/uploads\/sites\/12\/2022\/08\/Copia-de-EFICIENCIA-20-420x43.png 420w, https:\/\/portal.pi.gov.br\/cge\/wp-content\/uploads\/sites\/12\/2022\/08\/Copia-de-EFICIENCIA-20-540x55.png 540w, https:\/\/portal.pi.gov.br\/cge\/wp-content\/uploads\/sites\/12\/2022\/08\/Copia-de-EFICIENCIA-20-780x79.png 780w, https:\/\/portal.pi.gov.br\/cge\/wp-content\/uploads\/sites\/12\/2022\/08\/Copia-de-EFICIENCIA-20-947x96.png 947w, https:\/\/portal.pi.gov.br\/cge\/wp-content\/uploads\/sites\/12\/2022\/08\/Copia-de-EFICIENCIA-20-624x63.png 624w\" sizes=\"(max-width: 988px) 100vw, 988px\" \/><\/figure><\/div>\n\n\n\n<div class=\"wp-block-stackable-column stk-block-column stk-column stk-block stk-0e92dbe\" data-block-id=\"0e92dbe\"><style>.stk-0e92dbe{display:flex !important}.stk-0e92dbe{align-items:center !important}<\/style><div class=\"stk-column-wrapper stk-block-column__content stk-container stk-0e92dbe-container stk--no-background stk--no-padding\"><div class=\"stk-block-content stk-inner-blocks\"><\/div><\/div><\/div>\n<\/div><\/div>\n<\/div>\n<\/div>\n\n\n\n<div class=\"wp-block-group is-vertical is-layout-flex wp-container-3\">\n<div class=\"wp-block-stackable-heading stk-block-heading stk-block stk-a60d9ba\" id=\"nota-tecnica-n-4-2021-cge-pi\" data-block-id=\"a60d9ba\"><style>.stk-a60d9ba{margin-bottom:0px !important}.stk-a60d9ba .stk-block-heading__text{color:#000000 !important}.stk-a60d9ba .stk-block-heading__top-line{height:4px !important;width:450px !important;background-color:#1071a1 !important;margin-bottom:0px !important}.stk-a60d9ba .stk-block-heading__bottom-line{height:4px !important;width:0px !important;background-color:#1071a1 !important;margin-top:7px !important}<\/style><div class=\"stk-block-heading__top-line\"><\/div><h2 class=\"stk-block-heading__text has-text-color has-black-color\">Nota t\u00e9cnica N\u00ba 4\/2021 &#8211; CGE\/PI<\/h2><\/div>\n\n\n\n<p>Orienta quanto aos procedimentos a serem adotados na an\u00e1lise t\u00e9cnica de reajuste de contratos administrativos no \u00e2mbito das atividades de controle interno.<\/p>\n\n\n\n<p><em><a href=\"https:\/\/portal.pi.gov.br\/cge\/download\/185\/2021\/1968\/nota-tecnica-cge-no-4-2021.pdf\">Acesse o documento<\/a><\/em><\/p>\n<\/div>\n\n\n\n<div class=\"wp-block-group is-vertical is-layout-flex wp-container-4\">\n<div class=\"wp-block-stackable-heading stk-block-heading stk-block stk-fdc9622\" id=\"reajuste-de-contratos-administrativos\" data-block-id=\"fdc9622\"><style>.stk-fdc9622{margin-bottom:0px !important}.stk-fdc9622 .stk-block-heading__text{color:#000000 !important}.stk-fdc9622 .stk-block-heading__top-line{height:4px !important;width:450px !important;background-color:#1071a1 !important;margin-bottom:0px !important}.stk-fdc9622 .stk-block-heading__bottom-line{height:4px !important;width:0px !important;background-color:#1071a1 !important;margin-top:7px !important}<\/style><div class=\"stk-block-heading__top-line\"><\/div><h2 class=\"stk-block-heading__text has-text-color has-black-color\">Reajuste de Contratos Administrativos<\/h2><\/div>\n<\/div>\n\n\n\n<figure class=\"wp-block-embed is-type-video is-provider-youtube wp-block-embed-youtube wp-embed-aspect-16-9 wp-has-aspect-ratio\"><div class=\"wp-block-embed__wrapper\">\n<iframe loading=\"lazy\" title=\"Reajuste de Contratos Administrativos (Nota T\u00e9cnica N.\u00ba 04\/2021)\" width=\"887\" height=\"499\" src=\"https:\/\/www.youtube.com\/embed\/daDWrN2aRNI?feature=oembed\" frameborder=\"0\" allow=\"accelerometer; autoplay; clipboard-write; encrypted-media; gyroscope; picture-in-picture\" allowfullscreen><\/iframe>\n<\/div><\/figure>\n\n\n\n<div class=\"wp-block-group is-vertical is-layout-flex wp-container-5\">\n<div class=\"wp-block-stackable-heading stk-block-heading stk-block stk-b58e836\" id=\"reajuste-de-contratos-de-natureza-continuada\" data-block-id=\"b58e836\"><style>.stk-b58e836{margin-bottom:0px !important}.stk-b58e836 .stk-block-heading__text{color:#000000 !important}.stk-b58e836 .stk-block-heading__top-line{height:4px !important;width:450px !important;background-color:#1071a1 !important;margin-bottom:0px !important}.stk-b58e836 .stk-block-heading__bottom-line{height:4px !important;width:0px !important;background-color:#1071a1 !important;margin-top:7px !important}<\/style><div class=\"stk-block-heading__top-line\"><\/div><h2 class=\"stk-block-heading__text has-text-color has-black-color\">Reajuste de Contratos de natureza continuada<\/h2><\/div>\n<\/div>\n\n\n\n<figure class=\"wp-block-embed is-type-video is-provider-youtube wp-block-embed-youtube wp-embed-aspect-16-9 wp-has-aspect-ratio\"><div class=\"wp-block-embed__wrapper\">\n<iframe loading=\"lazy\" title=\"Reajuste de contratos de natureza continuada (Nota t\u00e9cnica n\u00ba 04\/2021 CGE-PI)\" width=\"887\" height=\"499\" src=\"https:\/\/www.youtube.com\/embed\/gOMqcU0LJdU?start=28&#038;feature=oembed\" frameborder=\"0\" allow=\"accelerometer; autoplay; clipboard-write; encrypted-media; gyroscope; picture-in-picture\" allowfullscreen><\/iframe>\n<\/div><\/figure>\n\n\n\n<h3 class=\"wp-block-heading\"><\/h3>\n","protected":false},"excerpt":{"rendered":"<p>Nota t\u00e9cnica N\u00ba 4\/2021 &#8211; CGE\/PI Orienta quanto aos procedimentos a serem adotados na an\u00e1lise t\u00e9cnica de reajuste de contratos administrativos no \u00e2mbito das atividades de controle interno. Acesse o [&hellip;]<\/p>\n","protected":false},"author":15,"featured_media":0,"parent":0,"menu_order":0,"comment_status":"closed","ping_status":"closed","template":"","meta":[],"featured_image_urls":{"full":"","thumbnail":"","medium":"","medium_large":"","large":"","sgg-420":"","sgg-540":"","sgg-780":"","1536x1536":"","2048x2048":"","homepage-slider":"","homepage-slider-small":"","page-top":"","page-small":"","loop-main":"","thumb-gallery-widget":""},"post_excerpt_stackable":"<p>Nota t\u00e9cnica N\u00ba 4\/2021 &#8211; CGE\/PI Orienta quanto aos procedimentos a serem adotados na an\u00e1lise t\u00e9cnica de reajuste de contratos administrativos no \u00e2mbito das atividades de controle interno. Acesse o documento Reajuste de Contratos Administrativos Reajuste de Contratos de natureza continuada<\/p>\n","category_list":"","author_info":{"name":"alansv","url":"https:\/\/portal.pi.gov.br\/cge\/author\/alansv\/"},"comments_num":"0 coment\u00e1rio","featured_image_urls_v2":{"full":"","thumbnail":"","medium":"","medium_large":"","large":"","sgg-420":"","sgg-540":"","sgg-780":"","1536x1536":"","2048x2048":"","homepage-slider":"","homepage-slider-small":"","page-top":"","page-small":"","loop-main":"","thumb-gallery-widget":""},"post_excerpt_stackable_v2":"<p>Nota t\u00e9cnica N\u00ba 4\/2021 &#8211; CGE\/PI Orienta quanto aos procedimentos a serem adotados na an\u00e1lise t\u00e9cnica de reajuste de contratos administrativos no \u00e2mbito das atividades de controle interno. Acesse o documento Reajuste de Contratos Administrativos Reajuste de Contratos de natureza continuada<\/p>\n","category_list_v2":"","author_info_v2":{"name":"alansv","url":"https:\/\/portal.pi.gov.br\/cge\/author\/alansv\/"},"comments_num_v2":"0 coment\u00e1rio","jetpack_sharing_enabled":true,"_links":{"self":[{"href":"https:\/\/portal.pi.gov.br\/cge\/wp-json\/wp\/v2\/pages\/816"}],"collection":[{"href":"https:\/\/portal.pi.gov.br\/cge\/wp-json\/wp\/v2\/pages"}],"about":[{"href":"https:\/\/portal.pi.gov.br\/cge\/wp-json\/wp\/v2\/types\/page"}],"author":[{"embeddable":true,"href":"https:\/\/portal.pi.gov.br\/cge\/wp-json\/wp\/v2\/users\/15"}],"replies":[{"embeddable":true,"href":"https:\/\/portal.pi.gov.br\/cge\/wp-json\/wp\/v2\/comments?post=816"}],"version-history":[{"count":6,"href":"https:\/\/portal.pi.gov.br\/cge\/wp-json\/wp\/v2\/pages\/816\/revisions"}],"predecessor-version":[{"id":4611,"href":"https:\/\/portal.pi.gov.br\/cge\/wp-json\/wp\/v2\/pages\/816\/revisions\/4611"}],"wp:attachment":[{"href":"https:\/\/portal.pi.gov.br\/cge\/wp-json\/wp\/v2\/media?parent=816"}],"curies":[{"name":"wp","href":"https:\/\/api.w.org\/{rel}","templated":true}]}}