{"id":817,"date":"2021-09-12T09:23:56","date_gmt":"2021-09-12T12:23:56","guid":{"rendered":"http:\/\/portal.pi.gov.br\/cge\/?page_id=817"},"modified":"2022-08-18T10:14:25","modified_gmt":"2022-08-18T13:14:25","slug":"pesquisa-de-preco","status":"publish","type":"page","link":"https:\/\/portal.pi.gov.br\/cge\/pesquisa-de-preco\/","title":{"rendered":"Pesquisa de pre\u00e7os"},"content":{"rendered":"\n<div class=\"wp-block-columns is-layout-flex wp-container-2\">\n<div class=\"wp-block-column is-layout-flow\">\n<div class=\"wp-block-stackable-image-box is-style-default stk-block-image-box stk-hover-parent stk-block stk-c61b376\" data-block-id=\"c61b376\"><div class=\"stk-block-content stk-inner-blocks has-text-align-center stk-row stk-block-image-box__content\">\n<div class=\"wp-block-stackable-image stk-block-image stk-block stk-db39fee\" data-block-id=\"db39fee\"><style>.stk-db39fee .stk-img-wrapper{height:100px !important}:where(.stk-hover-parent:hover,.stk-hover-parent.stk--is-hovered) .stk-db39fee .stk-img-wrapper{--stk-gradient-overlay:0.7 !important}:where(.stk-hover-parent:hover,.stk-hover-parent.stk--is-hovered) .stk-db39fee .stk-img-wrapper::after{background-color:#000000 !important}<\/style><figure class=\"stk-img-wrapper stk-image--shape-stretch\"><img decoding=\"async\" loading=\"lazy\" class=\"stk-img wp-image-4608\" src=\"https:\/\/portal.pi.gov.br\/cge\/wp-content\/uploads\/sites\/12\/2022\/08\/Copia-de-EFICIENCIA-19.png\" width=\"988\" height=\"100\" srcset=\"https:\/\/portal.pi.gov.br\/cge\/wp-content\/uploads\/sites\/12\/2022\/08\/Copia-de-EFICIENCIA-19.png 988w, https:\/\/portal.pi.gov.br\/cge\/wp-content\/uploads\/sites\/12\/2022\/08\/Copia-de-EFICIENCIA-19-300x30.png 300w, https:\/\/portal.pi.gov.br\/cge\/wp-content\/uploads\/sites\/12\/2022\/08\/Copia-de-EFICIENCIA-19-768x78.png 768w, https:\/\/portal.pi.gov.br\/cge\/wp-content\/uploads\/sites\/12\/2022\/08\/Copia-de-EFICIENCIA-19-420x43.png 420w, https:\/\/portal.pi.gov.br\/cge\/wp-content\/uploads\/sites\/12\/2022\/08\/Copia-de-EFICIENCIA-19-540x55.png 540w, https:\/\/portal.pi.gov.br\/cge\/wp-content\/uploads\/sites\/12\/2022\/08\/Copia-de-EFICIENCIA-19-780x79.png 780w, https:\/\/portal.pi.gov.br\/cge\/wp-content\/uploads\/sites\/12\/2022\/08\/Copia-de-EFICIENCIA-19-947x96.png 947w, https:\/\/portal.pi.gov.br\/cge\/wp-content\/uploads\/sites\/12\/2022\/08\/Copia-de-EFICIENCIA-19-624x63.png 624w\" sizes=\"(max-width: 988px) 100vw, 988px\" \/><\/figure><\/div>\n\n\n\n<div class=\"wp-block-stackable-column stk-block-column stk-column stk-block stk-dd77455\" data-block-id=\"dd77455\"><style>.stk-dd77455{display:flex !important}.stk-dd77455{align-items:center !important}<\/style><div class=\"stk-column-wrapper stk-block-column__content stk-container stk-dd77455-container stk--no-background stk--no-padding\"><div class=\"stk-block-content stk-inner-blocks\"><\/div><\/div><\/div>\n<\/div><\/div>\n<\/div>\n<\/div>\n\n\n\n<div class=\"wp-block-group is-vertical is-layout-flex wp-container-4\">\n<div class=\"wp-block-stackable-heading stk-block-heading stk-block stk-5bd147b\" id=\"in-cge-n-001-2021\" data-block-id=\"5bd147b\"><style>.stk-5bd147b{margin-bottom:0px !important}.stk-5bd147b .stk-block-heading__text{color:#000000 !important}.stk-5bd147b .stk-block-heading__top-line{height:4px !important;width:450px !important;background-color:#1071a1 !important;margin-bottom:0px !important}.stk-5bd147b .stk-block-heading__bottom-line{height:4px !important;width:0px !important;background-color:#1071a1 !important;margin-top:7px !important}<\/style><div class=\"stk-block-heading__top-line\"><\/div><h2 class=\"stk-block-heading__text has-text-color has-black-color\">IN CGE N.\u00ba 001\/2021<\/h2><\/div>\n\n\n\n<p class=\"has-text-align-justify\">Disp\u00f5e sobre os procedimentos t\u00e9cnico-operacionais para a realiza\u00e7\u00e3o de pesquisa de pre\u00e7os nos processos de contrata\u00e7\u00f5es, altera\u00e7\u00f5es ou prorroga\u00e7\u00f5es contratuais para aquisi\u00e7\u00e3o de bens e presta\u00e7\u00e3o de servi\u00e7os comuns, no \u00e2mbito do Poder Executivo estadual.<\/p>\n\n\n\n<p><em><a href=\"https:\/\/portal.pi.gov.br\/cge\/download\/122\/instrucoes-normativas\/1837\/in-cge-n-o-001-2021.pdf\" data-type=\"URL\" data-id=\"https:\/\/portal.pi.gov.br\/cge\/download\/122\/instrucoes-normativas\/1837\/in-cge-n-o-001-2021.pdf\">Acesse o documento<\/a><\/em><\/p>\n\n\n\n<div class=\"wp-block-group is-vertical is-layout-flex wp-container-3\">\n<div class=\"wp-block-stackable-heading stk-block-heading stk-block stk-94a255d\" id=\"guia-pratico-no-painel-de-precos\" data-block-id=\"94a255d\"><style>.stk-94a255d{margin-bottom:0px !important}.stk-94a255d .stk-block-heading__text{color:#000000 !important}.stk-94a255d .stk-block-heading__top-line{height:4px !important;width:450px !important;background-color:#1071a1 !important;margin-bottom:0px !important}.stk-94a255d .stk-block-heading__bottom-line{height:4px !important;width:0px !important;background-color:#1071a1 !important;margin-top:7px !important}<\/style><div class=\"stk-block-heading__top-line\"><\/div><h2 class=\"stk-block-heading__text has-text-color has-black-color\">Guia Pr\u00e1tico no Painel de Pre\u00e7os<\/h2><\/div>\n<\/div>\n<\/div>\n\n\n\n<figure class=\"wp-block-embed is-type-video is-provider-youtube wp-block-embed-youtube wp-embed-aspect-16-9 wp-has-aspect-ratio\"><div class=\"wp-block-embed__wrapper\">\n<iframe loading=\"lazy\" title=\"Guia Pr\u00e1tico para Pesquisa no Painel de Pre\u00e7os\" width=\"887\" height=\"499\" src=\"https:\/\/www.youtube.com\/embed\/KDrdq0VerPw?start=24&#038;feature=oembed\" frameborder=\"0\" allow=\"accelerometer; autoplay; clipboard-write; encrypted-media; gyroscope; picture-in-picture\" allowfullscreen><\/iframe>\n<\/div><\/figure>\n","protected":false},"excerpt":{"rendered":"<p>IN CGE N.\u00ba 001\/2021 Disp\u00f5e sobre os procedimentos t\u00e9cnico-operacionais para a realiza\u00e7\u00e3o de pesquisa de pre\u00e7os nos processos de contrata\u00e7\u00f5es, altera\u00e7\u00f5es ou prorroga\u00e7\u00f5es contratuais para aquisi\u00e7\u00e3o de bens e presta\u00e7\u00e3o [&hellip;]<\/p>\n","protected":false},"author":15,"featured_media":0,"parent":0,"menu_order":0,"comment_status":"closed","ping_status":"closed","template":"","meta":[],"featured_image_urls":{"full":"","thumbnail":"","medium":"","medium_large":"","large":"","sgg-420":"","sgg-540":"","sgg-780":"","1536x1536":"","2048x2048":"","homepage-slider":"","homepage-slider-small":"","page-top":"","page-small":"","loop-main":"","thumb-gallery-widget":""},"post_excerpt_stackable":"<p>IN CGE N.\u00ba 001\/2021 Disp\u00f5e sobre os procedimentos t\u00e9cnico-operacionais para a realiza\u00e7\u00e3o de pesquisa de pre\u00e7os nos processos de contrata\u00e7\u00f5es, altera\u00e7\u00f5es ou prorroga\u00e7\u00f5es contratuais para aquisi\u00e7\u00e3o de bens e presta\u00e7\u00e3o de servi\u00e7os comuns, no \u00e2mbito do Poder Executivo estadual. Acesse o documento Guia Pr\u00e1tico no Painel de Pre\u00e7os<\/p>\n","category_list":"","author_info":{"name":"alansv","url":"https:\/\/portal.pi.gov.br\/cge\/author\/alansv\/"},"comments_num":"0 coment\u00e1rio","featured_image_urls_v2":{"full":"","thumbnail":"","medium":"","medium_large":"","large":"","sgg-420":"","sgg-540":"","sgg-780":"","1536x1536":"","2048x2048":"","homepage-slider":"","homepage-slider-small":"","page-top":"","page-small":"","loop-main":"","thumb-gallery-widget":""},"post_excerpt_stackable_v2":"<p>IN CGE N.\u00ba 001\/2021 Disp\u00f5e sobre os procedimentos t\u00e9cnico-operacionais para a realiza\u00e7\u00e3o de pesquisa de pre\u00e7os nos processos de contrata\u00e7\u00f5es, altera\u00e7\u00f5es ou prorroga\u00e7\u00f5es contratuais para aquisi\u00e7\u00e3o de bens e presta\u00e7\u00e3o de servi\u00e7os comuns, no \u00e2mbito do Poder Executivo estadual. Acesse o documento Guia Pr\u00e1tico no Painel de Pre\u00e7os<\/p>\n","category_list_v2":"","author_info_v2":{"name":"alansv","url":"https:\/\/portal.pi.gov.br\/cge\/author\/alansv\/"},"comments_num_v2":"0 coment\u00e1rio","jetpack_sharing_enabled":true,"_links":{"self":[{"href":"https:\/\/portal.pi.gov.br\/cge\/wp-json\/wp\/v2\/pages\/817"}],"collection":[{"href":"https:\/\/portal.pi.gov.br\/cge\/wp-json\/wp\/v2\/pages"}],"about":[{"href":"https:\/\/portal.pi.gov.br\/cge\/wp-json\/wp\/v2\/types\/page"}],"author":[{"embeddable":true,"href":"https:\/\/portal.pi.gov.br\/cge\/wp-json\/wp\/v2\/users\/15"}],"replies":[{"embeddable":true,"href":"https:\/\/portal.pi.gov.br\/cge\/wp-json\/wp\/v2\/comments?post=817"}],"version-history":[{"count":6,"href":"https:\/\/portal.pi.gov.br\/cge\/wp-json\/wp\/v2\/pages\/817\/revisions"}],"predecessor-version":[{"id":4609,"href":"https:\/\/portal.pi.gov.br\/cge\/wp-json\/wp\/v2\/pages\/817\/revisions\/4609"}],"wp:attachment":[{"href":"https:\/\/portal.pi.gov.br\/cge\/wp-json\/wp\/v2\/media?parent=817"}],"curies":[{"name":"wp","href":"https:\/\/api.w.org\/{rel}","templated":true}]}}