{"id":8304,"date":"2024-05-02T10:55:29","date_gmt":"2024-05-02T13:55:29","guid":{"rendered":"https:\/\/portal.pi.gov.br\/cge\/?page_id=8304"},"modified":"2025-02-24T12:09:11","modified_gmt":"2025-02-24T15:09:11","slug":"corregedoria-externo-sei","status":"publish","type":"page","link":"https:\/\/portal.pi.gov.br\/cge\/corregedoria-externo-sei\/","title":{"rendered":"Acesso Externo SEI"},"content":{"rendered":"\n<div class=\"wp-block-stackable-image stk-block-image stk-block stk-aac188f\" data-block-id=\"aac188f\"><figure class=\"stk-img-wrapper stk-image--shape-stretch\"><img decoding=\"async\" loading=\"lazy\" class=\"stk-img wp-image-8328\" src=\"https:\/\/portal.pi.gov.br\/cge\/wp-content\/uploads\/sites\/12\/2024\/05\/banner-site-copia-.png\" width=\"988\" height=\"100\" srcset=\"https:\/\/portal.pi.gov.br\/cge\/wp-content\/uploads\/sites\/12\/2024\/05\/banner-site-copia-.png 988w, https:\/\/portal.pi.gov.br\/cge\/wp-content\/uploads\/sites\/12\/2024\/05\/banner-site-copia--300x30.png 300w, https:\/\/portal.pi.gov.br\/cge\/wp-content\/uploads\/sites\/12\/2024\/05\/banner-site-copia--768x78.png 768w, https:\/\/portal.pi.gov.br\/cge\/wp-content\/uploads\/sites\/12\/2024\/05\/banner-site-copia--420x43.png 420w, https:\/\/portal.pi.gov.br\/cge\/wp-content\/uploads\/sites\/12\/2024\/05\/banner-site-copia--540x55.png 540w, https:\/\/portal.pi.gov.br\/cge\/wp-content\/uploads\/sites\/12\/2024\/05\/banner-site-copia--780x79.png 780w, https:\/\/portal.pi.gov.br\/cge\/wp-content\/uploads\/sites\/12\/2024\/05\/banner-site-copia--947x96.png 947w, https:\/\/portal.pi.gov.br\/cge\/wp-content\/uploads\/sites\/12\/2024\/05\/banner-site-copia--624x63.png 624w\" sizes=\"(max-width: 988px) 100vw, 988px\" \/><\/figure><\/div>\n\n\n\n<p>Para facilitar a busca utilize o atalho Ctrl + F e digite a palavra<\/p>\n\n\n\n<div class=\"wp-block-group is-vertical is-layout-flex wp-container-1\">\n<div class=\"wp-block-stackable-heading stk-block-heading stk-block-heading--v2 stk-block stk-e54ace8\" id=\"portaria-cge-pi-4-2024\" data-block-id=\"e54ace8\"><style>.stk-e54ace8{margin-bottom:0px !important}.stk-e54ace8 .stk-block-heading__text{color:#000000 !important}.stk-e54ace8 .stk-block-heading__top-line{height:4px !important;width:450px !important;background-color:#1071a1 !important;margin-bottom:0px !important}.stk-e54ace8 .stk-block-heading__bottom-line{height:4px !important;width:0px !important;background-color:#1071a1 !important;margin-top:7px !important}<\/style><div class=\"stk-block-heading__top-line\"><\/div><h2 class=\"stk-block-heading__text has-text-color has-black-color stk-block-heading--use-theme-margins\">Portaria CGE\/PI 4\/2024<\/h2><\/div>\n\n\n\n<p>Disp\u00f5e sobre o envio de peti\u00e7\u00f5es e a pr\u00e1tica de atos processuais no \u00e2mbito dos procedimentos correcionais em tr\u00e2mite na Corregedoria da CGE\/SEFAZ-PI.<\/p>\n\n\n\n<p><em><a href=\"https:\/\/portal.pi.gov.br\/cge\/download\/451\/externo-sei\/8296\/portaria_04_2024_cge.pdf\">Acesse o documento<\/a><\/em><\/p>\n<\/div>\n\n\n\n<div class=\"wp-block-group is-vertical is-layout-flex wp-container-2\">\n<div class=\"wp-block-stackable-heading stk-block-heading stk-block-heading--v2 stk-block stk-7f1a585\" id=\"manual-modulo-externo-sei-cadastro-habilitacao-peticionamento-e-intimacoes-v-2\" data-block-id=\"7f1a585\"><style>.stk-7f1a585{margin-bottom:0px !important}.stk-7f1a585 .stk-block-heading__text{color:#000000 !important}.stk-7f1a585 .stk-block-heading__top-line{height:4px !important;width:450px !important;background-color:#1071a1 !important;margin-bottom:0px !important}.stk-7f1a585 .stk-block-heading__bottom-line{height:4px !important;width:0px !important;background-color:#1071a1 !important;margin-top:7px !important}<\/style><div class=\"stk-block-heading__top-line\"><\/div><h2 class=\"stk-block-heading__text has-text-color has-black-color stk-block-heading--use-theme-margins\">Manual &#8211; M\u00f3dulo Externo SEI &#8211; Cadastro, Habilita\u00e7\u00e3o, Peticionamento e Intima\u00e7\u00f5es v.2<\/h2><\/div>\n\n\n\n<p>Procedimentos na Corregedoria da CGE\/SEFAZ-PI \u2013 M\u00f3dulo Externo SEI (Acesso para usu\u00e1rios externos)<\/p>\n\n\n\n<p><em><a href=\"https:\/\/portal.pi.gov.br\/cge\/download\/451\/externo-sei\/9723\/manual-modulo-externo-sei-cadastro-habilitacao-peticionamento-e-intimacoes-v-2.pdf\">Acesse o documento<\/a><\/em><\/p>\n<\/div>\n\n\n\n<div class=\"wp-block-group is-vertical is-layout-flex wp-container-3\"><\/div>\n","protected":false},"excerpt":{"rendered":"<p>Para facilitar a busca utilize o atalho Ctrl + F e digite a palavra Portaria CGE\/PI 4\/2024 Disp\u00f5e sobre o envio de peti\u00e7\u00f5es e a pr\u00e1tica de atos processuais no [&hellip;]<\/p>\n","protected":false},"author":41,"featured_media":0,"parent":0,"menu_order":0,"comment_status":"closed","ping_status":"closed","template":"","meta":[],"featured_image_urls":{"full":"","thumbnail":"","medium":"","medium_large":"","large":"","sgg-420":"","sgg-540":"","sgg-780":"","1536x1536":"","2048x2048":"","homepage-slider":"","homepage-slider-small":"","page-top":"","page-small":"","loop-main":"","thumb-gallery-widget":""},"post_excerpt_stackable":"<p>Para facilitar a busca utilize o atalho Ctrl + F e digite a palavra Portaria CGE\/PI 4\/2024 Disp\u00f5e sobre o envio de peti\u00e7\u00f5es e a pr\u00e1tica de atos processuais no \u00e2mbito dos procedimentos correcionais em tr\u00e2mite na Corregedoria da CGE\/SEFAZ-PI. Acesse o documento Manual &#8211; M\u00f3dulo Externo SEI &#8211; Cadastro, Habilita\u00e7\u00e3o, Peticionamento e Intima\u00e7\u00f5es v.2 Procedimentos na Corregedoria da CGE\/SEFAZ-PI \u2013 M\u00f3dulo Externo SEI (Acesso para usu\u00e1rios externos) Acesse o documento<\/p>\n","category_list":"","author_info":{"name":"anavirginia","url":"https:\/\/portal.pi.gov.br\/cge\/author\/anavirginia\/"},"comments_num":"0 coment\u00e1rio","featured_image_urls_v2":{"full":"","thumbnail":"","medium":"","medium_large":"","large":"","sgg-420":"","sgg-540":"","sgg-780":"","1536x1536":"","2048x2048":"","homepage-slider":"","homepage-slider-small":"","page-top":"","page-small":"","loop-main":"","thumb-gallery-widget":""},"post_excerpt_stackable_v2":"<p>Para facilitar a busca utilize o atalho Ctrl + F e digite a palavra Portaria CGE\/PI 4\/2024 Disp\u00f5e sobre o envio de peti\u00e7\u00f5es e a pr\u00e1tica de atos processuais no \u00e2mbito dos procedimentos correcionais em tr\u00e2mite na Corregedoria da CGE\/SEFAZ-PI. Acesse o documento Manual &#8211; M\u00f3dulo Externo SEI &#8211; Cadastro, Habilita\u00e7\u00e3o, Peticionamento e Intima\u00e7\u00f5es v.2 Procedimentos na Corregedoria da CGE\/SEFAZ-PI \u2013 M\u00f3dulo Externo SEI (Acesso para usu\u00e1rios externos) Acesse o documento<\/p>\n","category_list_v2":"","author_info_v2":{"name":"anavirginia","url":"https:\/\/portal.pi.gov.br\/cge\/author\/anavirginia\/"},"comments_num_v2":"0 coment\u00e1rio","jetpack_sharing_enabled":true,"_links":{"self":[{"href":"https:\/\/portal.pi.gov.br\/cge\/wp-json\/wp\/v2\/pages\/8304"}],"collection":[{"href":"https:\/\/portal.pi.gov.br\/cge\/wp-json\/wp\/v2\/pages"}],"about":[{"href":"https:\/\/portal.pi.gov.br\/cge\/wp-json\/wp\/v2\/types\/page"}],"author":[{"embeddable":true,"href":"https:\/\/portal.pi.gov.br\/cge\/wp-json\/wp\/v2\/users\/41"}],"replies":[{"embeddable":true,"href":"https:\/\/portal.pi.gov.br\/cge\/wp-json\/wp\/v2\/comments?post=8304"}],"version-history":[{"count":5,"href":"https:\/\/portal.pi.gov.br\/cge\/wp-json\/wp\/v2\/pages\/8304\/revisions"}],"predecessor-version":[{"id":9725,"href":"https:\/\/portal.pi.gov.br\/cge\/wp-json\/wp\/v2\/pages\/8304\/revisions\/9725"}],"wp:attachment":[{"href":"https:\/\/portal.pi.gov.br\/cge\/wp-json\/wp\/v2\/media?parent=8304"}],"curies":[{"name":"wp","href":"https:\/\/api.w.org\/{rel}","templated":true}]}}