{"id":9010,"date":"2024-08-22T12:02:27","date_gmt":"2024-08-22T15:02:27","guid":{"rendered":"https:\/\/portal.pi.gov.br\/cge\/?page_id=9010"},"modified":"2024-08-23T08:20:23","modified_gmt":"2024-08-23T11:20:23","slug":"gestao-de-projetos","status":"publish","type":"page","link":"https:\/\/portal.pi.gov.br\/cge\/gestao-de-projetos\/","title":{"rendered":"Gest\u00e3o de Projetos"},"content":{"rendered":"\n<p class=\"has-text-align-justify\">O Manual de Gest\u00e3o de Projetos da Controladoria-Geral do Estado do Piau\u00ed tem o objetivo de apresentar e instruir acerca dos processos e defini\u00e7\u00f5es para as rotinas de gest\u00e3o de projetos.<\/p>\n\n\n\n<p class=\"has-text-align-justify\">O documento est\u00e1 divido em duas partes. Na primeira, voc\u00ea ir\u00e1 encontrar as principais defini\u00e7\u00f5es te\u00f3ricas acerca da gest\u00e3o de projetos \u201ctradicional\u201d (regida pelo PMBOCK) e gest\u00e3o de projetos \u00e1geis (nosso caso, o SCRUM). Na segunda parte voc\u00ea conhecer\u00e1 a abordagem escolhida para gest\u00e3o de projetos da CGE-PI e os protocolos definidos para classifica\u00e7\u00e3o e os procedimentos acerca da gest\u00e3o de projetos no \u00f3rg\u00e3o.<\/p>\n\n\n\n<p class=\"has-text-align-justify\">Mais do que uma implanta\u00e7\u00e3o de ferramenta, m\u00e9todos de trabalho e f\u00f3runs de discuss\u00e3o, a gest\u00e3o de projetos da CGE se prop\u00f5e a ser um elemento de mudan\u00e7a cultural no que tange uma gest\u00e3o mais profissionalizada voltada a processos consistentes com resultados mensur\u00e1veis.<\/p>\n\n\n\n<div class=\"wp-block-stackable-columns stk-block-columns stk-block stk-4233d04\" data-block-id=\"4233d04\"><div class=\"stk-row stk-inner-blocks stk-block-content stk-content-align stk-4233d04-column\">\n<div class=\"wp-block-stackable-column stk-block-column stk-column stk-block stk-87f5d6f\" data-v=\"4\" data-block-id=\"87f5d6f\"><div class=\"stk-column-wrapper stk-block-column__content stk-container stk-87f5d6f-container stk--no-background stk--no-padding\"><div class=\"stk-block-content stk-inner-blocks stk-87f5d6f-inner-blocks\">\n<figure class=\"wp-block-image size-full\"><img decoding=\"async\" loading=\"lazy\" width=\"1000\" height=\"1000\" src=\"https:\/\/portal.pi.gov.br\/cge\/wp-content\/uploads\/sites\/12\/2024\/08\/SITE-cge-templates-1000-x-1000-px.png\" alt=\"\" class=\"wp-image-9011\" srcset=\"https:\/\/portal.pi.gov.br\/cge\/wp-content\/uploads\/sites\/12\/2024\/08\/SITE-cge-templates-1000-x-1000-px.png 1000w, https:\/\/portal.pi.gov.br\/cge\/wp-content\/uploads\/sites\/12\/2024\/08\/SITE-cge-templates-1000-x-1000-px-300x300.png 300w, https:\/\/portal.pi.gov.br\/cge\/wp-content\/uploads\/sites\/12\/2024\/08\/SITE-cge-templates-1000-x-1000-px-150x150.png 150w, https:\/\/portal.pi.gov.br\/cge\/wp-content\/uploads\/sites\/12\/2024\/08\/SITE-cge-templates-1000-x-1000-px-768x768.png 768w, https:\/\/portal.pi.gov.br\/cge\/wp-content\/uploads\/sites\/12\/2024\/08\/SITE-cge-templates-1000-x-1000-px-420x420.png 420w, https:\/\/portal.pi.gov.br\/cge\/wp-content\/uploads\/sites\/12\/2024\/08\/SITE-cge-templates-1000-x-1000-px-540x540.png 540w, https:\/\/portal.pi.gov.br\/cge\/wp-content\/uploads\/sites\/12\/2024\/08\/SITE-cge-templates-1000-x-1000-px-780x780.png 780w, https:\/\/portal.pi.gov.br\/cge\/wp-content\/uploads\/sites\/12\/2024\/08\/SITE-cge-templates-1000-x-1000-px-947x947.png 947w, https:\/\/portal.pi.gov.br\/cge\/wp-content\/uploads\/sites\/12\/2024\/08\/SITE-cge-templates-1000-x-1000-px-624x624.png 624w\" sizes=\"(max-width: 1000px) 100vw, 1000px\" \/><\/figure>\n<\/div><\/div><\/div>\n\n\n\n<div class=\"wp-block-stackable-column stk-block-column stk-column stk-block stk-17b7904\" data-v=\"4\" data-block-id=\"17b7904\"><div class=\"stk-column-wrapper stk-block-column__content stk-container stk-17b7904-container stk--no-background stk--no-padding\"><div class=\"stk-block-content stk-inner-blocks stk-17b7904-inner-blocks\">\n<figure class=\"wp-block-image size-full\"><a href=\"https:\/\/drive.google.com\/drive\/folders\/1gkgb18PGMKOMuv9K961uxdK_vsfNEVcs?usp=drive_link\"><img decoding=\"async\" loading=\"lazy\" width=\"1000\" height=\"1000\" src=\"https:\/\/portal.pi.gov.br\/cge\/wp-content\/uploads\/sites\/12\/2024\/08\/SITE-cge-templates-1000-x-1000-px-1.png\" alt=\"\" class=\"wp-image-9012\" srcset=\"https:\/\/portal.pi.gov.br\/cge\/wp-content\/uploads\/sites\/12\/2024\/08\/SITE-cge-templates-1000-x-1000-px-1.png 1000w, https:\/\/portal.pi.gov.br\/cge\/wp-content\/uploads\/sites\/12\/2024\/08\/SITE-cge-templates-1000-x-1000-px-1-300x300.png 300w, https:\/\/portal.pi.gov.br\/cge\/wp-content\/uploads\/sites\/12\/2024\/08\/SITE-cge-templates-1000-x-1000-px-1-150x150.png 150w, https:\/\/portal.pi.gov.br\/cge\/wp-content\/uploads\/sites\/12\/2024\/08\/SITE-cge-templates-1000-x-1000-px-1-768x768.png 768w, https:\/\/portal.pi.gov.br\/cge\/wp-content\/uploads\/sites\/12\/2024\/08\/SITE-cge-templates-1000-x-1000-px-1-420x420.png 420w, https:\/\/portal.pi.gov.br\/cge\/wp-content\/uploads\/sites\/12\/2024\/08\/SITE-cge-templates-1000-x-1000-px-1-540x540.png 540w, https:\/\/portal.pi.gov.br\/cge\/wp-content\/uploads\/sites\/12\/2024\/08\/SITE-cge-templates-1000-x-1000-px-1-780x780.png 780w, https:\/\/portal.pi.gov.br\/cge\/wp-content\/uploads\/sites\/12\/2024\/08\/SITE-cge-templates-1000-x-1000-px-1-947x947.png 947w, https:\/\/portal.pi.gov.br\/cge\/wp-content\/uploads\/sites\/12\/2024\/08\/SITE-cge-templates-1000-x-1000-px-1-624x624.png 624w\" sizes=\"(max-width: 1000px) 100vw, 1000px\" \/><\/a><\/figure>\n<\/div><\/div><\/div>\n\n\n\n<div class=\"wp-block-stackable-column stk-block-column stk-column stk-block stk-4e2e331\" data-v=\"4\" data-block-id=\"4e2e331\"><div class=\"stk-column-wrapper stk-block-column__content stk-container stk-4e2e331-container stk--no-background stk--no-padding\"><div class=\"stk-block-content stk-inner-blocks stk-4e2e331-inner-blocks\">\n<figure class=\"wp-block-image size-full\"><a href=\"https:\/\/www.youtube.com\/playlist?list=PLBAsYCM3i2pP9PkT7SneBhtSWN6X8xMSO\"><img decoding=\"async\" loading=\"lazy\" width=\"1000\" height=\"1000\" src=\"https:\/\/portal.pi.gov.br\/cge\/wp-content\/uploads\/sites\/12\/2024\/08\/SITE-cge-templates-1000-x-1000-px-2.png\" alt=\"\" class=\"wp-image-9013\" srcset=\"https:\/\/portal.pi.gov.br\/cge\/wp-content\/uploads\/sites\/12\/2024\/08\/SITE-cge-templates-1000-x-1000-px-2.png 1000w, https:\/\/portal.pi.gov.br\/cge\/wp-content\/uploads\/sites\/12\/2024\/08\/SITE-cge-templates-1000-x-1000-px-2-300x300.png 300w, https:\/\/portal.pi.gov.br\/cge\/wp-content\/uploads\/sites\/12\/2024\/08\/SITE-cge-templates-1000-x-1000-px-2-150x150.png 150w, https:\/\/portal.pi.gov.br\/cge\/wp-content\/uploads\/sites\/12\/2024\/08\/SITE-cge-templates-1000-x-1000-px-2-768x768.png 768w, https:\/\/portal.pi.gov.br\/cge\/wp-content\/uploads\/sites\/12\/2024\/08\/SITE-cge-templates-1000-x-1000-px-2-420x420.png 420w, https:\/\/portal.pi.gov.br\/cge\/wp-content\/uploads\/sites\/12\/2024\/08\/SITE-cge-templates-1000-x-1000-px-2-540x540.png 540w, https:\/\/portal.pi.gov.br\/cge\/wp-content\/uploads\/sites\/12\/2024\/08\/SITE-cge-templates-1000-x-1000-px-2-780x780.png 780w, https:\/\/portal.pi.gov.br\/cge\/wp-content\/uploads\/sites\/12\/2024\/08\/SITE-cge-templates-1000-x-1000-px-2-947x947.png 947w, https:\/\/portal.pi.gov.br\/cge\/wp-content\/uploads\/sites\/12\/2024\/08\/SITE-cge-templates-1000-x-1000-px-2-624x624.png 624w\" sizes=\"(max-width: 1000px) 100vw, 1000px\" \/><\/a><\/figure>\n<\/div><\/div><\/div>\n<\/div><\/div>\n","protected":false},"excerpt":{"rendered":"<p>O Manual de Gest\u00e3o de Projetos da Controladoria-Geral do Estado do Piau\u00ed tem o objetivo de apresentar e instruir acerca dos processos e defini\u00e7\u00f5es para as rotinas de gest\u00e3o de [&hellip;]<\/p>\n","protected":false},"author":44,"featured_media":0,"parent":0,"menu_order":0,"comment_status":"closed","ping_status":"closed","template":"","meta":[],"featured_image_urls":{"full":"","thumbnail":"","medium":"","medium_large":"","large":"","sgg-420":"","sgg-540":"","sgg-780":"","1536x1536":"","2048x2048":"","homepage-slider":"","homepage-slider-small":"","page-top":"","page-small":"","loop-main":"","thumb-gallery-widget":""},"post_excerpt_stackable":"<p>O Manual de Gest\u00e3o de Projetos da Controladoria-Geral do Estado do Piau\u00ed tem o objetivo de apresentar e instruir acerca dos processos e defini\u00e7\u00f5es para as rotinas de gest\u00e3o de projetos. O documento est\u00e1 divido em duas partes. Na primeira, voc\u00ea ir\u00e1 encontrar as principais defini\u00e7\u00f5es te\u00f3ricas acerca da gest\u00e3o de projetos \u201ctradicional\u201d (regida pelo PMBOCK) e gest\u00e3o de projetos \u00e1geis (nosso caso, o SCRUM). Na segunda parte voc\u00ea conhecer\u00e1 a abordagem escolhida para gest\u00e3o de projetos da CGE-PI e os protocolos definidos para classifica\u00e7\u00e3o e os procedimentos acerca da gest\u00e3o de projetos no \u00f3rg\u00e3o. Mais do que uma implanta\u00e7\u00e3o&hellip;<\/p>\n","category_list":"","author_info":{"name":"andressa","url":"https:\/\/portal.pi.gov.br\/cge\/author\/andressa\/"},"comments_num":"0 coment\u00e1rio","featured_image_urls_v2":{"full":"","thumbnail":"","medium":"","medium_large":"","large":"","sgg-420":"","sgg-540":"","sgg-780":"","1536x1536":"","2048x2048":"","homepage-slider":"","homepage-slider-small":"","page-top":"","page-small":"","loop-main":"","thumb-gallery-widget":""},"post_excerpt_stackable_v2":"<p>O Manual de Gest\u00e3o de Projetos da Controladoria-Geral do Estado do Piau\u00ed tem o objetivo de apresentar e instruir acerca dos processos e defini\u00e7\u00f5es para as rotinas de gest\u00e3o de projetos. O documento est\u00e1 divido em duas partes. Na primeira, voc\u00ea ir\u00e1 encontrar as principais defini\u00e7\u00f5es te\u00f3ricas acerca da gest\u00e3o de projetos \u201ctradicional\u201d (regida pelo PMBOCK) e gest\u00e3o de projetos \u00e1geis (nosso caso, o SCRUM). Na segunda parte voc\u00ea conhecer\u00e1 a abordagem escolhida para gest\u00e3o de projetos da CGE-PI e os protocolos definidos para classifica\u00e7\u00e3o e os procedimentos acerca da gest\u00e3o de projetos no \u00f3rg\u00e3o. Mais do que uma implanta\u00e7\u00e3o&hellip;<\/p>\n","category_list_v2":"","author_info_v2":{"name":"andressa","url":"https:\/\/portal.pi.gov.br\/cge\/author\/andressa\/"},"comments_num_v2":"0 coment\u00e1rio","jetpack_sharing_enabled":true,"_links":{"self":[{"href":"https:\/\/portal.pi.gov.br\/cge\/wp-json\/wp\/v2\/pages\/9010"}],"collection":[{"href":"https:\/\/portal.pi.gov.br\/cge\/wp-json\/wp\/v2\/pages"}],"about":[{"href":"https:\/\/portal.pi.gov.br\/cge\/wp-json\/wp\/v2\/types\/page"}],"author":[{"embeddable":true,"href":"https:\/\/portal.pi.gov.br\/cge\/wp-json\/wp\/v2\/users\/44"}],"replies":[{"embeddable":true,"href":"https:\/\/portal.pi.gov.br\/cge\/wp-json\/wp\/v2\/comments?post=9010"}],"version-history":[{"count":2,"href":"https:\/\/portal.pi.gov.br\/cge\/wp-json\/wp\/v2\/pages\/9010\/revisions"}],"predecessor-version":[{"id":9031,"href":"https:\/\/portal.pi.gov.br\/cge\/wp-json\/wp\/v2\/pages\/9010\/revisions\/9031"}],"wp:attachment":[{"href":"https:\/\/portal.pi.gov.br\/cge\/wp-json\/wp\/v2\/media?parent=9010"}],"curies":[{"name":"wp","href":"https:\/\/api.w.org\/{rel}","templated":true}]}}