{"id":953,"date":"2025-10-31T10:53:16","date_gmt":"2025-10-31T13:53:16","guid":{"rendered":"https:\/\/portal.pi.gov.br\/citcc\/?page_id=953"},"modified":"2025-10-31T10:53:17","modified_gmt":"2025-10-31T13:53:17","slug":"chamamento-publico","status":"publish","type":"page","link":"https:\/\/portal.pi.gov.br\/citcc\/chamamento-publico\/","title":{"rendered":"Chamamento P\u00fablico"},"content":{"rendered":"\n<p class=\"has-large-font-size\"><strong>Di\u00e1rio do Munic\u00edpios &#8211; Despacho da Presid\u00eancia<\/strong><\/p>\n\n\n\n<p class=\"has-small-font-size\"><strong>Publicado neste site no dia 16 de outubro de 2025<\/strong><\/p>\n\n\n\n<div class=\"wp-block-file\"><object class=\"wp-block-file__embed\" data=\"https:\/\/portal.pi.gov.br\/citcc\/wp-content\/uploads\/sites\/105\/2025\/10\/DM_5428_001__Despacho_da_Presidencia_001-25_pag_1-1.pdf\" type=\"application\/pdf\" style=\"width:100%;height:600px\" aria-label=\"Incorporado de DM_5428_001__Despacho_da_Presidencia_001-25_pag_1-1.\"><\/object><a id=\"wp-block-file--media-55a3430e-921a-4fb4-8f3e-a5473a1fc8aa\" href=\"https:\/\/portal.pi.gov.br\/citcc\/wp-content\/uploads\/sites\/105\/2025\/10\/DM_5428_001__Despacho_da_Presidencia_001-25_pag_1-1.pdf\">DM_5428_001__Despacho_da_Presidencia_001-25_pag_1-1<\/a><\/div>\n\n\n\n<div class=\"wp-block-stackable-divider stk-block-divider stk-block stk-fb45904\" data-block-id=\"fb45904\"><style>.stk-fb45904{margin-bottom:40px !important}.stk-fb45904 hr.stk-block-divider__hr{height:8px !important}<\/style><hr class=\"stk-block-divider__hr\" \/><\/div>\n\n\n\n<p class=\"has-large-font-size\"><strong>Aviso de Manifesta\u00e7\u00e3o<\/strong><\/p>\n\n\n\n<p><strong>Publicado neste site no dia 16 de outubro de 2025<\/strong><\/p>\n\n\n\n<div class=\"wp-block-file\"><object class=\"wp-block-file__embed\" data=\"https:\/\/portal.pi.gov.br\/citcc\/wp-content\/uploads\/sites\/105\/2025\/10\/DM_5428_002__Aviso_Manifestacao_MIP_pag_1.pdf\" type=\"application\/pdf\" style=\"width:100%;height:600px\" aria-label=\"Incorporado de DM_5428_002__Aviso_Manifestacao_MIP_pag_1.\"><\/object><a id=\"wp-block-file--media-0175a40d-5108-4325-81e6-8118c4e8e4aa\" href=\"https:\/\/portal.pi.gov.br\/citcc\/wp-content\/uploads\/sites\/105\/2025\/10\/DM_5428_002__Aviso_Manifestacao_MIP_pag_1.pdf\">DM_5428_002__Aviso_Manifestacao_MIP_pag_1<\/a><\/div>\n\n\n\n<div class=\"wp-block-stackable-divider stk-block-divider stk-block stk-0e662ea is-style-bar\" data-block-id=\"0e662ea\"><style>.stk-0e662ea{margin-bottom:40px !important}.stk-0e662ea hr.stk-block-divider__hr{border-radius:calc(10px \/ 2) !important;height:10px !important}<\/style><hr class=\"stk-block-divider__hr\" \/><\/div>\n\n\n\n<p class=\"has-large-font-size\"><strong>Proposta de Manifesta\u00e7\u00e3o de Interesse<\/strong><\/p>\n\n\n\n<p><strong>Publicado neste site no dia 16 de outubro de 2025<\/strong><\/p>\n\n\n\n<div class=\"wp-block-file\"><object class=\"wp-block-file__embed\" data=\"https:\/\/portal.pi.gov.br\/citcc\/wp-content\/uploads\/sites\/105\/2025\/10\/DEF-MIP-RSU-CONSORCIO-MEIO-NORTE.pdf\" type=\"application\/pdf\" style=\"width:100%;height:600px\" aria-label=\"Incorporado de DEF-MIP-RSU-CONSORCIO-MEIO-NORTE.\"><\/object><a id=\"wp-block-file--media-11489683-b23a-4055-af28-92722913a5f9\" href=\"https:\/\/portal.pi.gov.br\/citcc\/wp-content\/uploads\/sites\/105\/2025\/10\/DEF-MIP-RSU-CONSORCIO-MEIO-NORTE.pdf\">DEF-MIP-RSU-CONSORCIO-MEIO-NORTE<\/a><\/div>\n\n\n\n<div class=\"wp-block-stackable-divider stk-block-divider stk-block stk-40a7eaf\" data-block-id=\"40a7eaf\"><style>.stk-40a7eaf{margin-bottom:40px !important}<\/style><hr class=\"stk-block-divider__hr\" \/><\/div>\n","protected":false},"excerpt":{"rendered":"<p>Di\u00e1rio do Munic\u00edpios &#8211; Despacho da Presid\u00eancia Publicado neste site no dia 16 de outubro de 2025 Aviso de Manifesta\u00e7\u00e3o Publicado neste site no dia 16 de outubro de 2025 [&hellip;]<\/p>\n","protected":false},"author":1798,"featured_media":0,"parent":0,"menu_order":0,"comment_status":"closed","ping_status":"closed","template":"template-fullwidth.php","meta":[],"featured_image_urls":{"full":"","thumbnail":"","medium":"","medium_large":"","large":"","sgg-420":"","sgg-540":"","sgg-780":"","1536x1536":"","2048x2048":"","homepage-slider":"","homepage-slider-small":"","page-top":"","page-small":"","loop-main":"","thumb-gallery-widget":""},"post_excerpt_stackable":"<p>Di\u00e1rio do Munic\u00edpios &#8211; Despacho da Presid\u00eancia Publicado neste site no dia 16 de outubro de 2025 DM_5428_001__Despacho_da_Presidencia_001-25_pag_1-1 Aviso de Manifesta\u00e7\u00e3o Publicado neste site no dia 16 de outubro de 2025 DM_5428_002__Aviso_Manifestacao_MIP_pag_1 Proposta de Manifesta\u00e7\u00e3o de Interesse Publicado neste site no dia 16 de outubro de 2025 DEF-MIP-RSU-CONSORCIO-MEIO-NORTE<\/p>\n","category_list":"","author_info":{"name":"yancarvalho","url":"https:\/\/portal.pi.gov.br\/citcc\/author\/yancarvalho\/"},"comments_num":"0 coment\u00e1rio","featured_image_urls_v2":{"full":"","thumbnail":"","medium":"","medium_large":"","large":"","sgg-420":"","sgg-540":"","sgg-780":"","1536x1536":"","2048x2048":"","homepage-slider":"","homepage-slider-small":"","page-top":"","page-small":"","loop-main":"","thumb-gallery-widget":""},"post_excerpt_stackable_v2":"<p>Di\u00e1rio do Munic\u00edpios &#8211; Despacho da Presid\u00eancia Publicado neste site no dia 16 de outubro de 2025 DM_5428_001__Despacho_da_Presidencia_001-25_pag_1-1 Aviso de Manifesta\u00e7\u00e3o Publicado neste site no dia 16 de outubro de 2025 DM_5428_002__Aviso_Manifestacao_MIP_pag_1 Proposta de Manifesta\u00e7\u00e3o de Interesse Publicado neste site no dia 16 de outubro de 2025 DEF-MIP-RSU-CONSORCIO-MEIO-NORTE<\/p>\n","category_list_v2":"","author_info_v2":{"name":"yancarvalho","url":"https:\/\/portal.pi.gov.br\/citcc\/author\/yancarvalho\/"},"comments_num_v2":"0 coment\u00e1rio","_links":{"self":[{"href":"https:\/\/portal.pi.gov.br\/citcc\/wp-json\/wp\/v2\/pages\/953"}],"collection":[{"href":"https:\/\/portal.pi.gov.br\/citcc\/wp-json\/wp\/v2\/pages"}],"about":[{"href":"https:\/\/portal.pi.gov.br\/citcc\/wp-json\/wp\/v2\/types\/page"}],"author":[{"embeddable":true,"href":"https:\/\/portal.pi.gov.br\/citcc\/wp-json\/wp\/v2\/users\/1798"}],"replies":[{"embeddable":true,"href":"https:\/\/portal.pi.gov.br\/citcc\/wp-json\/wp\/v2\/comments?post=953"}],"version-history":[{"count":2,"href":"https:\/\/portal.pi.gov.br\/citcc\/wp-json\/wp\/v2\/pages\/953\/revisions"}],"predecessor-version":[{"id":1140,"href":"https:\/\/portal.pi.gov.br\/citcc\/wp-json\/wp\/v2\/pages\/953\/revisions\/1140"}],"wp:attachment":[{"href":"https:\/\/portal.pi.gov.br\/citcc\/wp-json\/wp\/v2\/media?parent=953"}],"curies":[{"name":"wp","href":"https:\/\/api.w.org\/{rel}","templated":true}]}}