{"id":967,"date":"2024-10-29T09:01:55","date_gmt":"2024-10-29T12:01:55","guid":{"rendered":"https:\/\/portal.pi.gov.br\/citcc\/?page_id=967"},"modified":"2024-10-29T09:01:56","modified_gmt":"2024-10-29T12:01:56","slug":"leis-de-ratificacao-municipios-consorciados","status":"publish","type":"page","link":"https:\/\/portal.pi.gov.br\/citcc\/leis-de-ratificacao-municipios-consorciados\/","title":{"rendered":"Leis de Ratifica\u00e7\u00e3o &#8211; Munic\u00edpios Consorciados"},"content":{"rendered":"","protected":false},"excerpt":{"rendered":"","protected":false},"author":1798,"featured_media":0,"parent":0,"menu_order":0,"comment_status":"closed","ping_status":"closed","template":"template-fullwidth.php","meta":[],"featured_image_urls":{"full":"","thumbnail":"","medium":"","medium_large":"","large":"","sgg-420":"","sgg-540":"","sgg-780":"","1536x1536":"","2048x2048":"","homepage-slider":"","homepage-slider-small":"","page-top":"","page-small":"","loop-main":"","thumb-gallery-widget":""},"post_excerpt_stackable":"","category_list":"","author_info":{"name":"yancarvalho","url":"https:\/\/portal.pi.gov.br\/citcc\/author\/yancarvalho\/"},"comments_num":"0 coment\u00e1rio","featured_image_urls_v2":{"full":"","thumbnail":"","medium":"","medium_large":"","large":"","sgg-420":"","sgg-540":"","sgg-780":"","1536x1536":"","2048x2048":"","homepage-slider":"","homepage-slider-small":"","page-top":"","page-small":"","loop-main":"","thumb-gallery-widget":""},"post_excerpt_stackable_v2":"","category_list_v2":"","author_info_v2":{"name":"yancarvalho","url":"https:\/\/portal.pi.gov.br\/citcc\/author\/yancarvalho\/"},"comments_num_v2":"0 coment\u00e1rio","_links":{"self":[{"href":"https:\/\/portal.pi.gov.br\/citcc\/wp-json\/wp\/v2\/pages\/967"}],"collection":[{"href":"https:\/\/portal.pi.gov.br\/citcc\/wp-json\/wp\/v2\/pages"}],"about":[{"href":"https:\/\/portal.pi.gov.br\/citcc\/wp-json\/wp\/v2\/types\/page"}],"author":[{"embeddable":true,"href":"https:\/\/portal.pi.gov.br\/citcc\/wp-json\/wp\/v2\/users\/1798"}],"replies":[{"embeddable":true,"href":"https:\/\/portal.pi.gov.br\/citcc\/wp-json\/wp\/v2\/comments?post=967"}],"version-history":[{"count":1,"href":"https:\/\/portal.pi.gov.br\/citcc\/wp-json\/wp\/v2\/pages\/967\/revisions"}],"predecessor-version":[{"id":968,"href":"https:\/\/portal.pi.gov.br\/citcc\/wp-json\/wp\/v2\/pages\/967\/revisions\/968"}],"wp:attachment":[{"href":"https:\/\/portal.pi.gov.br\/citcc\/wp-json\/wp\/v2\/media?parent=967"}],"curies":[{"name":"wp","href":"https:\/\/api.w.org\/{rel}","templated":true}]}}