{"id":1362,"date":"2025-02-04T12:23:53","date_gmt":"2025-02-04T15:23:53","guid":{"rendered":"https:\/\/portal.pi.gov.br\/cojuv\/?page_id=1362"},"modified":"2025-02-04T14:00:08","modified_gmt":"2025-02-04T17:00:08","slug":"cadastro-de-gestores-municipais","status":"publish","type":"page","link":"https:\/\/portal.pi.gov.br\/cojuv\/cadastro-de-gestores-municipais\/","title":{"rendered":"Cadastro de Gestores Municipais"},"content":{"rendered":"\n<p><br>O Governo do Estado, por meio da Coordenadoria da Juventude do Piau\u00ed, est\u00e1 realizando o cadastro dos gestores municipais de juventude para fortalecer as pol\u00edticas p\u00fablicas estaduais e garantir que os servi\u00e7os ofertados cheguem a todos os munic\u00edpios. <br><br>Se voc\u00ea \u00e9 respons\u00e1vel pela pol\u00edtica de juventude no seu munic\u00edpio, como Secret\u00e1rio, Coordenador, Diretor, Assessor ou cargo similar, este formul\u00e1rio \u00e9 para voc\u00ea.<\/p>\n\n\n\n<p>A participa\u00e7\u00e3o de todos \u00e9 essencial para estreitar a colabora\u00e7\u00e3o e assegurar a promo\u00e7\u00e3o dos direitos dos jovens. Preencha o cadastro para contribuir com a constru\u00e7\u00e3o de uma agenda Estadual mais eficaz e inclusiva.<\/p>\n\n\n\n<figure class=\"wp-block-image size-large\"><a href=\"https:\/\/docs.google.com\/forms\/d\/13YGuayrQo_quy-x7ZB4XTX96MXqts5Fozp5Z-4MAx3c\/edit?pli=1\" target=\"_blank\" rel=\"noreferrer noopener\"><img decoding=\"async\" loading=\"lazy\" width=\"1024\" height=\"576\" src=\"https:\/\/portal.pi.gov.br\/cojuv\/wp-content\/uploads\/sites\/98\/2025\/02\/Formulario-1-1024x576.png\" alt=\"\" class=\"wp-image-1368\" srcset=\"https:\/\/portal.pi.gov.br\/cojuv\/wp-content\/uploads\/sites\/98\/2025\/02\/Formulario-1-1024x576.png 1024w, https:\/\/portal.pi.gov.br\/cojuv\/wp-content\/uploads\/sites\/98\/2025\/02\/Formulario-1-300x169.png 300w, https:\/\/portal.pi.gov.br\/cojuv\/wp-content\/uploads\/sites\/98\/2025\/02\/Formulario-1-768x432.png 768w, https:\/\/portal.pi.gov.br\/cojuv\/wp-content\/uploads\/sites\/98\/2025\/02\/Formulario-1-420x236.png 420w, https:\/\/portal.pi.gov.br\/cojuv\/wp-content\/uploads\/sites\/98\/2025\/02\/Formulario-1-540x304.png 540w, https:\/\/portal.pi.gov.br\/cojuv\/wp-content\/uploads\/sites\/98\/2025\/02\/Formulario-1-780x439.png 780w, https:\/\/portal.pi.gov.br\/cojuv\/wp-content\/uploads\/sites\/98\/2025\/02\/Formulario-1-1536x864.png 1536w, https:\/\/portal.pi.gov.br\/cojuv\/wp-content\/uploads\/sites\/98\/2025\/02\/Formulario-1-2048x1152.png 2048w, https:\/\/portal.pi.gov.br\/cojuv\/wp-content\/uploads\/sites\/98\/2025\/02\/Formulario-1-947x533.png 947w, https:\/\/portal.pi.gov.br\/cojuv\/wp-content\/uploads\/sites\/98\/2025\/02\/Formulario-1-624x351.png 624w\" sizes=\"(max-width: 1024px) 100vw, 1024px\" \/><\/a><\/figure>\n","protected":false},"excerpt":{"rendered":"<p>O Governo do Estado, por meio da Coordenadoria da Juventude do Piau\u00ed, est\u00e1 realizando o cadastro dos gestores municipais de juventude para fortalecer as pol\u00edticas p\u00fablicas estaduais e garantir que [&hellip;]<\/p>\n","protected":false},"author":28,"featured_media":0,"parent":0,"menu_order":0,"comment_status":"closed","ping_status":"closed","template":"template-fullwidth.php","meta":[],"featured_image_urls":{"full":"","thumbnail":"","medium":"","medium_large":"","large":"","sgg-420":"","sgg-540":"","sgg-780":"","1536x1536":"","2048x2048":"","homepage-slider":"","homepage-slider-small":"","page-top":"","page-small":"","loop-main":"","thumb-gallery-widget":""},"post_excerpt_stackable":"<p>O Governo do Estado, por meio da Coordenadoria da Juventude do Piau\u00ed, est\u00e1 realizando o cadastro dos gestores municipais de juventude para fortalecer as pol\u00edticas p\u00fablicas estaduais e garantir que os servi\u00e7os ofertados cheguem a todos os munic\u00edpios. Se voc\u00ea \u00e9 respons\u00e1vel pela pol\u00edtica de juventude no seu munic\u00edpio, como Secret\u00e1rio, Coordenador, Diretor, Assessor ou cargo similar, este formul\u00e1rio \u00e9 para voc\u00ea. A participa\u00e7\u00e3o de todos \u00e9 essencial para estreitar a colabora\u00e7\u00e3o e assegurar a promo\u00e7\u00e3o dos direitos dos jovens. Preencha o cadastro para contribuir com a constru\u00e7\u00e3o de uma agenda Estadual mais eficaz e inclusiva.<\/p>\n","category_list":"","author_info":{"name":"tassodenis","url":"https:\/\/portal.pi.gov.br\/cojuv\/author\/tassodenis\/"},"comments_num":"0 coment\u00e1rio","featured_image_urls_v2":{"full":"","thumbnail":"","medium":"","medium_large":"","large":"","sgg-420":"","sgg-540":"","sgg-780":"","1536x1536":"","2048x2048":"","homepage-slider":"","homepage-slider-small":"","page-top":"","page-small":"","loop-main":"","thumb-gallery-widget":""},"post_excerpt_stackable_v2":"<p>O Governo do Estado, por meio da Coordenadoria da Juventude do Piau\u00ed, est\u00e1 realizando o cadastro dos gestores municipais de juventude para fortalecer as pol\u00edticas p\u00fablicas estaduais e garantir que os servi\u00e7os ofertados cheguem a todos os munic\u00edpios. Se voc\u00ea \u00e9 respons\u00e1vel pela pol\u00edtica de juventude no seu munic\u00edpio, como Secret\u00e1rio, Coordenador, Diretor, Assessor ou cargo similar, este formul\u00e1rio \u00e9 para voc\u00ea. A participa\u00e7\u00e3o de todos \u00e9 essencial para estreitar a colabora\u00e7\u00e3o e assegurar a promo\u00e7\u00e3o dos direitos dos jovens. Preencha o cadastro para contribuir com a constru\u00e7\u00e3o de uma agenda Estadual mais eficaz e inclusiva.<\/p>\n","category_list_v2":"","author_info_v2":{"name":"tassodenis","url":"https:\/\/portal.pi.gov.br\/cojuv\/author\/tassodenis\/"},"comments_num_v2":"0 coment\u00e1rio","_links":{"self":[{"href":"https:\/\/portal.pi.gov.br\/cojuv\/wp-json\/wp\/v2\/pages\/1362"}],"collection":[{"href":"https:\/\/portal.pi.gov.br\/cojuv\/wp-json\/wp\/v2\/pages"}],"about":[{"href":"https:\/\/portal.pi.gov.br\/cojuv\/wp-json\/wp\/v2\/types\/page"}],"author":[{"embeddable":true,"href":"https:\/\/portal.pi.gov.br\/cojuv\/wp-json\/wp\/v2\/users\/28"}],"replies":[{"embeddable":true,"href":"https:\/\/portal.pi.gov.br\/cojuv\/wp-json\/wp\/v2\/comments?post=1362"}],"version-history":[{"count":4,"href":"https:\/\/portal.pi.gov.br\/cojuv\/wp-json\/wp\/v2\/pages\/1362\/revisions"}],"predecessor-version":[{"id":1371,"href":"https:\/\/portal.pi.gov.br\/cojuv\/wp-json\/wp\/v2\/pages\/1362\/revisions\/1371"}],"wp:attachment":[{"href":"https:\/\/portal.pi.gov.br\/cojuv\/wp-json\/wp\/v2\/media?parent=1362"}],"curies":[{"name":"wp","href":"https:\/\/api.w.org\/{rel}","templated":true}]}}