{"id":941,"date":"2024-07-22T08:35:28","date_gmt":"2024-07-22T11:35:28","guid":{"rendered":"https:\/\/portal.pi.gov.br\/cojuv\/?page_id=941"},"modified":"2025-05-14T10:29:06","modified_gmt":"2025-05-14T13:29:06","slug":"a-cojuv","status":"publish","type":"page","link":"https:\/\/portal.pi.gov.br\/cojuv\/a-cojuv\/","title":{"rendered":"A COJUV"},"content":{"rendered":"\n<p><em>A Coordenadoria da Juventude do Piau\u00ed \u00e9 o \u00f3rg\u00e3o gestor respons\u00e1vel pela coordena\u00e7\u00e3o, execu\u00e7\u00e3o e implanta\u00e7\u00e3o das Pol\u00edticas de Juventude do Governo do Estado do Piau\u00ed<\/em>.<em><br><\/em><\/p>\n\n\n\n<figure class=\"wp-block-image\"><img decoding=\"async\" loading=\"lazy\" width=\"1139\" height=\"433\" src=\"https:\/\/portal.pi.gov.br\/cojuv\/wp-content\/uploads\/sites\/98\/2024\/08\/Capa-Facebook-Cojuv-1.png\" alt=\"\" class=\"wp-image-1046\" srcset=\"https:\/\/portal.pi.gov.br\/cojuv\/wp-content\/uploads\/sites\/98\/2024\/08\/Capa-Facebook-Cojuv-1.png 1139w, https:\/\/portal.pi.gov.br\/cojuv\/wp-content\/uploads\/sites\/98\/2024\/08\/Capa-Facebook-Cojuv-1-300x114.png 300w, https:\/\/portal.pi.gov.br\/cojuv\/wp-content\/uploads\/sites\/98\/2024\/08\/Capa-Facebook-Cojuv-1-1024x389.png 1024w, https:\/\/portal.pi.gov.br\/cojuv\/wp-content\/uploads\/sites\/98\/2024\/08\/Capa-Facebook-Cojuv-1-768x292.png 768w, https:\/\/portal.pi.gov.br\/cojuv\/wp-content\/uploads\/sites\/98\/2024\/08\/Capa-Facebook-Cojuv-1-420x160.png 420w, https:\/\/portal.pi.gov.br\/cojuv\/wp-content\/uploads\/sites\/98\/2024\/08\/Capa-Facebook-Cojuv-1-540x205.png 540w, https:\/\/portal.pi.gov.br\/cojuv\/wp-content\/uploads\/sites\/98\/2024\/08\/Capa-Facebook-Cojuv-1-780x297.png 780w, https:\/\/portal.pi.gov.br\/cojuv\/wp-content\/uploads\/sites\/98\/2024\/08\/Capa-Facebook-Cojuv-1-947x360.png 947w, https:\/\/portal.pi.gov.br\/cojuv\/wp-content\/uploads\/sites\/98\/2024\/08\/Capa-Facebook-Cojuv-1-624x237.png 624w\" sizes=\"(max-width: 1139px) 100vw, 1139px\" \/><\/figure>\n\n\n\n<p class=\"has-text-align-left\"><br>A Coordenadoria da Juventude do Estado foi criada em 2008 quando ent\u00e3o se chamava Coordenadoria de Direitos Humanos e Juventude, na esteira de uma s\u00e9rie de outras pol\u00edticas juvenis em n\u00edvel nacional como a constitui\u00e7\u00e3o do Conselho Nacional de Juventude e da Secretaria Nacional de Juventude. Neste mesmo ano, ocorre a primeira Confer\u00eancia Nacional de Juventude e cada estado da federa\u00e7\u00e3o \u00e9 direcionado a ter um \u00f3rg\u00e3o representativo dentro do segmento. A partir de 2011, por meio d<a href=\"https:\/\/sapl.al.pi.leg.br\/media\/sapl\/public\/normajuridica\/2010\/579\/579_texto_integral.pdf\">a <span style=\"color: #c911ff\" class=\"stk-highlight\"><strong>lei complementar N\u00b0 162, de 30 de dezembro de 2010<\/strong><\/span><\/a>, a Coordenadoria de Direitos Humanos e Juventude passa a se designar Coordenadoria da Juventude do Estado do Piau\u00ed (COJUV-PI).<\/p>\n\n\n\n<p><\/p>\n\n\n\n<p><strong>Miss\u00e3o<\/strong><br>Planejar, coordenar, fomentar, executar e monitorar pol\u00edticas p\u00fablicas articuladas de forma transversal para as juventudes de todos os territ\u00f3rios de desenvolvimento do Estado, viabilizando a participa\u00e7\u00e3o do jovem nas decis\u00f5es e consolida\u00e7\u00e3o de sua cidadania.<\/p>\n\n\n\n<p><br><strong>Vis\u00e3o<\/strong><br>Ser refer\u00eancia nacional na implementa\u00e7\u00e3o de pol\u00edticas p\u00fablicas para a juventude, assegurando acesso a oportunidades, direitos, desenvolvimento e participa\u00e7\u00e3o em todas as pol\u00edticas p\u00fablicas do Estado.<\/p>\n\n\n\n<p><br><strong>Valores<br><\/strong>Transpar\u00eancia e Efici\u00eancia<br>Inova\u00e7\u00e3o e criatividade<br>Equidade e inclus\u00e3o<br>Participa\u00e7\u00e3o e impacto social<\/p>\n\n\n\n<p class=\"has-text-align-left\"><br><br><br><strong>Nosso papel na sociedade<\/strong><\/p>\n\n\n\n<p>A Coordenadoria da Juventude do Piau\u00ed desempenha um papel fundamental na cria\u00e7\u00e3o e implementa\u00e7\u00e3o das pol\u00edticas p\u00fablicas voltadas para os jovens do estado. Inspirada pela trajet\u00f3ria e princ\u00edpios da Pol\u00edtica Nacional de Juventude do Brasil, a Coordenadoria busca assegurar que os jovens do Piau\u00ed tenham acesso a direitos fundamentais e oportunidades de desenvolvimento.<\/p>\n\n\n\n<p>Desde a sua cria\u00e7\u00e3o, a Coordenadoria da Juventude do Piau\u00ed tem se dedicado a transformar o entendimento dos jovens como sujeitos plenos de direitos, alinhando-se \u00e0s diretrizes estabelecidas pela Secretaria Nacional de Juventude e ao Estatuto da Juventude. Nossa miss\u00e3o inclui a formula\u00e7\u00e3o e execu\u00e7\u00e3o de pol\u00edticas que atendam \u00e0s necessidades espec\u00edficas da juventude piauiense, contribuindo para a inclus\u00e3o social, educa\u00e7\u00e3o, sa\u00fade e emprego dos jovens.<\/p>\n\n\n\n<p>A Coordenadoria atua na articula\u00e7\u00e3o entre as diversas esferas do governo estadual, promovendo uma abordagem integrada e transversal na elabora\u00e7\u00e3o de pol\u00edticas. <\/p>\n\n\n\n<p>A presen\u00e7a e o trabalho da Coordenadoria da Juventude s\u00e3o vitais para o desenvolvimento do potencial juvenil no Piau\u00ed, aproveitando a for\u00e7a e o dinamismo dessa faixa et\u00e1ria, que representa uma parcela significativa da popula\u00e7\u00e3o. Ao fomentar a participa\u00e7\u00e3o ativa dos jovens na sociedade e garantir que suas vozes sejam ouvidas, a Coordenadoria contribui para a constru\u00e7\u00e3o de um futuro mais equitativo e promissor para o estado.<\/p>\n\n\n\n<p>A Coordenadoria da Juventude do Piau\u00ed n\u00e3o apenas implementa pol\u00edticas p\u00fablicas, mas tamb\u00e9m se configura como um agente de mudan\u00e7a, promovendo a inclus\u00e3o e o desenvolvimento dos jovens como cidad\u00e3os plenos, comprometendo-se com a constru\u00e7\u00e3o de um ambiente onde eles possam florescer.<\/p>\n\n\n\n<p class=\"has-text-align-left\"><br><strong><br>FINALIDADE &#8211; &nbsp;DECRETO N\u00ba 22833 de 18\/03\/2024<br><\/strong><br><strong>Art. 4\u00ba<\/strong> A COJUV tem por finalidade planejar, coordenar, fomentar, executar e monitorar pol\u00edticas p\u00fablicas articuladas de forma transversal para as juventudes de todos os territ\u00f3rios de desenvolvimento do Estado, viabilizando a participa\u00e7\u00e3o do jovem nas decis\u00f5es e consolida\u00e7\u00e3o de sua cidadania, diretamente e em coopera\u00e7\u00e3o com os outros \u00f3rg\u00e3os e entidades ou atrav\u00e9s de terceiros.<br><br><br><br><br><\/p>\n\n\n\n<p class=\"has-large-font-size\"><\/p>\n","protected":false},"excerpt":{"rendered":"<p>A Coordenadoria da Juventude do Piau\u00ed \u00e9 o \u00f3rg\u00e3o gestor respons\u00e1vel pela coordena\u00e7\u00e3o, execu\u00e7\u00e3o e implanta\u00e7\u00e3o das Pol\u00edticas de Juventude do Governo do Estado do Piau\u00ed. A Coordenadoria da Juventude [&hellip;]<\/p>\n","protected":false},"author":1,"featured_media":0,"parent":0,"menu_order":0,"comment_status":"closed","ping_status":"closed","template":"template-fullwidth.php","meta":[],"featured_image_urls":{"full":"","thumbnail":"","medium":"","medium_large":"","large":"","sgg-420":"","sgg-540":"","sgg-780":"","1536x1536":"","2048x2048":"","homepage-slider":"","homepage-slider-small":"","page-top":"","page-small":"","loop-main":"","thumb-gallery-widget":""},"post_excerpt_stackable":"<p>A Coordenadoria da Juventude do Piau\u00ed \u00e9 o \u00f3rg\u00e3o gestor respons\u00e1vel pela coordena\u00e7\u00e3o, execu\u00e7\u00e3o e implanta\u00e7\u00e3o das Pol\u00edticas de Juventude do Governo do Estado do Piau\u00ed. A Coordenadoria da Juventude do Estado foi criada em 2008 quando ent\u00e3o se chamava Coordenadoria de Direitos Humanos e Juventude, na esteira de uma s\u00e9rie de outras pol\u00edticas juvenis em n\u00edvel nacional como a constitui\u00e7\u00e3o do Conselho Nacional de Juventude e da Secretaria Nacional de Juventude. Neste mesmo ano, ocorre a primeira Confer\u00eancia Nacional de Juventude e cada estado da federa\u00e7\u00e3o \u00e9 direcionado a ter um \u00f3rg\u00e3o representativo dentro do segmento. A partir de&hellip;<\/p>\n","category_list":"","author_info":{"name":"admin","url":"https:\/\/portal.pi.gov.br\/cojuv\/author\/admin\/"},"comments_num":"0 coment\u00e1rio","featured_image_urls_v2":{"full":"","thumbnail":"","medium":"","medium_large":"","large":"","sgg-420":"","sgg-540":"","sgg-780":"","1536x1536":"","2048x2048":"","homepage-slider":"","homepage-slider-small":"","page-top":"","page-small":"","loop-main":"","thumb-gallery-widget":""},"post_excerpt_stackable_v2":"<p>A Coordenadoria da Juventude do Piau\u00ed \u00e9 o \u00f3rg\u00e3o gestor respons\u00e1vel pela coordena\u00e7\u00e3o, execu\u00e7\u00e3o e implanta\u00e7\u00e3o das Pol\u00edticas de Juventude do Governo do Estado do Piau\u00ed. A Coordenadoria da Juventude do Estado foi criada em 2008 quando ent\u00e3o se chamava Coordenadoria de Direitos Humanos e Juventude, na esteira de uma s\u00e9rie de outras pol\u00edticas juvenis em n\u00edvel nacional como a constitui\u00e7\u00e3o do Conselho Nacional de Juventude e da Secretaria Nacional de Juventude. Neste mesmo ano, ocorre a primeira Confer\u00eancia Nacional de Juventude e cada estado da federa\u00e7\u00e3o \u00e9 direcionado a ter um \u00f3rg\u00e3o representativo dentro do segmento. A partir de&hellip;<\/p>\n","category_list_v2":"","author_info_v2":{"name":"admin","url":"https:\/\/portal.pi.gov.br\/cojuv\/author\/admin\/"},"comments_num_v2":"0 coment\u00e1rio","_links":{"self":[{"href":"https:\/\/portal.pi.gov.br\/cojuv\/wp-json\/wp\/v2\/pages\/941"}],"collection":[{"href":"https:\/\/portal.pi.gov.br\/cojuv\/wp-json\/wp\/v2\/pages"}],"about":[{"href":"https:\/\/portal.pi.gov.br\/cojuv\/wp-json\/wp\/v2\/types\/page"}],"author":[{"embeddable":true,"href":"https:\/\/portal.pi.gov.br\/cojuv\/wp-json\/wp\/v2\/users\/1"}],"replies":[{"embeddable":true,"href":"https:\/\/portal.pi.gov.br\/cojuv\/wp-json\/wp\/v2\/comments?post=941"}],"version-history":[{"count":15,"href":"https:\/\/portal.pi.gov.br\/cojuv\/wp-json\/wp\/v2\/pages\/941\/revisions"}],"predecessor-version":[{"id":1542,"href":"https:\/\/portal.pi.gov.br\/cojuv\/wp-json\/wp\/v2\/pages\/941\/revisions\/1542"}],"wp:attachment":[{"href":"https:\/\/portal.pi.gov.br\/cojuv\/wp-json\/wp\/v2\/media?parent=941"}],"curies":[{"name":"wp","href":"https:\/\/api.w.org\/{rel}","templated":true}]}}