{"id":943,"date":"2024-07-22T08:35:44","date_gmt":"2024-07-22T11:35:44","guid":{"rendered":"https:\/\/portal.pi.gov.br\/cojuv\/?page_id=943"},"modified":"2025-05-22T14:53:30","modified_gmt":"2025-05-22T17:53:30","slug":"equipe","status":"publish","type":"page","link":"https:\/\/portal.pi.gov.br\/cojuv\/equipe\/","title":{"rendered":"Equipe"},"content":{"rendered":"\n<p><strong>Everton Alves Calisto<br><\/strong>Coordenador Geral<\/p>\n\n\n\n<p><strong>\u00c2ngelo Mateus Corn\u00e9lio da Silva<br><\/strong>Chefe de Gabinete do Coordenador Geral<\/p>\n\n\n\n<p><strong>Lucas Gon\u00e7alves de Sousa<br><\/strong>Diretor Administrativo Financeiro<\/p>\n\n\n\n<p><strong>Carlos Henrique Mendes Rocha<br><\/strong>Diretor de Pol\u00edticas Sociais<\/p>\n\n\n\n<p><strong>Jessyca Alves de S\u00e1 Sousa<br><\/strong>Diretora de Programas e Projetos<\/p>\n\n\n\n<p><strong>Iago Fortes Soares Menor<br><\/strong>Gerente de Programas e Projetos<\/p>\n\n\n\n<p><strong>Luana Karolyne da Paz Martins<br><\/strong>Gerente de Articula\u00e7\u00e3o e Mobiliza\u00e7\u00e3o<\/p>\n\n\n\n<p><strong>Jose Venicio Moura Junior<br><\/strong>Gerente de Inser\u00e7\u00e3o no Mundo do Trabalho<\/p>\n\n\n\n<p><strong>Bernardo Rafael Blanche<br><\/strong>Gerente Institucional e de Pol\u00edticas Intersetoriais<\/p>\n\n\n\n<p><strong>Edilvo Augusto Moura de Santana<br><\/strong>Gerente de A\u00e7\u00f5es Tem\u00e1ticas<\/p>\n\n\n\n<p><strong>Maria da Cruz Melo Paiva<br><\/strong>Gerente de Planejamento e Or\u00e7amento<\/p>\n\n\n\n<p><strong>Francisca Maria Clara da Costa<br><\/strong>Gerente Financeira<\/p>\n","protected":false},"excerpt":{"rendered":"<p>Everton Alves CalistoCoordenador Geral \u00c2ngelo Mateus Corn\u00e9lio da SilvaChefe de Gabinete do Coordenador Geral Lucas Gon\u00e7alves de SousaDiretor Administrativo Financeiro Carlos Henrique Mendes RochaDiretor de Pol\u00edticas Sociais Jessyca Alves de [&hellip;]<\/p>\n","protected":false},"author":1,"featured_media":0,"parent":0,"menu_order":0,"comment_status":"closed","ping_status":"closed","template":"template-fullwidth.php","meta":[],"featured_image_urls":{"full":"","thumbnail":"","medium":"","medium_large":"","large":"","sgg-420":"","sgg-540":"","sgg-780":"","1536x1536":"","2048x2048":"","homepage-slider":"","homepage-slider-small":"","page-top":"","page-small":"","loop-main":"","thumb-gallery-widget":""},"post_excerpt_stackable":"<p>Everton Alves CalistoCoordenador Geral \u00c2ngelo Mateus Corn\u00e9lio da SilvaChefe de Gabinete do Coordenador Geral Lucas Gon\u00e7alves de SousaDiretor Administrativo Financeiro Carlos Henrique Mendes RochaDiretor de Pol\u00edticas Sociais Jessyca Alves de S\u00e1 SousaDiretora de Programas e Projetos Iago Fortes Soares MenorGerente de Programas e Projetos Luana Karolyne da Paz MartinsGerente de Articula\u00e7\u00e3o e Mobiliza\u00e7\u00e3o Jose Venicio Moura JuniorGerente de Inser\u00e7\u00e3o no Mundo do Trabalho Bernardo Rafael BlancheGerente Institucional e de Pol\u00edticas Intersetoriais Edilvo Augusto Moura de SantanaGerente de A\u00e7\u00f5es Tem\u00e1ticas Maria da Cruz Melo PaivaGerente de Planejamento e Or\u00e7amento Francisca Maria Clara da CostaGerente Financeira<\/p>\n","category_list":"","author_info":{"name":"admin","url":"https:\/\/portal.pi.gov.br\/cojuv\/author\/admin\/"},"comments_num":"0 coment\u00e1rio","featured_image_urls_v2":{"full":"","thumbnail":"","medium":"","medium_large":"","large":"","sgg-420":"","sgg-540":"","sgg-780":"","1536x1536":"","2048x2048":"","homepage-slider":"","homepage-slider-small":"","page-top":"","page-small":"","loop-main":"","thumb-gallery-widget":""},"post_excerpt_stackable_v2":"<p>Everton Alves CalistoCoordenador Geral \u00c2ngelo Mateus Corn\u00e9lio da SilvaChefe de Gabinete do Coordenador Geral Lucas Gon\u00e7alves de SousaDiretor Administrativo Financeiro Carlos Henrique Mendes RochaDiretor de Pol\u00edticas Sociais Jessyca Alves de S\u00e1 SousaDiretora de Programas e Projetos Iago Fortes Soares MenorGerente de Programas e Projetos Luana Karolyne da Paz MartinsGerente de Articula\u00e7\u00e3o e Mobiliza\u00e7\u00e3o Jose Venicio Moura JuniorGerente de Inser\u00e7\u00e3o no Mundo do Trabalho Bernardo Rafael BlancheGerente Institucional e de Pol\u00edticas Intersetoriais Edilvo Augusto Moura de SantanaGerente de A\u00e7\u00f5es Tem\u00e1ticas Maria da Cruz Melo PaivaGerente de Planejamento e Or\u00e7amento Francisca Maria Clara da CostaGerente Financeira<\/p>\n","category_list_v2":"","author_info_v2":{"name":"admin","url":"https:\/\/portal.pi.gov.br\/cojuv\/author\/admin\/"},"comments_num_v2":"0 coment\u00e1rio","_links":{"self":[{"href":"https:\/\/portal.pi.gov.br\/cojuv\/wp-json\/wp\/v2\/pages\/943"}],"collection":[{"href":"https:\/\/portal.pi.gov.br\/cojuv\/wp-json\/wp\/v2\/pages"}],"about":[{"href":"https:\/\/portal.pi.gov.br\/cojuv\/wp-json\/wp\/v2\/types\/page"}],"author":[{"embeddable":true,"href":"https:\/\/portal.pi.gov.br\/cojuv\/wp-json\/wp\/v2\/users\/1"}],"replies":[{"embeddable":true,"href":"https:\/\/portal.pi.gov.br\/cojuv\/wp-json\/wp\/v2\/comments?post=943"}],"version-history":[{"count":3,"href":"https:\/\/portal.pi.gov.br\/cojuv\/wp-json\/wp\/v2\/pages\/943\/revisions"}],"predecessor-version":[{"id":1529,"href":"https:\/\/portal.pi.gov.br\/cojuv\/wp-json\/wp\/v2\/pages\/943\/revisions\/1529"}],"wp:attachment":[{"href":"https:\/\/portal.pi.gov.br\/cojuv\/wp-json\/wp\/v2\/media?parent=943"}],"curies":[{"name":"wp","href":"https:\/\/api.w.org\/{rel}","templated":true}]}}