{"id":945,"date":"2024-07-22T08:36:04","date_gmt":"2024-07-22T11:36:04","guid":{"rendered":"https:\/\/portal.pi.gov.br\/cojuv\/?page_id=945"},"modified":"2024-10-22T11:09:22","modified_gmt":"2024-10-22T14:09:22","slug":"legislacao-estadual","status":"publish","type":"page","link":"https:\/\/portal.pi.gov.br\/cojuv\/legislacao-estadual\/","title":{"rendered":"Legisla\u00e7\u00e3o Estadual"},"content":{"rendered":"\n<p>A Coordenadoria da Juventude do Piau\u00ed (COJUV) \u00e9 institu\u00edda pela edi\u00e7\u00e3o <a href=\"https:\/\/www.diario.pi.gov.br\/doe\/files\/diarios\/anexo\/fc9d266b-db93-418a-9daa-e0a7d08f7cb7\/DOEPI_61_2024.pdf\" data-type=\"URL\" data-id=\"https:\/\/www.diario.pi.gov.br\/doe\/files\/diarios\/anexo\/fc9d266b-db93-418a-9daa-e0a7d08f7cb7\/DOEPI_61_2024.pdf\" target=\"_blank\" rel=\"noreferrer noopener\">n\u00ba 61\/2024 do Di\u00e1rio Oficial do Piau\u00ed<\/a>.\u00a0<\/p>\n\n\n\n<p>A COJUV \u00e9 uma entidade da Administra\u00e7\u00e3o Direta do Estado do Piau\u00ed, vinculada diretamente ao Governador do Estado, com sede e foro na capital do estado, e a sua jurisdi\u00e7\u00e3o abrange todo o Piau\u00ed.\u00a0<\/p>\n\n\n\n<p>O endere\u00e7o da Coordenadoria de Juventude do Estado do Piau\u00ed: <br><a href=\"https:\/\/g.co\/kgs\/XqC1oo3\" data-type=\"URL\" data-id=\"https:\/\/g.co\/kgs\/XqC1oo3\" target=\"_blank\" rel=\"noreferrer noopener\">Avenida Ant\u00f4nio Freire, 1473 \u2013 4\u00ba andar \u2013 Centro, CEP 64001-120.\u00a0<\/a><br><\/p>\n\n\n\n<p>Telefone institucional para contato: (86) 9587-6331<br>E-mail institucional: cojuv.piaui@gmail.com<\/p>\n","protected":false},"excerpt":{"rendered":"<p>A Coordenadoria da Juventude do Piau\u00ed (COJUV) \u00e9 institu\u00edda pela edi\u00e7\u00e3o n\u00ba 61\/2024 do Di\u00e1rio Oficial do Piau\u00ed.\u00a0 A COJUV \u00e9 uma entidade da Administra\u00e7\u00e3o Direta do Estado do Piau\u00ed, [&hellip;]<\/p>\n","protected":false},"author":1,"featured_media":0,"parent":0,"menu_order":0,"comment_status":"closed","ping_status":"closed","template":"template-fullwidth.php","meta":[],"featured_image_urls":{"full":"","thumbnail":"","medium":"","medium_large":"","large":"","sgg-420":"","sgg-540":"","sgg-780":"","1536x1536":"","2048x2048":"","homepage-slider":"","homepage-slider-small":"","page-top":"","page-small":"","loop-main":"","thumb-gallery-widget":""},"post_excerpt_stackable":"<p>A Coordenadoria da Juventude do Piau\u00ed (COJUV) \u00e9 institu\u00edda pela edi\u00e7\u00e3o n\u00ba 61\/2024 do Di\u00e1rio Oficial do Piau\u00ed.\u00a0 A COJUV \u00e9 uma entidade da Administra\u00e7\u00e3o Direta do Estado do Piau\u00ed, vinculada diretamente ao Governador do Estado, com sede e foro na capital do estado, e a sua jurisdi\u00e7\u00e3o abrange todo o Piau\u00ed.\u00a0 O endere\u00e7o da Coordenadoria de Juventude do Estado do Piau\u00ed: Avenida Ant\u00f4nio Freire, 1473 \u2013 4\u00ba andar \u2013 Centro, CEP 64001-120.\u00a0 Telefone institucional para contato: (86) 9587-6331E-mail institucional: cojuv.piaui@gmail.com<\/p>\n","category_list":"","author_info":{"name":"admin","url":"https:\/\/portal.pi.gov.br\/cojuv\/author\/admin\/"},"comments_num":"0 coment\u00e1rio","featured_image_urls_v2":{"full":"","thumbnail":"","medium":"","medium_large":"","large":"","sgg-420":"","sgg-540":"","sgg-780":"","1536x1536":"","2048x2048":"","homepage-slider":"","homepage-slider-small":"","page-top":"","page-small":"","loop-main":"","thumb-gallery-widget":""},"post_excerpt_stackable_v2":"<p>A Coordenadoria da Juventude do Piau\u00ed (COJUV) \u00e9 institu\u00edda pela edi\u00e7\u00e3o n\u00ba 61\/2024 do Di\u00e1rio Oficial do Piau\u00ed.\u00a0 A COJUV \u00e9 uma entidade da Administra\u00e7\u00e3o Direta do Estado do Piau\u00ed, vinculada diretamente ao Governador do Estado, com sede e foro na capital do estado, e a sua jurisdi\u00e7\u00e3o abrange todo o Piau\u00ed.\u00a0 O endere\u00e7o da Coordenadoria de Juventude do Estado do Piau\u00ed: Avenida Ant\u00f4nio Freire, 1473 \u2013 4\u00ba andar \u2013 Centro, CEP 64001-120.\u00a0 Telefone institucional para contato: (86) 9587-6331E-mail institucional: cojuv.piaui@gmail.com<\/p>\n","category_list_v2":"","author_info_v2":{"name":"admin","url":"https:\/\/portal.pi.gov.br\/cojuv\/author\/admin\/"},"comments_num_v2":"0 coment\u00e1rio","_links":{"self":[{"href":"https:\/\/portal.pi.gov.br\/cojuv\/wp-json\/wp\/v2\/pages\/945"}],"collection":[{"href":"https:\/\/portal.pi.gov.br\/cojuv\/wp-json\/wp\/v2\/pages"}],"about":[{"href":"https:\/\/portal.pi.gov.br\/cojuv\/wp-json\/wp\/v2\/types\/page"}],"author":[{"embeddable":true,"href":"https:\/\/portal.pi.gov.br\/cojuv\/wp-json\/wp\/v2\/users\/1"}],"replies":[{"embeddable":true,"href":"https:\/\/portal.pi.gov.br\/cojuv\/wp-json\/wp\/v2\/comments?post=945"}],"version-history":[{"count":2,"href":"https:\/\/portal.pi.gov.br\/cojuv\/wp-json\/wp\/v2\/pages\/945\/revisions"}],"predecessor-version":[{"id":1148,"href":"https:\/\/portal.pi.gov.br\/cojuv\/wp-json\/wp\/v2\/pages\/945\/revisions\/1148"}],"wp:attachment":[{"href":"https:\/\/portal.pi.gov.br\/cojuv\/wp-json\/wp\/v2\/media?parent=945"}],"curies":[{"name":"wp","href":"https:\/\/api.w.org\/{rel}","templated":true}]}}