{"id":949,"date":"2024-07-22T08:37:15","date_gmt":"2024-07-22T11:37:15","guid":{"rendered":"https:\/\/portal.pi.gov.br\/cojuv\/?page_id=949"},"modified":"2024-10-22T12:01:43","modified_gmt":"2024-10-22T15:01:43","slug":"projeto-voz-e-vez","status":"publish","type":"page","link":"https:\/\/portal.pi.gov.br\/cojuv\/projeto-voz-e-vez\/","title":{"rendered":"Projeto Voz e Vez"},"content":{"rendered":"<div class=\"wp-block-image\">\n<figure class=\"alignleft\"><img decoding=\"async\" loading=\"lazy\" width=\"1080\" height=\"207\" src=\"https:\/\/portal.pi.gov.br\/cojuv\/wp-content\/uploads\/sites\/98\/2024\/08\/COJUV-JUL03_CAPA_REELS-e1724030519356.png\" alt=\"\" class=\"wp-image-1076\" srcset=\"https:\/\/portal.pi.gov.br\/cojuv\/wp-content\/uploads\/sites\/98\/2024\/08\/COJUV-JUL03_CAPA_REELS-e1724030519356.png 1080w, https:\/\/portal.pi.gov.br\/cojuv\/wp-content\/uploads\/sites\/98\/2024\/08\/COJUV-JUL03_CAPA_REELS-e1724030519356-300x58.png 300w, https:\/\/portal.pi.gov.br\/cojuv\/wp-content\/uploads\/sites\/98\/2024\/08\/COJUV-JUL03_CAPA_REELS-e1724030519356-1024x196.png 1024w, https:\/\/portal.pi.gov.br\/cojuv\/wp-content\/uploads\/sites\/98\/2024\/08\/COJUV-JUL03_CAPA_REELS-e1724030519356-768x147.png 768w, https:\/\/portal.pi.gov.br\/cojuv\/wp-content\/uploads\/sites\/98\/2024\/08\/COJUV-JUL03_CAPA_REELS-e1724030519356-420x81.png 420w, https:\/\/portal.pi.gov.br\/cojuv\/wp-content\/uploads\/sites\/98\/2024\/08\/COJUV-JUL03_CAPA_REELS-e1724030519356-540x104.png 540w, https:\/\/portal.pi.gov.br\/cojuv\/wp-content\/uploads\/sites\/98\/2024\/08\/COJUV-JUL03_CAPA_REELS-e1724030519356-780x150.png 780w, https:\/\/portal.pi.gov.br\/cojuv\/wp-content\/uploads\/sites\/98\/2024\/08\/COJUV-JUL03_CAPA_REELS-e1724030519356-947x182.png 947w, https:\/\/portal.pi.gov.br\/cojuv\/wp-content\/uploads\/sites\/98\/2024\/08\/COJUV-JUL03_CAPA_REELS-e1724030519356-624x120.png 624w\" sizes=\"(max-width: 1080px) 100vw, 1080px\" \/><\/figure><\/div>\n\n\n<p><br><br>A Coordenadoria de Juventude vai percorreu todo o Piau\u00ed para realiza\u00e7\u00e3o de plen\u00e1rias de debate sobre temas cruciais para as pol\u00edticas p\u00fablicas de juventude. O projeto Voz e Vez iniciou no dia 31 de julho, em Teresina, e vai percorreu todos os territ\u00f3rios piauienses de norte a sul.<\/p>\n\n\n\n<p>Os semin\u00e1rios abordaram temas como sa\u00fade mental, novo ensino m\u00e9dio, seguran\u00e7a nas escolas, juventudes do campo e mundo do trabalho.<br><br><\/p>\n\n\n\n<figure class=\"wp-block-embed aligncenter is-type-video is-provider-youtube wp-block-embed-youtube wp-embed-aspect-16-9 wp-has-aspect-ratio\"><div class=\"wp-block-embed__wrapper\">\n<iframe loading=\"lazy\" title=\"VOZ E VEZ - Coordenadoria da Juventude do Piau\u00ed\" width=\"887\" height=\"499\" src=\"https:\/\/www.youtube.com\/embed\/0JdrgpgtCQk?feature=oembed\" frameborder=\"0\" allow=\"accelerometer; autoplay; clipboard-write; encrypted-media; gyroscope; picture-in-picture; web-share\" referrerpolicy=\"strict-origin-when-cross-origin\" allowfullscreen><\/iframe>\n<\/div><\/figure>\n","protected":false},"excerpt":{"rendered":"<p>A Coordenadoria de Juventude vai percorreu todo o Piau\u00ed para realiza\u00e7\u00e3o de plen\u00e1rias de debate sobre temas cruciais para as pol\u00edticas p\u00fablicas de juventude. O projeto Voz e Vez iniciou [&hellip;]<\/p>\n","protected":false},"author":1,"featured_media":0,"parent":0,"menu_order":0,"comment_status":"closed","ping_status":"closed","template":"template-fullwidth.php","meta":[],"featured_image_urls":{"full":"","thumbnail":"","medium":"","medium_large":"","large":"","sgg-420":"","sgg-540":"","sgg-780":"","1536x1536":"","2048x2048":"","homepage-slider":"","homepage-slider-small":"","page-top":"","page-small":"","loop-main":"","thumb-gallery-widget":""},"post_excerpt_stackable":"<p>A Coordenadoria de Juventude vai percorreu todo o Piau\u00ed para realiza\u00e7\u00e3o de plen\u00e1rias de debate sobre temas cruciais para as pol\u00edticas p\u00fablicas de juventude. O projeto Voz e Vez iniciou no dia 31 de julho, em Teresina, e vai percorreu todos os territ\u00f3rios piauienses de norte a sul. Os semin\u00e1rios abordaram temas como sa\u00fade mental, novo ensino m\u00e9dio, seguran\u00e7a nas escolas, juventudes do campo e mundo do trabalho.<\/p>\n","category_list":"","author_info":{"name":"admin","url":"https:\/\/portal.pi.gov.br\/cojuv\/author\/admin\/"},"comments_num":"0 coment\u00e1rio","featured_image_urls_v2":{"full":"","thumbnail":"","medium":"","medium_large":"","large":"","sgg-420":"","sgg-540":"","sgg-780":"","1536x1536":"","2048x2048":"","homepage-slider":"","homepage-slider-small":"","page-top":"","page-small":"","loop-main":"","thumb-gallery-widget":""},"post_excerpt_stackable_v2":"<p>A Coordenadoria de Juventude vai percorreu todo o Piau\u00ed para realiza\u00e7\u00e3o de plen\u00e1rias de debate sobre temas cruciais para as pol\u00edticas p\u00fablicas de juventude. O projeto Voz e Vez iniciou no dia 31 de julho, em Teresina, e vai percorreu todos os territ\u00f3rios piauienses de norte a sul. Os semin\u00e1rios abordaram temas como sa\u00fade mental, novo ensino m\u00e9dio, seguran\u00e7a nas escolas, juventudes do campo e mundo do trabalho.<\/p>\n","category_list_v2":"","author_info_v2":{"name":"admin","url":"https:\/\/portal.pi.gov.br\/cojuv\/author\/admin\/"},"comments_num_v2":"0 coment\u00e1rio","_links":{"self":[{"href":"https:\/\/portal.pi.gov.br\/cojuv\/wp-json\/wp\/v2\/pages\/949"}],"collection":[{"href":"https:\/\/portal.pi.gov.br\/cojuv\/wp-json\/wp\/v2\/pages"}],"about":[{"href":"https:\/\/portal.pi.gov.br\/cojuv\/wp-json\/wp\/v2\/types\/page"}],"author":[{"embeddable":true,"href":"https:\/\/portal.pi.gov.br\/cojuv\/wp-json\/wp\/v2\/users\/1"}],"replies":[{"embeddable":true,"href":"https:\/\/portal.pi.gov.br\/cojuv\/wp-json\/wp\/v2\/comments?post=949"}],"version-history":[{"count":12,"href":"https:\/\/portal.pi.gov.br\/cojuv\/wp-json\/wp\/v2\/pages\/949\/revisions"}],"predecessor-version":[{"id":1179,"href":"https:\/\/portal.pi.gov.br\/cojuv\/wp-json\/wp\/v2\/pages\/949\/revisions\/1179"}],"wp:attachment":[{"href":"https:\/\/portal.pi.gov.br\/cojuv\/wp-json\/wp\/v2\/media?parent=949"}],"curies":[{"name":"wp","href":"https:\/\/api.w.org\/{rel}","templated":true}]}}