{"id":951,"date":"2024-07-22T08:38:12","date_gmt":"2024-07-22T11:38:12","guid":{"rendered":"https:\/\/portal.pi.gov.br\/cojuv\/?page_id=951"},"modified":"2024-10-22T12:02:59","modified_gmt":"2024-10-22T15:02:59","slug":"4a-conferencia-nacional-da-juventude","status":"publish","type":"page","link":"https:\/\/portal.pi.gov.br\/cojuv\/4a-conferencia-nacional-da-juventude\/","title":{"rendered":"4\u00aa Confer\u00eancia Nacional de Juventude"},"content":{"rendered":"<div class=\"wp-block-image\">\n<figure class=\"aligncenter size-full is-resized\"><a href=\"https:\/\/www.gov.br\/secretariageral\/pt-br\/noticias\/2023\/dezembro\/4a-conferencia-nacional-de-juventude-reune-jovens-de-todo-brasil-em-debate-sobre-politicas-publicas-depois-de-8-anos-da-ultima-edicao\" target=\"_blank\" rel=\"noreferrer noopener\"><img decoding=\"async\" loading=\"lazy\" src=\"https:\/\/portal.pi.gov.br\/cojuv\/wp-content\/uploads\/sites\/98\/2024\/10\/conferencia.jpeg\" alt=\"\" class=\"wp-image-1150\" width=\"937\" height=\"562\" srcset=\"https:\/\/portal.pi.gov.br\/cojuv\/wp-content\/uploads\/sites\/98\/2024\/10\/conferencia.jpeg 768w, https:\/\/portal.pi.gov.br\/cojuv\/wp-content\/uploads\/sites\/98\/2024\/10\/conferencia-300x180.jpeg 300w, https:\/\/portal.pi.gov.br\/cojuv\/wp-content\/uploads\/sites\/98\/2024\/10\/conferencia-420x252.jpeg 420w, https:\/\/portal.pi.gov.br\/cojuv\/wp-content\/uploads\/sites\/98\/2024\/10\/conferencia-540x323.jpeg 540w, https:\/\/portal.pi.gov.br\/cojuv\/wp-content\/uploads\/sites\/98\/2024\/10\/conferencia-624x374.jpeg 624w\" sizes=\"(max-width: 937px) 100vw, 937px\" \/><\/a><\/figure><\/div>\n\n\n<p><\/p>\n\n\n\n<p><br>A Coordenadoria Estadual de Juventude (Cojuv) do Piau\u00ed participou da 4\u00aa Confer\u00eancia Nacional de Juventude (CNJ) com uma delega\u00e7\u00e3o de 30 jovens.\u00a0O evento teve como tema &#8220;Reconstruir no Presente, Construir o Futuro: Desenvolvimento, Direitos, Participa\u00e7\u00e3o e Bem Viver&#8221;.\u00a0<\/p>\n\n\n\n<p>A CNJ \u00e9 um espa\u00e7o de debate sobre pol\u00edticas p\u00fablicas para a juventude, que re\u00fane jovens de todo o Brasil.&nbsp;O Piau\u00ed ocupa uma posi\u00e7\u00e3o de destaque na participa\u00e7\u00e3o ativa em a\u00e7\u00f5es nacionais destinadas ao debate de pol\u00edticas para juventude, e por aqui, a\u00e7\u00f5es de multiplica\u00e7\u00e3o tamb\u00e9m fazem a diferen\u00e7a. <\/p>\n\n\n\n<p>O estado do Piau\u00ed realizou a 4\u00aa Confer\u00eancia Estadual de Juventude, nos dias 20, 21 e 22 de outubro de 2023. O tema do evento foi &#8220;Avan\u00e7os, Desafios e Perspectivas para as Juventudes Piauienses&#8221;.&nbsp;<\/p>\n\n\n\n<p>A Confer\u00eancia Estadual de Juventude \u00e9 um espa\u00e7o de discuss\u00e3o sobre as perspectivas, desafios e avan\u00e7os das juventudes piauienses.\u00a0Os jovens definem prioridades para as pol\u00edticas p\u00fablicas para a juventude, tanto na constru\u00e7\u00e3o dessas pol\u00edticas, como tamb\u00e9m nas estrat\u00e9gias de monitoramento.\u00a0<\/p>\n\n\n\n<figure class=\"wp-block-embed aligncenter is-type-video is-provider-youtube wp-block-embed-youtube wp-embed-aspect-16-9 wp-has-aspect-ratio\"><div class=\"wp-block-embed__wrapper\">\n<iframe loading=\"lazy\" title=\"4\u00aa Confer\u00eancia Estadual de Juventudes do Piau\u00ed\" width=\"887\" height=\"499\" src=\"https:\/\/www.youtube.com\/embed\/KDdbiW2Qrcw?feature=oembed\" frameborder=\"0\" allow=\"accelerometer; autoplay; clipboard-write; encrypted-media; gyroscope; picture-in-picture; web-share\" referrerpolicy=\"strict-origin-when-cross-origin\" allowfullscreen><\/iframe>\n<\/div><figcaption class=\"wp-element-caption\">Reviva conosco os momentos inesquec\u00edveis da 4\u00aa Confer\u00eancia Estadual de Juventudes do Piau\u00ed \ud83e\udd29 <br>Deixamos aqui esse v\u00eddeo e a nossa gratid\u00e3o a todos os jovens que constru\u00edram esses 3 dias com a gente!<br><\/figcaption><\/figure>\n\n\n\n<p><br>As confer\u00eancias de juventude s\u00e3o importantes porque:\u00a0<\/p>\n\n\n\n<ul>\n<li>Promovem a participa\u00e7\u00e3o social e o di\u00e1logo entre a juventude e o governo;\u00a0<\/li>\n\n\n\n<li>S\u00e3o inst\u00e2ncias para discutir e propor pol\u00edticas p\u00fablicas para a juventude;\u00a0<\/li>\n\n\n\n<li>Consolidam diretrizes e desafios para o Estado;\u00a0<\/li>\n\n\n\n<li>Propiciam o di\u00e1logo entre diferentes movimentos e a constru\u00e7\u00e3o de lutas conjuntas.<br><br>\u00a0<br><br><\/li>\n<\/ul>\n\n\n<div class=\"wp-block-image\">\n<figure class=\"aligncenter size-large is-resized\"><a href=\"https:\/\/www.instagram.com\/p\/Cy3MwnvLOwG\/?igsh=c2xua2VnaGVqNHN2\" target=\"_blank\" rel=\"noreferrer noopener\"><img decoding=\"async\" loading=\"lazy\" src=\"https:\/\/portal.pi.gov.br\/cojuv\/wp-content\/uploads\/sites\/98\/2024\/10\/WhatsApp-Image-2024-10-22-at-11.48.09-829x1024.jpeg\" alt=\"\" class=\"wp-image-1158\" width=\"835\" height=\"1031\" srcset=\"https:\/\/portal.pi.gov.br\/cojuv\/wp-content\/uploads\/sites\/98\/2024\/10\/WhatsApp-Image-2024-10-22-at-11.48.09-829x1024.jpeg 829w, https:\/\/portal.pi.gov.br\/cojuv\/wp-content\/uploads\/sites\/98\/2024\/10\/WhatsApp-Image-2024-10-22-at-11.48.09-243x300.jpeg 243w, https:\/\/portal.pi.gov.br\/cojuv\/wp-content\/uploads\/sites\/98\/2024\/10\/WhatsApp-Image-2024-10-22-at-11.48.09-768x949.jpeg 768w, https:\/\/portal.pi.gov.br\/cojuv\/wp-content\/uploads\/sites\/98\/2024\/10\/WhatsApp-Image-2024-10-22-at-11.48.09-340x420.jpeg 340w, https:\/\/portal.pi.gov.br\/cojuv\/wp-content\/uploads\/sites\/98\/2024\/10\/WhatsApp-Image-2024-10-22-at-11.48.09-437x540.jpeg 437w, https:\/\/portal.pi.gov.br\/cojuv\/wp-content\/uploads\/sites\/98\/2024\/10\/WhatsApp-Image-2024-10-22-at-11.48.09-632x780.jpeg 632w, https:\/\/portal.pi.gov.br\/cojuv\/wp-content\/uploads\/sites\/98\/2024\/10\/WhatsApp-Image-2024-10-22-at-11.48.09-947x1170.jpeg 947w, https:\/\/portal.pi.gov.br\/cojuv\/wp-content\/uploads\/sites\/98\/2024\/10\/WhatsApp-Image-2024-10-22-at-11.48.09-624x771.jpeg 624w, https:\/\/portal.pi.gov.br\/cojuv\/wp-content\/uploads\/sites\/98\/2024\/10\/WhatsApp-Image-2024-10-22-at-11.48.09.jpeg 1170w\" sizes=\"(max-width: 835px) 100vw, 835px\" \/><\/a><\/figure><\/div>\n\n\n<p><br><\/p>\n\n\n<div class=\"wp-block-image\">\n<figure class=\"aligncenter size-large is-resized\"><a href=\"https:\/\/www.instagram.com\/p\/Cyn-KB1LSB9\/?igsh=bnhldWpoaG9nZGN2\" target=\"_blank\" rel=\"noreferrer noopener\"><img decoding=\"async\" loading=\"lazy\" src=\"https:\/\/portal.pi.gov.br\/cojuv\/wp-content\/uploads\/sites\/98\/2024\/10\/WhatsApp-Image-2024-10-22-at-11.54.14-830x1024.jpeg\" alt=\"\" class=\"wp-image-1166\" width=\"837\" height=\"1033\" srcset=\"https:\/\/portal.pi.gov.br\/cojuv\/wp-content\/uploads\/sites\/98\/2024\/10\/WhatsApp-Image-2024-10-22-at-11.54.14-830x1024.jpeg 830w, https:\/\/portal.pi.gov.br\/cojuv\/wp-content\/uploads\/sites\/98\/2024\/10\/WhatsApp-Image-2024-10-22-at-11.54.14-243x300.jpeg 243w, https:\/\/portal.pi.gov.br\/cojuv\/wp-content\/uploads\/sites\/98\/2024\/10\/WhatsApp-Image-2024-10-22-at-11.54.14-768x948.jpeg 768w, https:\/\/portal.pi.gov.br\/cojuv\/wp-content\/uploads\/sites\/98\/2024\/10\/WhatsApp-Image-2024-10-22-at-11.54.14-340x420.jpeg 340w, https:\/\/portal.pi.gov.br\/cojuv\/wp-content\/uploads\/sites\/98\/2024\/10\/WhatsApp-Image-2024-10-22-at-11.54.14-438x540.jpeg 438w, https:\/\/portal.pi.gov.br\/cojuv\/wp-content\/uploads\/sites\/98\/2024\/10\/WhatsApp-Image-2024-10-22-at-11.54.14-632x780.jpeg 632w, https:\/\/portal.pi.gov.br\/cojuv\/wp-content\/uploads\/sites\/98\/2024\/10\/WhatsApp-Image-2024-10-22-at-11.54.14-947x1169.jpeg 947w, https:\/\/portal.pi.gov.br\/cojuv\/wp-content\/uploads\/sites\/98\/2024\/10\/WhatsApp-Image-2024-10-22-at-11.54.14-624x770.jpeg 624w, https:\/\/portal.pi.gov.br\/cojuv\/wp-content\/uploads\/sites\/98\/2024\/10\/WhatsApp-Image-2024-10-22-at-11.54.14.jpeg 1170w\" sizes=\"(max-width: 837px) 100vw, 837px\" \/><\/a><\/figure><\/div>\n\n\n<p><br><br><\/p>\n\n\n\n<p><br><\/p>\n","protected":false},"excerpt":{"rendered":"<p>A Coordenadoria Estadual de Juventude (Cojuv) do Piau\u00ed participou da 4\u00aa Confer\u00eancia Nacional de Juventude (CNJ) com uma delega\u00e7\u00e3o de 30 jovens.\u00a0O evento teve como tema &#8220;Reconstruir no Presente, Construir [&hellip;]<\/p>\n","protected":false},"author":1,"featured_media":0,"parent":0,"menu_order":0,"comment_status":"closed","ping_status":"closed","template":"template-fullwidth.php","meta":[],"featured_image_urls":{"full":"","thumbnail":"","medium":"","medium_large":"","large":"","sgg-420":"","sgg-540":"","sgg-780":"","1536x1536":"","2048x2048":"","homepage-slider":"","homepage-slider-small":"","page-top":"","page-small":"","loop-main":"","thumb-gallery-widget":""},"post_excerpt_stackable":"<p>A Coordenadoria Estadual de Juventude (Cojuv) do Piau\u00ed participou da 4\u00aa Confer\u00eancia Nacional de Juventude (CNJ) com uma delega\u00e7\u00e3o de 30 jovens.\u00a0O evento teve como tema &#8220;Reconstruir no Presente, Construir o Futuro: Desenvolvimento, Direitos, Participa\u00e7\u00e3o e Bem Viver&#8221;.\u00a0 A CNJ \u00e9 um espa\u00e7o de debate sobre pol\u00edticas p\u00fablicas para a juventude, que re\u00fane jovens de todo o Brasil.&nbsp;O Piau\u00ed ocupa uma posi\u00e7\u00e3o de destaque na participa\u00e7\u00e3o ativa em a\u00e7\u00f5es nacionais destinadas ao debate de pol\u00edticas para juventude, e por aqui, a\u00e7\u00f5es de multiplica\u00e7\u00e3o tamb\u00e9m fazem a diferen\u00e7a. O estado do Piau\u00ed realizou a 4\u00aa Confer\u00eancia Estadual de Juventude, nos dias&hellip;<\/p>\n","category_list":"","author_info":{"name":"admin","url":"https:\/\/portal.pi.gov.br\/cojuv\/author\/admin\/"},"comments_num":"0 coment\u00e1rio","featured_image_urls_v2":{"full":"","thumbnail":"","medium":"","medium_large":"","large":"","sgg-420":"","sgg-540":"","sgg-780":"","1536x1536":"","2048x2048":"","homepage-slider":"","homepage-slider-small":"","page-top":"","page-small":"","loop-main":"","thumb-gallery-widget":""},"post_excerpt_stackable_v2":"<p>A Coordenadoria Estadual de Juventude (Cojuv) do Piau\u00ed participou da 4\u00aa Confer\u00eancia Nacional de Juventude (CNJ) com uma delega\u00e7\u00e3o de 30 jovens.\u00a0O evento teve como tema &#8220;Reconstruir no Presente, Construir o Futuro: Desenvolvimento, Direitos, Participa\u00e7\u00e3o e Bem Viver&#8221;.\u00a0 A CNJ \u00e9 um espa\u00e7o de debate sobre pol\u00edticas p\u00fablicas para a juventude, que re\u00fane jovens de todo o Brasil.&nbsp;O Piau\u00ed ocupa uma posi\u00e7\u00e3o de destaque na participa\u00e7\u00e3o ativa em a\u00e7\u00f5es nacionais destinadas ao debate de pol\u00edticas para juventude, e por aqui, a\u00e7\u00f5es de multiplica\u00e7\u00e3o tamb\u00e9m fazem a diferen\u00e7a. O estado do Piau\u00ed realizou a 4\u00aa Confer\u00eancia Estadual de Juventude, nos dias&hellip;<\/p>\n","category_list_v2":"","author_info_v2":{"name":"admin","url":"https:\/\/portal.pi.gov.br\/cojuv\/author\/admin\/"},"comments_num_v2":"0 coment\u00e1rio","_links":{"self":[{"href":"https:\/\/portal.pi.gov.br\/cojuv\/wp-json\/wp\/v2\/pages\/951"}],"collection":[{"href":"https:\/\/portal.pi.gov.br\/cojuv\/wp-json\/wp\/v2\/pages"}],"about":[{"href":"https:\/\/portal.pi.gov.br\/cojuv\/wp-json\/wp\/v2\/types\/page"}],"author":[{"embeddable":true,"href":"https:\/\/portal.pi.gov.br\/cojuv\/wp-json\/wp\/v2\/users\/1"}],"replies":[{"embeddable":true,"href":"https:\/\/portal.pi.gov.br\/cojuv\/wp-json\/wp\/v2\/comments?post=951"}],"version-history":[{"count":17,"href":"https:\/\/portal.pi.gov.br\/cojuv\/wp-json\/wp\/v2\/pages\/951\/revisions"}],"predecessor-version":[{"id":1181,"href":"https:\/\/portal.pi.gov.br\/cojuv\/wp-json\/wp\/v2\/pages\/951\/revisions\/1181"}],"wp:attachment":[{"href":"https:\/\/portal.pi.gov.br\/cojuv\/wp-json\/wp\/v2\/media?parent=951"}],"curies":[{"name":"wp","href":"https:\/\/api.w.org\/{rel}","templated":true}]}}