{"id":953,"date":"2024-07-22T08:38:30","date_gmt":"2024-07-22T11:38:30","guid":{"rendered":"https:\/\/portal.pi.gov.br\/cojuv\/?page_id=953"},"modified":"2024-10-22T12:34:43","modified_gmt":"2024-10-22T15:34:43","slug":"plano-estadual-da-juventude-2024-2034","status":"publish","type":"page","link":"https:\/\/portal.pi.gov.br\/cojuv\/plano-estadual-da-juventude-2024-2034\/","title":{"rendered":"Plano Estadual da Juventude 2024-2034"},"content":{"rendered":"\n<p>O Plano Estadual de Juventude do Piau\u00ed \u00e9 um documento que servir\u00e1 como base para pol\u00edticas p\u00fablicas e programas destinados aos jovens do estado.&nbsp;A sua elabora\u00e7\u00e3o \u00e9 resultado de uma oficina que contou com a participa\u00e7\u00e3o de diversos grupos, como gestores municipais e estaduais, conselheiros, estudantes, acad\u00eamicos, l\u00edderes pol\u00edticos e movimentos sociais.&nbsp;<\/p>\n\n\n\n<p>A Coordenadoria da Juventude do Estado do Piau\u00ed \u00e9 respons\u00e1vel por estudar, analisar, elaborar e propor planos, programas e projetos relativos \u00e0 juventude no \u00e2mbito estadual.&nbsp;<\/p>\n\n\n\n<p>O Plano Nacional de Juventude \u00e9 um compromisso de 10 anos com pol\u00edticas p\u00fablicas que garantem direitos e oportunidades para todos os jovens.&nbsp;A Emenda Constitucional n.\u00ba 65\/2010 estabeleceu a cria\u00e7\u00e3o do Plano Nacional de Juventude, por Lei.&nbsp;<\/p>\n","protected":false},"excerpt":{"rendered":"<p>O Plano Estadual de Juventude do Piau\u00ed \u00e9 um documento que servir\u00e1 como base para pol\u00edticas p\u00fablicas e programas destinados aos jovens do estado.&nbsp;A sua elabora\u00e7\u00e3o \u00e9 resultado de uma [&hellip;]<\/p>\n","protected":false},"author":1,"featured_media":0,"parent":0,"menu_order":0,"comment_status":"closed","ping_status":"closed","template":"template-fullwidth.php","meta":[],"featured_image_urls":{"full":"","thumbnail":"","medium":"","medium_large":"","large":"","sgg-420":"","sgg-540":"","sgg-780":"","1536x1536":"","2048x2048":"","homepage-slider":"","homepage-slider-small":"","page-top":"","page-small":"","loop-main":"","thumb-gallery-widget":""},"post_excerpt_stackable":"<p>O Plano Estadual de Juventude do Piau\u00ed \u00e9 um documento que servir\u00e1 como base para pol\u00edticas p\u00fablicas e programas destinados aos jovens do estado.&nbsp;A sua elabora\u00e7\u00e3o \u00e9 resultado de uma oficina que contou com a participa\u00e7\u00e3o de diversos grupos, como gestores municipais e estaduais, conselheiros, estudantes, acad\u00eamicos, l\u00edderes pol\u00edticos e movimentos sociais.&nbsp; A Coordenadoria da Juventude do Estado do Piau\u00ed \u00e9 respons\u00e1vel por estudar, analisar, elaborar e propor planos, programas e projetos relativos \u00e0 juventude no \u00e2mbito estadual.&nbsp; O Plano Nacional de Juventude \u00e9 um compromisso de 10 anos com pol\u00edticas p\u00fablicas que garantem direitos e oportunidades para todos os&hellip;<\/p>\n","category_list":"","author_info":{"name":"admin","url":"https:\/\/portal.pi.gov.br\/cojuv\/author\/admin\/"},"comments_num":"0 coment\u00e1rio","featured_image_urls_v2":{"full":"","thumbnail":"","medium":"","medium_large":"","large":"","sgg-420":"","sgg-540":"","sgg-780":"","1536x1536":"","2048x2048":"","homepage-slider":"","homepage-slider-small":"","page-top":"","page-small":"","loop-main":"","thumb-gallery-widget":""},"post_excerpt_stackable_v2":"<p>O Plano Estadual de Juventude do Piau\u00ed \u00e9 um documento que servir\u00e1 como base para pol\u00edticas p\u00fablicas e programas destinados aos jovens do estado.&nbsp;A sua elabora\u00e7\u00e3o \u00e9 resultado de uma oficina que contou com a participa\u00e7\u00e3o de diversos grupos, como gestores municipais e estaduais, conselheiros, estudantes, acad\u00eamicos, l\u00edderes pol\u00edticos e movimentos sociais.&nbsp; A Coordenadoria da Juventude do Estado do Piau\u00ed \u00e9 respons\u00e1vel por estudar, analisar, elaborar e propor planos, programas e projetos relativos \u00e0 juventude no \u00e2mbito estadual.&nbsp; O Plano Nacional de Juventude \u00e9 um compromisso de 10 anos com pol\u00edticas p\u00fablicas que garantem direitos e oportunidades para todos os&hellip;<\/p>\n","category_list_v2":"","author_info_v2":{"name":"admin","url":"https:\/\/portal.pi.gov.br\/cojuv\/author\/admin\/"},"comments_num_v2":"0 coment\u00e1rio","_links":{"self":[{"href":"https:\/\/portal.pi.gov.br\/cojuv\/wp-json\/wp\/v2\/pages\/953"}],"collection":[{"href":"https:\/\/portal.pi.gov.br\/cojuv\/wp-json\/wp\/v2\/pages"}],"about":[{"href":"https:\/\/portal.pi.gov.br\/cojuv\/wp-json\/wp\/v2\/types\/page"}],"author":[{"embeddable":true,"href":"https:\/\/portal.pi.gov.br\/cojuv\/wp-json\/wp\/v2\/users\/1"}],"replies":[{"embeddable":true,"href":"https:\/\/portal.pi.gov.br\/cojuv\/wp-json\/wp\/v2\/comments?post=953"}],"version-history":[{"count":2,"href":"https:\/\/portal.pi.gov.br\/cojuv\/wp-json\/wp\/v2\/pages\/953\/revisions"}],"predecessor-version":[{"id":1182,"href":"https:\/\/portal.pi.gov.br\/cojuv\/wp-json\/wp\/v2\/pages\/953\/revisions\/1182"}],"wp:attachment":[{"href":"https:\/\/portal.pi.gov.br\/cojuv\/wp-json\/wp\/v2\/media?parent=953"}],"curies":[{"name":"wp","href":"https:\/\/api.w.org\/{rel}","templated":true}]}}