{"id":957,"date":"2024-07-22T08:39:09","date_gmt":"2024-07-22T11:39:09","guid":{"rendered":"https:\/\/portal.pi.gov.br\/cojuv\/?page_id=957"},"modified":"2024-10-30T00:43:19","modified_gmt":"2024-10-30T03:43:19","slug":"caravana-juventude-negra-viva","status":"publish","type":"page","link":"https:\/\/portal.pi.gov.br\/cojuv\/caravana-juventude-negra-viva\/","title":{"rendered":"Caravana Juventude Negra Viva"},"content":{"rendered":"\n<p>Esse movimento super importante est\u00e1 rolando em todo o Brasil e tamb\u00e9m est\u00e1 fazendo barulho aqui no Piau\u00ed: a Caravana Juventude Negra Viva. <br><br>Essa iniciativa \u00e9 mais do que uma a\u00e7\u00e3o, \u00e9 uma verdadeira revolu\u00e7\u00e3o para a juventude negra que busca combater a viol\u00eancia e garantir os direitos fundamentais de todos n\u00f3s, especialmente em contextos de vulnerabilidade.<\/p>\n\n\n\n<figure class=\"wp-block-embed is-type-video is-provider-youtube wp-block-embed-youtube wp-embed-aspect-16-9 wp-has-aspect-ratio\"><div class=\"wp-block-embed__wrapper\">\n<iframe loading=\"lazy\" title=\"Plano Juventude Negra Viva\" width=\"887\" height=\"499\" src=\"https:\/\/www.youtube.com\/embed\/5IAdWSKRmcg?feature=oembed\" frameborder=\"0\" allow=\"accelerometer; autoplay; clipboard-write; encrypted-media; gyroscope; picture-in-picture; web-share\" referrerpolicy=\"strict-origin-when-cross-origin\" allowfullscreen><\/iframe>\n<\/div><\/figure>\n\n\n\n<p><br><strong>O que sustenta essa luta?<\/strong><br><br>O Estatuto da Igualdade Racial e o Estatuto da Juventude s\u00e3o exemplos de normas que definem diretrizes para garantir igualdade de oportunidades. Essas leis s\u00e3o um alicerce para a nossa luta e servem como um lembrete de que precisamos de espa\u00e7o e respeito.<\/p>\n\n\n\n<p>Al\u00e9m disso, a Caravana se conecta ao Plano Juventude Viva, que tem como objetivo reduzir a vulnerabilidade dos jovens negros \u00e0 viol\u00eancia. Isso significa que estamos recebendo o suporte necess\u00e1rio para enfrentar os desafios que aparecem pelo caminho.<br><br>No Piau\u00ed, a caravana refor\u00e7a a necessidade de integrar pol\u00edticas de educa\u00e7\u00e3o, seguran\u00e7a, cultura e emprego para atender os jovens negros, sendo uma plataforma de di\u00e1logo entre os jovens, o poder p\u00fablico e a sociedade civil. Ela tamb\u00e9m serve como um espa\u00e7o para discutir solu\u00e7\u00f5es que busquem o <strong>empoderamento da juventude negra<\/strong>, promovendo a inclus\u00e3o social e combatendo o racismo estrutural.<br><\/p>\n\n\n\n<p>Esse movimento \u00e9 vital, pois n\u00e3o s\u00f3 luta contra a viol\u00eancia e a discrimina\u00e7\u00e3o, mas tamb\u00e9m garante que a juventude negra esteja presente nas decis\u00f5es que afetam nossas vidas. Precisamos ser parte ativa nas pol\u00edticas p\u00fablicas e na constru\u00e7\u00e3o de uma sociedade mais justa.<br><\/p>\n\n\n\n<h4 class=\"wp-block-heading\">Vamos Juntos!<br><br>Se voc\u00ea \u00e9 jovem e acredita na mudan\u00e7a, essa \u00e9 a sua hora de entrar na luta! A Caravana Juventude Negra Viva \u00e9 um convite para todos n\u00f3s nos unirmos em prol de um futuro mais igualit\u00e1rio. Juntos, podemos mostrar que a juventude negra \u00e9 forte, resiliente e pronta para fazer a diferen\u00e7a. A mudan\u00e7a come\u00e7a com a gente. Vamos nessa?<\/h4>\n","protected":false},"excerpt":{"rendered":"<p>Esse movimento super importante est\u00e1 rolando em todo o Brasil e tamb\u00e9m est\u00e1 fazendo barulho aqui no Piau\u00ed: a Caravana Juventude Negra Viva. Essa iniciativa \u00e9 mais do que uma [&hellip;]<\/p>\n","protected":false},"author":1,"featured_media":0,"parent":0,"menu_order":0,"comment_status":"closed","ping_status":"closed","template":"template-fullwidth.php","meta":[],"featured_image_urls":{"full":"","thumbnail":"","medium":"","medium_large":"","large":"","sgg-420":"","sgg-540":"","sgg-780":"","1536x1536":"","2048x2048":"","homepage-slider":"","homepage-slider-small":"","page-top":"","page-small":"","loop-main":"","thumb-gallery-widget":""},"post_excerpt_stackable":"<p>Esse movimento super importante est\u00e1 rolando em todo o Brasil e tamb\u00e9m est\u00e1 fazendo barulho aqui no Piau\u00ed: a Caravana Juventude Negra Viva. Essa iniciativa \u00e9 mais do que uma a\u00e7\u00e3o, \u00e9 uma verdadeira revolu\u00e7\u00e3o para a juventude negra que busca combater a viol\u00eancia e garantir os direitos fundamentais de todos n\u00f3s, especialmente em contextos de vulnerabilidade. O que sustenta essa luta?O Estatuto da Igualdade Racial e o Estatuto da Juventude s\u00e3o exemplos de normas que definem diretrizes para garantir igualdade de oportunidades. Essas leis s\u00e3o um alicerce para a nossa luta e servem como um lembrete de que precisamos&hellip;<\/p>\n","category_list":"","author_info":{"name":"admin","url":"https:\/\/portal.pi.gov.br\/cojuv\/author\/admin\/"},"comments_num":"0 coment\u00e1rio","featured_image_urls_v2":{"full":"","thumbnail":"","medium":"","medium_large":"","large":"","sgg-420":"","sgg-540":"","sgg-780":"","1536x1536":"","2048x2048":"","homepage-slider":"","homepage-slider-small":"","page-top":"","page-small":"","loop-main":"","thumb-gallery-widget":""},"post_excerpt_stackable_v2":"<p>Esse movimento super importante est\u00e1 rolando em todo o Brasil e tamb\u00e9m est\u00e1 fazendo barulho aqui no Piau\u00ed: a Caravana Juventude Negra Viva. Essa iniciativa \u00e9 mais do que uma a\u00e7\u00e3o, \u00e9 uma verdadeira revolu\u00e7\u00e3o para a juventude negra que busca combater a viol\u00eancia e garantir os direitos fundamentais de todos n\u00f3s, especialmente em contextos de vulnerabilidade. O que sustenta essa luta?O Estatuto da Igualdade Racial e o Estatuto da Juventude s\u00e3o exemplos de normas que definem diretrizes para garantir igualdade de oportunidades. Essas leis s\u00e3o um alicerce para a nossa luta e servem como um lembrete de que precisamos&hellip;<\/p>\n","category_list_v2":"","author_info_v2":{"name":"admin","url":"https:\/\/portal.pi.gov.br\/cojuv\/author\/admin\/"},"comments_num_v2":"0 coment\u00e1rio","_links":{"self":[{"href":"https:\/\/portal.pi.gov.br\/cojuv\/wp-json\/wp\/v2\/pages\/957"}],"collection":[{"href":"https:\/\/portal.pi.gov.br\/cojuv\/wp-json\/wp\/v2\/pages"}],"about":[{"href":"https:\/\/portal.pi.gov.br\/cojuv\/wp-json\/wp\/v2\/types\/page"}],"author":[{"embeddable":true,"href":"https:\/\/portal.pi.gov.br\/cojuv\/wp-json\/wp\/v2\/users\/1"}],"replies":[{"embeddable":true,"href":"https:\/\/portal.pi.gov.br\/cojuv\/wp-json\/wp\/v2\/comments?post=957"}],"version-history":[{"count":6,"href":"https:\/\/portal.pi.gov.br\/cojuv\/wp-json\/wp\/v2\/pages\/957\/revisions"}],"predecessor-version":[{"id":1208,"href":"https:\/\/portal.pi.gov.br\/cojuv\/wp-json\/wp\/v2\/pages\/957\/revisions\/1208"}],"wp:attachment":[{"href":"https:\/\/portal.pi.gov.br\/cojuv\/wp-json\/wp\/v2\/media?parent=957"}],"curies":[{"name":"wp","href":"https:\/\/api.w.org\/{rel}","templated":true}]}}