{"id":961,"date":"2024-07-22T08:40:01","date_gmt":"2024-07-22T11:40:01","guid":{"rendered":"https:\/\/portal.pi.gov.br\/cojuv\/?page_id=961"},"modified":"2025-05-22T16:04:21","modified_gmt":"2025-05-22T19:04:21","slug":"acervo","status":"publish","type":"page","link":"https:\/\/portal.pi.gov.br\/cojuv\/acervo\/","title":{"rendered":"Acervo"},"content":{"rendered":"<script type=\"text\/x-handlebars-template\"        id=\"wpfd-template-table-categories-29\">    <div class=\"wpfd-categories\">{{#if category}}{{#with category}}{{#if parent}}<a class=\"catlink backcategory\" href=\"#\" data-idcat=\"{{parent}}\">                        <i class=\"zmdi zmdi-chevron-left\"><\/i><span>Voltar<\/span><\/a>{{\/if}}{{\/with}}{{\/if}}<\/div><\/script><script type=\"text\/x-handlebars-template\" id=\"wpfd-template-table-29\">    {{#if files}}    {{#each files}}    <tr class=\"file\" data-id=\"{{ID}}\" data-catid=\"{{catid}}\">    <td class=\"file_title\"><a class=\"wpfd_downloadlink\" href=\"{{linkdownload}}\" title=\"{{post_title}}\"><span class=\"extcol\">{{#if file_custom_icon}}<span class=\"icon-custom\"><img src=\"{{file_custom_icon}}\"><\/span>{{else}}<span class=\"ext ext-{{ext}}\"><\/span>{{\/if}}<\/span>{{{crop_title}}}<\/a><\/td><td class=\"file_size\">{{bytesToSize size}}<\/td><td class=\"file_created\">{{created}}<\/td>                    <td class=\"col-download\">                <a class=\"downloadlink wpfd_downloadlink\"  href=\"{{linkdownload}}\" style=\"background-color:#033b85;color:#ffffff;\">Baixar<i class=\"zmdi zmdi-cloud-download wpfd-download\"><\/i><\/a>{{#if openpdflink}}<a class=\"openlink wpfdlightbox wpfd_previewlink\" href=\"{{openpdflink}}\" target=\"\">Visualizar                            <i class=\"zmdi zmdi-filter-center-focus wpfd-preview\"><\/i>                        <\/a>{{else}}{{#if viewerlink}}<a                            href=\"{{viewerlink}}\"                            class=\"openlink wpfdlightbox wpfd_previewlink\"                            target=\"\"                            data-id=\"{{ID}}\"                            data-catid=\"{{catid}}\"                            data-file-type=\"{{ext}}\">Visualizar<i class=\"zmdi zmdi-filter-center-focus wpfd-preview\"><\/i>                        <\/a>{{\/if}}{{\/if}}            <\/td>            <\/tr>    {{\/each}}    {{\/if}}<\/script><div class=\"wpfd-content wpfd-content-table wpfd-content-multi colstyle\" data-category=\"29\"><input type=\"hidden\" id=\"current_category_29\" value=\"29\" \/>                    <input type=\"hidden\" id=\"current_category_slug_29\" value=\"acervo\" \/>                    <input type=\"hidden\" id=\"current_ordering_29\" value=\"created_time\" \/>                    <input type=\"hidden\" id=\"current_ordering_direction_29\" value=\"desc\" \/><div class=\"wpfd-container\">        <div class=\"wpfd-open-tree\"><\/div>    <div class=\"wpfd-container-table \">        <div class=\"wpfd-categories\"><\/div>        <table class=\"wpfd-table wpfd-table-bordered wpfd-table-striped mediaTable\">            <thead>            <tr>                <th class=\"essential persist file_title\">T\u00edtulo<\/th><th class=\"optional file_size\">Tamanho<\/th><th class=\"optional file_created\">Data de Publica\u00e7\u00e3o<\/th><th class=\"essential file_download\">Baixar<\/th>            <\/tr>            <\/thead>            <tbody>                            <tr class=\"file\" data-id=\"1541\"                    data-catid=\"29\">                    <td class=\"file_title\"><a class=\"wpfd_downloadlink\" href=\"https:\/\/portal.pi.gov.br\/cojuv\/download\/29\/acervo\/1541\/guia_de_institucionalizacao_das_ppj.pdf\" title=\"Guia_de_Institucionalizacao_das_PPJ\"><span class=\"extcol\">                                <span class=\"ext ext-pdf\"><\/span>                                Guia_de_Institucionalizacao_das_PPJ                            <\/span><\/a><\/td><td class=\"file_size\">2.04 MB<\/td><td class=\"file_created\">22-05-2025<\/td>                                            <td class=\"col-download\">                            <a class=\"downloadlink wpfd_downloadlink\"  href=\"https:\/\/portal.pi.gov.br\/cojuv\/download\/29\/acervo\/1541\/guia_de_institucionalizacao_das_ppj.pdf\" style=\"background-color:#033b85;color:#ffffff;\">Baixar<i class=\"zmdi zmdi-cloud-download wpfd-download\"><\/i><\/a><a                            href=\"https:\/\/docs.google.com\/viewer?url=https%3A%2F%2Fportal.pi.gov.br%2Fcojuv%2Fwp-admin%2Fadmin-ajax.php%3Fjuwpfisadmin%3Dfalse%26action%3Dwpfd%26task%3Dfile.download%26wpfd_category_id%3D29%26wpfd_file_id%3D1541%26token%3D%26preview%3D1&#038;embedded=true\"                            class=\"openlink wpfdlightbox wpfd_previewlink\"                            target=\"\"                            data-id=\"1541\"                            data-catid=\"29\"                            data-file-type=\"pdf\">Visualizar<i class=\"zmdi zmdi-filter-center-focus wpfd-preview\"><\/i>                        <\/a>                        <\/td>                                    <\/tr>                            <tr class=\"file\" data-id=\"1540\"                    data-catid=\"29\">                    <td class=\"file_title\"><a class=\"wpfd_downloadlink\" href=\"https:\/\/portal.pi.gov.br\/cojuv\/download\/29\/acervo\/1540\/plano-estadual-de-juventude-do-piaui.pdf\" title=\"Plano Estadual de Juventude do Piau\u00ed\"><span class=\"extcol\">                                <span class=\"ext ext-pdf\"><\/span>                                Plano Estadual de Juventude do Piau\u00ed                            <\/span><\/a><\/td><td class=\"file_size\">9.11 MB<\/td><td class=\"file_created\">22-05-2025<\/td>                                            <td class=\"col-download\">                            <a class=\"downloadlink wpfd_downloadlink\"  href=\"https:\/\/portal.pi.gov.br\/cojuv\/download\/29\/acervo\/1540\/plano-estadual-de-juventude-do-piaui.pdf\" style=\"background-color:#033b85;color:#ffffff;\">Baixar<i class=\"zmdi zmdi-cloud-download wpfd-download\"><\/i><\/a><a                            href=\"https:\/\/docs.google.com\/viewer?url=https%3A%2F%2Fportal.pi.gov.br%2Fcojuv%2Fwp-admin%2Fadmin-ajax.php%3Fjuwpfisadmin%3Dfalse%26action%3Dwpfd%26task%3Dfile.download%26wpfd_category_id%3D29%26wpfd_file_id%3D1540%26token%3D%26preview%3D1&#038;embedded=true\"                            class=\"openlink wpfdlightbox wpfd_previewlink\"                            target=\"\"                            data-id=\"1540\"                            data-catid=\"29\"                            data-file-type=\"pdf\">Visualizar<i class=\"zmdi zmdi-filter-center-focus wpfd-preview\"><\/i>                        <\/a>                        <\/td>                                    <\/tr>                            <tr class=\"file\" data-id=\"1497\"                    data-catid=\"29\">                    <td class=\"file_title\"><a class=\"wpfd_downloadlink\" href=\"https:\/\/portal.pi.gov.br\/cojuv\/download\/29\/acervo\/1497\/caderno-do-eu.pdf\" title=\"Caderno do EU\"><span class=\"extcol\">                                <span class=\"ext ext-pdf\"><\/span>                                Caderno do EU                            <\/span><\/a><\/td><td class=\"file_size\">3.97 MB<\/td><td class=\"file_created\">19-05-2025<\/td>                                            <td class=\"col-download\">                            <a class=\"downloadlink wpfd_downloadlink\"  href=\"https:\/\/portal.pi.gov.br\/cojuv\/download\/29\/acervo\/1497\/caderno-do-eu.pdf\" style=\"background-color:#033b85;color:#ffffff;\">Baixar<i class=\"zmdi zmdi-cloud-download wpfd-download\"><\/i><\/a><a                            href=\"https:\/\/docs.google.com\/viewer?url=https%3A%2F%2Fportal.pi.gov.br%2Fcojuv%2Fwp-admin%2Fadmin-ajax.php%3Fjuwpfisadmin%3Dfalse%26action%3Dwpfd%26task%3Dfile.download%26wpfd_category_id%3D29%26wpfd_file_id%3D1497%26token%3D%26preview%3D1&#038;embedded=true\"                            class=\"openlink wpfdlightbox wpfd_previewlink\"                            target=\"\"                            data-id=\"1497\"                            data-catid=\"29\"                            data-file-type=\"pdf\">Visualizar<i class=\"zmdi zmdi-filter-center-focus wpfd-preview\"><\/i>                        <\/a>                        <\/td>                                    <\/tr>                            <tr class=\"file\" data-id=\"1496\"                    data-catid=\"29\">                    <td class=\"file_title\"><a class=\"wpfd_downloadlink\" href=\"https:\/\/portal.pi.gov.br\/cojuv\/download\/29\/acervo\/1496\/plano-nacional-de-juventude-e-sucesso-rural-2024.pdf\" title=\"Plano Nacional de Juventude e Sucesso Rural 2024\"><span class=\"extcol\">                                <span class=\"ext ext-pdf\"><\/span>                                Plano Nacional de Juventude e Sucesso Rural 2024                            <\/span><\/a><\/td><td class=\"file_size\">5.98 MB<\/td><td class=\"file_created\">19-05-2025<\/td>                                            <td class=\"col-download\">                            <a class=\"downloadlink wpfd_downloadlink\"  href=\"https:\/\/portal.pi.gov.br\/cojuv\/download\/29\/acervo\/1496\/plano-nacional-de-juventude-e-sucesso-rural-2024.pdf\" style=\"background-color:#033b85;color:#ffffff;\">Baixar<i class=\"zmdi zmdi-cloud-download wpfd-download\"><\/i><\/a><a                            href=\"https:\/\/docs.google.com\/viewer?url=https%3A%2F%2Fportal.pi.gov.br%2Fcojuv%2Fwp-admin%2Fadmin-ajax.php%3Fjuwpfisadmin%3Dfalse%26action%3Dwpfd%26task%3Dfile.download%26wpfd_category_id%3D29%26wpfd_file_id%3D1496%26token%3D%26preview%3D1&#038;embedded=true\"                            class=\"openlink wpfdlightbox wpfd_previewlink\"                            target=\"\"                            data-id=\"1496\"                            data-catid=\"29\"                            data-file-type=\"pdf\">Visualizar<i class=\"zmdi zmdi-filter-center-focus wpfd-preview\"><\/i>                        <\/a>                        <\/td>                                    <\/tr>                            <tr class=\"file\" data-id=\"1495\"                    data-catid=\"29\">                    <td class=\"file_title\"><a class=\"wpfd_downloadlink\" href=\"https:\/\/portal.pi.gov.br\/cojuv\/download\/29\/acervo\/1495\/cartilha-saude-mental.pdf\" title=\"Cartilha-Sa\u00fade-Mental\"><span class=\"extcol\">                                <span class=\"ext ext-pdf\"><\/span>                                Cartilha-Sa\u00fade-Mental                            <\/span><\/a><\/td><td class=\"file_size\">1.57 MB<\/td><td class=\"file_created\">19-05-2025<\/td>                                            <td class=\"col-download\">                            <a class=\"downloadlink wpfd_downloadlink\"  href=\"https:\/\/portal.pi.gov.br\/cojuv\/download\/29\/acervo\/1495\/cartilha-saude-mental.pdf\" style=\"background-color:#033b85;color:#ffffff;\">Baixar<i class=\"zmdi zmdi-cloud-download wpfd-download\"><\/i><\/a><a                            href=\"https:\/\/docs.google.com\/viewer?url=https%3A%2F%2Fportal.pi.gov.br%2Fcojuv%2Fwp-admin%2Fadmin-ajax.php%3Fjuwpfisadmin%3Dfalse%26action%3Dwpfd%26task%3Dfile.download%26wpfd_category_id%3D29%26wpfd_file_id%3D1495%26token%3D%26preview%3D1&#038;embedded=true\"                            class=\"openlink wpfdlightbox wpfd_previewlink\"                            target=\"\"                            data-id=\"1495\"                            data-catid=\"29\"                            data-file-type=\"pdf\">Visualizar<i class=\"zmdi zmdi-filter-center-focus wpfd-preview\"><\/i>                        <\/a>                        <\/td>                                    <\/tr>                            <tr class=\"file\" data-id=\"1494\"                    data-catid=\"29\">                    <td class=\"file_title\"><a class=\"wpfd_downloadlink\" href=\"https:\/\/portal.pi.gov.br\/cojuv\/download\/29\/acervo\/1494\/relatorio-final-4a-confere%cc%82ncia-de-juventude-1-1.pdf\" title=\"Relato\u0301rio-Final-4\u00aa-Confere\u0302ncia-de-Juventude-1.1\"><span class=\"extcol\">                                <span class=\"ext ext-pdf\"><\/span>                                Relato\u0301rio-Final-4\u00aa-Confere\u0302ncia-de-Juventude-1.1                            <\/span><\/a><\/td><td class=\"file_size\">9.61 MB<\/td><td class=\"file_created\">19-05-2025<\/td>                                            <td class=\"col-download\">                            <a class=\"downloadlink wpfd_downloadlink\"  href=\"https:\/\/portal.pi.gov.br\/cojuv\/download\/29\/acervo\/1494\/relatorio-final-4a-confere%cc%82ncia-de-juventude-1-1.pdf\" style=\"background-color:#033b85;color:#ffffff;\">Baixar<i class=\"zmdi zmdi-cloud-download wpfd-download\"><\/i><\/a><a                            href=\"https:\/\/docs.google.com\/viewer?url=https%3A%2F%2Fportal.pi.gov.br%2Fcojuv%2Fwp-admin%2Fadmin-ajax.php%3Fjuwpfisadmin%3Dfalse%26action%3Dwpfd%26task%3Dfile.download%26wpfd_category_id%3D29%26wpfd_file_id%3D1494%26token%3D%26preview%3D1&#038;embedded=true\"                            class=\"openlink wpfdlightbox wpfd_previewlink\"                            target=\"\"                            data-id=\"1494\"                            data-catid=\"29\"                            data-file-type=\"pdf\">Visualizar<i class=\"zmdi zmdi-filter-center-focus wpfd-preview\"><\/i>                        <\/a>                        <\/td>                                    <\/tr>                            <tr class=\"file\" data-id=\"1493\"                    data-catid=\"29\">                    <td class=\"file_title\"><a class=\"wpfd_downloadlink\" href=\"https:\/\/portal.pi.gov.br\/cojuv\/download\/29\/acervo\/1493\/cojuv-estatuto-da-juventude-2024-2.pdf\" title=\"COJUV-ESTATUTO DA JUVENTUDE-2024\"><span class=\"icon-custom\">                                <img src=\"https:\/\/portal.pi.gov.br\/cojuv\/wp-content\/uploads\/sites\/98\/2025\/05\/ESTATUTO-DA-JUVENTUDE_COJUV_PIAUI-150x150.png\">                                <span class=\"icon-custom-title\">                                    COJUV-ESTATUTO DA JUVENTUDE-2024                                <\/span>                            <\/span><\/a><\/td><td class=\"file_size\">5.50 MB<\/td><td class=\"file_created\">19-05-2025<\/td>                                            <td class=\"col-download\">                            <a class=\"downloadlink wpfd_downloadlink\"  href=\"https:\/\/portal.pi.gov.br\/cojuv\/download\/29\/acervo\/1493\/cojuv-estatuto-da-juventude-2024-2.pdf\" style=\"background-color:#033b85;color:#ffffff;\">Baixar<i class=\"zmdi zmdi-cloud-download wpfd-download\"><\/i><\/a><a                            href=\"https:\/\/docs.google.com\/viewer?url=https%3A%2F%2Fportal.pi.gov.br%2Fcojuv%2Fwp-admin%2Fadmin-ajax.php%3Fjuwpfisadmin%3Dfalse%26action%3Dwpfd%26task%3Dfile.download%26wpfd_category_id%3D29%26wpfd_file_id%3D1493%26token%3D%26preview%3D1&#038;embedded=true\"                            class=\"openlink wpfdlightbox wpfd_previewlink\"                            target=\"\"                            data-id=\"1493\"                            data-catid=\"29\"                            data-file-type=\"pdf\">Visualizar<i class=\"zmdi zmdi-filter-center-focus wpfd-preview\"><\/i>                        <\/a>                        <\/td>                                    <\/tr>                            <tr class=\"file\" data-id=\"1469\"                    data-catid=\"29\">                    <td class=\"file_title\"><a class=\"wpfd_downloadlink\" href=\"https:\/\/portal.pi.gov.br\/cojuv\/download\/29\/acervo\/1469\/2024-plano-juventude-negra-viva.pdf\" title=\"2024 Plano Juventude Negra Viva\"><span class=\"extcol\">                                <span class=\"ext ext-pdf\"><\/span>                                2024 Plano Juventude Negra Viva                            <\/span><\/a><\/td><td class=\"file_size\">7.42 MB<\/td><td class=\"file_created\">15-05-2025<\/td>                                            <td class=\"col-download\">                            <a class=\"downloadlink wpfd_downloadlink\"  href=\"https:\/\/portal.pi.gov.br\/cojuv\/download\/29\/acervo\/1469\/2024-plano-juventude-negra-viva.pdf\" style=\"background-color:#033b85;color:#ffffff;\">Baixar<i class=\"zmdi zmdi-cloud-download wpfd-download\"><\/i><\/a><a                            href=\"https:\/\/docs.google.com\/viewer?url=https%3A%2F%2Fportal.pi.gov.br%2Fcojuv%2Fwp-admin%2Fadmin-ajax.php%3Fjuwpfisadmin%3Dfalse%26action%3Dwpfd%26task%3Dfile.download%26wpfd_category_id%3D29%26wpfd_file_id%3D1469%26token%3D%26preview%3D1&#038;embedded=true\"                            class=\"openlink wpfdlightbox wpfd_previewlink\"                            target=\"\"                            data-id=\"1469\"                            data-catid=\"29\"                            data-file-type=\"pdf\">Visualizar<i class=\"zmdi zmdi-filter-center-focus wpfd-preview\"><\/i>                        <\/a>                        <\/td>                                    <\/tr>                        <\/tbody>        <\/table>            <\/div><\/div><\/div>\n\n\n\n<p>Espa\u00e7o para disponibilizar as publica\u00e7\u00f5es de relev\u00e2ncia para as PPJ\u2019S. Servir de biblioteca virtual a fim de permitir acesso, consulta e inclusive baixar a publica\u00e7\u00e3o dispon\u00edvel<\/p>\n\n\n\n<div class=\"wp-block-file\"><object class=\"wp-block-file__embed\" data=\"https:\/\/portal.pi.gov.br\/cojuv\/wp-content\/uploads\/sites\/98\/2025\/05\/Plano-Estadual-de-Juventude-do-Piaui-2.pdf\" type=\"application\/pdf\" style=\"width:100%;height:600px\" aria-label=\"Incorporado de Plano-Estadual-de-Juventude-do-Piaui-2.\"><\/object><a id=\"wp-block-file--media-44149b6b-e8f6-418f-a0f6-95a675704425\" href=\"https:\/\/portal.pi.gov.br\/cojuv\/wp-content\/uploads\/sites\/98\/2025\/05\/Plano-Estadual-de-Juventude-do-Piaui-2.pdf\">Plano-Estadual-de-Juventude-do-Piaui-2<\/a><a href=\"https:\/\/portal.pi.gov.br\/cojuv\/wp-content\/uploads\/sites\/98\/2025\/05\/Plano-Estadual-de-Juventude-do-Piaui-2.pdf\" class=\"wp-block-file__button wp-element-button\" download aria-describedby=\"wp-block-file--media-44149b6b-e8f6-418f-a0f6-95a675704425\">Baixar<\/a><\/div>\n","protected":false},"excerpt":{"rendered":"<p>Espa\u00e7o para disponibilizar as publica\u00e7\u00f5es de relev\u00e2ncia para as PPJ\u2019S. Servir de biblioteca virtual a fim de permitir acesso, consulta e inclusive baixar a publica\u00e7\u00e3o dispon\u00edvel<\/p>\n","protected":false},"author":1,"featured_media":0,"parent":0,"menu_order":0,"comment_status":"closed","ping_status":"closed","template":"template-fullwidth.php","meta":[],"featured_image_urls":{"full":"","thumbnail":"","medium":"","medium_large":"","large":"","sgg-420":"","sgg-540":"","sgg-780":"","1536x1536":"","2048x2048":"","homepage-slider":"","homepage-slider-small":"","page-top":"","page-small":"","loop-main":"","thumb-gallery-widget":""},"post_excerpt_stackable":"<p>T\u00edtuloTamanhoData de Publica\u00e7\u00e3oBaixar Guia_de_Institucionalizacao_das_PPJ 2.04 MB22-05-2025 BaixarVisualizar Plano Estadual de Juventude do Piau\u00ed 9.11 MB22-05-2025 BaixarVisualizar Caderno do EU 3.97 MB19-05-2025 BaixarVisualizar Plano Nacional de Juventude e Sucesso Rural 2024 5.98 MB19-05-2025 BaixarVisualizar Cartilha-Sa\u00fade-Mental 1.57 MB19-05-2025 BaixarVisualizar Relato\u0301rio-Final-4\u00aa-Confere\u0302ncia-de-Juventude-1.1 9.61 MB19-05-2025 BaixarVisualizar COJUV-ESTATUTO DA JUVENTUDE-2024 5.50 MB19-05-2025 BaixarVisualizar 2024 Plano Juventude Negra Viva 7.42 MB15-05-2025 BaixarVisualizar Espa\u00e7o para disponibilizar as publica\u00e7\u00f5es de relev\u00e2ncia para as PPJ\u2019S. Servir de biblioteca virtual a fim de permitir acesso, consulta e inclusive baixar a publica\u00e7\u00e3o dispon\u00edvel Plano-Estadual-de-Juventude-do-Piaui-2Baixar<\/p>\n","category_list":"","author_info":{"name":"admin","url":"https:\/\/portal.pi.gov.br\/cojuv\/author\/admin\/"},"comments_num":"0 coment\u00e1rio","featured_image_urls_v2":{"full":"","thumbnail":"","medium":"","medium_large":"","large":"","sgg-420":"","sgg-540":"","sgg-780":"","1536x1536":"","2048x2048":"","homepage-slider":"","homepage-slider-small":"","page-top":"","page-small":"","loop-main":"","thumb-gallery-widget":""},"post_excerpt_stackable_v2":"<p>T\u00edtuloTamanhoData de Publica\u00e7\u00e3oBaixar Guia_de_Institucionalizacao_das_PPJ 2.04 MB22-05-2025 BaixarVisualizar Plano Estadual de Juventude do Piau\u00ed 9.11 MB22-05-2025 BaixarVisualizar Caderno do EU 3.97 MB19-05-2025 BaixarVisualizar Plano Nacional de Juventude e Sucesso Rural 2024 5.98 MB19-05-2025 BaixarVisualizar Cartilha-Sa\u00fade-Mental 1.57 MB19-05-2025 BaixarVisualizar Relato\u0301rio-Final-4\u00aa-Confere\u0302ncia-de-Juventude-1.1 9.61 MB19-05-2025 BaixarVisualizar COJUV-ESTATUTO DA JUVENTUDE-2024 5.50 MB19-05-2025 BaixarVisualizar 2024 Plano Juventude Negra Viva 7.42 MB15-05-2025 BaixarVisualizar Espa\u00e7o para disponibilizar as publica\u00e7\u00f5es de relev\u00e2ncia para as PPJ\u2019S. Servir de biblioteca virtual a fim de permitir acesso, consulta e inclusive baixar a publica\u00e7\u00e3o dispon\u00edvel Plano-Estadual-de-Juventude-do-Piaui-2Baixar<\/p>\n","category_list_v2":"","author_info_v2":{"name":"admin","url":"https:\/\/portal.pi.gov.br\/cojuv\/author\/admin\/"},"comments_num_v2":"0 coment\u00e1rio","_links":{"self":[{"href":"https:\/\/portal.pi.gov.br\/cojuv\/wp-json\/wp\/v2\/pages\/961"}],"collection":[{"href":"https:\/\/portal.pi.gov.br\/cojuv\/wp-json\/wp\/v2\/pages"}],"about":[{"href":"https:\/\/portal.pi.gov.br\/cojuv\/wp-json\/wp\/v2\/types\/page"}],"author":[{"embeddable":true,"href":"https:\/\/portal.pi.gov.br\/cojuv\/wp-json\/wp\/v2\/users\/1"}],"replies":[{"embeddable":true,"href":"https:\/\/portal.pi.gov.br\/cojuv\/wp-json\/wp\/v2\/comments?post=961"}],"version-history":[{"count":5,"href":"https:\/\/portal.pi.gov.br\/cojuv\/wp-json\/wp\/v2\/pages\/961\/revisions"}],"predecessor-version":[{"id":1539,"href":"https:\/\/portal.pi.gov.br\/cojuv\/wp-json\/wp\/v2\/pages\/961\/revisions\/1539"}],"wp:attachment":[{"href":"https:\/\/portal.pi.gov.br\/cojuv\/wp-json\/wp\/v2\/media?parent=961"}],"curies":[{"name":"wp","href":"https:\/\/api.w.org\/{rel}","templated":true}]}}