{"id":965,"date":"2024-07-22T08:40:44","date_gmt":"2024-07-22T11:40:44","guid":{"rendered":"https:\/\/portal.pi.gov.br\/cojuv\/?page_id=965"},"modified":"2024-11-19T13:26:28","modified_gmt":"2024-11-19T16:26:28","slug":"diagnostico-da-juventude-piauiense","status":"publish","type":"page","link":"https:\/\/portal.pi.gov.br\/cojuv\/diagnostico-da-juventude-piauiense\/","title":{"rendered":"Diagn\u00f3stico da Juventude Piauiense"},"content":{"rendered":"\n<p>O diagn\u00f3stico da juventude piauiense\u00a0\u00e9 um projeto que visa construir um panorama da realidade juvenil do estado, por meio da an\u00e1lise de dados socioecon\u00f4micos, educacionais, culturais e de sa\u00fade.\u00a0O objetivo \u00e9 fornecer subs\u00eddios para a formula\u00e7\u00e3o de pol\u00edticas p\u00fablicas.<br><br>O projeto \u00e9 uma parceria entre a Coordenadoria Estadual de Juventude (Cojuv) e a Funda\u00e7\u00e3o de Amparo \u00e0 Pesquisa do Piau\u00ed (FAPEPI).\u00a0<br><\/p>\n\n\n\n<p>Confira os indicadores da juventude clicando no bot\u00e3o abaixo;<br><\/p>\n\n\n\n<figure class=\"wp-block-image size-large\"><a href=\"https:\/\/app.powerbi.com\/view?r=eyJrIjoiNjlhNDUxZWUtZjFlZi00NjVhLWE2YmItNTc5NWUwMTEwOGI0IiwidCI6Ijg2NmNkMTY1LWNmNDMtNGYyOS04YjU3LTcxMWFmMmM2ZjM3MSJ9\" target=\"_blank\" rel=\"noreferrer noopener\"><img decoding=\"async\" loading=\"lazy\" width=\"1024\" height=\"576\" src=\"https:\/\/portal.pi.gov.br\/cojuv\/wp-content\/uploads\/sites\/98\/2024\/11\/MYSTIC-5-1024x576.png\" alt=\"\" class=\"wp-image-1281\" srcset=\"https:\/\/portal.pi.gov.br\/cojuv\/wp-content\/uploads\/sites\/98\/2024\/11\/MYSTIC-5-1024x576.png 1024w, https:\/\/portal.pi.gov.br\/cojuv\/wp-content\/uploads\/sites\/98\/2024\/11\/MYSTIC-5-300x169.png 300w, https:\/\/portal.pi.gov.br\/cojuv\/wp-content\/uploads\/sites\/98\/2024\/11\/MYSTIC-5-768x432.png 768w, https:\/\/portal.pi.gov.br\/cojuv\/wp-content\/uploads\/sites\/98\/2024\/11\/MYSTIC-5-420x236.png 420w, https:\/\/portal.pi.gov.br\/cojuv\/wp-content\/uploads\/sites\/98\/2024\/11\/MYSTIC-5-540x304.png 540w, https:\/\/portal.pi.gov.br\/cojuv\/wp-content\/uploads\/sites\/98\/2024\/11\/MYSTIC-5-780x439.png 780w, https:\/\/portal.pi.gov.br\/cojuv\/wp-content\/uploads\/sites\/98\/2024\/11\/MYSTIC-5-1536x864.png 1536w, https:\/\/portal.pi.gov.br\/cojuv\/wp-content\/uploads\/sites\/98\/2024\/11\/MYSTIC-5-2048x1152.png 2048w, https:\/\/portal.pi.gov.br\/cojuv\/wp-content\/uploads\/sites\/98\/2024\/11\/MYSTIC-5-947x533.png 947w, https:\/\/portal.pi.gov.br\/cojuv\/wp-content\/uploads\/sites\/98\/2024\/11\/MYSTIC-5-624x351.png 624w\" sizes=\"(max-width: 1024px) 100vw, 1024px\" \/><\/a><\/figure>\n","protected":false},"excerpt":{"rendered":"<p>O diagn\u00f3stico da juventude piauiense\u00a0\u00e9 um projeto que visa construir um panorama da realidade juvenil do estado, por meio da an\u00e1lise de dados socioecon\u00f4micos, educacionais, culturais e de sa\u00fade.\u00a0O objetivo [&hellip;]<\/p>\n","protected":false},"author":1,"featured_media":0,"parent":0,"menu_order":0,"comment_status":"closed","ping_status":"closed","template":"template-fullwidth.php","meta":[],"featured_image_urls":{"full":"","thumbnail":"","medium":"","medium_large":"","large":"","sgg-420":"","sgg-540":"","sgg-780":"","1536x1536":"","2048x2048":"","homepage-slider":"","homepage-slider-small":"","page-top":"","page-small":"","loop-main":"","thumb-gallery-widget":""},"post_excerpt_stackable":"<p>O diagn\u00f3stico da juventude piauiense\u00a0\u00e9 um projeto que visa construir um panorama da realidade juvenil do estado, por meio da an\u00e1lise de dados socioecon\u00f4micos, educacionais, culturais e de sa\u00fade.\u00a0O objetivo \u00e9 fornecer subs\u00eddios para a formula\u00e7\u00e3o de pol\u00edticas p\u00fablicas.O projeto \u00e9 uma parceria entre a Coordenadoria Estadual de Juventude (Cojuv) e a Funda\u00e7\u00e3o de Amparo \u00e0 Pesquisa do Piau\u00ed (FAPEPI).\u00a0 Confira os indicadores da juventude clicando no bot\u00e3o abaixo;<\/p>\n","category_list":"","author_info":{"name":"admin","url":"https:\/\/portal.pi.gov.br\/cojuv\/author\/admin\/"},"comments_num":"0 coment\u00e1rio","featured_image_urls_v2":{"full":"","thumbnail":"","medium":"","medium_large":"","large":"","sgg-420":"","sgg-540":"","sgg-780":"","1536x1536":"","2048x2048":"","homepage-slider":"","homepage-slider-small":"","page-top":"","page-small":"","loop-main":"","thumb-gallery-widget":""},"post_excerpt_stackable_v2":"<p>O diagn\u00f3stico da juventude piauiense\u00a0\u00e9 um projeto que visa construir um panorama da realidade juvenil do estado, por meio da an\u00e1lise de dados socioecon\u00f4micos, educacionais, culturais e de sa\u00fade.\u00a0O objetivo \u00e9 fornecer subs\u00eddios para a formula\u00e7\u00e3o de pol\u00edticas p\u00fablicas.O projeto \u00e9 uma parceria entre a Coordenadoria Estadual de Juventude (Cojuv) e a Funda\u00e7\u00e3o de Amparo \u00e0 Pesquisa do Piau\u00ed (FAPEPI).\u00a0 Confira os indicadores da juventude clicando no bot\u00e3o abaixo;<\/p>\n","category_list_v2":"","author_info_v2":{"name":"admin","url":"https:\/\/portal.pi.gov.br\/cojuv\/author\/admin\/"},"comments_num_v2":"0 coment\u00e1rio","_links":{"self":[{"href":"https:\/\/portal.pi.gov.br\/cojuv\/wp-json\/wp\/v2\/pages\/965"}],"collection":[{"href":"https:\/\/portal.pi.gov.br\/cojuv\/wp-json\/wp\/v2\/pages"}],"about":[{"href":"https:\/\/portal.pi.gov.br\/cojuv\/wp-json\/wp\/v2\/types\/page"}],"author":[{"embeddable":true,"href":"https:\/\/portal.pi.gov.br\/cojuv\/wp-json\/wp\/v2\/users\/1"}],"replies":[{"embeddable":true,"href":"https:\/\/portal.pi.gov.br\/cojuv\/wp-json\/wp\/v2\/comments?post=965"}],"version-history":[{"count":5,"href":"https:\/\/portal.pi.gov.br\/cojuv\/wp-json\/wp\/v2\/pages\/965\/revisions"}],"predecessor-version":[{"id":1284,"href":"https:\/\/portal.pi.gov.br\/cojuv\/wp-json\/wp\/v2\/pages\/965\/revisions\/1284"}],"wp:attachment":[{"href":"https:\/\/portal.pi.gov.br\/cojuv\/wp-json\/wp\/v2\/media?parent=965"}],"curies":[{"name":"wp","href":"https:\/\/api.w.org\/{rel}","templated":true}]}}