{"id":967,"date":"2024-07-22T08:41:10","date_gmt":"2024-07-22T11:41:10","guid":{"rendered":"https:\/\/portal.pi.gov.br\/cojuv\/?page_id=967"},"modified":"2024-11-19T15:22:30","modified_gmt":"2024-11-19T18:22:30","slug":"pesquisa-perfil-da-juventude-piauiense","status":"publish","type":"page","link":"https:\/\/portal.pi.gov.br\/cojuv\/pesquisa-perfil-da-juventude-piauiense\/","title":{"rendered":"Pesquisa &#8211; Perfil da Juventude Piauiense"},"content":{"rendered":"\n<p>O espa\u00e7o de pesquisas com a juventude \u00e9 uma ferramenta essencial para fortalecer a participa\u00e7\u00e3o dos jovens na constru\u00e7\u00e3o de pol\u00edticas p\u00fablicas. Esse espa\u00e7o foi criado com o objetivo de ouvir diretamente a juventude de diferentes territ\u00f3rios do estado, permitindo a contribui\u00e7\u00e3o ativa no processo de levantamento de dados sobre as realidades, desafios e expectativas dos jovens do Piau\u00ed.<\/p>\n\n\n\n<p>Ao acessar esse espa\u00e7o, voc\u00ea t\u00eam a oportunidade de participar de pesquisas e enquetes que ajudam a mapear quest\u00f5es importantes como educa\u00e7\u00e3o, trabalho, cultura, sa\u00fade, lazer, inclus\u00e3o social, entre outras. Essa participa\u00e7\u00e3o garante que as pol\u00edticas p\u00fablicas sejam mais representativas e alinhadas \u00e0s demandas reais, e promove o protagonismo juvenil no processo de formula\u00e7\u00e3o das a\u00e7\u00f5es governamentais.<\/p>\n\n\n\n<figure class=\"wp-block-image size-large\"><img decoding=\"async\" loading=\"lazy\" width=\"1024\" height=\"576\" src=\"https:\/\/portal.pi.gov.br\/cojuv\/wp-content\/uploads\/sites\/98\/2024\/11\/MYSTIC-7-1024x576.png\" alt=\"\" class=\"wp-image-1302\" srcset=\"https:\/\/portal.pi.gov.br\/cojuv\/wp-content\/uploads\/sites\/98\/2024\/11\/MYSTIC-7-1024x576.png 1024w, https:\/\/portal.pi.gov.br\/cojuv\/wp-content\/uploads\/sites\/98\/2024\/11\/MYSTIC-7-300x169.png 300w, https:\/\/portal.pi.gov.br\/cojuv\/wp-content\/uploads\/sites\/98\/2024\/11\/MYSTIC-7-768x432.png 768w, https:\/\/portal.pi.gov.br\/cojuv\/wp-content\/uploads\/sites\/98\/2024\/11\/MYSTIC-7-420x236.png 420w, https:\/\/portal.pi.gov.br\/cojuv\/wp-content\/uploads\/sites\/98\/2024\/11\/MYSTIC-7-540x304.png 540w, https:\/\/portal.pi.gov.br\/cojuv\/wp-content\/uploads\/sites\/98\/2024\/11\/MYSTIC-7-780x439.png 780w, https:\/\/portal.pi.gov.br\/cojuv\/wp-content\/uploads\/sites\/98\/2024\/11\/MYSTIC-7-1536x864.png 1536w, https:\/\/portal.pi.gov.br\/cojuv\/wp-content\/uploads\/sites\/98\/2024\/11\/MYSTIC-7-2048x1152.png 2048w, https:\/\/portal.pi.gov.br\/cojuv\/wp-content\/uploads\/sites\/98\/2024\/11\/MYSTIC-7-947x533.png 947w, https:\/\/portal.pi.gov.br\/cojuv\/wp-content\/uploads\/sites\/98\/2024\/11\/MYSTIC-7-624x351.png 624w\" sizes=\"(max-width: 1024px) 100vw, 1024px\" \/><\/figure>\n","protected":false},"excerpt":{"rendered":"<p>O espa\u00e7o de pesquisas com a juventude \u00e9 uma ferramenta essencial para fortalecer a participa\u00e7\u00e3o dos jovens na constru\u00e7\u00e3o de pol\u00edticas p\u00fablicas. Esse espa\u00e7o foi criado com o objetivo de [&hellip;]<\/p>\n","protected":false},"author":1,"featured_media":0,"parent":0,"menu_order":0,"comment_status":"closed","ping_status":"closed","template":"template-fullwidth.php","meta":[],"featured_image_urls":{"full":"","thumbnail":"","medium":"","medium_large":"","large":"","sgg-420":"","sgg-540":"","sgg-780":"","1536x1536":"","2048x2048":"","homepage-slider":"","homepage-slider-small":"","page-top":"","page-small":"","loop-main":"","thumb-gallery-widget":""},"post_excerpt_stackable":"<p>O espa\u00e7o de pesquisas com a juventude \u00e9 uma ferramenta essencial para fortalecer a participa\u00e7\u00e3o dos jovens na constru\u00e7\u00e3o de pol\u00edticas p\u00fablicas. Esse espa\u00e7o foi criado com o objetivo de ouvir diretamente a juventude de diferentes territ\u00f3rios do estado, permitindo a contribui\u00e7\u00e3o ativa no processo de levantamento de dados sobre as realidades, desafios e expectativas dos jovens do Piau\u00ed. Ao acessar esse espa\u00e7o, voc\u00ea t\u00eam a oportunidade de participar de pesquisas e enquetes que ajudam a mapear quest\u00f5es importantes como educa\u00e7\u00e3o, trabalho, cultura, sa\u00fade, lazer, inclus\u00e3o social, entre outras. Essa participa\u00e7\u00e3o garante que as pol\u00edticas p\u00fablicas sejam mais representativas e&hellip;<\/p>\n","category_list":"","author_info":{"name":"admin","url":"https:\/\/portal.pi.gov.br\/cojuv\/author\/admin\/"},"comments_num":"0 coment\u00e1rio","featured_image_urls_v2":{"full":"","thumbnail":"","medium":"","medium_large":"","large":"","sgg-420":"","sgg-540":"","sgg-780":"","1536x1536":"","2048x2048":"","homepage-slider":"","homepage-slider-small":"","page-top":"","page-small":"","loop-main":"","thumb-gallery-widget":""},"post_excerpt_stackable_v2":"<p>O espa\u00e7o de pesquisas com a juventude \u00e9 uma ferramenta essencial para fortalecer a participa\u00e7\u00e3o dos jovens na constru\u00e7\u00e3o de pol\u00edticas p\u00fablicas. Esse espa\u00e7o foi criado com o objetivo de ouvir diretamente a juventude de diferentes territ\u00f3rios do estado, permitindo a contribui\u00e7\u00e3o ativa no processo de levantamento de dados sobre as realidades, desafios e expectativas dos jovens do Piau\u00ed. Ao acessar esse espa\u00e7o, voc\u00ea t\u00eam a oportunidade de participar de pesquisas e enquetes que ajudam a mapear quest\u00f5es importantes como educa\u00e7\u00e3o, trabalho, cultura, sa\u00fade, lazer, inclus\u00e3o social, entre outras. Essa participa\u00e7\u00e3o garante que as pol\u00edticas p\u00fablicas sejam mais representativas e&hellip;<\/p>\n","category_list_v2":"","author_info_v2":{"name":"admin","url":"https:\/\/portal.pi.gov.br\/cojuv\/author\/admin\/"},"comments_num_v2":"0 coment\u00e1rio","_links":{"self":[{"href":"https:\/\/portal.pi.gov.br\/cojuv\/wp-json\/wp\/v2\/pages\/967"}],"collection":[{"href":"https:\/\/portal.pi.gov.br\/cojuv\/wp-json\/wp\/v2\/pages"}],"about":[{"href":"https:\/\/portal.pi.gov.br\/cojuv\/wp-json\/wp\/v2\/types\/page"}],"author":[{"embeddable":true,"href":"https:\/\/portal.pi.gov.br\/cojuv\/wp-json\/wp\/v2\/users\/1"}],"replies":[{"embeddable":true,"href":"https:\/\/portal.pi.gov.br\/cojuv\/wp-json\/wp\/v2\/comments?post=967"}],"version-history":[{"count":7,"href":"https:\/\/portal.pi.gov.br\/cojuv\/wp-json\/wp\/v2\/pages\/967\/revisions"}],"predecessor-version":[{"id":1305,"href":"https:\/\/portal.pi.gov.br\/cojuv\/wp-json\/wp\/v2\/pages\/967\/revisions\/1305"}],"wp:attachment":[{"href":"https:\/\/portal.pi.gov.br\/cojuv\/wp-json\/wp\/v2\/media?parent=967"}],"curies":[{"name":"wp","href":"https:\/\/api.w.org\/{rel}","templated":true}]}}