{"id":969,"date":"2024-07-22T08:41:31","date_gmt":"2024-07-22T11:41:31","guid":{"rendered":"https:\/\/portal.pi.gov.br\/cojuv\/?page_id=969"},"modified":"2024-11-19T15:27:44","modified_gmt":"2024-11-19T18:27:44","slug":"cadastre-sua-pesquisa-sobre-juventude","status":"publish","type":"page","link":"https:\/\/portal.pi.gov.br\/cojuv\/cadastre-sua-pesquisa-sobre-juventude\/","title":{"rendered":"Cadastre sua pesquisa sobre juventude"},"content":{"rendered":"\n<p>O espa\u00e7o de <strong>Cadastro de Pesquisa sobre Juventude<\/strong> \u00e9 um ambiente criado para reunir e organizar informa\u00e7\u00f5es sobre estudos que abordam as diversas realidades juvenis. Esse espa\u00e7o tem como objetivo principal registrar pesquisas realizadas por acad\u00eamicos, cientistas e institui\u00e7\u00f5es que se dedicam ao estudo das juventudes, ampliando o conhecimento sobre essa popula\u00e7\u00e3o e suas especificidades.<\/p>\n\n\n\n<p>Ao cadastrar suas pesquisas, os estudiosos contribuem para a forma\u00e7\u00e3o de um banco de dados diverso e atualizado, que serve como refer\u00eancia para a formula\u00e7\u00e3o de pol\u00edticas p\u00fablicas e projetos direcionados \u00e0 juventude piauiense. Esse registro facilita o acesso \u00e0s informa\u00e7\u00f5es cient\u00edficas pela Coordenadoria, cria oportunidades de articula\u00e7\u00e3o entre pesquisadores e gestores p\u00fablicos, e promove uma troca de conhecimentos que beneficia tanto a produ\u00e7\u00e3o acad\u00eamica quanto a gest\u00e3o p\u00fablica.<\/p>\n\n\n\n<p><\/p>\n","protected":false},"excerpt":{"rendered":"<p>O espa\u00e7o de Cadastro de Pesquisa sobre Juventude \u00e9 um ambiente criado para reunir e organizar informa\u00e7\u00f5es sobre estudos que abordam as diversas realidades juvenis. Esse espa\u00e7o tem como objetivo [&hellip;]<\/p>\n","protected":false},"author":1,"featured_media":0,"parent":0,"menu_order":0,"comment_status":"closed","ping_status":"closed","template":"template-fullwidth.php","meta":[],"featured_image_urls":{"full":"","thumbnail":"","medium":"","medium_large":"","large":"","sgg-420":"","sgg-540":"","sgg-780":"","1536x1536":"","2048x2048":"","homepage-slider":"","homepage-slider-small":"","page-top":"","page-small":"","loop-main":"","thumb-gallery-widget":""},"post_excerpt_stackable":"<p>O espa\u00e7o de Cadastro de Pesquisa sobre Juventude \u00e9 um ambiente criado para reunir e organizar informa\u00e7\u00f5es sobre estudos que abordam as diversas realidades juvenis. Esse espa\u00e7o tem como objetivo principal registrar pesquisas realizadas por acad\u00eamicos, cientistas e institui\u00e7\u00f5es que se dedicam ao estudo das juventudes, ampliando o conhecimento sobre essa popula\u00e7\u00e3o e suas especificidades. Ao cadastrar suas pesquisas, os estudiosos contribuem para a forma\u00e7\u00e3o de um banco de dados diverso e atualizado, que serve como refer\u00eancia para a formula\u00e7\u00e3o de pol\u00edticas p\u00fablicas e projetos direcionados \u00e0 juventude piauiense. Esse registro facilita o acesso \u00e0s informa\u00e7\u00f5es cient\u00edficas pela Coordenadoria, cria&hellip;<\/p>\n","category_list":"","author_info":{"name":"admin","url":"https:\/\/portal.pi.gov.br\/cojuv\/author\/admin\/"},"comments_num":"0 coment\u00e1rio","featured_image_urls_v2":{"full":"","thumbnail":"","medium":"","medium_large":"","large":"","sgg-420":"","sgg-540":"","sgg-780":"","1536x1536":"","2048x2048":"","homepage-slider":"","homepage-slider-small":"","page-top":"","page-small":"","loop-main":"","thumb-gallery-widget":""},"post_excerpt_stackable_v2":"<p>O espa\u00e7o de Cadastro de Pesquisa sobre Juventude \u00e9 um ambiente criado para reunir e organizar informa\u00e7\u00f5es sobre estudos que abordam as diversas realidades juvenis. Esse espa\u00e7o tem como objetivo principal registrar pesquisas realizadas por acad\u00eamicos, cientistas e institui\u00e7\u00f5es que se dedicam ao estudo das juventudes, ampliando o conhecimento sobre essa popula\u00e7\u00e3o e suas especificidades. Ao cadastrar suas pesquisas, os estudiosos contribuem para a forma\u00e7\u00e3o de um banco de dados diverso e atualizado, que serve como refer\u00eancia para a formula\u00e7\u00e3o de pol\u00edticas p\u00fablicas e projetos direcionados \u00e0 juventude piauiense. Esse registro facilita o acesso \u00e0s informa\u00e7\u00f5es cient\u00edficas pela Coordenadoria, cria&hellip;<\/p>\n","category_list_v2":"","author_info_v2":{"name":"admin","url":"https:\/\/portal.pi.gov.br\/cojuv\/author\/admin\/"},"comments_num_v2":"0 coment\u00e1rio","_links":{"self":[{"href":"https:\/\/portal.pi.gov.br\/cojuv\/wp-json\/wp\/v2\/pages\/969"}],"collection":[{"href":"https:\/\/portal.pi.gov.br\/cojuv\/wp-json\/wp\/v2\/pages"}],"about":[{"href":"https:\/\/portal.pi.gov.br\/cojuv\/wp-json\/wp\/v2\/types\/page"}],"author":[{"embeddable":true,"href":"https:\/\/portal.pi.gov.br\/cojuv\/wp-json\/wp\/v2\/users\/1"}],"replies":[{"embeddable":true,"href":"https:\/\/portal.pi.gov.br\/cojuv\/wp-json\/wp\/v2\/comments?post=969"}],"version-history":[{"count":3,"href":"https:\/\/portal.pi.gov.br\/cojuv\/wp-json\/wp\/v2\/pages\/969\/revisions"}],"predecessor-version":[{"id":1307,"href":"https:\/\/portal.pi.gov.br\/cojuv\/wp-json\/wp\/v2\/pages\/969\/revisions\/1307"}],"wp:attachment":[{"href":"https:\/\/portal.pi.gov.br\/cojuv\/wp-json\/wp\/v2\/media?parent=969"}],"curies":[{"name":"wp","href":"https:\/\/api.w.org\/{rel}","templated":true}]}}