{"id":971,"date":"2024-07-22T08:41:47","date_gmt":"2024-07-22T11:41:47","guid":{"rendered":"https:\/\/portal.pi.gov.br\/cojuv\/?page_id=971"},"modified":"2025-05-14T11:02:52","modified_gmt":"2025-05-14T14:02:52","slug":"conheca-o-programa","status":"publish","type":"page","link":"https:\/\/portal.pi.gov.br\/cojuv\/conheca-o-programa\/","title":{"rendered":"Conhe\u00e7a o programa"},"content":{"rendered":"\n<p>O Programa Oportunidade Jovem \u00e9 uma iniciativa que busca ampliar as chances de emprego, trabalho e gera\u00e7\u00e3o de renda para a juventude, promovendo a inclus\u00e3o de jovens no mercado de trabalho e contribuindo para o desenvolvimento socioecon\u00f4mico do estado. O programa atua por meio de diversos eixos, que oferecem oportunidades espec\u00edficas para o crescimento profissional e educacional:<\/p>\n\n\n\n<ul>\n<li>Est\u00e1gio Curricular Obrigat\u00f3rio de N\u00edvel M\u00e9dio;<br><\/li>\n\n\n\n<li>Monitoria Estudantil de N\u00edvel M\u00e9dio; <br><\/li>\n\n\n\n<li>Aprendizagem Profissional em Institui\u00e7\u00f5es Privadas;<br><\/li>\n\n\n\n<li>Est\u00e1gio Extracurricular;<br><\/li>\n\n\n\n<li>Aprendizagem Profissional em Institui\u00e7\u00f5es P\u00fablicas;<br><\/li>\n\n\n\n<li>Programa de Primeira Oportunidade. <\/li>\n<\/ul>\n\n\n\n<p><br>Com essas frentes, o Oportunidade Jovem busca capacitar e inserir os jovens em um mercado de trabalho mais competitivo e inclusivo, preparando-os para enfrentar os desafios do futuro.<\/p>\n\n\n\n<p><\/p>\n\n\n\n<p>Acesso o <a href=\"https:\/\/piauioportunidades.pi.gov.br\/\">Piau\u00ed Oportunidades<\/a>, d\u00ea o primeiro passo para uma carreira repleta de possibilidades e desenvolva habilidades t\u00e9cnicas e comportamentais essenciais para um futuro de sucesso.<\/p>\n","protected":false},"excerpt":{"rendered":"<p>O Programa Oportunidade Jovem \u00e9 uma iniciativa que busca ampliar as chances de emprego, trabalho e gera\u00e7\u00e3o de renda para a juventude, promovendo a inclus\u00e3o de jovens no mercado de [&hellip;]<\/p>\n","protected":false},"author":1,"featured_media":0,"parent":0,"menu_order":0,"comment_status":"closed","ping_status":"closed","template":"template-fullwidth.php","meta":[],"featured_image_urls":{"full":"","thumbnail":"","medium":"","medium_large":"","large":"","sgg-420":"","sgg-540":"","sgg-780":"","1536x1536":"","2048x2048":"","homepage-slider":"","homepage-slider-small":"","page-top":"","page-small":"","loop-main":"","thumb-gallery-widget":""},"post_excerpt_stackable":"<p>O Programa Oportunidade Jovem \u00e9 uma iniciativa que busca ampliar as chances de emprego, trabalho e gera\u00e7\u00e3o de renda para a juventude, promovendo a inclus\u00e3o de jovens no mercado de trabalho e contribuindo para o desenvolvimento socioecon\u00f4mico do estado. O programa atua por meio de diversos eixos, que oferecem oportunidades espec\u00edficas para o crescimento profissional e educacional: Est\u00e1gio Curricular Obrigat\u00f3rio de N\u00edvel M\u00e9dio; Monitoria Estudantil de N\u00edvel M\u00e9dio; Aprendizagem Profissional em Institui\u00e7\u00f5es Privadas; Est\u00e1gio Extracurricular; Aprendizagem Profissional em Institui\u00e7\u00f5es P\u00fablicas; Programa de Primeira Oportunidade. Com essas frentes, o Oportunidade Jovem busca capacitar e inserir os jovens em um mercado de&hellip;<\/p>\n","category_list":"","author_info":{"name":"admin","url":"https:\/\/portal.pi.gov.br\/cojuv\/author\/admin\/"},"comments_num":"0 coment\u00e1rio","featured_image_urls_v2":{"full":"","thumbnail":"","medium":"","medium_large":"","large":"","sgg-420":"","sgg-540":"","sgg-780":"","1536x1536":"","2048x2048":"","homepage-slider":"","homepage-slider-small":"","page-top":"","page-small":"","loop-main":"","thumb-gallery-widget":""},"post_excerpt_stackable_v2":"<p>O Programa Oportunidade Jovem \u00e9 uma iniciativa que busca ampliar as chances de emprego, trabalho e gera\u00e7\u00e3o de renda para a juventude, promovendo a inclus\u00e3o de jovens no mercado de trabalho e contribuindo para o desenvolvimento socioecon\u00f4mico do estado. O programa atua por meio de diversos eixos, que oferecem oportunidades espec\u00edficas para o crescimento profissional e educacional: Est\u00e1gio Curricular Obrigat\u00f3rio de N\u00edvel M\u00e9dio; Monitoria Estudantil de N\u00edvel M\u00e9dio; Aprendizagem Profissional em Institui\u00e7\u00f5es Privadas; Est\u00e1gio Extracurricular; Aprendizagem Profissional em Institui\u00e7\u00f5es P\u00fablicas; Programa de Primeira Oportunidade. Com essas frentes, o Oportunidade Jovem busca capacitar e inserir os jovens em um mercado de&hellip;<\/p>\n","category_list_v2":"","author_info_v2":{"name":"admin","url":"https:\/\/portal.pi.gov.br\/cojuv\/author\/admin\/"},"comments_num_v2":"0 coment\u00e1rio","_links":{"self":[{"href":"https:\/\/portal.pi.gov.br\/cojuv\/wp-json\/wp\/v2\/pages\/971"}],"collection":[{"href":"https:\/\/portal.pi.gov.br\/cojuv\/wp-json\/wp\/v2\/pages"}],"about":[{"href":"https:\/\/portal.pi.gov.br\/cojuv\/wp-json\/wp\/v2\/types\/page"}],"author":[{"embeddable":true,"href":"https:\/\/portal.pi.gov.br\/cojuv\/wp-json\/wp\/v2\/users\/1"}],"replies":[{"embeddable":true,"href":"https:\/\/portal.pi.gov.br\/cojuv\/wp-json\/wp\/v2\/comments?post=971"}],"version-history":[{"count":7,"href":"https:\/\/portal.pi.gov.br\/cojuv\/wp-json\/wp\/v2\/pages\/971\/revisions"}],"predecessor-version":[{"id":1454,"href":"https:\/\/portal.pi.gov.br\/cojuv\/wp-json\/wp\/v2\/pages\/971\/revisions\/1454"}],"wp:attachment":[{"href":"https:\/\/portal.pi.gov.br\/cojuv\/wp-json\/wp\/v2\/media?parent=971"}],"curies":[{"name":"wp","href":"https:\/\/api.w.org\/{rel}","templated":true}]}}