{"id":977,"date":"2024-07-22T08:42:51","date_gmt":"2024-07-22T11:42:51","guid":{"rendered":"https:\/\/portal.pi.gov.br\/cojuv\/?page_id=977"},"modified":"2025-07-03T10:17:35","modified_gmt":"2025-07-03T13:17:35","slug":"ultimas-resolucoes","status":"publish","type":"page","link":"https:\/\/portal.pi.gov.br\/cojuv\/ultimas-resolucoes\/","title":{"rendered":"\u00daltimas resolu\u00e7\u00f5es"},"content":{"rendered":"\n<p><a href=\"https:\/\/portal.pi.gov.br\/cojuv\/wp-content\/uploads\/sites\/98\/2025\/07\/Edital-Publicado-DOEPI_124_2025.pdf\" target=\"_blank\" rel=\"noreferrer noopener\">EDITAL PARA O CONSELHO ESTADUAL DOS DIR. DA JUVENTUDE DO P\u00cd<\/a><\/p>\n","protected":false},"excerpt":{"rendered":"<p>EDITAL PARA O CONSELHO ESTADUAL DOS DIR. DA JUVENTUDE DO P\u00cd<\/p>\n","protected":false},"author":1,"featured_media":0,"parent":0,"menu_order":0,"comment_status":"closed","ping_status":"closed","template":"template-fullwidth.php","meta":[],"featured_image_urls":{"full":"","thumbnail":"","medium":"","medium_large":"","large":"","sgg-420":"","sgg-540":"","sgg-780":"","1536x1536":"","2048x2048":"","homepage-slider":"","homepage-slider-small":"","page-top":"","page-small":"","loop-main":"","thumb-gallery-widget":""},"post_excerpt_stackable":"<p>EDITAL PARA O CONSELHO ESTADUAL DOS DIR. DA JUVENTUDE DO P\u00cd<\/p>\n","category_list":"","author_info":{"name":"admin","url":"https:\/\/portal.pi.gov.br\/cojuv\/author\/admin\/"},"comments_num":"0 coment\u00e1rio","featured_image_urls_v2":{"full":"","thumbnail":"","medium":"","medium_large":"","large":"","sgg-420":"","sgg-540":"","sgg-780":"","1536x1536":"","2048x2048":"","homepage-slider":"","homepage-slider-small":"","page-top":"","page-small":"","loop-main":"","thumb-gallery-widget":""},"post_excerpt_stackable_v2":"<p>EDITAL PARA O CONSELHO ESTADUAL DOS DIR. DA JUVENTUDE DO P\u00cd<\/p>\n","category_list_v2":"","author_info_v2":{"name":"admin","url":"https:\/\/portal.pi.gov.br\/cojuv\/author\/admin\/"},"comments_num_v2":"0 coment\u00e1rio","_links":{"self":[{"href":"https:\/\/portal.pi.gov.br\/cojuv\/wp-json\/wp\/v2\/pages\/977"}],"collection":[{"href":"https:\/\/portal.pi.gov.br\/cojuv\/wp-json\/wp\/v2\/pages"}],"about":[{"href":"https:\/\/portal.pi.gov.br\/cojuv\/wp-json\/wp\/v2\/types\/page"}],"author":[{"embeddable":true,"href":"https:\/\/portal.pi.gov.br\/cojuv\/wp-json\/wp\/v2\/users\/1"}],"replies":[{"embeddable":true,"href":"https:\/\/portal.pi.gov.br\/cojuv\/wp-json\/wp\/v2\/comments?post=977"}],"version-history":[{"count":2,"href":"https:\/\/portal.pi.gov.br\/cojuv\/wp-json\/wp\/v2\/pages\/977\/revisions"}],"predecessor-version":[{"id":1555,"href":"https:\/\/portal.pi.gov.br\/cojuv\/wp-json\/wp\/v2\/pages\/977\/revisions\/1555"}],"wp:attachment":[{"href":"https:\/\/portal.pi.gov.br\/cojuv\/wp-json\/wp\/v2\/media?parent=977"}],"curies":[{"name":"wp","href":"https:\/\/api.w.org\/{rel}","templated":true}]}}