{"id":1059,"date":"2022-03-17T12:44:26","date_gmt":"2022-03-17T15:44:26","guid":{"rendered":"https:\/\/portal.pi.gov.br\/compraspublicas\/?page_id=1059"},"modified":"2022-03-17T13:23:06","modified_gmt":"2022-03-17T16:23:06","slug":"registros-de-precos-ate-mar-2022","status":"publish","type":"page","link":"https:\/\/portal.pi.gov.br\/compraspublicas\/registros-de-precos-ate-mar-2022\/","title":{"rendered":"Registros de Pre\u00e7os at\u00e9 mar 2022"},"content":{"rendered":"<script type=\"text\/x-handlebars-template\"        id=\"wpfd-template-table-categories-all_0\">    <div class=\"wpfd-categories\">{{#if category}}{{#with category}}{{#if parent}}<a class=\"catlink backcategory\" href=\"#\" data-idcat=\"{{parent}}\">                        <i class=\"zmdi zmdi-chevron-left\"><\/i><span>Voltar<\/span><\/a>{{\/if}}{{\/with}}{{\/if}}{{#if categories}}{{#each categories}}<a class=\"wpfdcategory catlink\" style=\"margin : 10px 10px 10px 10px;\" href=\"#\" data-idcat=\"{{term_id}}\" title=\"{{name}}\">                                <span>{{name}}<\/span><i class=\"zmdi zmdi-folder wpfd-folder\"><\/i>                            <\/a>{{\/each}}{{\/if}}<div class=\"wpfdcategory_placeholder\" style=\"margin : 0 10px 0 10px;\"><\/div><div class=\"wpfdcategory_placeholder\" style=\"margin : 0 10px 0 10px;\"><\/div><div class=\"wpfdcategory_placeholder\" style=\"margin : 0 10px 0 10px;\"><\/div><\/div><\/script><script type=\"text\/x-handlebars-template\" id=\"wpfd-template-table-all_0\">    {{#if files}}    {{#each files}}    <tr class=\"file\" data-id=\"{{ID}}\" data-catid=\"{{catid}}\">    <td class=\"file_title\"><a class=\"wpfd_downloadlink\" href=\"{{linkdownload}}\" title=\"{{post_title}}\"><span class=\"extcol\">{{#if file_custom_icon}}<span class=\"icon-custom\"><img src=\"{{file_custom_icon}}\"><\/span>{{else}}<span class=\"ext ext-{{ext}}\"><\/span>{{\/if}}<\/span>{{{crop_title}}}<\/a><\/td><td class=\"file_desc\">{{{description}}}<\/td><td class=\"file_created\">{{created}}<\/td>                    <td class=\"col-download\">                <a class=\"downloadlink wpfd_downloadlink\"  href=\"{{linkdownload}}\" style=\"background-color:#1b3058;color:#ffffff;\">Baixar<i class=\"zmdi zmdi-cloud-download wpfd-download\"><\/i><\/a>{{#if openpdflink}}<a class=\"openlink wpfdlightbox wpfd_previewlink\" href=\"{{openpdflink}}\" target=\"\">Visualizar                            <i class=\"zmdi zmdi-filter-center-focus wpfd-preview\"><\/i>                        <\/a>{{else}}{{#if viewerlink}}<a                            href=\"{{viewerlink}}\"                            class=\"openlink wpfdlightbox wpfd_previewlink\"                            target=\"\"                            data-id=\"{{ID}}\"                            data-catid=\"{{catid}}\"                            data-file-type=\"{{ext}}\">Visualizar<i class=\"zmdi zmdi-filter-center-focus wpfd-preview\"><\/i>                        <\/a>{{\/if}}{{\/if}}            <\/td>            <\/tr>    {{\/each}}    {{\/if}}<\/script><div class=\"wpfd-content wpfd-content-table wpfd-content-multi colstyle\" data-category=\"all_0\"><input type=\"hidden\" id=\"current_category_all_0\" value=\"all_0\" \/>                    <input type=\"hidden\" id=\"current_category_slug_all_0\" value=\"all-categories\" \/>                    <input type=\"hidden\" id=\"current_ordering_all_0\" value=\"created_time\" \/>                    <input type=\"hidden\" id=\"current_ordering_direction_all_0\" value=\"asc\" \/><div class=\"wpfd-container\">    <div class=\"wpfd-foldertree wpfd-foldertree-table foldertree-hide\"><\/div>    <div class=\"wpfd-open-tree\"><\/div>    <div class=\"wpfd-container-table  with_foldertree\">        <div class=\"wpfd-categories\"><\/div>        <table class=\"wpfd-table wpfd-table-bordered wpfd-table-striped mediaTable\">            <thead>            <tr>                <th class=\"essential persist file_title\">T\u00edtulo<\/th><th class=\"optional file_desc\">Descri\u00e7\u00e3o<\/th><th class=\"optional file_created\">Data de Publica\u00e7\u00e3o<\/th><th class=\"essential file_download\">Baixar<\/th>            <\/tr>            <\/thead>            <tbody>                            <tr class=\"file\" data-id=\"1148\"                    data-catid=\"38\">                    <td class=\"file_title\"><a class=\"wpfd_downloadlink\" href=\"https:\/\/portal.pi.gov.br\/compraspublicas\/download\/38\/ata-no-ii-2022-servicos-graficos\/1148\/minuta-de-contrato-servicos-graficos.pdf\" title=\"Minuta de Contrato SERVI\u00c7OS GR\u00c1FICOS\"><span class=\"extcol\">                                <span class=\"ext ext-pdf\"><\/span>                                Minuta de Contrato SERVI\u00c7OS GR\u00c1FICOS                            <\/span><\/a><\/td><td class=\"file_desc\"><\/td><td class=\"file_created\">21-03-2022<\/td>                                            <td class=\"col-download\">                            <a class=\"downloadlink wpfd_downloadlink\"  href=\"https:\/\/portal.pi.gov.br\/compraspublicas\/download\/38\/ata-no-ii-2022-servicos-graficos\/1148\/minuta-de-contrato-servicos-graficos.pdf\" style=\"background-color:#1b3058;color:#ffffff;\">Baixar<i class=\"zmdi zmdi-cloud-download wpfd-download\"><\/i><\/a><a                            href=\"https:\/\/docs.google.com\/viewer?url=https%3A%2F%2Fportal.pi.gov.br%2Fcompraspublicas%2Fwp-admin%2Fadmin-ajax.php%3Fjuwpfisadmin%3Dfalse%26action%3Dwpfd%26task%3Dfile.download%26wpfd_category_id%3D38%26wpfd_file_id%3D1148%26token%3D%26preview%3D1&#038;embedded=true\"                            class=\"openlink wpfdlightbox wpfd_previewlink\"                            target=\"\"                            data-id=\"1148\"                            data-catid=\"38\"                            data-file-type=\"pdf\">Visualizar<i class=\"zmdi zmdi-filter-center-focus wpfd-preview\"><\/i>                        <\/a>                        <\/td>                                    <\/tr>                            <tr class=\"file\" data-id=\"1149\"                    data-catid=\"38\">                    <td class=\"file_title\"><a class=\"wpfd_downloadlink\" href=\"https:\/\/portal.pi.gov.br\/compraspublicas\/download\/38\/ata-no-ii-2022-servicos-graficos\/1149\/cadastro-de-reserva-servicos-graficos.pdf\" title=\"CADASTRO DE RESERVA SERVI\u00c7OS GRAFICOS\"><span class=\"extcol\">                                <span class=\"ext ext-pdf\"><\/span>                                CADASTRO DE RESERVA SERVI\u00c7OS GRAFICOS                            <\/span><\/a><\/td><td class=\"file_desc\"><\/td><td class=\"file_created\">21-03-2022<\/td>                                            <td class=\"col-download\">                            <a class=\"downloadlink wpfd_downloadlink\"  href=\"https:\/\/portal.pi.gov.br\/compraspublicas\/download\/38\/ata-no-ii-2022-servicos-graficos\/1149\/cadastro-de-reserva-servicos-graficos.pdf\" style=\"background-color:#1b3058;color:#ffffff;\">Baixar<i class=\"zmdi zmdi-cloud-download wpfd-download\"><\/i><\/a><a                            href=\"https:\/\/docs.google.com\/viewer?url=https%3A%2F%2Fportal.pi.gov.br%2Fcompraspublicas%2Fwp-admin%2Fadmin-ajax.php%3Fjuwpfisadmin%3Dfalse%26action%3Dwpfd%26task%3Dfile.download%26wpfd_category_id%3D38%26wpfd_file_id%3D1149%26token%3D%26preview%3D1&#038;embedded=true\"                            class=\"openlink wpfdlightbox wpfd_previewlink\"                            target=\"\"                            data-id=\"1149\"                            data-catid=\"38\"                            data-file-type=\"pdf\">Visualizar<i class=\"zmdi zmdi-filter-center-focus wpfd-preview\"><\/i>                        <\/a>                        <\/td>                                    <\/tr>                            <tr class=\"file\" data-id=\"1150\"                    data-catid=\"38\">                    <td class=\"file_title\"><a class=\"wpfd_downloadlink\" href=\"https:\/\/portal.pi.gov.br\/compraspublicas\/download\/38\/ata-no-ii-2022-servicos-graficos\/1150\/arp-ii-2022-sead-servicos-graficos.pdf\" title=\"ARP II-2022 (SEAD) SERVI\u00c7OS GR\u00c1FICOS\"><span class=\"extcol\">                                <span class=\"ext ext-pdf\"><\/span>                                ARP II-2022 (SEAD) SERVI\u00c7OS GR\u00c1FICOS                            <\/span><\/a><\/td><td class=\"file_desc\"><\/td><td class=\"file_created\">21-03-2022<\/td>                                            <td class=\"col-download\">                            <a class=\"downloadlink wpfd_downloadlink\"  href=\"https:\/\/portal.pi.gov.br\/compraspublicas\/download\/38\/ata-no-ii-2022-servicos-graficos\/1150\/arp-ii-2022-sead-servicos-graficos.pdf\" style=\"background-color:#1b3058;color:#ffffff;\">Baixar<i class=\"zmdi zmdi-cloud-download wpfd-download\"><\/i><\/a><a                            href=\"https:\/\/docs.google.com\/viewer?url=https%3A%2F%2Fportal.pi.gov.br%2Fcompraspublicas%2Fwp-admin%2Fadmin-ajax.php%3Fjuwpfisadmin%3Dfalse%26action%3Dwpfd%26task%3Dfile.download%26wpfd_category_id%3D38%26wpfd_file_id%3D1150%26token%3D%26preview%3D1&#038;embedded=true\"                            class=\"openlink wpfdlightbox wpfd_previewlink\"                            target=\"\"                            data-id=\"1150\"                            data-catid=\"38\"                            data-file-type=\"pdf\">Visualizar<i class=\"zmdi zmdi-filter-center-focus wpfd-preview\"><\/i>                        <\/a>                        <\/td>                                    <\/tr>                            <tr class=\"file\" data-id=\"1151\"                    data-catid=\"38\">                    <td class=\"file_title\"><a class=\"wpfd_downloadlink\" href=\"https:\/\/portal.pi.gov.br\/compraspublicas\/download\/38\/ata-no-ii-2022-servicos-graficos\/1151\/edital-servicos-graficos.pdf\" title=\"Edital SERVI\u00c7OS GR\u00c1FICOS\"><span class=\"extcol\">                                <span class=\"ext ext-pdf\"><\/span>                                Edital SERVI\u00c7OS GR\u00c1FICOS                            <\/span><\/a><\/td><td class=\"file_desc\"><\/td><td class=\"file_created\">21-03-2022<\/td>                                            <td class=\"col-download\">                            <a class=\"downloadlink wpfd_downloadlink\"  href=\"https:\/\/portal.pi.gov.br\/compraspublicas\/download\/38\/ata-no-ii-2022-servicos-graficos\/1151\/edital-servicos-graficos.pdf\" style=\"background-color:#1b3058;color:#ffffff;\">Baixar<i class=\"zmdi zmdi-cloud-download wpfd-download\"><\/i><\/a><a                            href=\"https:\/\/docs.google.com\/viewer?url=https%3A%2F%2Fportal.pi.gov.br%2Fcompraspublicas%2Fwp-admin%2Fadmin-ajax.php%3Fjuwpfisadmin%3Dfalse%26action%3Dwpfd%26task%3Dfile.download%26wpfd_category_id%3D38%26wpfd_file_id%3D1151%26token%3D%26preview%3D1&#038;embedded=true\"                            class=\"openlink wpfdlightbox wpfd_previewlink\"                            target=\"\"                            data-id=\"1151\"                            data-catid=\"38\"                            data-file-type=\"pdf\">Visualizar<i class=\"zmdi zmdi-filter-center-focus wpfd-preview\"><\/i>                        <\/a>                        <\/td>                                    <\/tr>                            <tr class=\"file\" data-id=\"1152\"                    data-catid=\"38\">                    <td class=\"file_title\"><a class=\"wpfd_downloadlink\" href=\"https:\/\/portal.pi.gov.br\/compraspublicas\/download\/38\/ata-no-ii-2022-servicos-graficos\/1152\/termo-de-referencia-servicos-graficos.pdf\" title=\"Termo de Refer\u00eancia - SERVI\u00c7OS GR\u00c1FICOS\"><span class=\"extcol\">                                <span class=\"ext ext-pdf\"><\/span>                                Termo de Refer\u00eancia - SERVI\u00c7OS GR\u00c1FICOS                            <\/span><\/a><\/td><td class=\"file_desc\"><\/td><td class=\"file_created\">21-03-2022<\/td>                                            <td class=\"col-download\">                            <a class=\"downloadlink wpfd_downloadlink\"  href=\"https:\/\/portal.pi.gov.br\/compraspublicas\/download\/38\/ata-no-ii-2022-servicos-graficos\/1152\/termo-de-referencia-servicos-graficos.pdf\" style=\"background-color:#1b3058;color:#ffffff;\">Baixar<i class=\"zmdi zmdi-cloud-download wpfd-download\"><\/i><\/a><a                            href=\"https:\/\/docs.google.com\/viewer?url=https%3A%2F%2Fportal.pi.gov.br%2Fcompraspublicas%2Fwp-admin%2Fadmin-ajax.php%3Fjuwpfisadmin%3Dfalse%26action%3Dwpfd%26task%3Dfile.download%26wpfd_category_id%3D38%26wpfd_file_id%3D1152%26token%3D%26preview%3D1&#038;embedded=true\"                            class=\"openlink wpfdlightbox wpfd_previewlink\"                            target=\"\"                            data-id=\"1152\"                            data-catid=\"38\"                            data-file-type=\"pdf\">Visualizar<i class=\"zmdi zmdi-filter-center-focus wpfd-preview\"><\/i>                        <\/a>                        <\/td>                                    <\/tr>                            <tr class=\"file\" data-id=\"1153\"                    data-catid=\"39\">                    <td class=\"file_title\"><a class=\"wpfd_downloadlink\" href=\"https:\/\/portal.pi.gov.br\/compraspublicas\/download\/39\/ata-no-xlvi-2021-alevinos\/1153\/arp-xlvi-2021-sead-alevinos.pdf\" title=\"ARP XLVI-2021 SEAD ALEVINOS\"><span class=\"extcol\">                                <span class=\"ext ext-pdf\"><\/span>                                ARP XLVI-2021 SEAD ALEVINOS                            <\/span><\/a><\/td><td class=\"file_desc\"><\/td><td class=\"file_created\">21-03-2022<\/td>                                            <td class=\"col-download\">                            <a class=\"downloadlink wpfd_downloadlink\"  href=\"https:\/\/portal.pi.gov.br\/compraspublicas\/download\/39\/ata-no-xlvi-2021-alevinos\/1153\/arp-xlvi-2021-sead-alevinos.pdf\" style=\"background-color:#1b3058;color:#ffffff;\">Baixar<i class=\"zmdi zmdi-cloud-download wpfd-download\"><\/i><\/a><a                            href=\"https:\/\/docs.google.com\/viewer?url=https%3A%2F%2Fportal.pi.gov.br%2Fcompraspublicas%2Fwp-admin%2Fadmin-ajax.php%3Fjuwpfisadmin%3Dfalse%26action%3Dwpfd%26task%3Dfile.download%26wpfd_category_id%3D39%26wpfd_file_id%3D1153%26token%3D%26preview%3D1&#038;embedded=true\"                            class=\"openlink wpfdlightbox wpfd_previewlink\"                            target=\"\"                            data-id=\"1153\"                            data-catid=\"39\"                            data-file-type=\"pdf\">Visualizar<i class=\"zmdi zmdi-filter-center-focus wpfd-preview\"><\/i>                        <\/a>                        <\/td>                                    <\/tr>                            <tr class=\"file\" data-id=\"1155\"                    data-catid=\"39\">                    <td class=\"file_title\"><a class=\"wpfd_downloadlink\" href=\"https:\/\/portal.pi.gov.br\/compraspublicas\/download\/39\/ata-no-xlvi-2021-alevinos\/1155\/edital-alevinos.pdf\" title=\"Edital - ALEVINOS\"><span class=\"extcol\">                                <span class=\"ext ext-pdf\"><\/span>                                Edital - ALEVINOS                            <\/span><\/a><\/td><td class=\"file_desc\"><\/td><td class=\"file_created\">21-03-2022<\/td>                                            <td class=\"col-download\">                            <a class=\"downloadlink wpfd_downloadlink\"  href=\"https:\/\/portal.pi.gov.br\/compraspublicas\/download\/39\/ata-no-xlvi-2021-alevinos\/1155\/edital-alevinos.pdf\" style=\"background-color:#1b3058;color:#ffffff;\">Baixar<i class=\"zmdi zmdi-cloud-download wpfd-download\"><\/i><\/a><a                            href=\"https:\/\/docs.google.com\/viewer?url=https%3A%2F%2Fportal.pi.gov.br%2Fcompraspublicas%2Fwp-admin%2Fadmin-ajax.php%3Fjuwpfisadmin%3Dfalse%26action%3Dwpfd%26task%3Dfile.download%26wpfd_category_id%3D39%26wpfd_file_id%3D1155%26token%3D%26preview%3D1&#038;embedded=true\"                            class=\"openlink wpfdlightbox wpfd_previewlink\"                            target=\"\"                            data-id=\"1155\"                            data-catid=\"39\"                            data-file-type=\"pdf\">Visualizar<i class=\"zmdi zmdi-filter-center-focus wpfd-preview\"><\/i>                        <\/a>                        <\/td>                                    <\/tr>                            <tr class=\"file\" data-id=\"1154\"                    data-catid=\"39\">                    <td class=\"file_title\"><a class=\"wpfd_downloadlink\" href=\"https:\/\/portal.pi.gov.br\/compraspublicas\/download\/39\/ata-no-xlvi-2021-alevinos\/1154\/minuta-de-contrato-alevinos.pdf\" title=\"Minuta de Contrato - ALEVINOS\"><span class=\"extcol\">                                <span class=\"ext ext-pdf\"><\/span>                                Minuta de Contrato - ALEVINOS                            <\/span><\/a><\/td><td class=\"file_desc\"><\/td><td class=\"file_created\">21-03-2022<\/td>                                            <td class=\"col-download\">                            <a class=\"downloadlink wpfd_downloadlink\"  href=\"https:\/\/portal.pi.gov.br\/compraspublicas\/download\/39\/ata-no-xlvi-2021-alevinos\/1154\/minuta-de-contrato-alevinos.pdf\" style=\"background-color:#1b3058;color:#ffffff;\">Baixar<i class=\"zmdi zmdi-cloud-download wpfd-download\"><\/i><\/a><a                            href=\"https:\/\/docs.google.com\/viewer?url=https%3A%2F%2Fportal.pi.gov.br%2Fcompraspublicas%2Fwp-admin%2Fadmin-ajax.php%3Fjuwpfisadmin%3Dfalse%26action%3Dwpfd%26task%3Dfile.download%26wpfd_category_id%3D39%26wpfd_file_id%3D1154%26token%3D%26preview%3D1&#038;embedded=true\"                            class=\"openlink wpfdlightbox wpfd_previewlink\"                            target=\"\"                            data-id=\"1154\"                            data-catid=\"39\"                            data-file-type=\"pdf\">Visualizar<i class=\"zmdi zmdi-filter-center-focus wpfd-preview\"><\/i>                        <\/a>                        <\/td>                                    <\/tr>                            <tr class=\"file\" data-id=\"1156\"                    data-catid=\"39\">                    <td class=\"file_title\"><a class=\"wpfd_downloadlink\" href=\"https:\/\/portal.pi.gov.br\/compraspublicas\/download\/39\/ata-no-xlvi-2021-alevinos\/1156\/termo-de-referencia-alevinos.pdf\" title=\"Termo de Refer\u00eancia - ALEVINOS\"><span class=\"extcol\">                                <span class=\"ext ext-pdf\"><\/span>                                Termo de Refer\u00eancia - ALEVINOS                            <\/span><\/a><\/td><td class=\"file_desc\"><\/td><td class=\"file_created\">21-03-2022<\/td>                                            <td class=\"col-download\">                            <a class=\"downloadlink wpfd_downloadlink\"  href=\"https:\/\/portal.pi.gov.br\/compraspublicas\/download\/39\/ata-no-xlvi-2021-alevinos\/1156\/termo-de-referencia-alevinos.pdf\" style=\"background-color:#1b3058;color:#ffffff;\">Baixar<i class=\"zmdi zmdi-cloud-download wpfd-download\"><\/i><\/a><a                            href=\"https:\/\/docs.google.com\/viewer?url=https%3A%2F%2Fportal.pi.gov.br%2Fcompraspublicas%2Fwp-admin%2Fadmin-ajax.php%3Fjuwpfisadmin%3Dfalse%26action%3Dwpfd%26task%3Dfile.download%26wpfd_category_id%3D39%26wpfd_file_id%3D1156%26token%3D%26preview%3D1&#038;embedded=true\"                            class=\"openlink wpfdlightbox wpfd_previewlink\"                            target=\"\"                            data-id=\"1156\"                            data-catid=\"39\"                            data-file-type=\"pdf\">Visualizar<i class=\"zmdi zmdi-filter-center-focus wpfd-preview\"><\/i>                        <\/a>                        <\/td>                                    <\/tr>                            <tr class=\"file\" data-id=\"1157\"                    data-catid=\"40\">                    <td class=\"file_title\"><a class=\"wpfd_downloadlink\" href=\"https:\/\/portal.pi.gov.br\/compraspublicas\/download\/40\/ata-no-iv-2022-mobiliario-seduc\/1157\/2o-extrato-da-arp-iv-2022-mobiliario.pdf\" title=\"2\u00ba Extrato da ARP IV.2022 - MOBILIARIO\"><span class=\"extcol\">                                <span class=\"ext ext-pdf\"><\/span>                                2\u00ba Extrato da ARP IV.2022 - MOBILIARIO                            <\/span><\/a><\/td><td class=\"file_desc\"><\/td><td class=\"file_created\">21-03-2022<\/td>                                            <td class=\"col-download\">                            <a class=\"downloadlink wpfd_downloadlink\"  href=\"https:\/\/portal.pi.gov.br\/compraspublicas\/download\/40\/ata-no-iv-2022-mobiliario-seduc\/1157\/2o-extrato-da-arp-iv-2022-mobiliario.pdf\" style=\"background-color:#1b3058;color:#ffffff;\">Baixar<i class=\"zmdi zmdi-cloud-download wpfd-download\"><\/i><\/a><a                            href=\"https:\/\/docs.google.com\/viewer?url=https%3A%2F%2Fportal.pi.gov.br%2Fcompraspublicas%2Fwp-admin%2Fadmin-ajax.php%3Fjuwpfisadmin%3Dfalse%26action%3Dwpfd%26task%3Dfile.download%26wpfd_category_id%3D40%26wpfd_file_id%3D1157%26token%3D%26preview%3D1&#038;embedded=true\"                            class=\"openlink wpfdlightbox wpfd_previewlink\"                            target=\"\"                            data-id=\"1157\"                            data-catid=\"40\"                            data-file-type=\"pdf\">Visualizar<i class=\"zmdi zmdi-filter-center-focus wpfd-preview\"><\/i>                        <\/a>                        <\/td>                                    <\/tr>                        <\/tbody>        <\/table>            <\/div><\/div><\/div><div class='wpfd-pagination'>\n\t<span class='page-numbers current'>1<\/span>\n<a class='page-numbers' data-page='2' data-sourcecat='all_0'>2<\/a>\n<a class='page-numbers' data-page='3' data-sourcecat='all_0'>3<\/a>\n<span class=\"page-numbers dots\">&hellip;<\/span>\n<a class='page-numbers' data-page='24' data-sourcecat='all_0'>24<\/a>\n<a class='next page-numbers' data-page='2' data-sourcecat='all_0'>Pr\u00f3ximo &raquo;<\/a>\n<\/div>\n\n","protected":false},"excerpt":{"rendered":"","protected":false},"author":1,"featured_media":0,"parent":0,"menu_order":0,"comment_status":"closed","ping_status":"closed","template":"template-fullwidth.php","meta":[],"featured_image_urls":{"full":"","thumbnail":"","medium":"","medium_large":"","large":"","sgg-420":"","sgg-540":"","sgg-780":"","1536x1536":"","2048x2048":"","homepage-slider":"","homepage-slider-small":"","page-top":"","page-small":"","loop-main":"","thumb-gallery-widget":""},"post_excerpt_stackable":"<p>T\u00edtuloDescri\u00e7\u00e3oData de Publica\u00e7\u00e3oBaixar Minuta de Contrato SERVI\u00c7OS GR\u00c1FICOS 21-03-2022 BaixarVisualizar CADASTRO DE RESERVA SERVI\u00c7OS GRAFICOS 21-03-2022 BaixarVisualizar ARP II-2022 (SEAD) SERVI\u00c7OS GR\u00c1FICOS 21-03-2022 BaixarVisualizar Edital SERVI\u00c7OS GR\u00c1FICOS 21-03-2022 BaixarVisualizar Termo de Refer\u00eancia &#8211; SERVI\u00c7OS GR\u00c1FICOS 21-03-2022 BaixarVisualizar ARP XLVI-2021 SEAD ALEVINOS 21-03-2022 BaixarVisualizar Edital &#8211; ALEVINOS 21-03-2022 BaixarVisualizar Minuta de Contrato &#8211; ALEVINOS 21-03-2022 BaixarVisualizar Termo de Refer\u00eancia &#8211; ALEVINOS 21-03-2022 BaixarVisualizar 2\u00ba Extrato da ARP IV.2022 &#8211; MOBILIARIO 21-03-2022 BaixarVisualizar 1 2 3 &hellip; 24 Pr\u00f3ximo &raquo;<\/p>\n","category_list":"","author_info":{"name":"admin","url":"https:\/\/portal.pi.gov.br\/compraspublicas\/author\/admin\/"},"comments_num":"0 coment\u00e1rio","featured_image_urls_v2":{"full":"","thumbnail":"","medium":"","medium_large":"","large":"","sgg-420":"","sgg-540":"","sgg-780":"","1536x1536":"","2048x2048":"","homepage-slider":"","homepage-slider-small":"","page-top":"","page-small":"","loop-main":"","thumb-gallery-widget":""},"post_excerpt_stackable_v2":"<p>T\u00edtuloDescri\u00e7\u00e3oData de Publica\u00e7\u00e3oBaixar Minuta de Contrato SERVI\u00c7OS GR\u00c1FICOS 21-03-2022 BaixarVisualizar CADASTRO DE RESERVA SERVI\u00c7OS GRAFICOS 21-03-2022 BaixarVisualizar ARP II-2022 (SEAD) SERVI\u00c7OS GR\u00c1FICOS 21-03-2022 BaixarVisualizar Edital SERVI\u00c7OS GR\u00c1FICOS 21-03-2022 BaixarVisualizar Termo de Refer\u00eancia &#8211; SERVI\u00c7OS GR\u00c1FICOS 21-03-2022 BaixarVisualizar ARP XLVI-2021 SEAD ALEVINOS 21-03-2022 BaixarVisualizar Edital &#8211; ALEVINOS 21-03-2022 BaixarVisualizar Minuta de Contrato &#8211; ALEVINOS 21-03-2022 BaixarVisualizar Termo de Refer\u00eancia &#8211; ALEVINOS 21-03-2022 BaixarVisualizar 2\u00ba Extrato da ARP IV.2022 &#8211; MOBILIARIO 21-03-2022 BaixarVisualizar 1 2 3 &hellip; 24 Pr\u00f3ximo &raquo;<\/p>\n","category_list_v2":"","author_info_v2":{"name":"admin","url":"https:\/\/portal.pi.gov.br\/compraspublicas\/author\/admin\/"},"comments_num_v2":"0 coment\u00e1rio","_links":{"self":[{"href":"https:\/\/portal.pi.gov.br\/compraspublicas\/wp-json\/wp\/v2\/pages\/1059"}],"collection":[{"href":"https:\/\/portal.pi.gov.br\/compraspublicas\/wp-json\/wp\/v2\/pages"}],"about":[{"href":"https:\/\/portal.pi.gov.br\/compraspublicas\/wp-json\/wp\/v2\/types\/page"}],"author":[{"embeddable":true,"href":"https:\/\/portal.pi.gov.br\/compraspublicas\/wp-json\/wp\/v2\/users\/1"}],"replies":[{"embeddable":true,"href":"https:\/\/portal.pi.gov.br\/compraspublicas\/wp-json\/wp\/v2\/comments?post=1059"}],"version-history":[{"count":2,"href":"https:\/\/portal.pi.gov.br\/compraspublicas\/wp-json\/wp\/v2\/pages\/1059\/revisions"}],"predecessor-version":[{"id":1064,"href":"https:\/\/portal.pi.gov.br\/compraspublicas\/wp-json\/wp\/v2\/pages\/1059\/revisions\/1064"}],"wp:attachment":[{"href":"https:\/\/portal.pi.gov.br\/compraspublicas\/wp-json\/wp\/v2\/media?parent=1059"}],"curies":[{"name":"wp","href":"https:\/\/api.w.org\/{rel}","templated":true}]}}