{"id":1070,"date":"2022-03-17T18:25:42","date_gmt":"2022-03-17T21:25:42","guid":{"rendered":"https:\/\/portal.pi.gov.br\/compraspublicas\/?page_id=1070"},"modified":"2022-03-17T22:33:10","modified_gmt":"2022-03-18T01:33:10","slug":"lista-de-verificacao-e-fluxograma","status":"publish","type":"page","link":"https:\/\/portal.pi.gov.br\/compraspublicas\/lista-de-verificacao-e-fluxograma\/","title":{"rendered":"Lista de Verifica\u00e7\u00e3o e Fluxograma"},"content":{"rendered":"\n<div class=\"alignfull wp-block-ugb-notification ugb-notification ugb-e5aec00 ugb-notification--v2 ugb-notification--design-bordered ugb-notification--type-success ugb-notification--dismissible ugb-main-block ugb-main-block--inner-center ugb--has-block-background\"><style>.ugb-e5aec00 .ugb-notification__item{border-radius:6px !important}.ugb-e5aec00 .ugb-notification__icon svg:not(.ugb-custom-icon){color:var(--stk-global-color-59238,#dab811) !important}.ugb-e5aec00 .ugb-notification__icon .ugb-icon-inner-svg{color:var(--stk-global-color-59238,#dab811) !important}.ugb-e5aec00 .ugb-notification__title{color:#1b3058 !important}.ugb-e5aec00 .ugb-notification__description{margin-bottom:-12px !important}.ugb-e5aec00.ugb-notification{background-color:#1b3058}.ugb-e5aec00.ugb-notification:before{background-color:#1b3058}.ugb-e5aec00 .ugb-notification__icon .ugb-icon-inner-svg,.ugb-e5aec00 .ugb-notification__icon .ugb-icon-inner-svg svg *{color:var(--stk-global-color-59238,#dab811) !important;fill:var(--stk-global-color-59238,#dab811) !important}<\/style><div class=\"ugb-inner-block ugb-inner-block--center\"><div class=\"ugb-block-content\"><div class=\"ugb-notification__item ugb-notification--new-icon ugb--shadow-3\"><span class=\"ugb-notification__close-button\" role=\"button\" tabindex=\"0\"><svg viewbox=\"0 0 28.3 28.3\" xmlns=\"http:\/\/www.w3.org\/2000\/svg\"><path d=\"M52.4-166.2c3.2 0 3.2-5 0-5s-3.2 5 0 5zM16.8 13.9L26.9 3.8c.6-.6.6-1.5 0-2.1s-1.5-.6-2.1 0L14.7 11.8 4.6 1.7c-.6-.6-1.5-.6-2.1 0s-.6 1.5 0 2.1l10.1 10.1L2.5 24c-.6.6-.6 1.5 0 2.1.3.3.7.4 1.1.4s.8-.1 1.1-.4l10-10.1 10.1 10.1c.3.3.7.4 1.1.4s.8-.1 1.1-.4c.6-.6.6-1.5 0-2.1L16.8 13.9z\"><\/path><\/svg><\/span><div class=\"ugb-notification__icon\"><div class=\"ugb-icon-inner-svg\"><svg data-prefix=\"fas\" data-icon=\"info-circle\" class=\"svg-inline--fa fa-info-circle fa-w-16\" role=\"img\" xmlns=\"http:\/\/www.w3.org\/2000\/svg\" viewBox=\"0 0 512 512\"><path fill=\"currentColor\" d=\"M256 8C119.043 8 8 119.083 8 256c0 136.997 111.043 248 248 248s248-111.003 248-248C504 119.083 392.957 8 256 8zm0 110c23.196 0 42 18.804 42 42s-18.804 42-42 42-42-18.804-42-42 18.804-42 42-42zm56 254c0 6.627-5.373 12-12 12h-88c-6.627 0-12-5.373-12-12v-24c0-6.627 5.373-12 12-12h12v-64h-12c-6.627 0-12-5.373-12-12v-24c0-6.627 5.373-12 12-12h64c6.627 0 12 5.373 12 12v100h12c6.627 0 12 5.373 12 12v24z\"><\/path><\/svg><\/div><\/div><h4 class=\"ugb-notification__title\">Lista de Verifica\u00e7\u00e3o de Fluxograma<\/h4><p class=\"ugb-notification__description\">Todas  as listas de verifica\u00e7\u00f5es e fluxogramas s\u00e3o baseadas na <a href=\"http:\/\/www.diariooficial.pi.gov.br\/diario\/202012\/DIARIO10_efa22ce909.pdf\" target=\"_blank\" rel=\"noreferrer noopener\">Resolu\u00e7\u00e3o CGFR n\u00ba 003\/2020<\/a>, de 10 de dezembro de 2020 e publicada no <a href=\"http:\/\/www.pge.pi.gov.br\/legislacao68.html\" target=\"_blank\" rel=\"noreferrer noopener\">Portal da PGE<\/a>.<\/p><\/div><\/div><\/div><\/div>\n\n\n\n<div class=\"alignfull wp-block-ugb-feature-grid ugb-feature-grid ugb-074cfb2 ugb-feature-grid--v2 ugb-feature-grid--columns-3 ugb-feature-grid--design-basic ugb-main-block ugb-main-block--inner-center ugb--has-block-background\"><style>.ugb-074cfb2 .ugb-feature-grid__item{border-radius:16px !important}.ugb-074cfb2 .ugb-feature-grid__title{font-size:25px !important;text-align:center}.ugb-074cfb2 .ugb-feature-grid__description{text-align:center}.ugb-074cfb2 .ugb-button .ugb-button--inner{font-family:-apple-system,BlinkMacSystemFont,\"Segoe UI\",Roboto,Helvetica,Arial,sans-serif,\"Apple Color Emoji\",\"Segoe UI Emoji\",\"Segoe UI Symbol\" !important;font-size:18px !important}.ugb-074cfb2 .ugb-button{background-color:var(--stk-global-color-4603,#313131);border-radius:0px !important}.ugb-074cfb2 .ugb-button .ugb-button--inner,.ugb-074cfb2 .ugb-button svg:not(.ugb-custom-icon){color:#ffffff !important}.ugb-074cfb2 .ugb-button:before{border-radius:0px !important}.ugb-074cfb2 .ugb-button-container{text-align:center !important}.ugb-074cfb2 .ugb-inner-block{text-align:center}@media screen and (min-width:768px){.ugb-074cfb2.ugb-feature-grid{margin-top:-53px !important;margin-bottom:-79px !important}}<\/style><div class=\"ugb-inner-block ugb-inner-block--center\"><div class=\"ugb-block-content\"><div class=\"ugb-feature-grid__item ugb-feature-grid__item1 ugb--shadow-3\"><div class=\"ugb-feature-grid__content\"><h5 class=\"ugb-feature-grid__title\">Preg\u00e3o<\/h5><p class=\"ugb-feature-grid__description\">Lista de Verifica\u00e7\u00e3o e fluxograma para abertura de Preg\u00e3o <strong>sem<\/strong> Registro de Pre\u00e7o.<\/p><div class=\"ugb-button-container\"><a class=\"ugb-button ugb-button--size-small\" href=\"https:\/\/portal.pi.gov.br\/compraspublicas\/wp-content\/uploads\/sites\/50\/2022\/03\/01-Abertura-de-Prega\u0303o-Sem-Registro-de-Prec\u0327o.pdf\" target=\"_blank\" rel=\"noopener noreferrer\" title=\"\"><span class=\"ugb-button--inner\">Download<\/span><\/a><\/div><\/div><\/div><div class=\"ugb-feature-grid__item ugb-feature-grid__item2 ugb--shadow-3\"><div class=\"ugb-feature-grid__content\"><h5 class=\"ugb-feature-grid__title\">Preg\u00e3o<\/h5><p class=\"ugb-feature-grid__description\">Lista de Verifica\u00e7\u00e3o e Fluxograma para abertura de Preg\u00e3o <strong>com<\/strong> Registro de Pre\u00e7o.<\/p><div class=\"ugb-button-container\"><a class=\"ugb-button ugb-button--size-small\" href=\"https:\/\/portal.pi.gov.br\/compraspublicas\/wp-content\/uploads\/sites\/50\/2022\/03\/02-Abertura-de-Prega\u0303o-com-Registro-de-Prec\u0327o.pdf\" target=\"_blank\" rel=\"noopener noreferrer\" title=\"\"><span class=\"ugb-button--inner\">Download<\/span><\/a><\/div><\/div><\/div><div class=\"ugb-feature-grid__item ugb-feature-grid__item3 ugb--shadow-3\"><div class=\"ugb-feature-grid__content\"><h5 class=\"ugb-feature-grid__title\">Obras<\/h5><p class=\"ugb-feature-grid__description\">Lista de Verifica\u00e7\u00e3o e Fluxograma para abertura Lic. de Obras (convite, tom. de pre\u00e7o e concorr\u00eancia).<\/p><div class=\"ugb-button-container\"><a class=\"ugb-button ugb-button--size-small\" href=\"https:\/\/portal.pi.gov.br\/compraspublicas\/wp-content\/uploads\/sites\/50\/2022\/03\/03-Abertura-de-Licitac\u0327a\u0303o-de-Obras.pdf\" target=\"_blank\" rel=\"noopener noreferrer\" title=\"\"><span class=\"ugb-button--inner\">Download<\/span><\/a><\/div><\/div><\/div><\/div><\/div><\/div>\n\n\n\n<div class=\"alignfull wp-block-ugb-feature-grid ugb-feature-grid ugb-710fbd6 ugb-feature-grid--v2 ugb-feature-grid--columns-3 ugb-feature-grid--design-basic ugb-main-block ugb-main-block--inner-center ugb--has-block-background\"><style>.ugb-710fbd6 .ugb-feature-grid__item{border-radius:16px !important}.ugb-710fbd6 .ugb-feature-grid__title{font-size:25px !important;text-align:center}.ugb-710fbd6 .ugb-feature-grid__description{text-align:center}.ugb-710fbd6 .ugb-button .ugb-button--inner{font-family:-apple-system,BlinkMacSystemFont,\"Segoe UI\",Roboto,Helvetica,Arial,sans-serif,\"Apple Color Emoji\",\"Segoe UI Emoji\",\"Segoe UI Symbol\" !important;font-size:18px !important}.ugb-710fbd6 .ugb-button{background-color:var(--stk-global-color-4603,#313131);border-radius:0px !important}.ugb-710fbd6 .ugb-button .ugb-button--inner,.ugb-710fbd6 .ugb-button svg:not(.ugb-custom-icon){color:#ffffff !important}.ugb-710fbd6 .ugb-button:before{border-radius:0px !important}.ugb-710fbd6 .ugb-button-container{text-align:center !important}.ugb-710fbd6 .ugb-inner-block{text-align:center}@media screen and (min-width:768px){.ugb-710fbd6.ugb-feature-grid{margin-top:-114px !important}}<\/style><div class=\"ugb-inner-block ugb-inner-block--center\"><div class=\"ugb-block-content\"><div class=\"ugb-feature-grid__item ugb-feature-grid__item1 ugb--shadow-3\"><div class=\"ugb-feature-grid__content\"><h5 class=\"ugb-feature-grid__title\">Contrata\u00e7\u00e3o Direta<\/h5><p class=\"ugb-feature-grid__description\">Lista de Verifica\u00e7\u00e3o e fluxograma para Contrata\u00e7\u00e3o<br>Direta.<\/p><div class=\"ugb-button-container\"><a class=\"ugb-button ugb-button--size-small\" href=\"https:\/\/portal.pi.gov.br\/compraspublicas\/wp-content\/uploads\/sites\/50\/2022\/03\/04-Lista-de-Verificac\u0327a\u0303o-para-Contratac\u0327a\u0303o-Direta.pdf\" target=\"_blank\" rel=\"noopener noreferrer\" title=\"\"><span class=\"ugb-button--inner\">Download<\/span><\/a><\/div><\/div><\/div><div class=\"ugb-feature-grid__item ugb-feature-grid__item2 ugb--shadow-3\"><div class=\"ugb-feature-grid__content\"><h5 class=\"ugb-feature-grid__title\">Contrata\u00e7\u00e3o Direta<\/h5><p class=\"ugb-feature-grid__description\">Lista de Verifica\u00e7\u00e3o e Fluxograma para Contrata\u00e7\u00e3o Direta <strong>pequeno Valor<\/strong>.<\/p><div class=\"ugb-button-container\"><a class=\"ugb-button ugb-button--size-small\" href=\"https:\/\/portal.pi.gov.br\/compraspublicas\/wp-content\/uploads\/sites\/50\/2022\/03\/05-Lista-de-Verificac\u0327a\u0303o-Contratac\u0327a\u0303o-Direta-Pequeno-Valor.pdf\" target=\"_blank\" rel=\"noopener noreferrer\" title=\"\"><span class=\"ugb-button--inner\">Download<\/span><\/a><\/div><\/div><\/div><div class=\"ugb-feature-grid__item ugb-feature-grid__item3 ugb--shadow-3\"><div class=\"ugb-feature-grid__content\"><h5 class=\"ugb-feature-grid__title\">Contrata\u00e7\u00e3o Direta Obras<\/h5><p class=\"ugb-feature-grid__description\">Lista de Verifica\u00e7\u00e3o e Fluxograma para Contrata\u00e7\u00e3o Direta<br>de Obras.<\/p><div class=\"ugb-button-container\"><a class=\"ugb-button ugb-button--size-small\" href=\"https:\/\/portal.pi.gov.br\/compraspublicas\/wp-content\/uploads\/sites\/50\/2022\/03\/03-Abertura-de-Licitac\u0327a\u0303o-de-Obras.pdf\" target=\"_blank\" rel=\"noopener noreferrer\" title=\"\"><span class=\"ugb-button--inner\">Download<\/span><\/a><\/div><\/div><\/div><\/div><\/div><\/div>\n\n\n\n<div class=\"alignfull wp-block-ugb-feature-grid ugb-feature-grid ugb-83db8e1 ugb-feature-grid--v2 ugb-feature-grid--columns-3 ugb-feature-grid--design-basic ugb-main-block ugb-main-block--inner-center ugb--has-block-background\"><style>.ugb-83db8e1 .ugb-feature-grid__item{border-radius:16px !important}.ugb-83db8e1 .ugb-feature-grid__title{font-size:25px !important;text-align:center}.ugb-83db8e1 .ugb-feature-grid__description{text-align:center}.ugb-83db8e1 .ugb-button .ugb-button--inner{font-family:-apple-system,BlinkMacSystemFont,\"Segoe UI\",Roboto,Helvetica,Arial,sans-serif,\"Apple Color Emoji\",\"Segoe UI Emoji\",\"Segoe UI Symbol\" !important;font-size:18px !important}.ugb-83db8e1 .ugb-button{background-color:var(--stk-global-color-4603,#313131);border-radius:0px !important}.ugb-83db8e1 .ugb-button .ugb-button--inner,.ugb-83db8e1 .ugb-button svg:not(.ugb-custom-icon){color:#ffffff !important}.ugb-83db8e1 .ugb-button:before{border-radius:0px !important}.ugb-83db8e1 .ugb-button-container{text-align:center !important}.ugb-83db8e1 .ugb-inner-block{text-align:center}@media screen and (min-width:768px){.ugb-83db8e1.ugb-feature-grid{margin-top:-114px !important}}<\/style><div class=\"ugb-inner-block ugb-inner-block--center\"><div class=\"ugb-block-content\"><div class=\"ugb-feature-grid__item ugb-feature-grid__item1 ugb--shadow-3\"><div class=\"ugb-feature-grid__content\"><h5 class=\"ugb-feature-grid__title\">Ades\u00e3o outro Ente<\/h5><p class=\"ugb-feature-grid__description\">Lista de Verifica\u00e7\u00e3o e fluxograma para Ades\u00e3o a Ata de outro ente.<\/p><div class=\"ugb-button-container\"><a class=\"ugb-button ugb-button--size-small\" href=\"https:\/\/portal.pi.gov.br\/compraspublicas\/wp-content\/uploads\/sites\/50\/2022\/03\/07-Adesa\u0303o-Ata-outros-Entes.pdf\" target=\"_blank\" rel=\"noopener noreferrer\" title=\"\"><span class=\"ugb-button--inner\">Download<\/span><\/a><\/div><\/div><\/div><div class=\"ugb-feature-grid__item ugb-feature-grid__item2 ugb--shadow-3\"><div class=\"ugb-feature-grid__content\"><h5 class=\"ugb-feature-grid__title\">Ades\u00e3o Ata SEADPREV<\/h5><p class=\"ugb-feature-grid__description\">Lista de Verifica\u00e7\u00e3o e Fluxograma para Ades\u00e3o a Ata da SEADPREV<\/p><div class=\"ugb-button-container\"><a class=\"ugb-button ugb-button--size-small\" href=\"https:\/\/portal.pi.gov.br\/compraspublicas\/wp-content\/uploads\/sites\/50\/2022\/03\/08-Adesa\u0303o-Ata-SEADPREV.pdf\" target=\"_blank\" rel=\"noopener noreferrer\" title=\"\"><span class=\"ugb-button--inner\">Download<\/span><\/a><\/div><\/div><\/div><div class=\"ugb-feature-grid__item ugb-feature-grid__item3 ugb--shadow-3\"><div class=\"ugb-feature-grid__content\"><h5 class=\"ugb-feature-grid__title\">Ades\u00e3o Ata Libera\u00e7\u00e3o<\/h5><p class=\"ugb-feature-grid__description\"><meta charset=\"utf-8\">Lista de Verifica\u00e7\u00e3o e Fluxograma para Ades\u00e3o a Ata (libera\u00e7\u00e3o).<\/p><div class=\"ugb-button-container\"><a class=\"ugb-button ugb-button--size-small\" href=\"https:\/\/portal.pi.gov.br\/compraspublicas\/wp-content\/uploads\/sites\/50\/2022\/03\/09-Liberac\u0327a\u0303o.pdf\" target=\"_blank\" rel=\"noopener noreferrer\" title=\"\"><span class=\"ugb-button--inner\">Download<\/span><\/a><\/div><\/div><\/div><\/div><\/div><\/div>\n\n\n\n<div class=\"alignfull wp-block-ugb-feature-grid ugb-feature-grid ugb-db522cf ugb-feature-grid--v2 ugb-feature-grid--columns-3 ugb-feature-grid--design-basic ugb-main-block ugb-main-block--inner-center ugb--has-block-background\"><style>.ugb-db522cf .ugb-feature-grid__item{border-radius:16px !important}.ugb-db522cf .ugb-feature-grid__title{font-size:25px !important;text-align:center}.ugb-db522cf .ugb-feature-grid__description{text-align:center}.ugb-db522cf .ugb-button .ugb-button--inner{font-family:-apple-system,BlinkMacSystemFont,\"Segoe UI\",Roboto,Helvetica,Arial,sans-serif,\"Apple Color Emoji\",\"Segoe UI Emoji\",\"Segoe UI Symbol\" !important;font-size:18px !important}.ugb-db522cf .ugb-button{background-color:var(--stk-global-color-4603,#313131);border-radius:0px !important}.ugb-db522cf .ugb-button .ugb-button--inner,.ugb-db522cf .ugb-button svg:not(.ugb-custom-icon){color:#ffffff !important}.ugb-db522cf .ugb-button:before{border-radius:0px !important}.ugb-db522cf .ugb-button-container{text-align:center !important}.ugb-db522cf .ugb-inner-block{text-align:center}@media screen and (min-width:768px){.ugb-db522cf.ugb-feature-grid{margin-top:-119px !important}}<\/style><div class=\"ugb-inner-block ugb-inner-block--center\"><div class=\"ugb-block-content\"><div class=\"ugb-feature-grid__item ugb-feature-grid__item1 ugb--shadow-3\"><div class=\"ugb-feature-grid__content\"><h5 class=\"ugb-feature-grid__title\">Concess\u00e3o de Patroc\u00ednio<\/h5><p class=\"ugb-feature-grid__description\">Lista de Verifica\u00e7\u00e3o e fluxograma para Concess\u00e3o de<br>Patroc\u00ednio.<\/p><div class=\"ugb-button-container\"><a class=\"ugb-button ugb-button--size-small\" href=\"https:\/\/portal.pi.gov.br\/compraspublicas\/wp-content\/uploads\/sites\/50\/2022\/03\/10-Concessa\u0303o-Patroci\u0301nio.pdf\" target=\"_blank\" rel=\"noopener noreferrer\" title=\"\"><span class=\"ugb-button--inner\">Download<\/span><\/a><\/div><\/div><\/div><div class=\"ugb-feature-grid__item ugb-feature-grid__item2 ugb--shadow-3\"><div class=\"ugb-feature-grid__content\"><h5 class=\"ugb-feature-grid__title\">Prorroga\u00e7\u00e3o de Contrato<\/h5><p class=\"ugb-feature-grid__description\">Lista de Verifica\u00e7\u00e3o e Fluxograma para prorrog. de vig. de Contrato de <strong>Natureza Cont\u00ednua<\/strong><\/p><div class=\"ugb-button-container\"><a class=\"ugb-button ugb-button--size-small\" href=\"https:\/\/portal.pi.gov.br\/compraspublicas\/wp-content\/uploads\/sites\/50\/2022\/03\/11-Prorrogac\u0327a\u0303o-de-Contrato.pdf\" target=\"_blank\" rel=\"noopener noreferrer\" title=\"\"><span class=\"ugb-button--inner\">Download<\/span><\/a><\/div><\/div><\/div><div class=\"ugb-feature-grid__item ugb-feature-grid__item3 ugb--shadow-3\"><div class=\"ugb-feature-grid__content\"><h5 class=\"ugb-feature-grid__title\">Prorroga\u00e7\u00e3o de Contrato<\/h5><p class=\"ugb-feature-grid__description\"><meta charset=\"utf-8\"><meta charset=\"utf-8\">Lista de Verifica\u00e7\u00e3o e Fluxograma prorrog. de vig. de Contrato de <strong>Obras<\/strong> ou Serv. <strong>N\u00e3o Continuado<\/strong>.<\/p><div class=\"ugb-button-container\"><a class=\"ugb-button ugb-button--size-small\" href=\"https:\/\/portal.pi.gov.br\/compraspublicas\/wp-content\/uploads\/sites\/50\/2022\/03\/12-Prorrogac\u0327a\u0303o-Contrato-Obra.pdf\" target=\"_blank\" rel=\"noopener noreferrer\" title=\"\"><span class=\"ugb-button--inner\">Download<\/span><\/a><\/div><\/div><\/div><\/div><\/div><\/div>\n\n\n\n<div class=\"alignfull wp-block-ugb-feature-grid ugb-feature-grid ugb-5865337 ugb-feature-grid--v2 ugb-feature-grid--columns-3 ugb-feature-grid--design-basic ugb-main-block ugb-main-block--inner-center ugb--has-block-background\"><style>.ugb-5865337 .ugb-feature-grid__item{border-radius:16px !important}.ugb-5865337 .ugb-feature-grid__title{font-size:25px !important;text-align:center}.ugb-5865337 .ugb-feature-grid__description{text-align:center}.ugb-5865337 .ugb-button .ugb-button--inner{font-family:-apple-system,BlinkMacSystemFont,\"Segoe UI\",Roboto,Helvetica,Arial,sans-serif,\"Apple Color Emoji\",\"Segoe UI Emoji\",\"Segoe UI Symbol\" !important;font-size:18px !important}.ugb-5865337 .ugb-button{background-color:var(--stk-global-color-4603,#313131);border-radius:0px !important}.ugb-5865337 .ugb-button .ugb-button--inner,.ugb-5865337 .ugb-button svg:not(.ugb-custom-icon){color:#ffffff !important}.ugb-5865337 .ugb-button:before{border-radius:0px !important}.ugb-5865337 .ugb-button-container{text-align:center !important}.ugb-5865337 .ugb-inner-block{text-align:center}@media screen and (min-width:768px){.ugb-5865337.ugb-feature-grid{margin-top:-116px !important}}<\/style><div class=\"ugb-inner-block ugb-inner-block--center\"><div class=\"ugb-block-content\"><div class=\"ugb-feature-grid__item ugb-feature-grid__item1 ugb--shadow-3\"><div class=\"ugb-feature-grid__content\"><h5 class=\"ugb-feature-grid__title\">Reajuste<\/h5><p class=\"ugb-feature-grid__description\">Lista de Verifica\u00e7\u00e3o e fluxograma para<br>Reajuste.<\/p><div class=\"ugb-button-container\"><a class=\"ugb-button ugb-button--size-small\" href=\"https:\/\/portal.pi.gov.br\/compraspublicas\/wp-content\/uploads\/sites\/50\/2022\/03\/13-Reajuste.pdf\" target=\"_blank\" rel=\"noopener noreferrer\" title=\"\"><span class=\"ugb-button--inner\">Download<\/span><\/a><\/div><\/div><\/div><div class=\"ugb-feature-grid__item ugb-feature-grid__item2 ugb--shadow-3\"><div class=\"ugb-feature-grid__content\"><h5 class=\"ugb-feature-grid__title\">Repactua\u00e7\u00e3o<\/h5><p class=\"ugb-feature-grid__description\">Lista de Verifica\u00e7\u00e3o e Fluxograma para Repactua\u00e7\u00e3o<\/p><div class=\"ugb-button-container\"><a class=\"ugb-button ugb-button--size-small\" href=\"https:\/\/portal.pi.gov.br\/compraspublicas\/wp-content\/uploads\/sites\/50\/2022\/03\/14-Repactuac\u0327a\u0303o.pdf\" target=\"_blank\" rel=\"noopener noreferrer\" title=\"\"><span class=\"ugb-button--inner\">Download<\/span><\/a><\/div><\/div><\/div><div class=\"ugb-feature-grid__item ugb-feature-grid__item3 ugb--shadow-3\"><div class=\"ugb-feature-grid__content\"><h5 class=\"ugb-feature-grid__title\">Revis\u00e3o<\/h5><p class=\"ugb-feature-grid__description\"><meta charset=\"utf-8\"><meta charset=\"utf-8\">Lista de Verifica\u00e7\u00e3o e Fluxograma para <strong>Revis\u00e3o\/Realinhamento<\/strong>.<\/p><div class=\"ugb-button-container\"><a class=\"ugb-button ugb-button--size-small\" href=\"https:\/\/portal.pi.gov.br\/compraspublicas\/wp-content\/uploads\/sites\/50\/2022\/03\/15-Revisa\u0303o-Realinhamento.pdf\" target=\"_blank\" rel=\"noopener noreferrer\" title=\"\"><span class=\"ugb-button--inner\">Download<\/span><\/a><\/div><\/div><\/div><\/div><\/div><\/div>\n\n\n\n<div class=\"alignfull wp-block-ugb-feature-grid ugb-feature-grid ugb-5ae7376 ugb-feature-grid--v2 ugb-feature-grid--columns-2 ugb-feature-grid--design-basic ugb-main-block ugb-main-block--inner-center ugb--has-block-background\"><style>.ugb-5ae7376 .ugb-feature-grid__item{border-radius:16px !important}.ugb-5ae7376 .ugb-feature-grid__title{font-size:25px !important;text-align:center}.ugb-5ae7376 .ugb-feature-grid__description{text-align:center}.ugb-5ae7376 .ugb-button .ugb-button--inner{font-family:-apple-system,BlinkMacSystemFont,\"Segoe UI\",Roboto,Helvetica,Arial,sans-serif,\"Apple Color Emoji\",\"Segoe UI Emoji\",\"Segoe UI Symbol\" !important;font-size:18px !important}.ugb-5ae7376 .ugb-button{background-color:var(--stk-global-color-4603,#313131);border-radius:0px !important}.ugb-5ae7376 .ugb-button .ugb-button--inner,.ugb-5ae7376 .ugb-button svg:not(.ugb-custom-icon){color:#ffffff !important}.ugb-5ae7376 .ugb-button:before{border-radius:0px !important}.ugb-5ae7376 .ugb-button-container{text-align:center !important}.ugb-5ae7376 .ugb-inner-block{text-align:center}@media screen and (min-width:768px){.ugb-5ae7376.ugb-feature-grid{margin-top:-125px !important}}<\/style><div class=\"ugb-inner-block ugb-inner-block--center\"><div class=\"ugb-block-content\"><div class=\"ugb-feature-grid__item ugb-feature-grid__item1 ugb--shadow-3\"><div class=\"ugb-feature-grid__content\"><h5 class=\"ugb-feature-grid__title\">Incorpora\u00e7\u00e3o de ARP<\/h5><p class=\"ugb-feature-grid__description\">Lista de Verifica\u00e7\u00e3o e fluxograma para<br>incorpora\u00e7\u00e3o de ARP setorial.<\/p><div class=\"ugb-button-container\"><a class=\"ugb-button ugb-button--size-small\" href=\"https:\/\/portal.pi.gov.br\/compraspublicas\/wp-content\/uploads\/sites\/50\/2022\/03\/19-Incorportac\u0327a\u0303o-de-ARP.pdf\" target=\"_blank\" rel=\"noopener noreferrer\" title=\"\"><span class=\"ugb-button--inner\">Download<\/span><\/a><\/div><\/div><\/div><div class=\"ugb-feature-grid__item ugb-feature-grid__item2 ugb--shadow-3\"><div class=\"ugb-feature-grid__content\"><h5 class=\"ugb-feature-grid__title\">Loca\u00e7\u00e3o de Im\u00f3vel<\/h5><p class=\"ugb-feature-grid__description\">Lista de Verifica\u00e7\u00e3o e Fluxograma para Loca\u00e7\u00e3o de Im\u00f3vel por Dispensa de Licita\u00e7\u00e3o<\/p><div class=\"ugb-button-container\"><a class=\"ugb-button ugb-button--size-small\" href=\"https:\/\/portal.pi.gov.br\/compraspublicas\/wp-content\/uploads\/sites\/50\/2022\/03\/20-Locac\u0327a\u0303o-de-Imo\u0301veis.pdf\" target=\"_blank\" rel=\"noopener noreferrer\" title=\"\"><span class=\"ugb-button--inner\">Download<\/span><\/a><\/div><\/div><\/div><\/div><\/div><\/div>\n","protected":false},"excerpt":{"rendered":"<p>Lista de Verifica\u00e7\u00e3o de Fluxograma Todas as listas de verifica\u00e7\u00f5es e fluxogramas s\u00e3o baseadas na Resolu\u00e7\u00e3o CGFR n\u00ba 003\/2020, de 10 de dezembro de 2020 e publicada no Portal da [&hellip;]<\/p>\n","protected":false},"author":1,"featured_media":0,"parent":0,"menu_order":0,"comment_status":"closed","ping_status":"closed","template":"template-fullwidth.php","meta":[],"featured_image_urls":{"full":"","thumbnail":"","medium":"","medium_large":"","large":"","sgg-420":"","sgg-540":"","sgg-780":"","1536x1536":"","2048x2048":"","homepage-slider":"","homepage-slider-small":"","page-top":"","page-small":"","loop-main":"","thumb-gallery-widget":""},"post_excerpt_stackable":"<p>Lista de Verifica\u00e7\u00e3o de FluxogramaTodas as listas de verifica\u00e7\u00f5es e fluxogramas s\u00e3o baseadas na Resolu\u00e7\u00e3o CGFR n\u00ba 003\/2020, de 10 de dezembro de 2020 e publicada no Portal da PGE. Preg\u00e3oLista de Verifica\u00e7\u00e3o e fluxograma para abertura de Preg\u00e3o sem Registro de Pre\u00e7o.DownloadPreg\u00e3oLista de Verifica\u00e7\u00e3o e Fluxograma para abertura de Preg\u00e3o com Registro de Pre\u00e7o.DownloadObrasLista de Verifica\u00e7\u00e3o e Fluxograma para abertura Lic. de Obras (convite, tom. de pre\u00e7o e concorr\u00eancia).Download Contrata\u00e7\u00e3o DiretaLista de Verifica\u00e7\u00e3o e fluxograma para Contrata\u00e7\u00e3oDireta.DownloadContrata\u00e7\u00e3o DiretaLista de Verifica\u00e7\u00e3o e Fluxograma para Contrata\u00e7\u00e3o Direta pequeno Valor.DownloadContrata\u00e7\u00e3o Direta ObrasLista de Verifica\u00e7\u00e3o e Fluxograma para Contrata\u00e7\u00e3o Diretade Obras.Download Ades\u00e3o outro&hellip;<\/p>\n","category_list":"","author_info":{"name":"admin","url":"https:\/\/portal.pi.gov.br\/compraspublicas\/author\/admin\/"},"comments_num":"0 coment\u00e1rio","featured_image_urls_v2":{"full":"","thumbnail":"","medium":"","medium_large":"","large":"","sgg-420":"","sgg-540":"","sgg-780":"","1536x1536":"","2048x2048":"","homepage-slider":"","homepage-slider-small":"","page-top":"","page-small":"","loop-main":"","thumb-gallery-widget":""},"post_excerpt_stackable_v2":"<p>Lista de Verifica\u00e7\u00e3o de FluxogramaTodas as listas de verifica\u00e7\u00f5es e fluxogramas s\u00e3o baseadas na Resolu\u00e7\u00e3o CGFR n\u00ba 003\/2020, de 10 de dezembro de 2020 e publicada no Portal da PGE. Preg\u00e3oLista de Verifica\u00e7\u00e3o e fluxograma para abertura de Preg\u00e3o sem Registro de Pre\u00e7o.DownloadPreg\u00e3oLista de Verifica\u00e7\u00e3o e Fluxograma para abertura de Preg\u00e3o com Registro de Pre\u00e7o.DownloadObrasLista de Verifica\u00e7\u00e3o e Fluxograma para abertura Lic. de Obras (convite, tom. de pre\u00e7o e concorr\u00eancia).Download Contrata\u00e7\u00e3o DiretaLista de Verifica\u00e7\u00e3o e fluxograma para Contrata\u00e7\u00e3oDireta.DownloadContrata\u00e7\u00e3o DiretaLista de Verifica\u00e7\u00e3o e Fluxograma para Contrata\u00e7\u00e3o Direta pequeno Valor.DownloadContrata\u00e7\u00e3o Direta ObrasLista de Verifica\u00e7\u00e3o e Fluxograma para Contrata\u00e7\u00e3o Diretade Obras.Download Ades\u00e3o outro&hellip;<\/p>\n","category_list_v2":"","author_info_v2":{"name":"admin","url":"https:\/\/portal.pi.gov.br\/compraspublicas\/author\/admin\/"},"comments_num_v2":"0 coment\u00e1rio","_links":{"self":[{"href":"https:\/\/portal.pi.gov.br\/compraspublicas\/wp-json\/wp\/v2\/pages\/1070"}],"collection":[{"href":"https:\/\/portal.pi.gov.br\/compraspublicas\/wp-json\/wp\/v2\/pages"}],"about":[{"href":"https:\/\/portal.pi.gov.br\/compraspublicas\/wp-json\/wp\/v2\/types\/page"}],"author":[{"embeddable":true,"href":"https:\/\/portal.pi.gov.br\/compraspublicas\/wp-json\/wp\/v2\/users\/1"}],"replies":[{"embeddable":true,"href":"https:\/\/portal.pi.gov.br\/compraspublicas\/wp-json\/wp\/v2\/comments?post=1070"}],"version-history":[{"count":22,"href":"https:\/\/portal.pi.gov.br\/compraspublicas\/wp-json\/wp\/v2\/pages\/1070\/revisions"}],"predecessor-version":[{"id":1131,"href":"https:\/\/portal.pi.gov.br\/compraspublicas\/wp-json\/wp\/v2\/pages\/1070\/revisions\/1131"}],"wp:attachment":[{"href":"https:\/\/portal.pi.gov.br\/compraspublicas\/wp-json\/wp\/v2\/media?parent=1070"}],"curies":[{"name":"wp","href":"https:\/\/api.w.org\/{rel}","templated":true}]}}