{"id":1177,"date":"2022-03-21T16:10:06","date_gmt":"2022-03-21T19:10:06","guid":{"rendered":"https:\/\/portal.pi.gov.br\/compraspublicas\/?page_id=1177"},"modified":"2022-03-21T16:10:07","modified_gmt":"2022-03-21T19:10:07","slug":"plano-anual-de-aquisicoes","status":"publish","type":"page","link":"https:\/\/portal.pi.gov.br\/compraspublicas\/plano-anual-de-aquisicoes\/","title":{"rendered":"Plano Anual de Aquisi\u00e7\u00f5es"},"content":{"rendered":"\n<p><\/p>\n\n\n\n<div class=\"aligncenter wp-block-ugb-notification ugb-notification ugb-57709e5 ugb-notification--v2 ugb-notification--design-basic ugb-notification--type-info ugb-main-block ugb--has-custom-content-width\"><style>.ugb-57709e5 .ugb-notification__item{border-radius:0px !important;background-color:rgba(255,255,255,1) !important}.ugb-57709e5 .ugb-notification__item:before{background-color:#ffffff !important}.ugb-57709e5 .ugb-notification__description{color:var(--stk-global-color-88711,#313131) !important}.ugb-57709e5 .ugb-button .ugb-button--inner{font-family:\"Lato\",Sans-serif !important}.ugb-57709e5 .ugb-button{background-color:#424242;border-radius:100px !important}.ugb-57709e5 .ugb-button:before{border-radius:100px !important}.ugb-57709e5 .ugb-button .ugb-button--inner,.ugb-57709e5 .ugb-button.ugb-button--has-icon.ugb-button--has-icon svg{color:#ffffff}.ugb-57709e5 .ugb-button:hover .ugb-button--inner,.ugb-57709e5 .ugb-button:hover svg{color:#ffffff}.ugb-57709e5 .ugb-inner-block{text-align:center}.ugb-57709e5.ugb-notification > .ugb-inner-block{max-width:600px !important}<\/style><div class=\"ugb-inner-block\"><div class=\"ugb-block-content\"><div class=\"ugb-notification__item ugb-notification--new-icon ugb--shadow-6\"><p class=\"ugb-notification__description\">Plano Anual de Aquisi\u00e7\u00f5es e Contrata\u00e7\u00f5es da SEADPREV &#8211; 2021\/2022<\/p><div class=\"ugb-button-container\"><a class=\"ugb-button ugb-button--size-small ugb--hover-effect-lift\" href=\"https:\/\/portal.pi.gov.br\/compraspublicas\/wp-content\/uploads\/sites\/50\/2022\/03\/PLANO-ANUAL-merged-2.pdf\" target=\"_blank\" rel=\"noopener noreferrer\" title=\"\"><span class=\"ugb-button--inner\">Download<\/span><\/a><\/div><\/div><\/div><\/div><\/div>\n","protected":false},"excerpt":{"rendered":"<p>Plano Anual de Aquisi\u00e7\u00f5es e Contrata\u00e7\u00f5es da SEADPREV &#8211; 2021\/2022 Download<\/p>\n","protected":false},"author":1,"featured_media":0,"parent":0,"menu_order":0,"comment_status":"closed","ping_status":"closed","template":"template-fullwidth.php","meta":[],"featured_image_urls":{"full":"","thumbnail":"","medium":"","medium_large":"","large":"","sgg-420":"","sgg-540":"","sgg-780":"","1536x1536":"","2048x2048":"","homepage-slider":"","homepage-slider-small":"","page-top":"","page-small":"","loop-main":"","thumb-gallery-widget":""},"post_excerpt_stackable":"<p>Plano Anual de Aquisi\u00e7\u00f5es e Contrata\u00e7\u00f5es da SEADPREV &#8211; 2021\/2022Download<\/p>\n","category_list":"","author_info":{"name":"admin","url":"https:\/\/portal.pi.gov.br\/compraspublicas\/author\/admin\/"},"comments_num":"0 coment\u00e1rio","featured_image_urls_v2":{"full":"","thumbnail":"","medium":"","medium_large":"","large":"","sgg-420":"","sgg-540":"","sgg-780":"","1536x1536":"","2048x2048":"","homepage-slider":"","homepage-slider-small":"","page-top":"","page-small":"","loop-main":"","thumb-gallery-widget":""},"post_excerpt_stackable_v2":"<p>Plano Anual de Aquisi\u00e7\u00f5es e Contrata\u00e7\u00f5es da SEADPREV &#8211; 2021\/2022Download<\/p>\n","category_list_v2":"","author_info_v2":{"name":"admin","url":"https:\/\/portal.pi.gov.br\/compraspublicas\/author\/admin\/"},"comments_num_v2":"0 coment\u00e1rio","_links":{"self":[{"href":"https:\/\/portal.pi.gov.br\/compraspublicas\/wp-json\/wp\/v2\/pages\/1177"}],"collection":[{"href":"https:\/\/portal.pi.gov.br\/compraspublicas\/wp-json\/wp\/v2\/pages"}],"about":[{"href":"https:\/\/portal.pi.gov.br\/compraspublicas\/wp-json\/wp\/v2\/types\/page"}],"author":[{"embeddable":true,"href":"https:\/\/portal.pi.gov.br\/compraspublicas\/wp-json\/wp\/v2\/users\/1"}],"replies":[{"embeddable":true,"href":"https:\/\/portal.pi.gov.br\/compraspublicas\/wp-json\/wp\/v2\/comments?post=1177"}],"version-history":[{"count":1,"href":"https:\/\/portal.pi.gov.br\/compraspublicas\/wp-json\/wp\/v2\/pages\/1177\/revisions"}],"predecessor-version":[{"id":1179,"href":"https:\/\/portal.pi.gov.br\/compraspublicas\/wp-json\/wp\/v2\/pages\/1177\/revisions\/1179"}],"wp:attachment":[{"href":"https:\/\/portal.pi.gov.br\/compraspublicas\/wp-json\/wp\/v2\/media?parent=1177"}],"curies":[{"name":"wp","href":"https:\/\/api.w.org\/{rel}","templated":true}]}}