{"id":924,"date":"2022-03-10T19:32:41","date_gmt":"2022-03-10T22:32:41","guid":{"rendered":"https:\/\/portal.pi.gov.br\/compraspublicas\/?page_id=924"},"modified":"2022-12-15T10:39:00","modified_gmt":"2022-12-15T13:39:00","slug":"videos-compras","status":"publish","type":"page","link":"https:\/\/portal.pi.gov.br\/compraspublicas\/videos-compras\/","title":{"rendered":"V\u00eddeo Compras"},"content":{"rendered":"","protected":true},"excerpt":{"rendered":"","protected":true},"author":1,"featured_media":0,"parent":0,"menu_order":0,"comment_status":"closed","ping_status":"closed","template":"template-fullwidth.php","meta":[],"featured_image_urls":{"full":"","thumbnail":"","medium":"","medium_large":"","large":"","sgg-420":"","sgg-540":"","sgg-780":"","1536x1536":"","2048x2048":"","homepage-slider":"","homepage-slider-small":"","page-top":"","page-small":"","loop-main":"","thumb-gallery-widget":""},"post_excerpt_stackable":"<p>M\u00f3dulo de CompraProcesso de Aquisi\u00e7\u00f5es Introdu\u00e7\u00e3o ao M\u00f3dulo de Compras Criar Processo Selecionando a Modalidade Criar Pesquisa de Pre\u00e7o Gerar Mapa Comparativo Gerar Dota\u00e7\u00e3o Or\u00e7ament\u00e1ria Gerar Planilha de Licita\u00e7\u00e3o Agendar e Publicar Edital &#8211; Parte 1 Agendar e Publicar Edital &#8211; Parte 2 Apurar Resultado &#8211; Parte 1 Apurar Resultado &#8211; Parte 2 Emitir Resultado Pedido de Esclarecimento e Impugna\u00e7\u00e3o<\/p>\n","category_list":"","author_info":{"name":"admin","url":"https:\/\/portal.pi.gov.br\/compraspublicas\/author\/admin\/"},"comments_num":"0 coment\u00e1rio","featured_image_urls_v2":{"full":"","thumbnail":"","medium":"","medium_large":"","large":"","sgg-420":"","sgg-540":"","sgg-780":"","1536x1536":"","2048x2048":"","homepage-slider":"","homepage-slider-small":"","page-top":"","page-small":"","loop-main":"","thumb-gallery-widget":""},"post_excerpt_stackable_v2":"<p>M\u00f3dulo de CompraProcesso de Aquisi\u00e7\u00f5es Introdu\u00e7\u00e3o ao M\u00f3dulo de Compras Criar Processo Selecionando a Modalidade Criar Pesquisa de Pre\u00e7o Gerar Mapa Comparativo Gerar Dota\u00e7\u00e3o Or\u00e7ament\u00e1ria Gerar Planilha de Licita\u00e7\u00e3o Agendar e Publicar Edital &#8211; Parte 1 Agendar e Publicar Edital &#8211; Parte 2 Apurar Resultado &#8211; Parte 1 Apurar Resultado &#8211; Parte 2 Emitir Resultado Pedido de Esclarecimento e Impugna\u00e7\u00e3o<\/p>\n","category_list_v2":"","author_info_v2":{"name":"admin","url":"https:\/\/portal.pi.gov.br\/compraspublicas\/author\/admin\/"},"comments_num_v2":"0 coment\u00e1rio","_links":{"self":[{"href":"https:\/\/portal.pi.gov.br\/compraspublicas\/wp-json\/wp\/v2\/pages\/924"}],"collection":[{"href":"https:\/\/portal.pi.gov.br\/compraspublicas\/wp-json\/wp\/v2\/pages"}],"about":[{"href":"https:\/\/portal.pi.gov.br\/compraspublicas\/wp-json\/wp\/v2\/types\/page"}],"author":[{"embeddable":true,"href":"https:\/\/portal.pi.gov.br\/compraspublicas\/wp-json\/wp\/v2\/users\/1"}],"replies":[{"embeddable":true,"href":"https:\/\/portal.pi.gov.br\/compraspublicas\/wp-json\/wp\/v2\/comments?post=924"}],"version-history":[{"count":15,"href":"https:\/\/portal.pi.gov.br\/compraspublicas\/wp-json\/wp\/v2\/pages\/924\/revisions"}],"predecessor-version":[{"id":1425,"href":"https:\/\/portal.pi.gov.br\/compraspublicas\/wp-json\/wp\/v2\/pages\/924\/revisions\/1425"}],"wp:attachment":[{"href":"https:\/\/portal.pi.gov.br\/compraspublicas\/wp-json\/wp\/v2\/media?parent=924"}],"curies":[{"name":"wp","href":"https:\/\/api.w.org\/{rel}","templated":true}]}}