{"id":1083,"date":"2023-06-01T11:21:45","date_gmt":"2023-06-01T14:21:45","guid":{"rendered":"https:\/\/portal.pi.gov.br\/defesacivil\/?page_id=1083"},"modified":"2023-06-01T12:57:32","modified_gmt":"2023-06-01T15:57:32","slug":"incendios-florestais","status":"publish","type":"page","link":"https:\/\/portal.pi.gov.br\/defesacivil\/incendios-florestais\/","title":{"rendered":"Inc\u00eandios Florestais"},"content":{"rendered":"\n<p><a href=\"http:\/\/www.defesacivil.rj.gov.br\/index.php\/para-o-cidadao\/como-agir-em-desastres\/22-incendios-florestais\"><\/a><strong>O que \u00e9?<\/strong>&nbsp;<strong><\/strong><\/p>\n\n\n\n<p>\u00c9 a propaga\u00e7\u00e3o do fogo, em \u00e1reas florestais e de savana (cerrados e caatingas), normalmente ocorre com frequ\u00eancia e intensidade nos per\u00edodos de estiagem e est\u00e1 intrinsecamente relacionada com a redu\u00e7\u00e3o da umidade ambiental.&nbsp;<\/p>\n\n\n\n<p>Os inc\u00eandios podem iniciar-se de forma espont\u00e2nea ou ser consequ\u00eancia de a\u00e7\u00f5es e\/ou omiss\u00f5es humanas, mas mesmo nesse \u00faltimo caso, os fatores climatol\u00f3gicos e ambientais s\u00e3o decisivos para increment\u00e1-los, facilitando sua propaga\u00e7\u00e3o e dificultando seu controle.&nbsp;<\/p>\n\n\n\n<p><strong>Os inc\u00eandios florestais podem ser causados por:<\/strong>&nbsp;<\/p>\n\n\n\n<p>Causas naturais, como raios, rea\u00e7\u00f5es fermentativas exot\u00e9rmicas, concentra\u00e7\u00e3o de raios solares por peda\u00e7os de quartzo ou cacos de vidros em forma de lente e outras causas;<\/p>\n\n\n\n<p>Imprud\u00eancia e descuido de ca\u00e7adores, mateiros ou pescadores, atrav\u00e9s da propaga\u00e7\u00e3o de pequenas fogueiras, feitas em acampamentos;<\/p>\n\n\n\n<p>Fagulhas provenientes de locomotivas ou de outras maquinas automotoras, consumidoras de carv\u00e3o ou lenha;<\/p>\n\n\n\n<p>Perda de controle de queimadas, realizadas para \u201climpeza\u201d de comp\u00f4s;<\/p>\n\n\n\n<p>Incendi\u00e1rios e\/ou piroman\u00edacos.&nbsp;<\/p>\n\n\n\n<p><strong>Danos<\/strong>&nbsp;<\/p>\n\n\n\n<p>Os inc\u00eandios florestais causam danos materiais, ambientais e humanos.&nbsp;<\/p>\n\n\n\n<p><strong>Os danos materiais s\u00e3o:<\/strong>&nbsp;<\/p>\n\n\n\n<p>Destrui\u00e7\u00e3o das \u00e1rvores em fase de crescimento ou em fase de utiliza\u00e7\u00e3o comercial, reduzindo a produ\u00e7\u00e3o de madeira, celulose, ess\u00eancias florestais e outros insumos;<\/p>\n\n\n\n<p>Redu\u00e7\u00e3o da fertilidade do solo, como conseq\u00fc\u00eancia da destrui\u00e7\u00e3o da mat\u00e9ria org\u00e2nica recicl\u00e1vel obrigando a um maior consumo de fertilizantes;<\/p>\n\n\n\n<p>Redu\u00e7\u00e3o da resist\u00eancia das \u00e1rvores ao ataque de pragas, obrigando a um maior consumo de praguicidas.&nbsp;<\/p>\n\n\n\n<p><strong>Os danos ambientais s\u00e3o:<\/strong>&nbsp;<\/p>\n\n\n\n<p>Redu\u00e7\u00e3o da biodiversidade;<\/p>\n\n\n\n<p>Altera\u00e7\u00f5es dr\u00e1sticas dos bi\u00f3topos, reduzindo as possibilidades de desenvolvimento equilibrado da fauna silvestre;<\/p>\n\n\n\n<p>Facilita\u00e7\u00e3o dos processos erosivos;<\/p>\n\n\n\n<p>Redu\u00e7\u00e3o da prote\u00e7\u00e3o dos olhos d\u2019\u00e1gua e nascentes.&nbsp;<\/p>\n\n\n\n<p><strong>Os danos humanos s\u00e3o:<\/strong><\/p>\n\n\n\n<p>Perdas humanas e traumatismos provocados pelo fogo ou por contus\u00f5es;<\/p>\n\n\n\n<p>Desabrigados e desalojados;<\/p>\n\n\n\n<p>Redu\u00e7\u00e3o das oportunidades de trabalho relacionada com o manejo florestal.&nbsp;<\/p>\n\n\n\n<p><strong>Perguntas freq\u00fcentes<\/strong>&nbsp;<\/p>\n\n\n\n<p><em>1 &#8211; Posso fazer uma queimada em meu pasto?&nbsp;<\/em><\/p>\n\n\n\n<p>Sempre consulte a Secretaria Estadual ou Municipal do Meio Ambiente antes de fazer queimada, pois voc\u00ea poder\u00e1 est\u00e1 cometendo crime ambiental.\u00a0<\/p>\n\n\n\n<p><em>2 &#8211; O que eu posso fazer para evitar um inc\u00eandio florestal?&nbsp;<\/em><\/p>\n\n\n\n<p>Constru\u00e7\u00e3o de aceiros, que devem ser mantidos limpos e sem materiais combust\u00edveis;<\/p>\n\n\n\n<p>Constru\u00e7\u00e3o de faixas limpas e sem materiais combust\u00edveis;<\/p>\n\n\n\n<p>Planta\u00e7\u00e3o de cortinas de seguran\u00e7a com vegeta\u00e7\u00e3o menos inflam\u00e1vel;<\/p>\n\n\n\n<p>Constru\u00e7\u00e3o de barragens de \u00e1gua que atuem como obst\u00e1culos \u00e0 propaga\u00e7\u00e3o do fogo e como reserva de \u00e1gua para o combate ao inc\u00eandio;<\/p>\n\n\n\n<p>Constru\u00e7\u00e3o de estradas vicinais, no interior de florestas, facilita a fiscaliza\u00e7\u00e3o e favorece o carreamento dos meios de controlar os inc\u00eandios;<\/p>\n\n\n\n<p>Aviso imediato, em caso de inc\u00eandio florestal, ao Corpo de Bombeiros, Defesa Civil ou Pol\u00edcia;<\/p>\n\n\n\n<p>Seguir as instru\u00e7\u00f5es dos bombeiros ou Defesa Civil.&nbsp;<\/p>\n\n\n\n<p><em>3 &#8211; O que n\u00e3o fazer?&nbsp;<\/em><\/p>\n\n\n\n<p>Nunca tente combater um inc\u00eandio sozinho.<\/p>\n","protected":false},"excerpt":{"rendered":"<p>O que \u00e9?&nbsp; \u00c9 a propaga\u00e7\u00e3o do fogo, em \u00e1reas florestais e de savana (cerrados e caatingas), normalmente ocorre com frequ\u00eancia e intensidade nos per\u00edodos de estiagem e est\u00e1 intrinsecamente [&hellip;]<\/p>\n","protected":false},"author":1,"featured_media":0,"parent":0,"menu_order":0,"comment_status":"closed","ping_status":"closed","template":"template-fullwidth.php","meta":[],"featured_image_urls":{"full":"","thumbnail":"","medium":"","medium_large":"","large":"","sgg-420":"","sgg-540":"","sgg-780":"","1536x1536":"","2048x2048":"","homepage-slider":"","homepage-slider-small":"","page-top":"","page-small":"","loop-main":"","thumb-gallery-widget":""},"post_excerpt_stackable":"<p>O que \u00e9?&nbsp; \u00c9 a propaga\u00e7\u00e3o do fogo, em \u00e1reas florestais e de savana (cerrados e caatingas), normalmente ocorre com frequ\u00eancia e intensidade nos per\u00edodos de estiagem e est\u00e1 intrinsecamente relacionada com a redu\u00e7\u00e3o da umidade ambiental.&nbsp; Os inc\u00eandios podem iniciar-se de forma espont\u00e2nea ou ser consequ\u00eancia de a\u00e7\u00f5es e\/ou omiss\u00f5es humanas, mas mesmo nesse \u00faltimo caso, os fatores climatol\u00f3gicos e ambientais s\u00e3o decisivos para increment\u00e1-los, facilitando sua propaga\u00e7\u00e3o e dificultando seu controle.&nbsp; Os inc\u00eandios florestais podem ser causados por:&nbsp; Causas naturais, como raios, rea\u00e7\u00f5es fermentativas exot\u00e9rmicas, concentra\u00e7\u00e3o de raios solares por peda\u00e7os de quartzo ou cacos de vidros em&hellip;<\/p>\n","category_list":"","author_info":{"name":"admin","url":"https:\/\/portal.pi.gov.br\/defesacivil\/author\/admin\/"},"comments_num":"0 coment\u00e1rio","featured_image_urls_v2":{"full":"","thumbnail":"","medium":"","medium_large":"","large":"","sgg-420":"","sgg-540":"","sgg-780":"","1536x1536":"","2048x2048":"","homepage-slider":"","homepage-slider-small":"","page-top":"","page-small":"","loop-main":"","thumb-gallery-widget":""},"post_excerpt_stackable_v2":"<p>O que \u00e9?&nbsp; \u00c9 a propaga\u00e7\u00e3o do fogo, em \u00e1reas florestais e de savana (cerrados e caatingas), normalmente ocorre com frequ\u00eancia e intensidade nos per\u00edodos de estiagem e est\u00e1 intrinsecamente relacionada com a redu\u00e7\u00e3o da umidade ambiental.&nbsp; Os inc\u00eandios podem iniciar-se de forma espont\u00e2nea ou ser consequ\u00eancia de a\u00e7\u00f5es e\/ou omiss\u00f5es humanas, mas mesmo nesse \u00faltimo caso, os fatores climatol\u00f3gicos e ambientais s\u00e3o decisivos para increment\u00e1-los, facilitando sua propaga\u00e7\u00e3o e dificultando seu controle.&nbsp; Os inc\u00eandios florestais podem ser causados por:&nbsp; Causas naturais, como raios, rea\u00e7\u00f5es fermentativas exot\u00e9rmicas, concentra\u00e7\u00e3o de raios solares por peda\u00e7os de quartzo ou cacos de vidros em&hellip;<\/p>\n","category_list_v2":"","author_info_v2":{"name":"admin","url":"https:\/\/portal.pi.gov.br\/defesacivil\/author\/admin\/"},"comments_num_v2":"0 coment\u00e1rio","_links":{"self":[{"href":"https:\/\/portal.pi.gov.br\/defesacivil\/wp-json\/wp\/v2\/pages\/1083"}],"collection":[{"href":"https:\/\/portal.pi.gov.br\/defesacivil\/wp-json\/wp\/v2\/pages"}],"about":[{"href":"https:\/\/portal.pi.gov.br\/defesacivil\/wp-json\/wp\/v2\/types\/page"}],"author":[{"embeddable":true,"href":"https:\/\/portal.pi.gov.br\/defesacivil\/wp-json\/wp\/v2\/users\/1"}],"replies":[{"embeddable":true,"href":"https:\/\/portal.pi.gov.br\/defesacivil\/wp-json\/wp\/v2\/comments?post=1083"}],"version-history":[{"count":3,"href":"https:\/\/portal.pi.gov.br\/defesacivil\/wp-json\/wp\/v2\/pages\/1083\/revisions"}],"predecessor-version":[{"id":1109,"href":"https:\/\/portal.pi.gov.br\/defesacivil\/wp-json\/wp\/v2\/pages\/1083\/revisions\/1109"}],"wp:attachment":[{"href":"https:\/\/portal.pi.gov.br\/defesacivil\/wp-json\/wp\/v2\/media?parent=1083"}],"curies":[{"name":"wp","href":"https:\/\/api.w.org\/{rel}","templated":true}]}}