{"id":1085,"date":"2023-06-01T11:22:15","date_gmt":"2023-06-01T14:22:15","guid":{"rendered":"https:\/\/portal.pi.gov.br\/defesacivil\/?page_id=1085"},"modified":"2023-06-01T11:40:11","modified_gmt":"2023-06-01T14:40:11","slug":"raios-e-tempestades","status":"publish","type":"page","link":"https:\/\/portal.pi.gov.br\/defesacivil\/raios-e-tempestades\/","title":{"rendered":"Raios e Tempestades"},"content":{"rendered":"\n<h4 class=\"wp-block-heading\"><strong>O que s\u00e3o?<\/strong><\/h4>\n\n\n\n<p>Tempestades s\u00e3o caracterizadas por raios e trov\u00f5es. S\u00e3o produzidas por uma ou mais nuvens cumulunimbus, tamb\u00e9m conhecidas como nuvens de tempestade. Uma t\u00edpica nuvem de tempestades tem um di\u00e2metro de 10 a 20 km.\u00a0<\/p>\n\n\n\n<p>Cerca de 2000 tempestades est\u00e3o sempre ocorrendo, o que significa que 16 milh\u00f5es ocorrem anualmente em nosso planeta.&nbsp;<\/p>\n\n\n\n<p>A freq\u00fc\u00eancia de tempestades em um dado local depende de v\u00e1rios fatores, entre eles a topografia, a latitude, a proximidade de massas de \u00e1gua e a continentalidade.&nbsp;<\/p>\n\n\n\n<p>Os raios podem ser perigosos. Quando est\u00e3o caindo por perto, voc\u00ea est\u00e1 sujeito a ser atingido diretamente por eles. A chance de uma pessoa ser atingida por um raio \u00e9 algo em torno de 1 para 1milh\u00e3o. A maioria das mortes e ferimentos n\u00e3o acontecem devido a incid\u00eancia direta de um raio. Na verdade, s\u00e3o efeitos indiretos associados \u00e0 proximidade do raio ou por efeitos secund\u00e1rios.&nbsp;<\/p>\n\n\n\n<p><strong>Danos<\/strong>&nbsp;<\/p>\n\n\n\n<p>A corrente do raio pode causar s\u00e9rias queimaduras e outros danos ao cora\u00e7\u00e3o, pulm\u00f5es, sistema nervoso central e outras partes do corpo, atrav\u00e9s do aquecimento e uma variedade de rea\u00e7\u00f5es eletroqu\u00edmicas.&nbsp;<\/p>\n\n\n\n<p>A extens\u00e3o do dano depende da intensidade da corrente, das partes do corpo afetadas, das condi\u00e7\u00f5es f\u00edsicas da v\u00edtima e das condi\u00e7\u00f5es espec\u00edficas do incidente.&nbsp;<\/p>\n\n\n\n<p>Cerca de 20 a 30% das v\u00edtimas de raios morrem, a maioria delas por parada card\u00edaca e respirat\u00f3ria, e cerca de 70% dos sobreviventes sofrem devido \u00e0s s\u00e9rias seq\u00fcelas psicol\u00f3gicas e org\u00e2nicas, por um longo tempo. As seq\u00fcelas mais comuns s\u00e3o diminui\u00e7\u00e3o ou perda de mem\u00f3ria, diminui\u00e7\u00e3o da capacidade de concentra\u00e7\u00e3o e dist\u00farbio do sono.&nbsp;<\/p>\n\n\n\n<p>No Brasil, estima-se que aproximadamente 100 pessoas morrem por ano atingidas pelos raios.&nbsp;<\/p>\n\n\n\n<p><strong>Perguntas freq\u00fcentes<\/strong>&nbsp;<\/p>\n\n\n\n<p>1- Se eu estiver na rua o que devo fazer para n\u00e3o ser atingindo por um raio?&nbsp;<\/p>\n\n\n\n<p>Evite lugares que ofere\u00e7am pouca ou nenhuma prote\u00e7\u00e3o contra raios tais como: pequenas constru\u00e7\u00f5es n\u00e3o protegidas como celeiros, tendas ou barracos ou ve\u00edculos sem capota como tratores, motocicletas ou bicicletas;<\/p>\n\n\n\n<p>Evite estacionar pr\u00f3ximo a \u00e1rvores ou linhas de energia el\u00e9trica;<\/p>\n\n\n\n<p>Evite estruturas altas tais como torres, de linhas telef\u00f4nicas e de energia el\u00e9trica;<\/p>\n\n\n\n<p>Alguns lugares s\u00e3o extremamente perigosos durante uma tempestade. Por isso:<\/p>\n\n\n\n<p>N\u00c3O permane\u00e7a em \u00e1reas abertas como campos de futebol, quadras de t\u00eanis e estacionamentos;<\/p>\n\n\n\n<p>N\u00c3O fique no alto de morros ou no topo de pr\u00e9dios<\/p>\n\n\n\n<p>N\u00c3O se aproxime de cercas de arame, varais met\u00e1licos, linhas a\u00e9reas e trilhos;<\/p>\n\n\n\n<p>NUNCA se abrigue debaixo de \u00e1rvores isoladas.&nbsp;<\/p>\n\n\n\n<p>2- E seu eu estiver dentro de casa? Existe algum risco?&nbsp;<\/p>\n\n\n\n<p>N\u00e3o use telefone (o sem fio pode ser usado);<\/p>\n\n\n\n<p>N\u00e3o fique pr\u00f3ximo a tomadas, canos, janelas e portas met\u00e1licas;<\/p>\n\n\n\n<p>N\u00e3o toque em equipamentos el\u00e9tricos que estejam ligados \u00e0 rede el\u00e9trica.<\/p>\n","protected":false},"excerpt":{"rendered":"<p>O que s\u00e3o? Tempestades s\u00e3o caracterizadas por raios e trov\u00f5es. S\u00e3o produzidas por uma ou mais nuvens cumulunimbus, tamb\u00e9m conhecidas como nuvens de tempestade. Uma t\u00edpica nuvem de tempestades tem [&hellip;]<\/p>\n","protected":false},"author":1,"featured_media":0,"parent":0,"menu_order":0,"comment_status":"closed","ping_status":"closed","template":"template-fullwidth.php","meta":[],"featured_image_urls":{"full":"","thumbnail":"","medium":"","medium_large":"","large":"","sgg-420":"","sgg-540":"","sgg-780":"","1536x1536":"","2048x2048":"","homepage-slider":"","homepage-slider-small":"","page-top":"","page-small":"","loop-main":"","thumb-gallery-widget":""},"post_excerpt_stackable":"<p>O que s\u00e3o? Tempestades s\u00e3o caracterizadas por raios e trov\u00f5es. S\u00e3o produzidas por uma ou mais nuvens cumulunimbus, tamb\u00e9m conhecidas como nuvens de tempestade. Uma t\u00edpica nuvem de tempestades tem um di\u00e2metro de 10 a 20 km.\u00a0 Cerca de 2000 tempestades est\u00e3o sempre ocorrendo, o que significa que 16 milh\u00f5es ocorrem anualmente em nosso planeta.&nbsp; A freq\u00fc\u00eancia de tempestades em um dado local depende de v\u00e1rios fatores, entre eles a topografia, a latitude, a proximidade de massas de \u00e1gua e a continentalidade.&nbsp; Os raios podem ser perigosos. Quando est\u00e3o caindo por perto, voc\u00ea est\u00e1 sujeito a ser atingido diretamente por&hellip;<\/p>\n","category_list":"","author_info":{"name":"admin","url":"https:\/\/portal.pi.gov.br\/defesacivil\/author\/admin\/"},"comments_num":"0 coment\u00e1rio","featured_image_urls_v2":{"full":"","thumbnail":"","medium":"","medium_large":"","large":"","sgg-420":"","sgg-540":"","sgg-780":"","1536x1536":"","2048x2048":"","homepage-slider":"","homepage-slider-small":"","page-top":"","page-small":"","loop-main":"","thumb-gallery-widget":""},"post_excerpt_stackable_v2":"<p>O que s\u00e3o? Tempestades s\u00e3o caracterizadas por raios e trov\u00f5es. S\u00e3o produzidas por uma ou mais nuvens cumulunimbus, tamb\u00e9m conhecidas como nuvens de tempestade. Uma t\u00edpica nuvem de tempestades tem um di\u00e2metro de 10 a 20 km.\u00a0 Cerca de 2000 tempestades est\u00e3o sempre ocorrendo, o que significa que 16 milh\u00f5es ocorrem anualmente em nosso planeta.&nbsp; A freq\u00fc\u00eancia de tempestades em um dado local depende de v\u00e1rios fatores, entre eles a topografia, a latitude, a proximidade de massas de \u00e1gua e a continentalidade.&nbsp; Os raios podem ser perigosos. Quando est\u00e3o caindo por perto, voc\u00ea est\u00e1 sujeito a ser atingido diretamente por&hellip;<\/p>\n","category_list_v2":"","author_info_v2":{"name":"admin","url":"https:\/\/portal.pi.gov.br\/defesacivil\/author\/admin\/"},"comments_num_v2":"0 coment\u00e1rio","_links":{"self":[{"href":"https:\/\/portal.pi.gov.br\/defesacivil\/wp-json\/wp\/v2\/pages\/1085"}],"collection":[{"href":"https:\/\/portal.pi.gov.br\/defesacivil\/wp-json\/wp\/v2\/pages"}],"about":[{"href":"https:\/\/portal.pi.gov.br\/defesacivil\/wp-json\/wp\/v2\/types\/page"}],"author":[{"embeddable":true,"href":"https:\/\/portal.pi.gov.br\/defesacivil\/wp-json\/wp\/v2\/users\/1"}],"replies":[{"embeddable":true,"href":"https:\/\/portal.pi.gov.br\/defesacivil\/wp-json\/wp\/v2\/comments?post=1085"}],"version-history":[{"count":2,"href":"https:\/\/portal.pi.gov.br\/defesacivil\/wp-json\/wp\/v2\/pages\/1085\/revisions"}],"predecessor-version":[{"id":1093,"href":"https:\/\/portal.pi.gov.br\/defesacivil\/wp-json\/wp\/v2\/pages\/1085\/revisions\/1093"}],"wp:attachment":[{"href":"https:\/\/portal.pi.gov.br\/defesacivil\/wp-json\/wp\/v2\/media?parent=1085"}],"curies":[{"name":"wp","href":"https:\/\/api.w.org\/{rel}","templated":true}]}}