{"id":1087,"date":"2023-06-01T11:22:44","date_gmt":"2023-06-01T14:22:44","guid":{"rendered":"https:\/\/portal.pi.gov.br\/defesacivil\/?page_id=1087"},"modified":"2023-06-01T11:47:45","modified_gmt":"2023-06-01T14:47:45","slug":"deslizamentos","status":"publish","type":"page","link":"https:\/\/portal.pi.gov.br\/defesacivil\/deslizamentos\/","title":{"rendered":"Deslizamentos"},"content":{"rendered":"\n<p><strong>O que \u00e9?&nbsp;<\/strong><\/p>\n\n\n\n<p>O deslizamento \u00e9 um fen\u00f4meno provocado pelo escorregamento de materiais s\u00f3lidos, como solos, rochas, vegeta\u00e7\u00e3o e\/ou material de constru\u00e7\u00e3o ao longo de terrenos inclinados, denominados de encostas. Ocorre em \u00e1reas de relevo acidentado, das quais foram retiradas a cobertura vegetal original que \u00e9 respons\u00e1vel pela consist\u00eancia do solo e que impede, atrav\u00e9s das ra\u00edzes, o escoamento das \u00e1guas. O deslizamento de terra se difere dos processos erosivos pela quantidade de massa transportada a uma grande velocidade. Esses fen\u00f4menos naturais e\/ou antr\u00f3picos, causam problemas imediatos para a popula\u00e7\u00e3o, independente de sua condi\u00e7\u00e3o social, e tamb\u00e9m para o meio ambiente<\/p>\n\n\n\n<p><strong>Danos<\/strong>&nbsp;<\/p>\n\n\n\n<p>O Brasil, pelo fato de ter predomin\u00e2ncia de clima tropical, existem grandes \u00edndices pluviom\u00e9tricos no ver\u00e3o, que corresponde ao per\u00edodo chuvoso, com isso as encostas naturalmente s\u00e3o locais de risco ao deslizamentos de terra.<br><br>\u00c9 not\u00f3rio que os deslizamentos em encostas e morros urbanos v\u00eam ocorrendo com uma frequ\u00eancia alarmante nestes \u00faltimos anos, devido ao crescimento desordenado das cidades, com a ocupa\u00e7\u00e3o de novas \u00e1reas de risco, principalmente pela popula\u00e7\u00e3o mais carente.<br><br>Muitas cidades, em sua expans\u00e3o, avan\u00e7am para terrenos topograficamente mais inclinados e geologicamente inst\u00e1veis. \u00c9 o caso da ocupa\u00e7\u00e3o de vertentes de morros ou de obras efetuadas em \u00e1reas extremamente suscet\u00edveis \u00e0 intemp\u00e9ries intensas ou solos fragilizados.<br><br>A \u00e9poca de ocorr\u00eancia dos deslizamentos coincide com o per\u00edodo das chuvas, intensas e prolongadas, visto que as \u00e1guas escoadas e infiltradas v\u00e3o desestabilizar as encostas. Nos morros, os terrenos s\u00e3o sempre inclinados e, quando a \u00e1gua entra na terra, pode acontecer um deslizamento e destruir as casas que est\u00e3o em baixo.<br><br>Desta maneira, os escorregamentos em \u00e1reas de encostas ocupadas costumam ocorrer em taludes de corte, aterros e taludes naturais agravados pela ocupa\u00e7\u00e3o e a\u00e7\u00e3o humana.<br><\/p>\n\n\n\n<p>Quando ocorrem as precipita\u00e7\u00f5es o solo absorve uma parcela da \u00e1gua, no entanto, outra parte se locomove em forma de enxurrada na superf\u00edcie do terreno, a parte de \u00e1gua que se infiltra no solo se confronta com alguns tipos de rochas imperme\u00e1veis, com isso a \u00e1gua n\u00e3o encontra passagem e come\u00e7a acumular-se em \u00fanico local tornando, dessa forma, o solo saturado de umidade que n\u00e3o consegue suportar e se rompe, desencadeando o deslizamento de terras nas encostas at\u00e9 a base dos morros.<\/p>\n\n\n\n<p><strong>H\u00e1 que considerar tr\u00eas fatores de influ\u00eancia na ocorr\u00eancia dos deslizamentos:<\/strong><\/p>\n\n\n\n<ul>\n<li>Tipo de solo: sua constitui\u00e7\u00e3o, granulometria e n\u00edvel de coes\u00e3o;<\/li>\n\n\n\n<li>Declividade da encosta: cujo grau define o \u00e2ngulo de repouso, em fun\u00e7\u00e3o do peso das camadas, da granulometria e n\u00edvel de coes\u00e3o;<\/li>\n\n\n\n<li>\u00c1gua de embebi\u00e7\u00e3o: que contribui para aumentar o peso espec\u00edfico das camadas; reduzir o n\u00edvel de coes\u00e3o e o atrito, respons\u00e1veis pela consist\u00eancia do solo, e lubrificar as superf\u00edcies de deslizamento.<\/li>\n<\/ul>\n\n\n\n<p><strong>Sinais que indicam que pode ocorrer um deslizamento<\/strong><br><br>Aparecimento de fendas, depress\u00f5es no terreno, rachaduras nas paredes das casas, inclina\u00e7\u00e3o de tronco de \u00e1rvores, de postes e o surgimento de minas d\u2019\u00e1gua. Ocorrendo um desses sinais, a Defesa Civil deve ser imediatamente acionada.<\/p>\n\n\n\n<p><strong>Como evitar um deslizamento<\/strong><br><br>N\u00e3o destruir a vegeta\u00e7\u00e3o das encostas;<\/p>\n\n\n\n<p>No caso de vazamentos, consertar o mais r\u00e1pido poss\u00edvel e n\u00e3o deixar a \u00e1gua escorrendo pelo ch\u00e3o &#8211; o ideal \u00e9 construir canaletas;<\/p>\n\n\n\n<p>Juntar o lixo em dep\u00f3sitos para o dia da coleta e n\u00e3o deix\u00e1-lo entulhado no morro;<\/p>\n\n\n\n<p>N\u00e3o amontoar sujeira e lixo em lugares inclinados porque eles entopem a sa\u00edda de \u00e1gua e desestabilizam os terrenos provocando deslizamentos;<\/p>\n\n\n\n<p>N\u00e3o jogar lixo em vias p\u00fablicas ou barreiras, pois ele aumenta o peso e o perigo de deslizamento, assim, deve-se jogar o lixo e entulho em latas ou cestos apropriados;<\/p>\n\n\n\n<p>N\u00e3o dificultar o caminho das \u00e1guas de chuva com lixo por exemplo;<\/p>\n\n\n\n<p>As barreiras em morros devem ser protegidas por drenagem de calhas e canaletas para escoamento da \u00e1gua da chuva;<\/p>\n\n\n\n<p>N\u00e3o fazer cortes nos terrenos de encostas sem licen\u00e7a da Prefeitura, para evitar o agravamento da declividade;<\/p>\n\n\n\n<p>Solicitar a Defesa Civil, em caso de morros e encostas, a coloca\u00e7\u00e3o de lonas pl\u00e1sticas nas barreiras;<\/p>\n\n\n\n<p>As barreiras devem ser protegidas com vegeta\u00e7\u00e3o que tenham ra\u00edzes compridas, gramas e capins que sustentam mais a terra;<\/p>\n\n\n\n<p>Em morros e encostas, n\u00e3o plantar bananeiras e outras plantas de ra\u00edzes curtas, porque as ra\u00edzes dessas \u00e1rvores n\u00e3o fixam o solo e aumentam os riscos de deslizamentos;<\/p>\n\n\n\n<p>Pode-se plantar para que a terra n\u00e3o seja carregada pela \u00e1gua da chuva. Perto das casas: pequenas fruteiras, plantas medicinais e de jardim, tais como: goiaba, pitanga, carambola, laranja, lim\u00e3o, pinha, acerola, urucum, jasmim, rosa pata-de-vaca, hortel\u00e3, cidreira, boldo e capim santo. Nas encostas pode-se plantar: capim braqui\u00e1ria, capim gordura, capim-de-burro, capim s\u00e2ndalo, capim gengibre, grama germuda, capim chor\u00e3o, grama p\u00e9-de-galinha, grama forquilha e grama batatais. A vegeta\u00e7\u00e3o ir\u00e1 proteger as encostas.<\/p>\n\n\n\n<p>Em morros e encostas n\u00e3o plantar mam\u00e3o, fruta-p\u00e3o, jambo, coco, banana, jaca e \u00e1rvores grandes, pois acumulam \u00e1gua no solo e provocam quedas de barreiras.<\/p>\n","protected":false},"excerpt":{"rendered":"<p>O que \u00e9?&nbsp; O deslizamento \u00e9 um fen\u00f4meno provocado pelo escorregamento de materiais s\u00f3lidos, como solos, rochas, vegeta\u00e7\u00e3o e\/ou material de constru\u00e7\u00e3o ao longo de terrenos inclinados, denominados de encostas. [&hellip;]<\/p>\n","protected":false},"author":1,"featured_media":0,"parent":0,"menu_order":0,"comment_status":"closed","ping_status":"closed","template":"template-fullwidth.php","meta":[],"featured_image_urls":{"full":"","thumbnail":"","medium":"","medium_large":"","large":"","sgg-420":"","sgg-540":"","sgg-780":"","1536x1536":"","2048x2048":"","homepage-slider":"","homepage-slider-small":"","page-top":"","page-small":"","loop-main":"","thumb-gallery-widget":""},"post_excerpt_stackable":"<p>O que \u00e9?&nbsp; O deslizamento \u00e9 um fen\u00f4meno provocado pelo escorregamento de materiais s\u00f3lidos, como solos, rochas, vegeta\u00e7\u00e3o e\/ou material de constru\u00e7\u00e3o ao longo de terrenos inclinados, denominados de encostas. Ocorre em \u00e1reas de relevo acidentado, das quais foram retiradas a cobertura vegetal original que \u00e9 respons\u00e1vel pela consist\u00eancia do solo e que impede, atrav\u00e9s das ra\u00edzes, o escoamento das \u00e1guas. O deslizamento de terra se difere dos processos erosivos pela quantidade de massa transportada a uma grande velocidade. Esses fen\u00f4menos naturais e\/ou antr\u00f3picos, causam problemas imediatos para a popula\u00e7\u00e3o, independente de sua condi\u00e7\u00e3o social, e tamb\u00e9m para o meio&hellip;<\/p>\n","category_list":"","author_info":{"name":"admin","url":"https:\/\/portal.pi.gov.br\/defesacivil\/author\/admin\/"},"comments_num":"0 coment\u00e1rio","featured_image_urls_v2":{"full":"","thumbnail":"","medium":"","medium_large":"","large":"","sgg-420":"","sgg-540":"","sgg-780":"","1536x1536":"","2048x2048":"","homepage-slider":"","homepage-slider-small":"","page-top":"","page-small":"","loop-main":"","thumb-gallery-widget":""},"post_excerpt_stackable_v2":"<p>O que \u00e9?&nbsp; O deslizamento \u00e9 um fen\u00f4meno provocado pelo escorregamento de materiais s\u00f3lidos, como solos, rochas, vegeta\u00e7\u00e3o e\/ou material de constru\u00e7\u00e3o ao longo de terrenos inclinados, denominados de encostas. Ocorre em \u00e1reas de relevo acidentado, das quais foram retiradas a cobertura vegetal original que \u00e9 respons\u00e1vel pela consist\u00eancia do solo e que impede, atrav\u00e9s das ra\u00edzes, o escoamento das \u00e1guas. O deslizamento de terra se difere dos processos erosivos pela quantidade de massa transportada a uma grande velocidade. Esses fen\u00f4menos naturais e\/ou antr\u00f3picos, causam problemas imediatos para a popula\u00e7\u00e3o, independente de sua condi\u00e7\u00e3o social, e tamb\u00e9m para o meio&hellip;<\/p>\n","category_list_v2":"","author_info_v2":{"name":"admin","url":"https:\/\/portal.pi.gov.br\/defesacivil\/author\/admin\/"},"comments_num_v2":"0 coment\u00e1rio","_links":{"self":[{"href":"https:\/\/portal.pi.gov.br\/defesacivil\/wp-json\/wp\/v2\/pages\/1087"}],"collection":[{"href":"https:\/\/portal.pi.gov.br\/defesacivil\/wp-json\/wp\/v2\/pages"}],"about":[{"href":"https:\/\/portal.pi.gov.br\/defesacivil\/wp-json\/wp\/v2\/types\/page"}],"author":[{"embeddable":true,"href":"https:\/\/portal.pi.gov.br\/defesacivil\/wp-json\/wp\/v2\/users\/1"}],"replies":[{"embeddable":true,"href":"https:\/\/portal.pi.gov.br\/defesacivil\/wp-json\/wp\/v2\/comments?post=1087"}],"version-history":[{"count":2,"href":"https:\/\/portal.pi.gov.br\/defesacivil\/wp-json\/wp\/v2\/pages\/1087\/revisions"}],"predecessor-version":[{"id":1095,"href":"https:\/\/portal.pi.gov.br\/defesacivil\/wp-json\/wp\/v2\/pages\/1087\/revisions\/1095"}],"wp:attachment":[{"href":"https:\/\/portal.pi.gov.br\/defesacivil\/wp-json\/wp\/v2\/media?parent=1087"}],"curies":[{"name":"wp","href":"https:\/\/api.w.org\/{rel}","templated":true}]}}