{"id":1089,"date":"2023-06-01T11:23:16","date_gmt":"2023-06-01T14:23:16","guid":{"rendered":"https:\/\/portal.pi.gov.br\/defesacivil\/?page_id=1089"},"modified":"2023-06-01T12:59:56","modified_gmt":"2023-06-01T15:59:56","slug":"vendavais","status":"publish","type":"page","link":"https:\/\/portal.pi.gov.br\/defesacivil\/vendavais\/","title":{"rendered":"Vendavais"},"content":{"rendered":"\n<p><strong>O que s\u00e3o?<\/strong>&nbsp;<\/p>\n\n\n\n<p>S\u00e3o perturba\u00e7\u00f5es marcantes no estado normal da atmosfera. Deslocamento violento de uma massa de ar, de uma \u00e1rea de alta press\u00e3o para outra de baixa press\u00e3o.&nbsp;<\/p>\n\n\n\n<p>Os vendavais, tamb\u00e9m chamados de ventos muito duros, correspondem ao n\u00famero 10 na escala de Beaufort, compreendendo ventos cujas velocidades variam entre 88,0 a 102,0 km\/h.&nbsp;<\/p>\n\n\n\n<p>Os ventos com velocidades maiores recebem denomina\u00e7\u00f5es espec\u00edficas:&nbsp;<\/p>\n\n\n\n<p>103,0 a 119,0 km\/h ciclone extratropical<\/p>\n\n\n\n<p>Acima de 120,0 km\/h ciclone tropical ou furac\u00e3o ou tuf\u00e3o&nbsp;<\/p>\n\n\n\n<p>Os vendavais s\u00e3o provocados pelo deslocamento violento de uma massa de ar. Normalmente s\u00e3o acompanhados de precipita\u00e7\u00f5es h\u00eddricas intensas e concentradas, que caracterizam as tempestades. O superaquecimento local, ao provocar a forma\u00e7\u00e3o de grandes cumulunimbus isolados, gera correntes de deslocamentos horizontal e vertical de grande viol\u00eancia e de elevado poder destruidor.&nbsp;<\/p>\n\n\n\n<p>As tempestades relacionadas com a forma\u00e7\u00e3o de cumulunimbus s\u00e3o normalmente acompanhadas de grande quantidade de raios e trov\u00f5es.&nbsp;<\/p>\n\n\n\n<p><strong>Danos\u00a0<\/strong><\/p>\n\n\n\n<p>Os vendavais ou tempestades:&nbsp;<\/p>\n\n\n\n<p>Derrubam \u00e1rvores e causam danos \u00e0s planta\u00e7\u00f5es;<\/p>\n\n\n\n<p>Derrubam a fia\u00e7\u00e3o e provocam interrup\u00e7\u00f5es no fornecimento de energia el\u00e9trica e nas comunica\u00e7\u00f5es telef\u00f4nicas;<\/p>\n\n\n\n<p>Provocam enxurradas e alagamentos;<\/p>\n\n\n\n<p>Produzem danos em habita\u00e7\u00f5es mal constru\u00eddas e\/ou mal situadas;<\/p>\n\n\n\n<p>Provocam destelhamento em edifica\u00e7\u00f5es;<\/p>\n\n\n\n<p>Causam traumatismos provocados pelo impacto de objetos transportados pelo vento, por afogamento e por deslizamentos ou desmoronamentos.&nbsp;<\/p>\n\n\n\n<p>Os vendavais ocorrem em qualquer parte da Terra, em qualquer pa\u00eds. No Brasil, os vendavais s\u00e3o mais freq\u00fcentes nos Estados da Regi\u00e3o Sul: Rio Grande do Sul, Santa Catarina e Paran\u00e1.&nbsp;<\/p>\n\n\n\n<p>Perguntas freq\u00fcentes&nbsp;<\/p>\n\n\n\n<p><strong>1 &#8211; O que a Prefeitura de sua cidade pode fazer?\u00a0<\/strong><\/p>\n\n\n\n<p>Elaborar o Plano Diretor de Desenvolvimento Municipal, onde ser\u00e3o identificadas as \u00e1reas de risco e estabelecidas as regras de assentamento da popula\u00e7\u00e3o. Pela Constitui\u00e7\u00e3o Federal (art.182), esse Plano \u00e9 obrigat\u00f3rio para munic\u00edpios com mais de 20 mil habitantes;<\/p>\n\n\n\n<p>Fiscalizar os projetos e as constru\u00e7\u00f5es;<\/p>\n\n\n\n<p>Aplicar multas, quando o morador n\u00e3o atender \u00e0s recomenda\u00e7\u00f5es da Prefeitura;<\/p>\n\n\n\n<p>Elaborar orienta\u00e7\u00f5es para a constru\u00e7\u00e3o. Todo morador deve saber o que fazer e como fazer para n\u00e3o ser atingido;<\/p>\n\n\n\n<p>Indicar quais as t\u00e9cnicas seguras para a constru\u00e7\u00e3o, com base no conhecimento da velocidade e \u00e9poca dos vendavais j\u00e1 ocorridos, especialmente os de grande cobertura e de estrutura met\u00e1lica, tais como : postos de gasolina, galp\u00f5es, silos, armaz\u00e9ns, escolas, dep\u00f3sitos, e outros;<\/p>\n\n\n\n<p>Como a maioria das resid\u00eancias de fam\u00edlia de baixa renda n\u00e3o oferece seguran\u00e7a, a Defesa Civil poder\u00e1 orientar como refor\u00e7ar os telhados;<\/p>\n\n\n\n<p>Cortar \u00e1rvores ou deslocar postes de luz que possam cair sobre sua casa;<\/p>\n\n\n\n<p>Avisar, alertar sobre as condi\u00e7\u00f5es clim\u00e1ticas, a possibilidade de vendaval e orientar sobre os cuidados a serem tomados pela popula\u00e7\u00e3o.&nbsp;<\/p>\n\n\n\n<p><strong>2 &#8211; O que eu posso fazer antes da ocorr\u00eancia do vendaval?&nbsp;<\/strong><\/p>\n\n\n\n<p>Revise a resist\u00eancia de sua casa, principalmente o madeiramento de apoio do telhado;<\/p>\n\n\n\n<p>Desligue os aparelhos el\u00e9tricos e o g\u00e1s;<\/p>\n\n\n\n<p>Abaixe para o piso todos os objetos que possam cair.&nbsp;<\/p>\n\n\n\n<p><strong>3 &#8211; E Depois da ocorr\u00eancia do vendaval o que posso fazer?&nbsp;<\/strong><\/p>\n\n\n\n<p>Ajude na limpeza e recupera\u00e7\u00e3o da \u00e1rea onde se encontra, come\u00e7ando pela desobstru\u00e7\u00e3o das ruas e outras vias;<\/p>\n\n\n\n<p>Ajude seus vizinhos que foram atingidos;<\/p>\n\n\n\n<p>Evite o contato com cabos ou redes el\u00e9tricas ca\u00eddas. Avise a Defesa Civil ou Bombeiros sobre estes perigos;<\/p>\n\n\n\n<p>Procure n\u00e3o utilizar servi\u00e7os hospitalares, de comunica\u00e7\u00f5es, a n\u00e3o ser que necessite realmente. Deixe estes servi\u00e7os para os casos de emerg\u00eancia.<\/p>\n\n\n\n<p><a href=\"http:\/\/www.defesacivil.rj.gov.br\/images\/como-agir\/cartilha-deslizamento.pdf\" target=\"_blank\" rel=\"noreferrer noopener\"><br><\/a><\/p>\n","protected":false},"excerpt":{"rendered":"<p>O que s\u00e3o?&nbsp; S\u00e3o perturba\u00e7\u00f5es marcantes no estado normal da atmosfera. Deslocamento violento de uma massa de ar, de uma \u00e1rea de alta press\u00e3o para outra de baixa press\u00e3o.&nbsp; Os [&hellip;]<\/p>\n","protected":false},"author":1,"featured_media":0,"parent":0,"menu_order":0,"comment_status":"closed","ping_status":"closed","template":"template-fullwidth.php","meta":[],"featured_image_urls":{"full":"","thumbnail":"","medium":"","medium_large":"","large":"","sgg-420":"","sgg-540":"","sgg-780":"","1536x1536":"","2048x2048":"","homepage-slider":"","homepage-slider-small":"","page-top":"","page-small":"","loop-main":"","thumb-gallery-widget":""},"post_excerpt_stackable":"<p>O que s\u00e3o?&nbsp; S\u00e3o perturba\u00e7\u00f5es marcantes no estado normal da atmosfera. Deslocamento violento de uma massa de ar, de uma \u00e1rea de alta press\u00e3o para outra de baixa press\u00e3o.&nbsp; Os vendavais, tamb\u00e9m chamados de ventos muito duros, correspondem ao n\u00famero 10 na escala de Beaufort, compreendendo ventos cujas velocidades variam entre 88,0 a 102,0 km\/h.&nbsp; Os ventos com velocidades maiores recebem denomina\u00e7\u00f5es espec\u00edficas:&nbsp; 103,0 a 119,0 km\/h ciclone extratropical Acima de 120,0 km\/h ciclone tropical ou furac\u00e3o ou tuf\u00e3o&nbsp; Os vendavais s\u00e3o provocados pelo deslocamento violento de uma massa de ar. Normalmente s\u00e3o acompanhados de precipita\u00e7\u00f5es h\u00eddricas intensas e concentradas,&hellip;<\/p>\n","category_list":"","author_info":{"name":"admin","url":"https:\/\/portal.pi.gov.br\/defesacivil\/author\/admin\/"},"comments_num":"0 coment\u00e1rio","featured_image_urls_v2":{"full":"","thumbnail":"","medium":"","medium_large":"","large":"","sgg-420":"","sgg-540":"","sgg-780":"","1536x1536":"","2048x2048":"","homepage-slider":"","homepage-slider-small":"","page-top":"","page-small":"","loop-main":"","thumb-gallery-widget":""},"post_excerpt_stackable_v2":"<p>O que s\u00e3o?&nbsp; S\u00e3o perturba\u00e7\u00f5es marcantes no estado normal da atmosfera. Deslocamento violento de uma massa de ar, de uma \u00e1rea de alta press\u00e3o para outra de baixa press\u00e3o.&nbsp; Os vendavais, tamb\u00e9m chamados de ventos muito duros, correspondem ao n\u00famero 10 na escala de Beaufort, compreendendo ventos cujas velocidades variam entre 88,0 a 102,0 km\/h.&nbsp; Os ventos com velocidades maiores recebem denomina\u00e7\u00f5es espec\u00edficas:&nbsp; 103,0 a 119,0 km\/h ciclone extratropical Acima de 120,0 km\/h ciclone tropical ou furac\u00e3o ou tuf\u00e3o&nbsp; Os vendavais s\u00e3o provocados pelo deslocamento violento de uma massa de ar. Normalmente s\u00e3o acompanhados de precipita\u00e7\u00f5es h\u00eddricas intensas e concentradas,&hellip;<\/p>\n","category_list_v2":"","author_info_v2":{"name":"admin","url":"https:\/\/portal.pi.gov.br\/defesacivil\/author\/admin\/"},"comments_num_v2":"0 coment\u00e1rio","_links":{"self":[{"href":"https:\/\/portal.pi.gov.br\/defesacivil\/wp-json\/wp\/v2\/pages\/1089"}],"collection":[{"href":"https:\/\/portal.pi.gov.br\/defesacivil\/wp-json\/wp\/v2\/pages"}],"about":[{"href":"https:\/\/portal.pi.gov.br\/defesacivil\/wp-json\/wp\/v2\/types\/page"}],"author":[{"embeddable":true,"href":"https:\/\/portal.pi.gov.br\/defesacivil\/wp-json\/wp\/v2\/users\/1"}],"replies":[{"embeddable":true,"href":"https:\/\/portal.pi.gov.br\/defesacivil\/wp-json\/wp\/v2\/comments?post=1089"}],"version-history":[{"count":3,"href":"https:\/\/portal.pi.gov.br\/defesacivil\/wp-json\/wp\/v2\/pages\/1089\/revisions"}],"predecessor-version":[{"id":1110,"href":"https:\/\/portal.pi.gov.br\/defesacivil\/wp-json\/wp\/v2\/pages\/1089\/revisions\/1110"}],"wp:attachment":[{"href":"https:\/\/portal.pi.gov.br\/defesacivil\/wp-json\/wp\/v2\/media?parent=1089"}],"curies":[{"name":"wp","href":"https:\/\/api.w.org\/{rel}","templated":true}]}}