{"id":1111,"date":"2023-06-02T08:36:08","date_gmt":"2023-06-02T11:36:08","guid":{"rendered":"https:\/\/portal.pi.gov.br\/defesacivil\/?page_id=1111"},"modified":"2023-06-02T09:36:31","modified_gmt":"2023-06-02T12:36:31","slug":"diretoria-de-prevencao-e-mitigacao","status":"publish","type":"page","link":"https:\/\/portal.pi.gov.br\/defesacivil\/diretoria-de-prevencao-e-mitigacao\/","title":{"rendered":"Diretoria de Preven\u00e7\u00e3o e Mitiga\u00e7\u00e3o"},"content":{"rendered":"\n<p>A Diretoria de Preven\u00e7\u00e3o representa a primeira fase da administra\u00e7\u00e3o de um desastre e engloba o conjunto de a\u00e7\u00f5es que visam evitar que o desastre aconte\u00e7a ou diminuir a intensidade de suas consequ\u00eancias. Al\u00e9m disso, re\u00fane o conjunto de a\u00e7\u00f5es que visam a melhorar a capacidade da comunidade frente aos desastres (incluindo indiv\u00edduos, organiza\u00e7\u00f5es governamentais e organiza\u00e7\u00f5es n\u00e3o-governamentais) para atuar no caso da ocorr\u00eancia deste. A partir dessa diretoria ser\u00e1 poss\u00edvel que os planos de preven\u00e7\u00e3o de desastres sejam desenvolvidos de acordo com a seguinte sistem\u00e1tica: estudo de situa\u00e7\u00e3o, com a finalidade de analisar, avaliar, caracterizar e hierarquizar os riscos de desastres; e plano de redu\u00e7\u00e3o dos riscos de desastres.<\/p>\n\n\n\n<p>Respons\u00e1vel por estabelecer diretrizes, acompanhar e direcionar a \u00e1rea de preven\u00e7\u00e3o e mitiga\u00e7\u00e3o da gest\u00e3o de risco envolvendo medidas e atividades priorit\u00e1rias, anteriores \u00e0 ocorr\u00eancia do desastre. Dessa forma, na preven\u00e7\u00e3o ser\u00e3o necess\u00e1rias a\u00e7\u00f5es destinadas a evitar ou reduzir a instala\u00e7\u00e3o de novos riscos de desastres; e na mitiga\u00e7\u00e3o ser\u00e3o necess\u00e1rias a\u00e7\u00f5es para minimizar os danos e as perdas decorrentes do desastre. Essas a\u00e7\u00f5es envolvem capacita\u00e7\u00f5es e treinamentos, emiss\u00e3o de alertas e avisos e monitoramento de eventos naturais.<\/p>\n\n\n\n<p><strong>Werton Francisco Rios<\/strong><\/p>\n\n\n\n<p><strong>Diretor de Preven\u00e7\u00e3o e Mitiga\u00e7\u00e3o<\/strong><\/p>\n","protected":false},"excerpt":{"rendered":"<p>A Diretoria de Preven\u00e7\u00e3o representa a primeira fase da administra\u00e7\u00e3o de um desastre e engloba o conjunto de a\u00e7\u00f5es que visam evitar que o desastre aconte\u00e7a ou diminuir a intensidade [&hellip;]<\/p>\n","protected":false},"author":1,"featured_media":0,"parent":0,"menu_order":0,"comment_status":"closed","ping_status":"closed","template":"template-fullwidth.php","meta":[],"featured_image_urls":{"full":"","thumbnail":"","medium":"","medium_large":"","large":"","sgg-420":"","sgg-540":"","sgg-780":"","1536x1536":"","2048x2048":"","homepage-slider":"","homepage-slider-small":"","page-top":"","page-small":"","loop-main":"","thumb-gallery-widget":""},"post_excerpt_stackable":"<p>A Diretoria de Preven\u00e7\u00e3o representa a primeira fase da administra\u00e7\u00e3o de um desastre e engloba o conjunto de a\u00e7\u00f5es que visam evitar que o desastre aconte\u00e7a ou diminuir a intensidade de suas consequ\u00eancias. Al\u00e9m disso, re\u00fane o conjunto de a\u00e7\u00f5es que visam a melhorar a capacidade da comunidade frente aos desastres (incluindo indiv\u00edduos, organiza\u00e7\u00f5es governamentais e organiza\u00e7\u00f5es n\u00e3o-governamentais) para atuar no caso da ocorr\u00eancia deste. A partir dessa diretoria ser\u00e1 poss\u00edvel que os planos de preven\u00e7\u00e3o de desastres sejam desenvolvidos de acordo com a seguinte sistem\u00e1tica: estudo de situa\u00e7\u00e3o, com a finalidade de analisar, avaliar, caracterizar e hierarquizar os riscos&hellip;<\/p>\n","category_list":"","author_info":{"name":"admin","url":"https:\/\/portal.pi.gov.br\/defesacivil\/author\/admin\/"},"comments_num":"0 coment\u00e1rio","featured_image_urls_v2":{"full":"","thumbnail":"","medium":"","medium_large":"","large":"","sgg-420":"","sgg-540":"","sgg-780":"","1536x1536":"","2048x2048":"","homepage-slider":"","homepage-slider-small":"","page-top":"","page-small":"","loop-main":"","thumb-gallery-widget":""},"post_excerpt_stackable_v2":"<p>A Diretoria de Preven\u00e7\u00e3o representa a primeira fase da administra\u00e7\u00e3o de um desastre e engloba o conjunto de a\u00e7\u00f5es que visam evitar que o desastre aconte\u00e7a ou diminuir a intensidade de suas consequ\u00eancias. Al\u00e9m disso, re\u00fane o conjunto de a\u00e7\u00f5es que visam a melhorar a capacidade da comunidade frente aos desastres (incluindo indiv\u00edduos, organiza\u00e7\u00f5es governamentais e organiza\u00e7\u00f5es n\u00e3o-governamentais) para atuar no caso da ocorr\u00eancia deste. A partir dessa diretoria ser\u00e1 poss\u00edvel que os planos de preven\u00e7\u00e3o de desastres sejam desenvolvidos de acordo com a seguinte sistem\u00e1tica: estudo de situa\u00e7\u00e3o, com a finalidade de analisar, avaliar, caracterizar e hierarquizar os riscos&hellip;<\/p>\n","category_list_v2":"","author_info_v2":{"name":"admin","url":"https:\/\/portal.pi.gov.br\/defesacivil\/author\/admin\/"},"comments_num_v2":"0 coment\u00e1rio","_links":{"self":[{"href":"https:\/\/portal.pi.gov.br\/defesacivil\/wp-json\/wp\/v2\/pages\/1111"}],"collection":[{"href":"https:\/\/portal.pi.gov.br\/defesacivil\/wp-json\/wp\/v2\/pages"}],"about":[{"href":"https:\/\/portal.pi.gov.br\/defesacivil\/wp-json\/wp\/v2\/types\/page"}],"author":[{"embeddable":true,"href":"https:\/\/portal.pi.gov.br\/defesacivil\/wp-json\/wp\/v2\/users\/1"}],"replies":[{"embeddable":true,"href":"https:\/\/portal.pi.gov.br\/defesacivil\/wp-json\/wp\/v2\/comments?post=1111"}],"version-history":[{"count":2,"href":"https:\/\/portal.pi.gov.br\/defesacivil\/wp-json\/wp\/v2\/pages\/1111\/revisions"}],"predecessor-version":[{"id":1126,"href":"https:\/\/portal.pi.gov.br\/defesacivil\/wp-json\/wp\/v2\/pages\/1111\/revisions\/1126"}],"wp:attachment":[{"href":"https:\/\/portal.pi.gov.br\/defesacivil\/wp-json\/wp\/v2\/media?parent=1111"}],"curies":[{"name":"wp","href":"https:\/\/api.w.org\/{rel}","templated":true}]}}