{"id":1113,"date":"2023-06-02T08:36:28","date_gmt":"2023-06-02T11:36:28","guid":{"rendered":"https:\/\/portal.pi.gov.br\/defesacivil\/?page_id=1113"},"modified":"2023-06-02T09:37:29","modified_gmt":"2023-06-02T12:37:29","slug":"diretoria-de-resposta","status":"publish","type":"page","link":"https:\/\/portal.pi.gov.br\/defesacivil\/diretoria-de-resposta\/","title":{"rendered":"Diretoria de Resposta"},"content":{"rendered":"\n<p>A Diretoria de Resposta representa mais uma fase da administra\u00e7\u00e3o do desastre e envolve o conjunto de a\u00e7\u00f5es que visam a socorrer e auxiliar as pessoas atingidas, reduzir os danos e preju\u00edzos e garantir o funcionamento dos sistemas essenciais da comunidade. Al\u00e9m disso, coordena e avalia as demandas oriundas dos munic\u00edpios afetados, prop\u00f5e a\u00e7\u00f5es de assist\u00eancia humanit\u00e1ria e log\u00edstica com finalidade da preven\u00e7\u00e3o e restabelecer o conv\u00edvio.<\/p>\n\n\n\n<p>Respons\u00e1vel por estabelecer diretrizes, acompanhar e direcionar a\u00e7\u00f5es imediatas de resposta ao desastre \u00e0 popula\u00e7\u00e3o atingida. Isso envolve medidas emergenciais, realizadas durante ou ap\u00f3s o desastre, que visam ao socorro, \u00e0 assist\u00eancia da popula\u00e7\u00e3o atingida e ao retorno dos servi\u00e7os essenciais.<\/p>\n\n\n\n<p><strong>Jos\u00e9 In\u00e1cio Sobrinho<\/strong><\/p>\n\n\n\n<p><strong>Diretor de Resposta<\/strong><\/p>\n","protected":false},"excerpt":{"rendered":"<p>A Diretoria de Resposta representa mais uma fase da administra\u00e7\u00e3o do desastre e envolve o conjunto de a\u00e7\u00f5es que visam a socorrer e auxiliar as pessoas atingidas, reduzir os danos [&hellip;]<\/p>\n","protected":false},"author":1,"featured_media":0,"parent":0,"menu_order":0,"comment_status":"closed","ping_status":"closed","template":"template-fullwidth.php","meta":[],"featured_image_urls":{"full":"","thumbnail":"","medium":"","medium_large":"","large":"","sgg-420":"","sgg-540":"","sgg-780":"","1536x1536":"","2048x2048":"","homepage-slider":"","homepage-slider-small":"","page-top":"","page-small":"","loop-main":"","thumb-gallery-widget":""},"post_excerpt_stackable":"<p>A Diretoria de Resposta representa mais uma fase da administra\u00e7\u00e3o do desastre e envolve o conjunto de a\u00e7\u00f5es que visam a socorrer e auxiliar as pessoas atingidas, reduzir os danos e preju\u00edzos e garantir o funcionamento dos sistemas essenciais da comunidade. Al\u00e9m disso, coordena e avalia as demandas oriundas dos munic\u00edpios afetados, prop\u00f5e a\u00e7\u00f5es de assist\u00eancia humanit\u00e1ria e log\u00edstica com finalidade da preven\u00e7\u00e3o e restabelecer o conv\u00edvio. Respons\u00e1vel por estabelecer diretrizes, acompanhar e direcionar a\u00e7\u00f5es imediatas de resposta ao desastre \u00e0 popula\u00e7\u00e3o atingida. Isso envolve medidas emergenciais, realizadas durante ou ap\u00f3s o desastre, que visam ao socorro, \u00e0 assist\u00eancia da&hellip;<\/p>\n","category_list":"","author_info":{"name":"admin","url":"https:\/\/portal.pi.gov.br\/defesacivil\/author\/admin\/"},"comments_num":"0 coment\u00e1rio","featured_image_urls_v2":{"full":"","thumbnail":"","medium":"","medium_large":"","large":"","sgg-420":"","sgg-540":"","sgg-780":"","1536x1536":"","2048x2048":"","homepage-slider":"","homepage-slider-small":"","page-top":"","page-small":"","loop-main":"","thumb-gallery-widget":""},"post_excerpt_stackable_v2":"<p>A Diretoria de Resposta representa mais uma fase da administra\u00e7\u00e3o do desastre e envolve o conjunto de a\u00e7\u00f5es que visam a socorrer e auxiliar as pessoas atingidas, reduzir os danos e preju\u00edzos e garantir o funcionamento dos sistemas essenciais da comunidade. Al\u00e9m disso, coordena e avalia as demandas oriundas dos munic\u00edpios afetados, prop\u00f5e a\u00e7\u00f5es de assist\u00eancia humanit\u00e1ria e log\u00edstica com finalidade da preven\u00e7\u00e3o e restabelecer o conv\u00edvio. Respons\u00e1vel por estabelecer diretrizes, acompanhar e direcionar a\u00e7\u00f5es imediatas de resposta ao desastre \u00e0 popula\u00e7\u00e3o atingida. Isso envolve medidas emergenciais, realizadas durante ou ap\u00f3s o desastre, que visam ao socorro, \u00e0 assist\u00eancia da&hellip;<\/p>\n","category_list_v2":"","author_info_v2":{"name":"admin","url":"https:\/\/portal.pi.gov.br\/defesacivil\/author\/admin\/"},"comments_num_v2":"0 coment\u00e1rio","_links":{"self":[{"href":"https:\/\/portal.pi.gov.br\/defesacivil\/wp-json\/wp\/v2\/pages\/1113"}],"collection":[{"href":"https:\/\/portal.pi.gov.br\/defesacivil\/wp-json\/wp\/v2\/pages"}],"about":[{"href":"https:\/\/portal.pi.gov.br\/defesacivil\/wp-json\/wp\/v2\/types\/page"}],"author":[{"embeddable":true,"href":"https:\/\/portal.pi.gov.br\/defesacivil\/wp-json\/wp\/v2\/users\/1"}],"replies":[{"embeddable":true,"href":"https:\/\/portal.pi.gov.br\/defesacivil\/wp-json\/wp\/v2\/comments?post=1113"}],"version-history":[{"count":2,"href":"https:\/\/portal.pi.gov.br\/defesacivil\/wp-json\/wp\/v2\/pages\/1113\/revisions"}],"predecessor-version":[{"id":1127,"href":"https:\/\/portal.pi.gov.br\/defesacivil\/wp-json\/wp\/v2\/pages\/1113\/revisions\/1127"}],"wp:attachment":[{"href":"https:\/\/portal.pi.gov.br\/defesacivil\/wp-json\/wp\/v2\/media?parent=1113"}],"curies":[{"name":"wp","href":"https:\/\/api.w.org\/{rel}","templated":true}]}}