{"id":1115,"date":"2023-06-02T08:36:50","date_gmt":"2023-06-02T11:36:50","guid":{"rendered":"https:\/\/portal.pi.gov.br\/defesacivil\/?page_id=1115"},"modified":"2026-04-06T10:14:00","modified_gmt":"2026-04-06T13:14:00","slug":"diretoria-de-engenharia-e-reconstrucoes","status":"publish","type":"page","link":"https:\/\/portal.pi.gov.br\/defesacivil\/diretoria-de-engenharia-e-reconstrucoes\/","title":{"rendered":"Diretoria de Engenharia e Reconstru\u00e7\u00f5es"},"content":{"rendered":"\n<p>A Diretoria de Engenharia e Reconstru\u00e7\u00f5es na gest\u00e3o de desastre atua no conjunto de a\u00e7\u00f5es destinadas a reparar a comunidade atingida, propiciando o seu retorno \u00e0 condi\u00e7\u00e3o de normalidade, sempre levando em conta a minimiza\u00e7\u00e3o de novos desastres. Executa e promove o aux\u00edlio de reabilita\u00e7\u00e3o dos cen\u00e1rios atingidos, analisa o restabelecimento emergencial das estruturas e obras comprometidas, orienta para confec\u00e7\u00e3o de planos de trabalho emergenciais. Promove o aux\u00edlio \u00e0 repara\u00e7\u00e3o dos cen\u00e1rios atingidos, analisa a necessidade de reconstru\u00e7\u00e3o dos servi\u00e7os emergenciais das estruturas e obras, auxilia a elabora\u00e7\u00e3o de planos de trabalho emergenciais. Al\u00e9m disso, \u00e9 respons\u00e1vel pelo levantamento de obras, desenvolvimento de projetos e acompanhamento das obras na sua fase de execu\u00e7\u00e3o e finaliza\u00e7\u00e3o<\/p>\n\n\n\n<p><strong> Joyce Medeiros de Brito Coutinho<\/strong><\/p>\n\n\n\n<p><strong>Diretor de Engenharia e Reconstru\u00e7\u00f5es<\/strong><\/p>\n","protected":false},"excerpt":{"rendered":"<p>A Diretoria de Engenharia e Reconstru\u00e7\u00f5es na gest\u00e3o de desastre atua no conjunto de a\u00e7\u00f5es destinadas a reparar a comunidade atingida, propiciando o seu retorno \u00e0 condi\u00e7\u00e3o de normalidade, sempre [&hellip;]<\/p>\n","protected":false},"author":1,"featured_media":0,"parent":0,"menu_order":0,"comment_status":"closed","ping_status":"closed","template":"template-fullwidth.php","meta":[],"featured_image_urls":{"full":"","thumbnail":"","medium":"","medium_large":"","large":"","sgg-420":"","sgg-540":"","sgg-780":"","1536x1536":"","2048x2048":"","homepage-slider":"","homepage-slider-small":"","page-top":"","page-small":"","loop-main":"","thumb-gallery-widget":""},"post_excerpt_stackable":"<p>A Diretoria de Engenharia e Reconstru\u00e7\u00f5es na gest\u00e3o de desastre atua no conjunto de a\u00e7\u00f5es destinadas a reparar a comunidade atingida, propiciando o seu retorno \u00e0 condi\u00e7\u00e3o de normalidade, sempre levando em conta a minimiza\u00e7\u00e3o de novos desastres. Executa e promove o aux\u00edlio de reabilita\u00e7\u00e3o dos cen\u00e1rios atingidos, analisa o restabelecimento emergencial das estruturas e obras comprometidas, orienta para confec\u00e7\u00e3o de planos de trabalho emergenciais. Promove o aux\u00edlio \u00e0 repara\u00e7\u00e3o dos cen\u00e1rios atingidos, analisa a necessidade de reconstru\u00e7\u00e3o dos servi\u00e7os emergenciais das estruturas e obras, auxilia a elabora\u00e7\u00e3o de planos de trabalho emergenciais. Al\u00e9m disso, \u00e9 respons\u00e1vel pelo levantamento de&hellip;<\/p>\n","category_list":"","author_info":{"name":"admin","url":"https:\/\/portal.pi.gov.br\/defesacivil\/author\/admin\/"},"comments_num":"0 coment\u00e1rio","featured_image_urls_v2":{"full":"","thumbnail":"","medium":"","medium_large":"","large":"","sgg-420":"","sgg-540":"","sgg-780":"","1536x1536":"","2048x2048":"","homepage-slider":"","homepage-slider-small":"","page-top":"","page-small":"","loop-main":"","thumb-gallery-widget":""},"post_excerpt_stackable_v2":"<p>A Diretoria de Engenharia e Reconstru\u00e7\u00f5es na gest\u00e3o de desastre atua no conjunto de a\u00e7\u00f5es destinadas a reparar a comunidade atingida, propiciando o seu retorno \u00e0 condi\u00e7\u00e3o de normalidade, sempre levando em conta a minimiza\u00e7\u00e3o de novos desastres. Executa e promove o aux\u00edlio de reabilita\u00e7\u00e3o dos cen\u00e1rios atingidos, analisa o restabelecimento emergencial das estruturas e obras comprometidas, orienta para confec\u00e7\u00e3o de planos de trabalho emergenciais. Promove o aux\u00edlio \u00e0 repara\u00e7\u00e3o dos cen\u00e1rios atingidos, analisa a necessidade de reconstru\u00e7\u00e3o dos servi\u00e7os emergenciais das estruturas e obras, auxilia a elabora\u00e7\u00e3o de planos de trabalho emergenciais. Al\u00e9m disso, \u00e9 respons\u00e1vel pelo levantamento de&hellip;<\/p>\n","category_list_v2":"","author_info_v2":{"name":"admin","url":"https:\/\/portal.pi.gov.br\/defesacivil\/author\/admin\/"},"comments_num_v2":"0 coment\u00e1rio","_links":{"self":[{"href":"https:\/\/portal.pi.gov.br\/defesacivil\/wp-json\/wp\/v2\/pages\/1115"}],"collection":[{"href":"https:\/\/portal.pi.gov.br\/defesacivil\/wp-json\/wp\/v2\/pages"}],"about":[{"href":"https:\/\/portal.pi.gov.br\/defesacivil\/wp-json\/wp\/v2\/types\/page"}],"author":[{"embeddable":true,"href":"https:\/\/portal.pi.gov.br\/defesacivil\/wp-json\/wp\/v2\/users\/1"}],"replies":[{"embeddable":true,"href":"https:\/\/portal.pi.gov.br\/defesacivil\/wp-json\/wp\/v2\/comments?post=1115"}],"version-history":[{"count":5,"href":"https:\/\/portal.pi.gov.br\/defesacivil\/wp-json\/wp\/v2\/pages\/1115\/revisions"}],"predecessor-version":[{"id":2911,"href":"https:\/\/portal.pi.gov.br\/defesacivil\/wp-json\/wp\/v2\/pages\/1115\/revisions\/2911"}],"wp:attachment":[{"href":"https:\/\/portal.pi.gov.br\/defesacivil\/wp-json\/wp\/v2\/media?parent=1115"}],"curies":[{"name":"wp","href":"https:\/\/api.w.org\/{rel}","templated":true}]}}