{"id":1117,"date":"2023-06-02T08:37:15","date_gmt":"2023-06-02T11:37:15","guid":{"rendered":"https:\/\/portal.pi.gov.br\/defesacivil\/?page_id=1117"},"modified":"2023-06-02T09:39:17","modified_gmt":"2023-06-02T12:39:17","slug":"diretoria-de-recursos-hidricos","status":"publish","type":"page","link":"https:\/\/portal.pi.gov.br\/defesacivil\/diretoria-de-recursos-hidricos\/","title":{"rendered":"Diretoria de Recursos H\u00eddricos"},"content":{"rendered":"\n<p>A Diretoria de Recursos H\u00eddricos atua em projetos e supervis\u00e3o de obras que estejam relacionadas \u00e0 abastecimento de \u00e1gua, como adutoras, barragens, perfura\u00e7\u00e3o de po\u00e7os, entre outros.<\/p>\n\n\n\n<p><strong>Francisco das Chagas Carvalho<\/strong><\/p>\n\n\n\n<p><strong>Diretor de Recursos H\u00eddricos<\/strong><\/p>\n","protected":false},"excerpt":{"rendered":"<p>A Diretoria de Recursos H\u00eddricos atua em projetos e supervis\u00e3o de obras que estejam relacionadas \u00e0 abastecimento de \u00e1gua, como adutoras, barragens, perfura\u00e7\u00e3o de po\u00e7os, entre outros. Francisco das Chagas [&hellip;]<\/p>\n","protected":false},"author":1,"featured_media":0,"parent":0,"menu_order":0,"comment_status":"closed","ping_status":"closed","template":"template-fullwidth.php","meta":[],"featured_image_urls":{"full":"","thumbnail":"","medium":"","medium_large":"","large":"","sgg-420":"","sgg-540":"","sgg-780":"","1536x1536":"","2048x2048":"","homepage-slider":"","homepage-slider-small":"","page-top":"","page-small":"","loop-main":"","thumb-gallery-widget":""},"post_excerpt_stackable":"<p>A Diretoria de Recursos H\u00eddricos atua em projetos e supervis\u00e3o de obras que estejam relacionadas \u00e0 abastecimento de \u00e1gua, como adutoras, barragens, perfura\u00e7\u00e3o de po\u00e7os, entre outros. Francisco das Chagas Carvalho Diretor de Recursos H\u00eddricos<\/p>\n","category_list":"","author_info":{"name":"admin","url":"https:\/\/portal.pi.gov.br\/defesacivil\/author\/admin\/"},"comments_num":"0 coment\u00e1rio","featured_image_urls_v2":{"full":"","thumbnail":"","medium":"","medium_large":"","large":"","sgg-420":"","sgg-540":"","sgg-780":"","1536x1536":"","2048x2048":"","homepage-slider":"","homepage-slider-small":"","page-top":"","page-small":"","loop-main":"","thumb-gallery-widget":""},"post_excerpt_stackable_v2":"<p>A Diretoria de Recursos H\u00eddricos atua em projetos e supervis\u00e3o de obras que estejam relacionadas \u00e0 abastecimento de \u00e1gua, como adutoras, barragens, perfura\u00e7\u00e3o de po\u00e7os, entre outros. Francisco das Chagas Carvalho Diretor de Recursos H\u00eddricos<\/p>\n","category_list_v2":"","author_info_v2":{"name":"admin","url":"https:\/\/portal.pi.gov.br\/defesacivil\/author\/admin\/"},"comments_num_v2":"0 coment\u00e1rio","_links":{"self":[{"href":"https:\/\/portal.pi.gov.br\/defesacivil\/wp-json\/wp\/v2\/pages\/1117"}],"collection":[{"href":"https:\/\/portal.pi.gov.br\/defesacivil\/wp-json\/wp\/v2\/pages"}],"about":[{"href":"https:\/\/portal.pi.gov.br\/defesacivil\/wp-json\/wp\/v2\/types\/page"}],"author":[{"embeddable":true,"href":"https:\/\/portal.pi.gov.br\/defesacivil\/wp-json\/wp\/v2\/users\/1"}],"replies":[{"embeddable":true,"href":"https:\/\/portal.pi.gov.br\/defesacivil\/wp-json\/wp\/v2\/comments?post=1117"}],"version-history":[{"count":2,"href":"https:\/\/portal.pi.gov.br\/defesacivil\/wp-json\/wp\/v2\/pages\/1117\/revisions"}],"predecessor-version":[{"id":1129,"href":"https:\/\/portal.pi.gov.br\/defesacivil\/wp-json\/wp\/v2\/pages\/1117\/revisions\/1129"}],"wp:attachment":[{"href":"https:\/\/portal.pi.gov.br\/defesacivil\/wp-json\/wp\/v2\/media?parent=1117"}],"curies":[{"name":"wp","href":"https:\/\/api.w.org\/{rel}","templated":true}]}}