{"id":1223,"date":"2023-07-25T12:14:28","date_gmt":"2023-07-25T15:14:28","guid":{"rendered":"https:\/\/portal.pi.gov.br\/defesacivil\/?page_id=1223"},"modified":"2025-05-12T10:17:52","modified_gmt":"2025-05-12T13:17:52","slug":"licitacoes","status":"publish","type":"page","link":"https:\/\/portal.pi.gov.br\/defesacivil\/licitacoes\/","title":{"rendered":"Editais e Licita\u00e7\u00f5es"},"content":{"rendered":"<script type=\"text\/x-handlebars-template\"        id=\"wpfd-template-table-categories-32\">    <div class=\"wpfd-categories\">{{#if category}}{{#with category}}{{#if parent}}<a class=\"catlink backcategory\" href=\"#\" data-idcat=\"{{parent}}\">                        <i class=\"zmdi zmdi-chevron-left\"><\/i><span>Voltar<\/span><\/a>{{\/if}}{{\/with}}{{\/if}}<\/div><\/script><script type=\"text\/x-handlebars-template\" id=\"wpfd-template-table-32\">    {{#if files}}    {{#each files}}    <tr class=\"file\" data-id=\"{{ID}}\" data-catid=\"{{catid}}\">    <td class=\"file_title\"><a class=\"wpfd_downloadlink\" href=\"{{linkdownload}}\" title=\"{{post_title}}\"><span class=\"extcol\">{{#if file_custom_icon}}<span class=\"icon-custom\"><img src=\"{{file_custom_icon}}\"><\/span>{{else}}<span class=\"ext ext-{{ext}}\"><\/span>{{\/if}}<\/span>{{{crop_title}}}<\/a><\/td><td class=\"file_size\">{{bytesToSize size}}<\/td><td class=\"file_created\">{{created}}<\/td>                    <td class=\"col-download\">                <a class=\"downloadlink wpfd_downloadlink\"  href=\"{{linkdownload}}\" style=\"background-color:#033b85;color:#ffffff;\">Baixar<i class=\"zmdi zmdi-cloud-download wpfd-download\"><\/i><\/a>{{#if openpdflink}}<a class=\"openlink wpfdlightbox wpfd_previewlink\" href=\"{{openpdflink}}\" target=\"\">Visualizar                            <i class=\"zmdi zmdi-filter-center-focus wpfd-preview\"><\/i>                        <\/a>{{else}}{{#if viewerlink}}<a                            href=\"{{viewerlink}}\"                            class=\"openlink wpfdlightbox wpfd_previewlink\"                            target=\"\"                            data-id=\"{{ID}}\"                            data-catid=\"{{catid}}\"                            data-file-type=\"{{ext}}\">Visualizar<i class=\"zmdi zmdi-filter-center-focus wpfd-preview\"><\/i>                        <\/a>{{\/if}}{{\/if}}            <\/td>            <\/tr>    {{\/each}}    {{\/if}}<\/script><div class=\"wpfd-content wpfd-content-table wpfd-content-multi colstyle\" data-category=\"32\"><input type=\"hidden\" id=\"current_category_32\" value=\"32\" \/>                    <input type=\"hidden\" id=\"current_category_slug_32\" value=\"licitacoes\" \/>                    <input type=\"hidden\" id=\"current_ordering_32\" value=\"created_time\" \/>                    <input type=\"hidden\" id=\"current_ordering_direction_32\" value=\"desc\" \/><div class=\"wpfd-container\">        <div class=\"wpfd-open-tree\"><\/div>    <div class=\"wpfd-container-table \">        <div class=\"wpfd-categories\"><\/div>        <table class=\"wpfd-table wpfd-table-bordered wpfd-table-striped mediaTable\">            <thead>            <tr>                <th class=\"essential persist file_title\">T\u00edtulo<\/th><th class=\"optional file_size\">Tamanho<\/th><th class=\"optional file_created\">Data de Publica\u00e7\u00e3o<\/th><th class=\"essential file_download\">Baixar<\/th>            <\/tr>            <\/thead>            <tbody>                            <tr class=\"file\" data-id=\"2530\"                    data-catid=\"32\">                    <td class=\"file_title\"><a class=\"wpfd_downloadlink\" href=\"https:\/\/portal.pi.gov.br\/defesacivil\/download\/32\/licitacoes\/2530\/aviso-contratacao-direta-no-002-abast-dagua-vila-sampaiofloriano.pdf\" title=\"AVISO CONTRATA\u00c7\u00c3O DIRETA N\u00ba 002 - ABAST. D&#039;\u00c1GUA , VILA SAMPAIO,FLORIANO\"><span class=\"extcol\">                                <span class=\"ext ext-pdf\"><\/span>                                AVISO CONTRATA\u00c7\u00c3O DIRETA N\u00ba 002 - ABAST. D&#039;\u00c1GUA , VILA SAMPAIO,FLORIANO                            <\/span><\/a><\/td><td class=\"file_size\">65.43 KB<\/td><td class=\"file_created\">21-07-2025<\/td>                                            <td class=\"col-download\">                            <a class=\"downloadlink wpfd_downloadlink\"  href=\"https:\/\/portal.pi.gov.br\/defesacivil\/download\/32\/licitacoes\/2530\/aviso-contratacao-direta-no-002-abast-dagua-vila-sampaiofloriano.pdf\" style=\"background-color:#033b85;color:#ffffff;\">Baixar<i class=\"zmdi zmdi-cloud-download wpfd-download\"><\/i><\/a><a                            href=\"https:\/\/docs.google.com\/viewer?url=https%3A%2F%2Fportal.pi.gov.br%2Fdefesacivil%2Fwp-admin%2Fadmin-ajax.php%3Fjuwpfisadmin%3Dfalse%26action%3Dwpfd%26task%3Dfile.download%26wpfd_category_id%3D32%26wpfd_file_id%3D2530%26token%3D%26preview%3D1&#038;embedded=true\"                            class=\"openlink wpfdlightbox wpfd_previewlink\"                            target=\"\"                            data-id=\"2530\"                            data-catid=\"32\"                            data-file-type=\"pdf\">Visualizar<i class=\"zmdi zmdi-filter-center-focus wpfd-preview\"><\/i>                        <\/a>                        <\/td>                                    <\/tr>                            <tr class=\"file\" data-id=\"2529\"                    data-catid=\"32\">                    <td class=\"file_title\"><a class=\"wpfd_downloadlink\" href=\"https:\/\/portal.pi.gov.br\/defesacivil\/download\/32\/licitacoes\/2529\/aviso-contratacao-direta-no-003-abast-dagua-samambaia-picos.pdf\" title=\"AVISO CONTRATA\u00c7\u00c3O DIRETA N\u00ba 003 - ABAST. D&#039;\u00c1GUA  SAMAMBAIA PICOS\"><span class=\"extcol\">                                <span class=\"ext ext-pdf\"><\/span>                                AVISO CONTRATA\u00c7\u00c3O DIRETA N\u00ba 003 - ABAST. D&#039;\u00c1GUA  SAMAMBAIA PICOS                            <\/span><\/a><\/td><td class=\"file_size\">65.82 KB<\/td><td class=\"file_created\">21-07-2025<\/td>                                            <td class=\"col-download\">                            <a class=\"downloadlink wpfd_downloadlink\"  href=\"https:\/\/portal.pi.gov.br\/defesacivil\/download\/32\/licitacoes\/2529\/aviso-contratacao-direta-no-003-abast-dagua-samambaia-picos.pdf\" style=\"background-color:#033b85;color:#ffffff;\">Baixar<i class=\"zmdi zmdi-cloud-download wpfd-download\"><\/i><\/a><a                            href=\"https:\/\/docs.google.com\/viewer?url=https%3A%2F%2Fportal.pi.gov.br%2Fdefesacivil%2Fwp-admin%2Fadmin-ajax.php%3Fjuwpfisadmin%3Dfalse%26action%3Dwpfd%26task%3Dfile.download%26wpfd_category_id%3D32%26wpfd_file_id%3D2529%26token%3D%26preview%3D1&#038;embedded=true\"                            class=\"openlink wpfdlightbox wpfd_previewlink\"                            target=\"\"                            data-id=\"2529\"                            data-catid=\"32\"                            data-file-type=\"pdf\">Visualizar<i class=\"zmdi zmdi-filter-center-focus wpfd-preview\"><\/i>                        <\/a>                        <\/td>                                    <\/tr>                            <tr class=\"file\" data-id=\"2520\"                    data-catid=\"32\">                    <td class=\"file_title\"><a class=\"wpfd_downloadlink\" href=\"https:\/\/portal.pi.gov.br\/defesacivil\/download\/32\/licitacoes\/2520\/aviso-contratacao-direta-no-001-abast-dagua-fornos-pau-darcos.pdf\" title=\"AVISO CONTRATA\u00c7\u00c3O DIRETA N\u00ba 001 - ABAST. D&#039;\u00c1GUA FORNOS - PAU D&#039;\u00c1RCOS\"><span class=\"extcol\">                                <span class=\"ext ext-pdf\"><\/span>                                AVISO CONTRATA\u00c7\u00c3O DIRETA N\u00ba 001 - ABAST. D&#039;\u00c1GUA FORNOS - PAU D&#039;\u00c1RCOS                            <\/span><\/a><\/td><td class=\"file_size\">511.92 KB<\/td><td class=\"file_created\">15-07-2025<\/td>                                            <td class=\"col-download\">                            <a class=\"downloadlink wpfd_downloadlink\"  href=\"https:\/\/portal.pi.gov.br\/defesacivil\/download\/32\/licitacoes\/2520\/aviso-contratacao-direta-no-001-abast-dagua-fornos-pau-darcos.pdf\" style=\"background-color:#033b85;color:#ffffff;\">Baixar<i class=\"zmdi zmdi-cloud-download wpfd-download\"><\/i><\/a><a                            href=\"https:\/\/docs.google.com\/viewer?url=https%3A%2F%2Fportal.pi.gov.br%2Fdefesacivil%2Fwp-admin%2Fadmin-ajax.php%3Fjuwpfisadmin%3Dfalse%26action%3Dwpfd%26task%3Dfile.download%26wpfd_category_id%3D32%26wpfd_file_id%3D2520%26token%3D%26preview%3D1&#038;embedded=true\"                            class=\"openlink wpfdlightbox wpfd_previewlink\"                            target=\"\"                            data-id=\"2520\"                            data-catid=\"32\"                            data-file-type=\"pdf\">Visualizar<i class=\"zmdi zmdi-filter-center-focus wpfd-preview\"><\/i>                        <\/a>                        <\/td>                                    <\/tr>                            <tr class=\"file\" data-id=\"2519\"                    data-catid=\"32\">                    <td class=\"file_title\"><a class=\"wpfd_downloadlink\" href=\"https:\/\/portal.pi.gov.br\/defesacivil\/download\/32\/licitacoes\/2519\/aviso-contratacao-direta-no-002-abast-dagua-vila-sampaio-ass-peniel.pdf\" title=\"AVISO CONTRATA\u00c7\u00c3O DIRETA N\u00ba 002 - ABAST. D&#039;\u00c1GUA VILA SAMPAIO-ASS. PENIEL\"><span class=\"extcol\">                                <span class=\"ext ext-pdf\"><\/span>                                AVISO CONTRATA\u00c7\u00c3O DIRETA N\u00ba 002 - ABAST. D&#039;\u00c1GUA VILA SAMPAIO-ASS. PENIEL                            <\/span><\/a><\/td><td class=\"file_size\">511.21 KB<\/td><td class=\"file_created\">15-07-2025<\/td>                                            <td class=\"col-download\">                            <a class=\"downloadlink wpfd_downloadlink\"  href=\"https:\/\/portal.pi.gov.br\/defesacivil\/download\/32\/licitacoes\/2519\/aviso-contratacao-direta-no-002-abast-dagua-vila-sampaio-ass-peniel.pdf\" style=\"background-color:#033b85;color:#ffffff;\">Baixar<i class=\"zmdi zmdi-cloud-download wpfd-download\"><\/i><\/a><a                            href=\"https:\/\/docs.google.com\/viewer?url=https%3A%2F%2Fportal.pi.gov.br%2Fdefesacivil%2Fwp-admin%2Fadmin-ajax.php%3Fjuwpfisadmin%3Dfalse%26action%3Dwpfd%26task%3Dfile.download%26wpfd_category_id%3D32%26wpfd_file_id%3D2519%26token%3D%26preview%3D1&#038;embedded=true\"                            class=\"openlink wpfdlightbox wpfd_previewlink\"                            target=\"\"                            data-id=\"2519\"                            data-catid=\"32\"                            data-file-type=\"pdf\">Visualizar<i class=\"zmdi zmdi-filter-center-focus wpfd-preview\"><\/i>                        <\/a>                        <\/td>                                    <\/tr>                            <tr class=\"file\" data-id=\"2518\"                    data-catid=\"32\">                    <td class=\"file_title\"><a class=\"wpfd_downloadlink\" href=\"https:\/\/portal.pi.gov.br\/defesacivil\/download\/32\/licitacoes\/2518\/aviso-contratacao-direta-no-003-abast-dagua-samambaia.pdf\" title=\"AVISO CONTRATA\u00c7\u00c3O DIRETA N\u00ba 003 - ABAST. D&#039;\u00c1GUA SAMAMBAIA\"><span class=\"extcol\">                                <span class=\"ext ext-pdf\"><\/span>                                AVISO CONTRATA\u00c7\u00c3O DIRETA N\u00ba 003 - ABAST. D&#039;\u00c1GUA SAMAMBAIA                            <\/span><\/a><\/td><td class=\"file_size\">511.32 KB<\/td><td class=\"file_created\">15-07-2025<\/td>                                            <td class=\"col-download\">                            <a class=\"downloadlink wpfd_downloadlink\"  href=\"https:\/\/portal.pi.gov.br\/defesacivil\/download\/32\/licitacoes\/2518\/aviso-contratacao-direta-no-003-abast-dagua-samambaia.pdf\" style=\"background-color:#033b85;color:#ffffff;\">Baixar<i class=\"zmdi zmdi-cloud-download wpfd-download\"><\/i><\/a><a                            href=\"https:\/\/docs.google.com\/viewer?url=https%3A%2F%2Fportal.pi.gov.br%2Fdefesacivil%2Fwp-admin%2Fadmin-ajax.php%3Fjuwpfisadmin%3Dfalse%26action%3Dwpfd%26task%3Dfile.download%26wpfd_category_id%3D32%26wpfd_file_id%3D2518%26token%3D%26preview%3D1&#038;embedded=true\"                            class=\"openlink wpfdlightbox wpfd_previewlink\"                            target=\"\"                            data-id=\"2518\"                            data-catid=\"32\"                            data-file-type=\"pdf\">Visualizar<i class=\"zmdi zmdi-filter-center-focus wpfd-preview\"><\/i>                        <\/a>                        <\/td>                                    <\/tr>                            <tr class=\"file\" data-id=\"2364\"                    data-catid=\"32\">                    <td class=\"file_title\"><a class=\"wpfd_downloadlink\" href=\"https:\/\/portal.pi.gov.br\/defesacivil\/download\/32\/licitacoes\/2364\/edital-de-credenciamento-pipeiros-2025.pdf\" title=\"EDITAL DE CREDENCIAMENTO PIPEIROS 2025\"><span class=\"extcol\">                                <span class=\"ext ext-pdf\"><\/span>                                EDITAL DE CREDENCIAMENTO PIPEIROS 2025                            <\/span><\/a><\/td><td class=\"file_size\">3.94 MB<\/td><td class=\"file_created\">12-05-2025<\/td>                                            <td class=\"col-download\">                            <a class=\"downloadlink wpfd_downloadlink\"  href=\"https:\/\/portal.pi.gov.br\/defesacivil\/download\/32\/licitacoes\/2364\/edital-de-credenciamento-pipeiros-2025.pdf\" style=\"background-color:#033b85;color:#ffffff;\">Baixar<i class=\"zmdi zmdi-cloud-download wpfd-download\"><\/i><\/a><a                            href=\"https:\/\/docs.google.com\/viewer?url=https%3A%2F%2Fportal.pi.gov.br%2Fdefesacivil%2Fwp-admin%2Fadmin-ajax.php%3Fjuwpfisadmin%3Dfalse%26action%3Dwpfd%26task%3Dfile.download%26wpfd_category_id%3D32%26wpfd_file_id%3D2364%26token%3D%26preview%3D1&#038;embedded=true\"                            class=\"openlink wpfdlightbox wpfd_previewlink\"                            target=\"\"                            data-id=\"2364\"                            data-catid=\"32\"                            data-file-type=\"pdf\">Visualizar<i class=\"zmdi zmdi-filter-center-focus wpfd-preview\"><\/i>                        <\/a>                        <\/td>                                    <\/tr>                            <tr class=\"file\" data-id=\"1715\"                    data-catid=\"32\">                    <td class=\"file_title\"><a class=\"wpfd_downloadlink\" href=\"https:\/\/portal.pi.gov.br\/defesacivil\/download\/32\/licitacoes\/1715\/aviso-de-despensa-gps-20-03-24.pdf\" title=\"AVISO DE DESPENSA GPS 20.03.24\"><span class=\"extcol\">                                <span class=\"ext ext-pdf\"><\/span>                                AVISO DE DESPENSA GPS 20.03.24                            <\/span><\/a><\/td><td class=\"file_size\">526.22 KB<\/td><td class=\"file_created\">20-03-2024<\/td>                                            <td class=\"col-download\">                            <a class=\"downloadlink wpfd_downloadlink\"  href=\"https:\/\/portal.pi.gov.br\/defesacivil\/download\/32\/licitacoes\/1715\/aviso-de-despensa-gps-20-03-24.pdf\" style=\"background-color:#033b85;color:#ffffff;\">Baixar<i class=\"zmdi zmdi-cloud-download wpfd-download\"><\/i><\/a><a                            href=\"https:\/\/docs.google.com\/viewer?url=https%3A%2F%2Fportal.pi.gov.br%2Fdefesacivil%2Fwp-admin%2Fadmin-ajax.php%3Fjuwpfisadmin%3Dfalse%26action%3Dwpfd%26task%3Dfile.download%26wpfd_category_id%3D32%26wpfd_file_id%3D1715%26token%3D%26preview%3D1&#038;embedded=true\"                            class=\"openlink wpfdlightbox wpfd_previewlink\"                            target=\"\"                            data-id=\"1715\"                            data-catid=\"32\"                            data-file-type=\"pdf\">Visualizar<i class=\"zmdi zmdi-filter-center-focus wpfd-preview\"><\/i>                        <\/a>                        <\/td>                                    <\/tr>                            <tr class=\"file\" data-id=\"1230\"                    data-catid=\"32\">                    <td class=\"file_title\"><a class=\"wpfd_downloadlink\" href=\"https:\/\/portal.pi.gov.br\/defesacivil\/download\/32\/licitacoes\/1230\/25-07-2023-aviso-de-dispensa-de-licitacao.pdf\" title=\"25.07.2023 AVISO DE DISPENSA DE LICITA\u00c7\u00c3O\"><span class=\"extcol\">                                <span class=\"ext ext-pdf\"><\/span>                                25.07.2023 AVISO DE DISPENSA DE LICITA\u00c7\u00c3O                            <\/span><\/a><\/td><td class=\"file_size\">521.32 KB<\/td><td class=\"file_created\">25-07-2023<\/td>                                            <td class=\"col-download\">                            <a class=\"downloadlink wpfd_downloadlink\"  href=\"https:\/\/portal.pi.gov.br\/defesacivil\/download\/32\/licitacoes\/1230\/25-07-2023-aviso-de-dispensa-de-licitacao.pdf\" style=\"background-color:#033b85;color:#ffffff;\">Baixar<i class=\"zmdi zmdi-cloud-download wpfd-download\"><\/i><\/a><a                            href=\"https:\/\/docs.google.com\/viewer?url=https%3A%2F%2Fportal.pi.gov.br%2Fdefesacivil%2Fwp-admin%2Fadmin-ajax.php%3Fjuwpfisadmin%3Dfalse%26action%3Dwpfd%26task%3Dfile.download%26wpfd_category_id%3D32%26wpfd_file_id%3D1230%26token%3D%26preview%3D1&#038;embedded=true\"                            class=\"openlink wpfdlightbox wpfd_previewlink\"                            target=\"\"                            data-id=\"1230\"                            data-catid=\"32\"                            data-file-type=\"pdf\">Visualizar<i class=\"zmdi zmdi-filter-center-focus wpfd-preview\"><\/i>                        <\/a>                        <\/td>                                    <\/tr>                        <\/tbody>        <\/table>            <\/div><\/div><\/div>\n","protected":false},"excerpt":{"rendered":"","protected":false},"author":1,"featured_media":0,"parent":0,"menu_order":0,"comment_status":"closed","ping_status":"closed","template":"template-fullwidth.php","meta":[],"featured_image_urls":{"full":"","thumbnail":"","medium":"","medium_large":"","large":"","sgg-420":"","sgg-540":"","sgg-780":"","1536x1536":"","2048x2048":"","homepage-slider":"","homepage-slider-small":"","page-top":"","page-small":"","loop-main":"","thumb-gallery-widget":""},"post_excerpt_stackable":"<p>T\u00edtuloTamanhoData de Publica\u00e7\u00e3oBaixar AVISO CONTRATA\u00c7\u00c3O DIRETA N\u00ba 002 &#8211; ABAST. D&#039;\u00c1GUA , VILA SAMPAIO,FLORIANO 65.43 KB21-07-2025 BaixarVisualizar AVISO CONTRATA\u00c7\u00c3O DIRETA N\u00ba 003 &#8211; ABAST. D&#039;\u00c1GUA SAMAMBAIA PICOS 65.82 KB21-07-2025 BaixarVisualizar AVISO CONTRATA\u00c7\u00c3O DIRETA N\u00ba 001 &#8211; ABAST. D&#039;\u00c1GUA FORNOS &#8211; PAU D&#039;\u00c1RCOS 511.92 KB15-07-2025 BaixarVisualizar AVISO CONTRATA\u00c7\u00c3O DIRETA N\u00ba 002 &#8211; ABAST. D&#039;\u00c1GUA VILA SAMPAIO-ASS. PENIEL 511.21 KB15-07-2025 BaixarVisualizar AVISO CONTRATA\u00c7\u00c3O DIRETA N\u00ba 003 &#8211; ABAST. D&#039;\u00c1GUA SAMAMBAIA 511.32 KB15-07-2025 BaixarVisualizar EDITAL DE CREDENCIAMENTO PIPEIROS 2025 3.94 MB12-05-2025 BaixarVisualizar AVISO DE DESPENSA GPS 20.03.24 526.22 KB20-03-2024 BaixarVisualizar 25.07.2023 AVISO DE DISPENSA DE LICITA\u00c7\u00c3O 521.32 KB25-07-2023 BaixarVisualizar<\/p>\n","category_list":"","author_info":{"name":"admin","url":"https:\/\/portal.pi.gov.br\/defesacivil\/author\/admin\/"},"comments_num":"0 coment\u00e1rio","featured_image_urls_v2":{"full":"","thumbnail":"","medium":"","medium_large":"","large":"","sgg-420":"","sgg-540":"","sgg-780":"","1536x1536":"","2048x2048":"","homepage-slider":"","homepage-slider-small":"","page-top":"","page-small":"","loop-main":"","thumb-gallery-widget":""},"post_excerpt_stackable_v2":"<p>T\u00edtuloTamanhoData de Publica\u00e7\u00e3oBaixar AVISO CONTRATA\u00c7\u00c3O DIRETA N\u00ba 002 &#8211; ABAST. D&#039;\u00c1GUA , VILA SAMPAIO,FLORIANO 65.43 KB21-07-2025 BaixarVisualizar AVISO CONTRATA\u00c7\u00c3O DIRETA N\u00ba 003 &#8211; ABAST. D&#039;\u00c1GUA SAMAMBAIA PICOS 65.82 KB21-07-2025 BaixarVisualizar AVISO CONTRATA\u00c7\u00c3O DIRETA N\u00ba 001 &#8211; ABAST. D&#039;\u00c1GUA FORNOS &#8211; PAU D&#039;\u00c1RCOS 511.92 KB15-07-2025 BaixarVisualizar AVISO CONTRATA\u00c7\u00c3O DIRETA N\u00ba 002 &#8211; ABAST. D&#039;\u00c1GUA VILA SAMPAIO-ASS. PENIEL 511.21 KB15-07-2025 BaixarVisualizar AVISO CONTRATA\u00c7\u00c3O DIRETA N\u00ba 003 &#8211; ABAST. D&#039;\u00c1GUA SAMAMBAIA 511.32 KB15-07-2025 BaixarVisualizar EDITAL DE CREDENCIAMENTO PIPEIROS 2025 3.94 MB12-05-2025 BaixarVisualizar AVISO DE DESPENSA GPS 20.03.24 526.22 KB20-03-2024 BaixarVisualizar 25.07.2023 AVISO DE DISPENSA DE LICITA\u00c7\u00c3O 521.32 KB25-07-2023 BaixarVisualizar<\/p>\n","category_list_v2":"","author_info_v2":{"name":"admin","url":"https:\/\/portal.pi.gov.br\/defesacivil\/author\/admin\/"},"comments_num_v2":"0 coment\u00e1rio","_links":{"self":[{"href":"https:\/\/portal.pi.gov.br\/defesacivil\/wp-json\/wp\/v2\/pages\/1223"}],"collection":[{"href":"https:\/\/portal.pi.gov.br\/defesacivil\/wp-json\/wp\/v2\/pages"}],"about":[{"href":"https:\/\/portal.pi.gov.br\/defesacivil\/wp-json\/wp\/v2\/types\/page"}],"author":[{"embeddable":true,"href":"https:\/\/portal.pi.gov.br\/defesacivil\/wp-json\/wp\/v2\/users\/1"}],"replies":[{"embeddable":true,"href":"https:\/\/portal.pi.gov.br\/defesacivil\/wp-json\/wp\/v2\/comments?post=1223"}],"version-history":[{"count":3,"href":"https:\/\/portal.pi.gov.br\/defesacivil\/wp-json\/wp\/v2\/pages\/1223\/revisions"}],"predecessor-version":[{"id":2363,"href":"https:\/\/portal.pi.gov.br\/defesacivil\/wp-json\/wp\/v2\/pages\/1223\/revisions\/2363"}],"wp:attachment":[{"href":"https:\/\/portal.pi.gov.br\/defesacivil\/wp-json\/wp\/v2\/media?parent=1223"}],"curies":[{"name":"wp","href":"https:\/\/api.w.org\/{rel}","templated":true}]}}