{"id":2372,"date":"2025-05-12T11:22:52","date_gmt":"2025-05-12T14:22:52","guid":{"rendered":"https:\/\/portal.pi.gov.br\/defesacivil\/?page_id=2372"},"modified":"2025-05-20T10:02:44","modified_gmt":"2025-05-20T13:02:44","slug":"planos","status":"publish","type":"page","link":"https:\/\/portal.pi.gov.br\/defesacivil\/planos\/","title":{"rendered":"Planos"},"content":{"rendered":"\n<p>O<strong> Plano de Emerg\u00eancia Pluviom\u00e9trica para a Quadra Chuvosa<\/strong> tem o objetivo de estabelecer um conjunto de a\u00e7\u00f5es de prote\u00e7\u00e3o e defesa civil frente \u00e0 ocorr\u00eancia de intensas chuvas no Estado do Piau\u00ed, possibilitando, assim, a execu\u00e7\u00e3o das a\u00e7\u00f5es sobre a gest\u00e3o de riscos e de desastres no estado.<\/p>\n\n\n\n<p>O<strong> Plano Estadual de Prote\u00e7\u00e3o e Defesa Civil do Piau\u00ed (PEPDEC)<\/strong> \u00e9 um documento essencial que estabelece diretrizes e procedimentos para a gest\u00e3o de riscos e desastres e emerg\u00eancias no territ\u00f3rio piauiense. Sua principal fun\u00e7\u00e3o \u00e9 organizar e coordenar as a\u00e7\u00f5es das autoridades nos cinco ciclos da defesa civil &#8211; preven\u00e7\u00e3o, mitiga\u00e7\u00e3o, prepara\u00e7\u00e3o, resposta e reconstru\u00e7\u00e3o &#8211; visando, assim, minimizar os impactos de eventos adversos sobre a popula\u00e7\u00e3o, o meio ambiente e o patrim\u00f4nio.<br>A estrutura do plano abrange a preven\u00e7\u00e3o, mitiga\u00e7\u00e3o, a resposta e a recupera\u00e7\u00e3o diante de desastres naturais, tecnol\u00f3gicos e de origem antr\u00f3pica. Ele define claramente as responsabilidades de cada \u00f3rg\u00e3o envolvido, estabelece procedimentos para comunica\u00e7\u00e3o e coordena\u00e7\u00e3o, e identifica recursos e capacidades necess\u00e1rias para enfrentar crises.<\/p>\n\n\n\n<p><br>A elabora\u00e7\u00e3o e implementa\u00e7\u00e3o do Plano Estadual de Prote\u00e7\u00e3o de Defesa Civil s\u00e3o fundamentais para proteger a vida e o bem-estar dos cidad\u00e3os, assegurar a continuidade dos servi\u00e7os essenciais e promover a recupera\u00e7\u00e3o r\u00e1pida e sustent\u00e1vel ap\u00f3s a ocorr\u00eancia de desastres. Com um planejamento bem estruturado, o estado pode enfrentar desafios com maior resili\u00eancia, minimizando os danos e promovendo a seguran\u00e7a global da popula\u00e7\u00e3o.<\/p>\n\n\n\n<p><br>Clique nos documentos abaixo e saiba mais:<\/p>\n\n\n\n<p><\/p>\n\n\n<script type=\"text\/x-handlebars-template\"        id=\"wpfd-template-table-categories-48\">    <div class=\"wpfd-categories\">{{#if category}}{{#with category}}{{#if parent}}<a class=\"catlink backcategory\" href=\"#\" data-idcat=\"{{parent}}\">                        <i class=\"zmdi zmdi-chevron-left\"><\/i><span>Voltar<\/span><\/a>{{\/if}}{{\/with}}{{\/if}}<\/div><\/script><script type=\"text\/x-handlebars-template\" id=\"wpfd-template-table-48\">    {{#if files}}    {{#each files}}    <tr class=\"file\" data-id=\"{{ID}}\" data-catid=\"{{catid}}\">    <td class=\"file_title\"><a class=\"wpfd_downloadlink\" href=\"{{linkdownload}}\" title=\"{{post_title}}\"><span class=\"extcol\">{{#if file_custom_icon}}<span class=\"icon-custom\"><img src=\"{{file_custom_icon}}\"><\/span>{{else}}<span class=\"ext ext-{{ext}}\"><\/span>{{\/if}}<\/span>{{{crop_title}}}<\/a><\/td><td class=\"file_size\">{{bytesToSize size}}<\/td><td class=\"file_created\">{{created}}<\/td>                    <td class=\"col-download\">                <a class=\"downloadlink wpfd_downloadlink\"  href=\"{{linkdownload}}\" style=\"background-color:#033b85;color:#ffffff;\">Baixar<i class=\"zmdi zmdi-cloud-download wpfd-download\"><\/i><\/a>{{#if openpdflink}}<a class=\"openlink wpfdlightbox wpfd_previewlink\" href=\"{{openpdflink}}\" target=\"\">Visualizar                            <i class=\"zmdi zmdi-filter-center-focus wpfd-preview\"><\/i>                        <\/a>{{else}}{{#if viewerlink}}<a                            href=\"{{viewerlink}}\"                            class=\"openlink wpfdlightbox wpfd_previewlink\"                            target=\"\"                            data-id=\"{{ID}}\"                            data-catid=\"{{catid}}\"                            data-file-type=\"{{ext}}\">Visualizar<i class=\"zmdi zmdi-filter-center-focus wpfd-preview\"><\/i>                        <\/a>{{\/if}}{{\/if}}            <\/td>            <\/tr>    {{\/each}}    {{\/if}}<\/script><div class=\"wpfd-content wpfd-content-table wpfd-content-multi colstyle\" data-category=\"48\"><input type=\"hidden\" id=\"current_category_48\" value=\"48\" \/>                    <input type=\"hidden\" id=\"current_category_slug_48\" value=\"planos\" \/>                    <input type=\"hidden\" id=\"current_ordering_48\" value=\"created_time\" \/>                    <input type=\"hidden\" id=\"current_ordering_direction_48\" value=\"desc\" \/><div class=\"wpfd-container\">        <div class=\"wpfd-open-tree\"><\/div>    <div class=\"wpfd-container-table \">        <div class=\"wpfd-categories\"><\/div>        <table class=\"wpfd-table wpfd-table-bordered wpfd-table-striped mediaTable\">            <thead>            <tr>                <th class=\"essential persist file_title\">T\u00edtulo<\/th><th class=\"optional file_size\">Tamanho<\/th><th class=\"optional file_created\">Data de Publica\u00e7\u00e3o<\/th><th class=\"essential file_download\">Baixar<\/th>            <\/tr>            <\/thead>            <tbody>                            <tr class=\"file\" data-id=\"2390\"                    data-catid=\"48\">                    <td class=\"file_title\"><a class=\"wpfd_downloadlink\" href=\"https:\/\/portal.pi.gov.br\/defesacivil\/download\/48\/planos\/2390\/plano-estadual-de-defesa-civil.pdf\" title=\"PLANO ESTADUAL DE DEFESA CIVIL\"><span class=\"extcol\">                                <span class=\"ext ext-pdf\"><\/span>                                PLANO ESTADUAL DE DEFESA CIVIL                            <\/span><\/a><\/td><td class=\"file_size\">31.34 MB<\/td><td class=\"file_created\">15-05-2025<\/td>                                            <td class=\"col-download\">                            <a class=\"downloadlink wpfd_downloadlink\"  href=\"https:\/\/portal.pi.gov.br\/defesacivil\/download\/48\/planos\/2390\/plano-estadual-de-defesa-civil.pdf\" style=\"background-color:#033b85;color:#ffffff;\">Baixar<i class=\"zmdi zmdi-cloud-download wpfd-download\"><\/i><\/a><a                            href=\"https:\/\/docs.google.com\/viewer?url=https%3A%2F%2Fportal.pi.gov.br%2Fdefesacivil%2Fwp-admin%2Fadmin-ajax.php%3Fjuwpfisadmin%3Dfalse%26action%3Dwpfd%26task%3Dfile.download%26wpfd_category_id%3D48%26wpfd_file_id%3D2390%26token%3D%26preview%3D1&#038;embedded=true\"                            class=\"openlink wpfdlightbox wpfd_previewlink\"                            target=\"\"                            data-id=\"2390\"                            data-catid=\"48\"                            data-file-type=\"pdf\">Visualizar<i class=\"zmdi zmdi-filter-center-focus wpfd-preview\"><\/i>                        <\/a>                        <\/td>                                    <\/tr>                            <tr class=\"file\" data-id=\"2373\"                    data-catid=\"48\">                    <td class=\"file_title\"><a class=\"wpfd_downloadlink\" href=\"https:\/\/portal.pi.gov.br\/defesacivil\/download\/48\/planos\/2373\/plano-pluviometrico-2025.pdf\" title=\"Plano Pluviometrico 2025\"><span class=\"extcol\">                                <span class=\"ext ext-pdf\"><\/span>                                Plano Pluviometrico 2025                            <\/span><\/a><\/td><td class=\"file_size\">806.94 KB<\/td><td class=\"file_created\">12-05-2025<\/td>                                            <td class=\"col-download\">                            <a class=\"downloadlink wpfd_downloadlink\"  href=\"https:\/\/portal.pi.gov.br\/defesacivil\/download\/48\/planos\/2373\/plano-pluviometrico-2025.pdf\" style=\"background-color:#033b85;color:#ffffff;\">Baixar<i class=\"zmdi zmdi-cloud-download wpfd-download\"><\/i><\/a><a                            href=\"https:\/\/docs.google.com\/viewer?url=https%3A%2F%2Fportal.pi.gov.br%2Fdefesacivil%2Fwp-admin%2Fadmin-ajax.php%3Fjuwpfisadmin%3Dfalse%26action%3Dwpfd%26task%3Dfile.download%26wpfd_category_id%3D48%26wpfd_file_id%3D2373%26token%3D%26preview%3D1&#038;embedded=true\"                            class=\"openlink wpfdlightbox wpfd_previewlink\"                            target=\"\"                            data-id=\"2373\"                            data-catid=\"48\"                            data-file-type=\"pdf\">Visualizar<i class=\"zmdi zmdi-filter-center-focus wpfd-preview\"><\/i>                        <\/a>                        <\/td>                                    <\/tr>                        <\/tbody>        <\/table>            <\/div><\/div><\/div>\n","protected":false},"excerpt":{"rendered":"<p>O Plano de Emerg\u00eancia Pluviom\u00e9trica para a Quadra Chuvosa tem o objetivo de estabelecer um conjunto de a\u00e7\u00f5es de prote\u00e7\u00e3o e defesa civil frente \u00e0 ocorr\u00eancia de intensas chuvas no [&hellip;]<\/p>\n","protected":false},"author":1739,"featured_media":0,"parent":0,"menu_order":0,"comment_status":"closed","ping_status":"closed","template":"template-fullwidth.php","meta":[],"featured_image_urls":{"full":"","thumbnail":"","medium":"","medium_large":"","large":"","sgg-420":"","sgg-540":"","sgg-780":"","1536x1536":"","2048x2048":"","homepage-slider":"","homepage-slider-small":"","page-top":"","page-small":"","loop-main":"","thumb-gallery-widget":""},"post_excerpt_stackable":"<p>O Plano de Emerg\u00eancia Pluviom\u00e9trica para a Quadra Chuvosa tem o objetivo de estabelecer um conjunto de a\u00e7\u00f5es de prote\u00e7\u00e3o e defesa civil frente \u00e0 ocorr\u00eancia de intensas chuvas no Estado do Piau\u00ed, possibilitando, assim, a execu\u00e7\u00e3o das a\u00e7\u00f5es sobre a gest\u00e3o de riscos e de desastres no estado. O Plano Estadual de Prote\u00e7\u00e3o e Defesa Civil do Piau\u00ed (PEPDEC) \u00e9 um documento essencial que estabelece diretrizes e procedimentos para a gest\u00e3o de riscos e desastres e emerg\u00eancias no territ\u00f3rio piauiense. Sua principal fun\u00e7\u00e3o \u00e9 organizar e coordenar as a\u00e7\u00f5es das autoridades nos cinco ciclos da defesa civil &#8211; preven\u00e7\u00e3o,&hellip;<\/p>\n","category_list":"","author_info":{"name":"raquelvieira","url":"https:\/\/portal.pi.gov.br\/defesacivil\/author\/raquelvieira\/"},"comments_num":"0 coment\u00e1rio","featured_image_urls_v2":{"full":"","thumbnail":"","medium":"","medium_large":"","large":"","sgg-420":"","sgg-540":"","sgg-780":"","1536x1536":"","2048x2048":"","homepage-slider":"","homepage-slider-small":"","page-top":"","page-small":"","loop-main":"","thumb-gallery-widget":""},"post_excerpt_stackable_v2":"<p>O Plano de Emerg\u00eancia Pluviom\u00e9trica para a Quadra Chuvosa tem o objetivo de estabelecer um conjunto de a\u00e7\u00f5es de prote\u00e7\u00e3o e defesa civil frente \u00e0 ocorr\u00eancia de intensas chuvas no Estado do Piau\u00ed, possibilitando, assim, a execu\u00e7\u00e3o das a\u00e7\u00f5es sobre a gest\u00e3o de riscos e de desastres no estado. O Plano Estadual de Prote\u00e7\u00e3o e Defesa Civil do Piau\u00ed (PEPDEC) \u00e9 um documento essencial que estabelece diretrizes e procedimentos para a gest\u00e3o de riscos e desastres e emerg\u00eancias no territ\u00f3rio piauiense. Sua principal fun\u00e7\u00e3o \u00e9 organizar e coordenar as a\u00e7\u00f5es das autoridades nos cinco ciclos da defesa civil &#8211; preven\u00e7\u00e3o,&hellip;<\/p>\n","category_list_v2":"","author_info_v2":{"name":"raquelvieira","url":"https:\/\/portal.pi.gov.br\/defesacivil\/author\/raquelvieira\/"},"comments_num_v2":"0 coment\u00e1rio","_links":{"self":[{"href":"https:\/\/portal.pi.gov.br\/defesacivil\/wp-json\/wp\/v2\/pages\/2372"}],"collection":[{"href":"https:\/\/portal.pi.gov.br\/defesacivil\/wp-json\/wp\/v2\/pages"}],"about":[{"href":"https:\/\/portal.pi.gov.br\/defesacivil\/wp-json\/wp\/v2\/types\/page"}],"author":[{"embeddable":true,"href":"https:\/\/portal.pi.gov.br\/defesacivil\/wp-json\/wp\/v2\/users\/1739"}],"replies":[{"embeddable":true,"href":"https:\/\/portal.pi.gov.br\/defesacivil\/wp-json\/wp\/v2\/comments?post=2372"}],"version-history":[{"count":3,"href":"https:\/\/portal.pi.gov.br\/defesacivil\/wp-json\/wp\/v2\/pages\/2372\/revisions"}],"predecessor-version":[{"id":2404,"href":"https:\/\/portal.pi.gov.br\/defesacivil\/wp-json\/wp\/v2\/pages\/2372\/revisions\/2404"}],"wp:attachment":[{"href":"https:\/\/portal.pi.gov.br\/defesacivil\/wp-json\/wp\/v2\/media?parent=2372"}],"curies":[{"name":"wp","href":"https:\/\/api.w.org\/{rel}","templated":true}]}}