{"id":922,"date":"2023-05-02T11:53:09","date_gmt":"2023-05-02T14:53:09","guid":{"rendered":"https:\/\/portal.pi.gov.br\/defesacivil\/?page_id=922"},"modified":"2025-05-13T10:24:58","modified_gmt":"2025-05-13T13:24:58","slug":"diretoria-administrativa-financeira","status":"publish","type":"page","link":"https:\/\/portal.pi.gov.br\/defesacivil\/diretoria-administrativa-financeira\/","title":{"rendered":"Diretoria Administrativa Financeira"},"content":{"rendered":"\n<p>Respons\u00e1vel pelo planejamento e direcionamento das atividades relativas ao or\u00e7amento, finan\u00e7as, pessoas, contratos, pol\u00edticas, processos administrativos, transporte, servi\u00e7os gerais, manuten\u00e7\u00e3o, material, patrim\u00f4nio, inform\u00e1tica, seguran\u00e7a e higiene. Cabe tamb\u00e9m liderar o planejamento organizacional, sendo tamb\u00e9m respons\u00e1vel por todas as quest\u00f5es administrativas e financeiras do \u00f3rg\u00e3o.<\/p>\n\n\n\n<p><\/p>\n","protected":false},"excerpt":{"rendered":"<p>Respons\u00e1vel pelo planejamento e direcionamento das atividades relativas ao or\u00e7amento, finan\u00e7as, pessoas, contratos, pol\u00edticas, processos administrativos, transporte, servi\u00e7os gerais, manuten\u00e7\u00e3o, material, patrim\u00f4nio, inform\u00e1tica, seguran\u00e7a e higiene. Cabe tamb\u00e9m liderar o [&hellip;]<\/p>\n","protected":false},"author":1,"featured_media":0,"parent":0,"menu_order":0,"comment_status":"closed","ping_status":"closed","template":"template-fullwidth.php","meta":[],"featured_image_urls":{"full":"","thumbnail":"","medium":"","medium_large":"","large":"","sgg-420":"","sgg-540":"","sgg-780":"","1536x1536":"","2048x2048":"","homepage-slider":"","homepage-slider-small":"","page-top":"","page-small":"","loop-main":"","thumb-gallery-widget":""},"post_excerpt_stackable":"<p>Respons\u00e1vel pelo planejamento e direcionamento das atividades relativas ao or\u00e7amento, finan\u00e7as, pessoas, contratos, pol\u00edticas, processos administrativos, transporte, servi\u00e7os gerais, manuten\u00e7\u00e3o, material, patrim\u00f4nio, inform\u00e1tica, seguran\u00e7a e higiene. Cabe tamb\u00e9m liderar o planejamento organizacional, sendo tamb\u00e9m respons\u00e1vel por todas as quest\u00f5es administrativas e financeiras do \u00f3rg\u00e3o.<\/p>\n","category_list":"","author_info":{"name":"admin","url":"https:\/\/portal.pi.gov.br\/defesacivil\/author\/admin\/"},"comments_num":"0 coment\u00e1rio","featured_image_urls_v2":{"full":"","thumbnail":"","medium":"","medium_large":"","large":"","sgg-420":"","sgg-540":"","sgg-780":"","1536x1536":"","2048x2048":"","homepage-slider":"","homepage-slider-small":"","page-top":"","page-small":"","loop-main":"","thumb-gallery-widget":""},"post_excerpt_stackable_v2":"<p>Respons\u00e1vel pelo planejamento e direcionamento das atividades relativas ao or\u00e7amento, finan\u00e7as, pessoas, contratos, pol\u00edticas, processos administrativos, transporte, servi\u00e7os gerais, manuten\u00e7\u00e3o, material, patrim\u00f4nio, inform\u00e1tica, seguran\u00e7a e higiene. Cabe tamb\u00e9m liderar o planejamento organizacional, sendo tamb\u00e9m respons\u00e1vel por todas as quest\u00f5es administrativas e financeiras do \u00f3rg\u00e3o.<\/p>\n","category_list_v2":"","author_info_v2":{"name":"admin","url":"https:\/\/portal.pi.gov.br\/defesacivil\/author\/admin\/"},"comments_num_v2":"0 coment\u00e1rio","_links":{"self":[{"href":"https:\/\/portal.pi.gov.br\/defesacivil\/wp-json\/wp\/v2\/pages\/922"}],"collection":[{"href":"https:\/\/portal.pi.gov.br\/defesacivil\/wp-json\/wp\/v2\/pages"}],"about":[{"href":"https:\/\/portal.pi.gov.br\/defesacivil\/wp-json\/wp\/v2\/types\/page"}],"author":[{"embeddable":true,"href":"https:\/\/portal.pi.gov.br\/defesacivil\/wp-json\/wp\/v2\/users\/1"}],"replies":[{"embeddable":true,"href":"https:\/\/portal.pi.gov.br\/defesacivil\/wp-json\/wp\/v2\/comments?post=922"}],"version-history":[{"count":3,"href":"https:\/\/portal.pi.gov.br\/defesacivil\/wp-json\/wp\/v2\/pages\/922\/revisions"}],"predecessor-version":[{"id":2380,"href":"https:\/\/portal.pi.gov.br\/defesacivil\/wp-json\/wp\/v2\/pages\/922\/revisions\/2380"}],"wp:attachment":[{"href":"https:\/\/portal.pi.gov.br\/defesacivil\/wp-json\/wp\/v2\/media?parent=922"}],"curies":[{"name":"wp","href":"https:\/\/api.w.org\/{rel}","templated":true}]}}