{"id":1009,"date":"2023-02-13T19:51:54","date_gmt":"2023-02-13T22:51:54","guid":{"rendered":"https:\/\/portal.pi.gov.br\/detran\/?page_id=1009"},"modified":"2023-02-16T12:48:16","modified_gmt":"2023-02-16T15:48:16","slug":"anuarios","status":"publish","type":"page","link":"https:\/\/portal.pi.gov.br\/detran\/anuarios\/","title":{"rendered":"Anu\u00e1rios"},"content":{"rendered":"\n<div class=\"wp-block-stackable-posts is-style-default stk-block-posts stk-block stk-5fc842a\" data-block-id=\"5fc842a\"><style>.stk-5fc842a-container .stk-img-wrapper{width:100% !important}<\/style><div class=\"stk-inner-blocks stk-content-align stk-5fc842a-column\"><div class=\"stk-block-posts__items\"><div class=\"stk-block-posts__item\"><div class=\"stk-container stk-5fc842a-container stk--no-background stk--no-padding\"><article><h3 class=\"stk-block-posts__title\"><a href='https:\/\/portal.pi.gov.br\/detran\/detran-pi-implanta-banca-fixa-de-prova-pratica-em-parnaiba-a-partir-desta-quinta-9\/'>Detran-PI implanta banca fixa de prova pr\u00e1tica em Parna\u00edba a partir desta quinta (9)<\/a><\/h3><a href=\"https:\/\/portal.pi.gov.br\/detran\/detran-pi-implanta-banca-fixa-de-prova-pratica-em-parnaiba-a-partir-desta-quinta-9\/\" class=\"stk-block-posts__image-link\"><\/a><aside class=\"stk-block-posts__meta stk-subtitle\"><span>nathaliaamaral<\/span><span class=\"stk-block-posts__meta-sep\">\u00b7<\/span>9 de abril de 2026<span class=\"stk-block-posts__meta-sep\">\u00b7<\/span><span>0 coment\u00e1rio<\/span><\/aside><div class=\"stk-block-posts__category stk-subtitle\"><a href=\"https:\/\/portal.pi.gov.br\/detran\/category\/sem-categoria\/\" rel=\"category tag\">Sem categoria<\/a><\/div><div class=\"stk-block-posts__excerpt\"><p>O Departamento Estadual de Tr\u00e2nsito do Piau\u00ed (Detran-PI) passa a oferecer, a partir desta quinta-feira (9), uma banca fixa para aplica\u00e7\u00e3o de exames pr\u00e1ticos de dire\u00e7\u00e3o nas categorias A e B no munic\u00edpio de Parna\u00edba, no litoral do estado. Com a iniciativa, esta ser\u00e1 a terceira banca fixa em funcionamento no Piau\u00ed, que j\u00e1 conta&#8230;<\/div><a class=\"stk-block-posts__readmore\" href=\"https:\/\/portal.pi.gov.br\/detran\/detran-pi-implanta-banca-fixa-de-prova-pratica-em-parnaiba-a-partir-desta-quinta-9\/\">Continue Reading<\/a><\/article><\/div><\/div><div class=\"stk-block-posts__item\"><div class=\"stk-container stk-5fc842a-container stk--no-background stk--no-padding\"><article><h3 class=\"stk-block-posts__title\"><a href='https:\/\/portal.pi.gov.br\/detran\/detran-pi-reforca-prazo-final-para-pagamento-do-ipva-e-lincenciamento-2026-nesta-terca-feira-31\/'>Detran-Pi refor\u00e7a prazo final para pagamento do IPVA e lincenciamento 2026 nesta ter\u00e7a feira (31)<\/a><\/h3><a href=\"https:\/\/portal.pi.gov.br\/detran\/detran-pi-reforca-prazo-final-para-pagamento-do-ipva-e-lincenciamento-2026-nesta-terca-feira-31\/\" class=\"stk-block-posts__image-link\"><figure class=\"stk-img-wrapper\"><img width=\"1446\" height=\"1087\" src=\"https:\/\/portal.pi.gov.br\/detran\/wp-content\/uploads\/sites\/62\/2026\/03\/ChatGPT-Image-31-de-mar.-de-2026-12_34_29.png\" class=\"attachment-full size-full wp-post-image\" alt=\"\" decoding=\"async\" loading=\"lazy\" width=\"1446\" height=\"1087\" srcset=\"https:\/\/portal.pi.gov.br\/detran\/wp-content\/uploads\/sites\/62\/2026\/03\/ChatGPT-Image-31-de-mar.-de-2026-12_34_29.png 1446w, https:\/\/portal.pi.gov.br\/detran\/wp-content\/uploads\/sites\/62\/2026\/03\/ChatGPT-Image-31-de-mar.-de-2026-12_34_29-300x226.png 300w, https:\/\/portal.pi.gov.br\/detran\/wp-content\/uploads\/sites\/62\/2026\/03\/ChatGPT-Image-31-de-mar.-de-2026-12_34_29-1024x770.png 1024w, https:\/\/portal.pi.gov.br\/detran\/wp-content\/uploads\/sites\/62\/2026\/03\/ChatGPT-Image-31-de-mar.-de-2026-12_34_29-768x577.png 768w, https:\/\/portal.pi.gov.br\/detran\/wp-content\/uploads\/sites\/62\/2026\/03\/ChatGPT-Image-31-de-mar.-de-2026-12_34_29-420x316.png 420w, https:\/\/portal.pi.gov.br\/detran\/wp-content\/uploads\/sites\/62\/2026\/03\/ChatGPT-Image-31-de-mar.-de-2026-12_34_29-540x406.png 540w, https:\/\/portal.pi.gov.br\/detran\/wp-content\/uploads\/sites\/62\/2026\/03\/ChatGPT-Image-31-de-mar.-de-2026-12_34_29-780x586.png 780w, https:\/\/portal.pi.gov.br\/detran\/wp-content\/uploads\/sites\/62\/2026\/03\/ChatGPT-Image-31-de-mar.-de-2026-12_34_29-947x712.png 947w, https:\/\/portal.pi.gov.br\/detran\/wp-content\/uploads\/sites\/62\/2026\/03\/ChatGPT-Image-31-de-mar.-de-2026-12_34_29-624x469.png 624w\" sizes=\"(max-width: 1446px) 100vw, 1446px\" \/><\/figure><\/a><aside class=\"stk-block-posts__meta stk-subtitle\"><span>nathaliaamaral<\/span><span class=\"stk-block-posts__meta-sep\">\u00b7<\/span>31 de mar\u00e7o de 2026<span class=\"stk-block-posts__meta-sep\">\u00b7<\/span><span>0 coment\u00e1rio<\/span><\/aside><div class=\"stk-block-posts__category stk-subtitle\"><a href=\"https:\/\/portal.pi.gov.br\/detran\/category\/noticias\/\" rel=\"category tag\">Not\u00edcias<\/a><\/div><div class=\"stk-block-posts__excerpt\"><p>O Departamento Estadual de Tr\u00e2nsito do Piau\u00ed (Detran-PI) alerta os propriet\u00e1rios de ve\u00edculos que esta ter\u00e7a-feira, 31 de mar\u00e7o, \u00e9 o prazo final para o pagamento do Imposto sobre a Propriedade de Ve\u00edculos Automotores (IPVA) 2026 no estado. A data tamb\u00e9m marca o vencimento da taxa de licenciamento anual.Os contribuintes que n\u00e3o realizarem a quita\u00e7\u00e3o&#8230;<\/div><a class=\"stk-block-posts__readmore\" href=\"https:\/\/portal.pi.gov.br\/detran\/detran-pi-reforca-prazo-final-para-pagamento-do-ipva-e-lincenciamento-2026-nesta-terca-feira-31\/\">Continue Reading<\/a><\/article><\/div><\/div><div class=\"stk-block-posts__item\"><div class=\"stk-container stk-5fc842a-container stk--no-background stk--no-padding\"><article><h3 class=\"stk-block-posts__title\"><a href='https:\/\/portal.pi.gov.br\/detran\/detran-implanta-banca-fixa-de-prova-pratica-em-floriano-a-partir-desta-segunda-feira-16\/'>Detran implanta banca fixa de prova pr\u00e1tica em Floriano a partir desta segunda-feira (16)<\/a><\/h3><a href=\"https:\/\/portal.pi.gov.br\/detran\/detran-implanta-banca-fixa-de-prova-pratica-em-floriano-a-partir-desta-segunda-feira-16\/\" class=\"stk-block-posts__image-link\"><figure class=\"stk-img-wrapper\"><img width=\"1600\" height=\"1066\" src=\"https:\/\/portal.pi.gov.br\/detran\/wp-content\/uploads\/sites\/62\/2026\/03\/image.png\" class=\"attachment-full size-full wp-post-image\" alt=\"\" decoding=\"async\" loading=\"lazy\" width=\"1600\" height=\"1066\" srcset=\"https:\/\/portal.pi.gov.br\/detran\/wp-content\/uploads\/sites\/62\/2026\/03\/image.png 1600w, https:\/\/portal.pi.gov.br\/detran\/wp-content\/uploads\/sites\/62\/2026\/03\/image-300x200.png 300w, https:\/\/portal.pi.gov.br\/detran\/wp-content\/uploads\/sites\/62\/2026\/03\/image-1024x682.png 1024w, https:\/\/portal.pi.gov.br\/detran\/wp-content\/uploads\/sites\/62\/2026\/03\/image-768x512.png 768w, https:\/\/portal.pi.gov.br\/detran\/wp-content\/uploads\/sites\/62\/2026\/03\/image-420x280.png 420w, https:\/\/portal.pi.gov.br\/detran\/wp-content\/uploads\/sites\/62\/2026\/03\/image-540x360.png 540w, https:\/\/portal.pi.gov.br\/detran\/wp-content\/uploads\/sites\/62\/2026\/03\/image-780x520.png 780w, https:\/\/portal.pi.gov.br\/detran\/wp-content\/uploads\/sites\/62\/2026\/03\/image-1536x1023.png 1536w, https:\/\/portal.pi.gov.br\/detran\/wp-content\/uploads\/sites\/62\/2026\/03\/image-947x631.png 947w, https:\/\/portal.pi.gov.br\/detran\/wp-content\/uploads\/sites\/62\/2026\/03\/image-624x416.png 624w, https:\/\/portal.pi.gov.br\/detran\/wp-content\/uploads\/sites\/62\/2026\/03\/image-84x56.png 84w\" sizes=\"(max-width: 1600px) 100vw, 1600px\" \/><\/figure><\/a><aside class=\"stk-block-posts__meta stk-subtitle\"><span>nathaliaamaral<\/span><span class=\"stk-block-posts__meta-sep\">\u00b7<\/span>13 de mar\u00e7o de 2026<span class=\"stk-block-posts__meta-sep\">\u00b7<\/span><span>0 coment\u00e1rio<\/span><\/aside><div class=\"stk-block-posts__category stk-subtitle\"><a href=\"https:\/\/portal.pi.gov.br\/detran\/category\/noticias\/\" rel=\"category tag\">Not\u00edcias<\/a><\/div><div class=\"stk-block-posts__excerpt\"><p>A cidade de Floriano passar\u00e1 a contar, a partir da pr\u00f3xima segunda-feira (16), com uma banca fixa de exame pr\u00e1tico do Departamento Estadual de Tr\u00e2nsito do Piau\u00ed (Detran-PI) para as categorias A e B. A iniciativa vai atender candidatos que est\u00e3o em processo de obten\u00e7\u00e3o da Carteira Nacional de Habilita\u00e7\u00e3o (CNH) e integra a estrat\u00e9gia&#8230;<\/div><a class=\"stk-block-posts__readmore\" href=\"https:\/\/portal.pi.gov.br\/detran\/detran-implanta-banca-fixa-de-prova-pratica-em-floriano-a-partir-desta-segunda-feira-16\/\">Continue Reading<\/a><\/article><\/div><\/div><div class=\"stk-block-posts__item\"><div class=\"stk-container stk-5fc842a-container stk--no-background stk--no-padding\"><article><h3 class=\"stk-block-posts__title\"><a href='https:\/\/portal.pi.gov.br\/detran\/edital-do-3o-leilao-conservado-e-sucata-aproveitavel-do-dia-25-03-2026\/'>Edital do 3\u00ba Leil\u00e3o Conservado e Sucata Aproveit\u00e1vel do dia 25.03.2026<\/a><\/h3><a href=\"https:\/\/portal.pi.gov.br\/detran\/edital-do-3o-leilao-conservado-e-sucata-aproveitavel-do-dia-25-03-2026\/\" class=\"stk-block-posts__image-link\"><\/a><aside class=\"stk-block-posts__meta stk-subtitle\"><span>sergiolemos<\/span><span class=\"stk-block-posts__meta-sep\">\u00b7<\/span>5 de mar\u00e7o de 2026<span class=\"stk-block-posts__meta-sep\">\u00b7<\/span><span>0 coment\u00e1rio<\/span><\/aside><div class=\"stk-block-posts__category stk-subtitle\"><a href=\"https:\/\/portal.pi.gov.br\/detran\/category\/leilao\/\" rel=\"category tag\">Leil\u00e3o<\/a>, <a href=\"https:\/\/portal.pi.gov.br\/detran\/category\/tabela-de-leiloes\/\" rel=\"category tag\">Tabela de Leil\u00f5es<\/a><\/div><div class=\"stk-block-posts__excerpt\"><p>clique aqui para ver o edital<\/p>\n<\/div><a class=\"stk-block-posts__readmore\" href=\"https:\/\/portal.pi.gov.br\/detran\/edital-do-3o-leilao-conservado-e-sucata-aproveitavel-do-dia-25-03-2026\/\">Continue Reading<\/a><\/article><\/div><\/div><div class=\"stk-block-posts__item\"><div class=\"stk-container stk-5fc842a-container stk--no-background stk--no-padding\"><article><h3 class=\"stk-block-posts__title\"><a href='https:\/\/portal.pi.gov.br\/detran\/03o-publicacao-de-notificacao-dos-veiculos-conservados-e-sucata-aproveitavel-de-2026\/'>03\u00ba Publica\u00e7\u00e3o de Notifica\u00e7\u00e3o dos Ve\u00edculos Conservados e Sucata Aproveit\u00e1vel de 2026<\/a><\/h3><a href=\"https:\/\/portal.pi.gov.br\/detran\/03o-publicacao-de-notificacao-dos-veiculos-conservados-e-sucata-aproveitavel-de-2026\/\" class=\"stk-block-posts__image-link\"><\/a><aside class=\"stk-block-posts__meta stk-subtitle\"><span>sergiolemos<\/span><span class=\"stk-block-posts__meta-sep\">\u00b7<\/span>5 de mar\u00e7o de 2026<span class=\"stk-block-posts__meta-sep\">\u00b7<\/span><span>0 coment\u00e1rio<\/span><\/aside><div class=\"stk-block-posts__category stk-subtitle\"><a href=\"https:\/\/portal.pi.gov.br\/detran\/category\/leilao\/\" rel=\"category tag\">Leil\u00e3o<\/a>, <a href=\"https:\/\/portal.pi.gov.br\/detran\/category\/tabela-de-leiloes\/\" rel=\"category tag\">Tabela de Leil\u00f5es<\/a><\/div><div class=\"stk-block-posts__excerpt\"><p>clique aqui para visualizar o edital<\/p>\n<\/div><a class=\"stk-block-posts__readmore\" href=\"https:\/\/portal.pi.gov.br\/detran\/03o-publicacao-de-notificacao-dos-veiculos-conservados-e-sucata-aproveitavel-de-2026\/\">Continue Reading<\/a><\/article><\/div><\/div><div class=\"stk-block-posts__item\"><div class=\"stk-container stk-5fc842a-container stk--no-background stk--no-padding\"><article><h3 class=\"stk-block-posts__title\"><a href='https:\/\/portal.pi.gov.br\/detran\/baliza-deixa-de-ser-obrigatoria-para-obtencao-da-habilitacao-na-categoria-b-a-partir-desta-quinta-feira-19\/'>Baliza deixa de ser obrigat\u00f3ria para obten\u00e7\u00e3o da habilita\u00e7\u00e3o na categoria B a partir desta quinta-feira (19)<\/a><\/h3><a href=\"https:\/\/portal.pi.gov.br\/detran\/baliza-deixa-de-ser-obrigatoria-para-obtencao-da-habilitacao-na-categoria-b-a-partir-desta-quinta-feira-19\/\" class=\"stk-block-posts__image-link\"><figure class=\"stk-img-wrapper\"><img width=\"1600\" height=\"1066\" src=\"https:\/\/portal.pi.gov.br\/detran\/wp-content\/uploads\/sites\/62\/2026\/02\/WhatsApp-Image-2026-02-19-at-09.11.47-1.jpeg\" class=\"attachment-full size-full wp-post-image\" alt=\"\" decoding=\"async\" loading=\"lazy\" width=\"1600\" height=\"1066\" srcset=\"https:\/\/portal.pi.gov.br\/detran\/wp-content\/uploads\/sites\/62\/2026\/02\/WhatsApp-Image-2026-02-19-at-09.11.47-1.jpeg 1600w, https:\/\/portal.pi.gov.br\/detran\/wp-content\/uploads\/sites\/62\/2026\/02\/WhatsApp-Image-2026-02-19-at-09.11.47-1-300x200.jpeg 300w, https:\/\/portal.pi.gov.br\/detran\/wp-content\/uploads\/sites\/62\/2026\/02\/WhatsApp-Image-2026-02-19-at-09.11.47-1-1024x682.jpeg 1024w, https:\/\/portal.pi.gov.br\/detran\/wp-content\/uploads\/sites\/62\/2026\/02\/WhatsApp-Image-2026-02-19-at-09.11.47-1-768x512.jpeg 768w, https:\/\/portal.pi.gov.br\/detran\/wp-content\/uploads\/sites\/62\/2026\/02\/WhatsApp-Image-2026-02-19-at-09.11.47-1-420x280.jpeg 420w, https:\/\/portal.pi.gov.br\/detran\/wp-content\/uploads\/sites\/62\/2026\/02\/WhatsApp-Image-2026-02-19-at-09.11.47-1-540x360.jpeg 540w, https:\/\/portal.pi.gov.br\/detran\/wp-content\/uploads\/sites\/62\/2026\/02\/WhatsApp-Image-2026-02-19-at-09.11.47-1-780x520.jpeg 780w, https:\/\/portal.pi.gov.br\/detran\/wp-content\/uploads\/sites\/62\/2026\/02\/WhatsApp-Image-2026-02-19-at-09.11.47-1-1536x1023.jpeg 1536w, https:\/\/portal.pi.gov.br\/detran\/wp-content\/uploads\/sites\/62\/2026\/02\/WhatsApp-Image-2026-02-19-at-09.11.47-1-947x631.jpeg 947w, https:\/\/portal.pi.gov.br\/detran\/wp-content\/uploads\/sites\/62\/2026\/02\/WhatsApp-Image-2026-02-19-at-09.11.47-1-624x416.jpeg 624w, https:\/\/portal.pi.gov.br\/detran\/wp-content\/uploads\/sites\/62\/2026\/02\/WhatsApp-Image-2026-02-19-at-09.11.47-1-84x56.jpeg 84w\" sizes=\"(max-width: 1600px) 100vw, 1600px\" \/><\/figure><\/a><aside class=\"stk-block-posts__meta stk-subtitle\"><span>nathaliaamaral<\/span><span class=\"stk-block-posts__meta-sep\">\u00b7<\/span>19 de fevereiro de 2026<span class=\"stk-block-posts__meta-sep\">\u00b7<\/span><span>0 coment\u00e1rio<\/span><\/aside><div class=\"stk-block-posts__category stk-subtitle\"><a href=\"https:\/\/portal.pi.gov.br\/detran\/category\/noticias\/\" rel=\"category tag\">Not\u00edcias<\/a><\/div><div class=\"stk-block-posts__excerpt\"><p>O Departamento Estadual de Tr\u00e2nsito do Piau\u00ed (Detran-PI) informa que, a partir desta quinta-feira, 19 de fevereiro, passa a vigorar no Estado o novo Manual de Exames Pr\u00e1ticos da Secretaria Nacional de Tr\u00e2nsito (Senatran), com altera\u00e7\u00f5es no processo de avalia\u00e7\u00e3o dos candidatos \u00e0 Carteira Nacional de Habilita\u00e7\u00e3o (CNH). Entre as principais mudan\u00e7as, destaca-se a retirada&#8230;<\/div><a class=\"stk-block-posts__readmore\" href=\"https:\/\/portal.pi.gov.br\/detran\/baliza-deixa-de-ser-obrigatoria-para-obtencao-da-habilitacao-na-categoria-b-a-partir-desta-quinta-feira-19\/\">Continue Reading<\/a><\/article><\/div><\/div><\/div><div class=\"stk-inner-blocks\"><\/div><\/div><\/div>\n","protected":false},"excerpt":{"rendered":"<p>Detran-PI implanta banca fixa de prova pr\u00e1tica em Parna\u00edba a partir desta quinta (9) nathaliaamaral\u00b79 de abril de 2026\u00b70 coment\u00e1rio Sem categoria O Departamento Estadual de Tr\u00e2nsito do Piau\u00ed (Detran-PI) [&hellip;]<\/p>\n","protected":false},"author":1713,"featured_media":0,"parent":0,"menu_order":0,"comment_status":"closed","ping_status":"closed","template":"template-fullwidth.php","meta":[],"featured_image_urls":{"full":"","thumbnail":"","medium":"","medium_large":"","large":"","sgg-420":"","sgg-540":"","sgg-780":"","1536x1536":"","2048x2048":"","homepage-slider":"","homepage-slider-small":"","page-top":"","page-small":"","loop-main":"","thumb-gallery-widget":""},"post_excerpt_stackable":"<p>Detran-PI implanta banca fixa de prova pr\u00e1tica em Parna\u00edba a partir desta quinta (9)nathaliaamaral\u00b79 de abril de 2026\u00b70 coment\u00e1rioSem categoriaO Departamento Estadual de Tr\u00e2nsito do Piau\u00ed (Detran-PI) passa a oferecer, a partir desta quinta-feira (9), uma banca fixa para aplica\u00e7\u00e3o de exames pr\u00e1ticos de dire\u00e7\u00e3o nas categorias A e B no munic\u00edpio de Parna\u00edba, no litoral do estado. Com a iniciativa, esta ser\u00e1 a terceira banca fixa em funcionamento no Piau\u00ed, que j\u00e1 conta&#8230;Continue ReadingDetran-Pi refor\u00e7a prazo final para pagamento do IPVA e lincenciamento 2026 nesta ter\u00e7a feira (31)nathaliaamaral\u00b731 de mar\u00e7o de 2026\u00b70 coment\u00e1rioNot\u00edciasO Departamento Estadual de Tr\u00e2nsito do Piau\u00ed&hellip;<\/p>\n","category_list":"","author_info":{"name":"pedroneto","url":"https:\/\/portal.pi.gov.br\/detran\/author\/pedroneto\/"},"comments_num":"0 coment\u00e1rio","featured_image_urls_v2":{"full":"","thumbnail":"","medium":"","medium_large":"","large":"","sgg-420":"","sgg-540":"","sgg-780":"","1536x1536":"","2048x2048":"","homepage-slider":"","homepage-slider-small":"","page-top":"","page-small":"","loop-main":"","thumb-gallery-widget":""},"post_excerpt_stackable_v2":"<p>Detran-PI implanta banca fixa de prova pr\u00e1tica em Parna\u00edba a partir desta quinta (9)nathaliaamaral\u00b79 de abril de 2026\u00b70 coment\u00e1rioSem categoriaO Departamento Estadual de Tr\u00e2nsito do Piau\u00ed (Detran-PI) passa a oferecer, a partir desta quinta-feira (9), uma banca fixa para aplica\u00e7\u00e3o de exames pr\u00e1ticos de dire\u00e7\u00e3o nas categorias A e B no munic\u00edpio de Parna\u00edba, no litoral do estado. Com a iniciativa, esta ser\u00e1 a terceira banca fixa em funcionamento no Piau\u00ed, que j\u00e1 conta&#8230;Continue ReadingDetran-Pi refor\u00e7a prazo final para pagamento do IPVA e lincenciamento 2026 nesta ter\u00e7a feira (31)nathaliaamaral\u00b731 de mar\u00e7o de 2026\u00b70 coment\u00e1rioNot\u00edciasO Departamento Estadual de Tr\u00e2nsito do Piau\u00ed&hellip;<\/p>\n","category_list_v2":"","author_info_v2":{"name":"pedroneto","url":"https:\/\/portal.pi.gov.br\/detran\/author\/pedroneto\/"},"comments_num_v2":"0 coment\u00e1rio","_links":{"self":[{"href":"https:\/\/portal.pi.gov.br\/detran\/wp-json\/wp\/v2\/pages\/1009"}],"collection":[{"href":"https:\/\/portal.pi.gov.br\/detran\/wp-json\/wp\/v2\/pages"}],"about":[{"href":"https:\/\/portal.pi.gov.br\/detran\/wp-json\/wp\/v2\/types\/page"}],"author":[{"embeddable":true,"href":"https:\/\/portal.pi.gov.br\/detran\/wp-json\/wp\/v2\/users\/1713"}],"replies":[{"embeddable":true,"href":"https:\/\/portal.pi.gov.br\/detran\/wp-json\/wp\/v2\/comments?post=1009"}],"version-history":[{"count":6,"href":"https:\/\/portal.pi.gov.br\/detran\/wp-json\/wp\/v2\/pages\/1009\/revisions"}],"predecessor-version":[{"id":1062,"href":"https:\/\/portal.pi.gov.br\/detran\/wp-json\/wp\/v2\/pages\/1009\/revisions\/1062"}],"wp:attachment":[{"href":"https:\/\/portal.pi.gov.br\/detran\/wp-json\/wp\/v2\/media?parent=1009"}],"curies":[{"name":"wp","href":"https:\/\/api.w.org\/{rel}","templated":true}]}}