{"id":1025,"date":"2023-02-13T19:57:10","date_gmt":"2023-02-13T22:57:10","guid":{"rendered":"https:\/\/portal.pi.gov.br\/detran\/?page_id=1025"},"modified":"2025-04-24T12:12:06","modified_gmt":"2025-04-24T15:12:06","slug":"noticias","status":"publish","type":"page","link":"https:\/\/portal.pi.gov.br\/detran\/noticias\/","title":{"rendered":"Not\u00edcias"},"content":{"rendered":"\n<style>\n  .news-list {\n    list-style: none;\n    padding: 0;\n    margin: 0;\n    font-family: Arial, sans-serif;\n  }\n  \n  .news-item {\n    margin: 15px 0;\n    padding: 15px;\n    background: #f8f9fa;\n    border-radius: 8px;\n    box-shadow: 0 2px 4px rgba(0,0,0,0.1);\n    transition: background 0.2s ease;\n  }\n  \n  .news-item:hover {\n    background: #e9ecef;\n  }\n  \n  .news-date {\n    display: block;\n    font-weight: bold;\n    font-size: 1.1rem;\n    margin-bottom: 8px;\n    color: #495057;\n  }\n  \n  .news-link {\n    font-size: 1rem;\n    color: #0066cc;\n    text-decoration: none;\n    display: block;\n    line-height: 1.4;\n  }\n  \n  .news-link:hover {\n    text-decoration: underline;\n    color: #004999;\n  }\n<\/style>\n\n<ul class=\"news-list\">\n  <li class=\"news-item\">\n    27\/01\/2025 10:29:14\n    <a href=\"https:\/\/portal.pi.gov.br\/detran\/detran-pi-confira-o-cronograma-de-exames-praticos-para-os-meses-de-fevereiro-e-marco-de-2025\/\" class=\"news-link\">\n      Detran-PI: Confira o cronograma de exames pr\u00e1ticos para os meses de fevereiro e mar\u00e7o de 2025\n    <\/a>\n  <\/li>\n<\/ul>\n\n<ul class=\"news-list\">\n  <li class=\"news-item\">\n    21\/01\/2025 10:10:31\n    <a href=\"https:\/\/portal.pi.gov.br\/detran\/detran-pi-explica-como-adquirir-nova-placa-de-veiculos-em-caso-de-perda\/\" class=\"news-link\">\n      Detran-PI explica como adquirir nova placa de ve\u00edculos em caso de perda\n    <\/a>\n  <\/li>\n<\/ul>\n<ul class=\"news-list\">\n  <li class=\"news-item\">\n    21\/01\/2025 09:44:55\n    <a href=\"https:\/\/portal.pi.gov.br\/detran\/detran-pi-curso-de-instrutor-de-transito-muda-vidas-e-promove-transito-mais-seguro-e-consciente\/\" class=\"news-link\">\n      Detran-PI: Curso de Instrutor de tr\u00e2nsito muda vidas e promove tr\u00e2nsito mais seguro e consciente\n    <\/a>\n  <\/li>\n<\/ul>\n<ul class=\"news-list\">\n  <li class=\"news-item\">\n    20\/01\/2025 09:44:02\n    <a href=\"https:\/\/portal.pi.gov.br\/detran\/comeca-hoje-a-2a-edicao-da-arena-de-ferias-detran\/\" class=\"news-link\">\n      Come\u00e7a hoje a 2\u00aa Edi\u00e7\u00e3o da Arena de F\u00e9rias Detran\n    <\/a>\n  <\/li>\n<\/ul>\n<ul class=\"news-list\">\n  <li class=\"news-item\">\n    19\/01\/2025 10:07:25\n    <a href=\"https:\/\/portal.pi.gov.br\/detran\/detran-diminui-filas-e-acelera-o-fluxo-de-servicos-nos-postos-e-site-oficial\/\" class=\"news-link\">\n      Detran diminui filas e acelera o fluxo de servi\u00e7os nos postos e site oficial\n    <\/a>\n  <\/li>\n<\/ul>\n<ul class=\"news-list\">\n  <li class=\"news-item\">\n    17\/01\/2025 11:15:59\n    <a href=\"https:\/\/portal.pi.gov.br\/detran\/2a-edicao-da-arena-de-ferias-detran-movimenta-piaui-com-esporte-lazer-e-educacao-no-transito\/\" class=\"news-link\">\n2\u00aa Edi\u00e7\u00e3o da Arena de F\u00e9rias Detran movimenta Piau\u00ed com esporte, lazer e educa\u00e7\u00e3o no tr\u00e2nsito<\/a>\n  <\/li>\n<\/ul>\n<ul class=\"news-list\">\n  <li class=\"news-item\">\n    12\/01\/2025 11:09:32\n    <a href=\"https:\/\/portal.pi.gov.br\/detran\/detran-pi-ouvidoria-ultrapassa-25-mil-atendimentos-com-89-de-respostas-imediatas-em-2024\/\" class=\"news-link\">\n      Detran-PI: Ouvidoria ultrapassa 25 mil atendimentos com 89% de respostas imediatas em 2024\n    <\/a>\n  <\/li>\n<\/ul>\n<ul class=\"news-list\">\n  <li class=\"news-item\">\n    04\/01\/2025 11:31:35\n    <a href=\"https:\/\/portal.pi.gov.br\/detran\/2024-acoes-educativas-cursos-e-eventos-marcam-avancos-do-detran-pi\/\" class=\"news-link\">\n      2024: A\u00e7\u00f5es educativas, cursos e eventos marcam avan\u00e7os do Detran-PI\n    <\/a>\n  <\/li>\n<\/ul>\n<ul class=\"news-list\">\n  <li class=\"news-item\">\n    03\/01\/2025 10:49:39\n    <a href=\"https:\/\/portal.pi.gov.br\/detran\/detran-pi-alinha-exame-de-direcao-veicular-as-diretrizes-do-contran\/\" class=\"news-link\">\n        Detran\/PI Alinha Exame de Dire\u00e7\u00e3o Veicular \u00e0s Diretrizes do CONTRAN<\/a>\n  <\/li>\n<\/ul>\n","protected":false},"excerpt":{"rendered":"<p>27\/01\/2025 10:29:14 Detran-PI: Confira o cronograma de exames pr\u00e1ticos para os meses de fevereiro e mar\u00e7o de 2025 21\/01\/2025 10:10:31 Detran-PI explica como adquirir nova placa de ve\u00edculos em caso [&hellip;]<\/p>\n","protected":false},"author":1713,"featured_media":0,"parent":0,"menu_order":0,"comment_status":"closed","ping_status":"closed","template":"template-fullwidth.php","meta":[],"featured_image_urls":{"full":"","thumbnail":"","medium":"","medium_large":"","large":"","sgg-420":"","sgg-540":"","sgg-780":"","1536x1536":"","2048x2048":"","homepage-slider":"","homepage-slider-small":"","page-top":"","page-small":"","loop-main":"","thumb-gallery-widget":""},"post_excerpt_stackable":"<p>27\/01\/2025 10:29:14 Detran-PI: Confira o cronograma de exames pr\u00e1ticos para os meses de fevereiro e mar\u00e7o de 2025 21\/01\/2025 10:10:31 Detran-PI explica como adquirir nova placa de ve\u00edculos em caso de perda 21\/01\/2025 09:44:55 Detran-PI: Curso de Instrutor de tr\u00e2nsito muda vidas e promove tr\u00e2nsito mais seguro e consciente 20\/01\/2025 09:44:02 Come\u00e7a hoje a 2\u00aa Edi\u00e7\u00e3o da Arena de F\u00e9rias Detran 19\/01\/2025 10:07:25 Detran diminui filas e acelera o fluxo de servi\u00e7os nos postos e site oficial 17\/01\/2025 11:15:59 2\u00aa Edi\u00e7\u00e3o da Arena de F\u00e9rias Detran movimenta Piau\u00ed com esporte, lazer e educa\u00e7\u00e3o no tr\u00e2nsito 12\/01\/2025 11:09:32 Detran-PI: Ouvidoria ultrapassa&hellip;<\/p>\n","category_list":"","author_info":{"name":"pedroneto","url":"https:\/\/portal.pi.gov.br\/detran\/author\/pedroneto\/"},"comments_num":"0 coment\u00e1rio","featured_image_urls_v2":{"full":"","thumbnail":"","medium":"","medium_large":"","large":"","sgg-420":"","sgg-540":"","sgg-780":"","1536x1536":"","2048x2048":"","homepage-slider":"","homepage-slider-small":"","page-top":"","page-small":"","loop-main":"","thumb-gallery-widget":""},"post_excerpt_stackable_v2":"<p>27\/01\/2025 10:29:14 Detran-PI: Confira o cronograma de exames pr\u00e1ticos para os meses de fevereiro e mar\u00e7o de 2025 21\/01\/2025 10:10:31 Detran-PI explica como adquirir nova placa de ve\u00edculos em caso de perda 21\/01\/2025 09:44:55 Detran-PI: Curso de Instrutor de tr\u00e2nsito muda vidas e promove tr\u00e2nsito mais seguro e consciente 20\/01\/2025 09:44:02 Come\u00e7a hoje a 2\u00aa Edi\u00e7\u00e3o da Arena de F\u00e9rias Detran 19\/01\/2025 10:07:25 Detran diminui filas e acelera o fluxo de servi\u00e7os nos postos e site oficial 17\/01\/2025 11:15:59 2\u00aa Edi\u00e7\u00e3o da Arena de F\u00e9rias Detran movimenta Piau\u00ed com esporte, lazer e educa\u00e7\u00e3o no tr\u00e2nsito 12\/01\/2025 11:09:32 Detran-PI: Ouvidoria ultrapassa&hellip;<\/p>\n","category_list_v2":"","author_info_v2":{"name":"pedroneto","url":"https:\/\/portal.pi.gov.br\/detran\/author\/pedroneto\/"},"comments_num_v2":"0 coment\u00e1rio","_links":{"self":[{"href":"https:\/\/portal.pi.gov.br\/detran\/wp-json\/wp\/v2\/pages\/1025"}],"collection":[{"href":"https:\/\/portal.pi.gov.br\/detran\/wp-json\/wp\/v2\/pages"}],"about":[{"href":"https:\/\/portal.pi.gov.br\/detran\/wp-json\/wp\/v2\/types\/page"}],"author":[{"embeddable":true,"href":"https:\/\/portal.pi.gov.br\/detran\/wp-json\/wp\/v2\/users\/1713"}],"replies":[{"embeddable":true,"href":"https:\/\/portal.pi.gov.br\/detran\/wp-json\/wp\/v2\/comments?post=1025"}],"version-history":[{"count":5,"href":"https:\/\/portal.pi.gov.br\/detran\/wp-json\/wp\/v2\/pages\/1025\/revisions"}],"predecessor-version":[{"id":3192,"href":"https:\/\/portal.pi.gov.br\/detran\/wp-json\/wp\/v2\/pages\/1025\/revisions\/3192"}],"wp:attachment":[{"href":"https:\/\/portal.pi.gov.br\/detran\/wp-json\/wp\/v2\/media?parent=1025"}],"curies":[{"name":"wp","href":"https:\/\/api.w.org\/{rel}","templated":true}]}}