{"id":1422,"date":"2024-05-22T12:11:41","date_gmt":"2024-05-22T15:11:41","guid":{"rendered":"https:\/\/portal.pi.gov.br\/detran\/?page_id=1422"},"modified":"2025-06-20T10:15:39","modified_gmt":"2025-06-20T13:15:39","slug":"taxa-de-carteira-nacional-de-habilitacao-cnh","status":"publish","type":"page","link":"https:\/\/portal.pi.gov.br\/detran\/habilitacao\/taxa-de-carteira-nacional-de-habilitacao-cnh\/","title":{"rendered":"Taxas de CNH"},"content":{"rendered":"<h3 style='text-align: left;color: #1b3058 margin-top: 20px'>Confira abaixo as Taxas Relacionadas a CNH<\/h3><style>\r\n        table {\r\n            width: 100%;\r\n            border-collapse: collapse;\r\n        }\r\n        th {\r\n            background-color: #034ea2;\r\n            color: white;\r\n            padding: 10px;\r\n            text-align: center;\r\n        }\r\n        td {\r\n            padding: 8px;\r\n            border: 1px solid #ddd;\r\n        }\r\n        tr:nth-child(even) { \r\n            background-color: #e0e0e0; \/* Amarelo claro *\/\r\n        }\r\n        tr:nth-child(odd) { \r\n            background-color: #ffffff; \/* Branco *\/\r\n        }\r\n      <\/style><table style='width: 100%;border-collapse: collapse;font-family: Arial, sans-serif'>\r\n        <thead>\r\n            <tr style='background-color: #1b3058;color: white;text-align: center'>\r\n                <th style='border: 1px solid #ddd;padding: 12px'>C\u00f3digo<\/th>\r\n                <th style='border: 1px solid #ddd;padding: 12px'>Descri\u00e7\u00e3o<\/th>\r\n                <th style='border: 1px solid #ddd;padding: 12px;text-align: center'>Valor Atual (R$)<\/th>\r\n            <\/tr>\r\n        <\/thead>\r\n        <tbody><tr>\r\n            <td style='border: 1px solid #ddd;padding: 12px;text-align: center'>62<\/td>\r\n            <td style='border: 1px solid #ddd;padding: 12px'>Altera\u00e7\u00e3o de Dados<\/td>\r\n            <td style='border: 1px solid #ddd;padding: 12px;text-align: right'>\r\n                R$ 282,15\r\n            <\/td>\r\n          <\/tr><tr>\r\n            <td style='border: 1px solid #ddd;padding: 12px;text-align: center'>5<\/td>\r\n            <td style='border: 1px solid #ddd;padding: 12px'>Certid\u00e3o Negativa de CNH<\/td>\r\n            <td style='border: 1px solid #ddd;padding: 12px;text-align: right'>\r\n                R$ 39,60\r\n            <\/td>\r\n          <\/tr><tr>\r\n            <td style='border: 1px solid #ddd;padding: 12px;text-align: center'>3<\/td>\r\n            <td style='border: 1px solid #ddd;padding: 12px'>CNH PERMANENTE<\/td>\r\n            <td style='border: 1px solid #ddd;padding: 12px;text-align: right'>\r\n                R$ 148,50\r\n            <\/td>\r\n          <\/tr><tr>\r\n            <td style='border: 1px solid #ddd;padding: 12px;text-align: center'>53<\/td>\r\n            <td style='border: 1px solid #ddd;padding: 12px'>CNH PERMANENTE (Outro Estado)<\/td>\r\n            <td style='border: 1px solid #ddd;padding: 12px;text-align: right'>\r\n                R$ 148,50\r\n            <\/td>\r\n          <\/tr><tr>\r\n            <td style='border: 1px solid #ddd;padding: 12px;text-align: center'>6<\/td>\r\n            <td style='border: 1px solid #ddd;padding: 12px'>C\u00f3pia do Prontu\u00e1rio (CNH de outros Estados)<\/td>\r\n            <td style='border: 1px solid #ddd;padding: 12px;text-align: right'>\r\n                R$ 84,15\r\n            <\/td>\r\n          <\/tr><tr>\r\n            <td style='border: 1px solid #ddd;padding: 12px;text-align: center'>10<\/td>\r\n            <td style='border: 1px solid #ddd;padding: 12px'>Desist\u00eancia de Categoria<\/td>\r\n            <td style='border: 1px solid #ddd;padding: 12px;text-align: right'>\r\n                R$ 39,60\r\n            <\/td>\r\n          <\/tr><tr>\r\n            <td style='border: 1px solid #ddd;padding: 12px;text-align: center'>21<\/td>\r\n            <td style='border: 1px solid #ddd;padding: 12px'>Devolu\u00e7\u00e3o de CNH<\/td>\r\n            <td style='border: 1px solid #ddd;padding: 12px;text-align: right'>\r\n                R$ 19,80\r\n            <\/td>\r\n          <\/tr><tr>\r\n            <td style='border: 1px solid #ddd;padding: 12px;text-align: center'>8<\/td>\r\n            <td style='border: 1px solid #ddd;padding: 12px'>Falta Injustificada<\/td>\r\n            <td style='border: 1px solid #ddd;padding: 12px;text-align: right'>\r\n                R$ 64,35\r\n            <\/td>\r\n          <\/tr><tr>\r\n            <td style='border: 1px solid #ddd;padding: 12px;text-align: center'>13<\/td>\r\n            <td style='border: 1px solid #ddd;padding: 12px'>Licen\u00e7a p\/ Aprend. de Dir. Ve\u00edculo (LADV)<\/td>\r\n            <td style='border: 1px solid #ddd;padding: 12px;text-align: right'>\r\n                R$ 39,60\r\n            <\/td>\r\n          <\/tr><tr>\r\n            <td style='border: 1px solid #ddd;padding: 12px;text-align: center'>61<\/td>\r\n            <td style='border: 1px solid #ddd;padding: 12px'>Permiss\u00e3o Internacional para Dirigir (PID)<\/td>\r\n            <td style='border: 1px solid #ddd;padding: 12px;text-align: right'>\r\n                R$ 257,40\r\n            <\/td>\r\n          <\/tr><tr>\r\n            <td style='border: 1px solid #ddd;padding: 12px;text-align: center'>58<\/td>\r\n            <td style='border: 1px solid #ddd;padding: 12px'>Permiss\u00e3o para Dirigir (AB) - Primeira Habilita\u00e7\u00e3o<\/td>\r\n            <td style='border: 1px solid #ddd;padding: 12px;text-align: right'>\r\n                R$ 371,25\r\n            <\/td>\r\n          <\/tr><tr>\r\n            <td style='border: 1px solid #ddd;padding: 12px;text-align: center'>56<\/td>\r\n            <td style='border: 1px solid #ddd;padding: 12px'>Permiss\u00e3o para Dirigir (A) - Primeira Habilita\u00e7\u00e3o<\/td>\r\n            <td style='border: 1px solid #ddd;padding: 12px;text-align: right'>\r\n                R$ 227,70\r\n            <\/td>\r\n          <\/tr><tr>\r\n            <td style='border: 1px solid #ddd;padding: 12px;text-align: center'>57<\/td>\r\n            <td style='border: 1px solid #ddd;padding: 12px'>Permiss\u00e3o para Dirigir (B) - Primeira Habilita\u00e7\u00e3o<\/td>\r\n            <td style='border: 1px solid #ddd;padding: 12px;text-align: right'>\r\n                R$ 371,25\r\n            <\/td>\r\n          <\/tr><tr>\r\n            <td style='border: 1px solid #ddd;padding: 12px;text-align: center'>63<\/td>\r\n            <td style='border: 1px solid #ddd;padding: 12px'>Permiss\u00e3o para Dirigir (X) - Primeira Habilita\u00e7\u00e3o<\/td>\r\n            <td style='border: 1px solid #ddd;padding: 12px;text-align: right'>\r\n                R$ 346,50\r\n            <\/td>\r\n          <\/tr><tr>\r\n            <td style='border: 1px solid #ddd;padding: 12px;text-align: center'>40<\/td>\r\n            <td style='border: 1px solid #ddd;padding: 12px'>Reconstitui\u00e7\u00e3o de Processo<\/td>\r\n            <td style='border: 1px solid #ddd;padding: 12px;text-align: right'>\r\n                R$ 79,20\r\n            <\/td>\r\n          <\/tr><tr>\r\n            <td style='border: 1px solid #ddd;padding: 12px;text-align: center'>19<\/td>\r\n            <td style='border: 1px solid #ddd;padding: 12px'>Registro de Instrutor CFC<\/td>\r\n            <td style='border: 1px solid #ddd;padding: 12px;text-align: right'>\r\n                R$ 292,05\r\n            <\/td>\r\n          <\/tr><tr>\r\n            <td style='border: 1px solid #ddd;padding: 12px;text-align: center'>28<\/td>\r\n            <td style='border: 1px solid #ddd;padding: 12px'>Registro Preposto Despachante<\/td>\r\n            <td style='border: 1px solid #ddd;padding: 12px;text-align: right'>\r\n                R$ 297,00\r\n            <\/td>\r\n          <\/tr><tr>\r\n            <td style='border: 1px solid #ddd;padding: 12px;text-align: center'>29<\/td>\r\n            <td style='border: 1px solid #ddd;padding: 12px'>Renova\u00e7\u00e3o Anual Escr. Despachante<\/td>\r\n            <td style='border: 1px solid #ddd;padding: 12px;text-align: right'>\r\n                R$ 297,00\r\n            <\/td>\r\n          <\/tr><tr>\r\n            <td style='border: 1px solid #ddd;padding: 12px;text-align: center'>18<\/td>\r\n            <td style='border: 1px solid #ddd;padding: 12px'>Renova\u00e7\u00e3o Anual Reg. Instrutor CFC<\/td>\r\n            <td style='border: 1px solid #ddd;padding: 12px;text-align: right'>\r\n                R$ 198,00\r\n            <\/td>\r\n          <\/tr><tr>\r\n            <td style='border: 1px solid #ddd;padding: 12px;text-align: center'>4<\/td>\r\n            <td style='border: 1px solid #ddd;padding: 12px'>Renova\u00e7\u00e3o com Mudan\u00e7a\/Adi\u00e7\u00e3o de Categoria<\/td>\r\n            <td style='border: 1px solid #ddd;padding: 12px;text-align: right'>\r\n                R$ 297,00\r\n            <\/td>\r\n          <\/tr><tr>\r\n            <td style='border: 1px solid #ddd;padding: 12px;text-align: center'>52<\/td>\r\n            <td style='border: 1px solid #ddd;padding: 12px'>Renova\u00e7\u00e3o com Mudan\u00e7a\/Adi\u00e7\u00e3o de Categoria (Outro Estado)<\/td>\r\n            <td style='border: 1px solid #ddd;padding: 12px;text-align: right'>\r\n                R$ 297,00\r\n            <\/td>\r\n          <\/tr><tr>\r\n            <td style='border: 1px solid #ddd;padding: 12px;text-align: center'>2<\/td>\r\n            <td style='border: 1px solid #ddd;padding: 12px'>Renova\u00e7\u00e3o de CNH<\/td>\r\n            <td style='border: 1px solid #ddd;padding: 12px;text-align: right'>\r\n                R$ 257,40\r\n            <\/td>\r\n          <\/tr><tr>\r\n            <td style='border: 1px solid #ddd;padding: 12px;text-align: center'>50<\/td>\r\n            <td style='border: 1px solid #ddd;padding: 12px'>Renova\u00e7\u00e3o de CNH - Condutor de outra UF<\/td>\r\n            <td style='border: 1px solid #ddd;padding: 12px;text-align: right'>\r\n                R$ 257,40\r\n            <\/td>\r\n          <\/tr><tr>\r\n            <td style='border: 1px solid #ddd;padding: 12px;text-align: center'>7<\/td>\r\n            <td style='border: 1px solid #ddd;padding: 12px'>Repeti\u00e7\u00e3o do Exame<\/td>\r\n            <td style='border: 1px solid #ddd;padding: 12px;text-align: right'>\r\n                R$ 84,15\r\n            <\/td>\r\n          <\/tr><tr>\r\n            <td style='border: 1px solid #ddd;padding: 12px;text-align: center'>11<\/td>\r\n            <td style='border: 1px solid #ddd;padding: 12px'>Segunda Via de CNH<\/td>\r\n            <td style='border: 1px solid #ddd;padding: 12px;text-align: right'>\r\n                R$ 123,75\r\n            <\/td>\r\n          <\/tr><tr>\r\n            <td style='border: 1px solid #ddd;padding: 12px;text-align: center'>51<\/td>\r\n            <td style='border: 1px solid #ddd;padding: 12px'>Segunda Via de CNH. (Outro Estado)<\/td>\r\n            <td style='border: 1px solid #ddd;padding: 12px;text-align: right'>\r\n                R$ 123,75\r\n            <\/td>\r\n          <\/tr><tr>\r\n            <td style='border: 1px solid #ddd;padding: 12px;text-align: center'>20<\/td>\r\n            <td style='border: 1px solid #ddd;padding: 12px'>Transfer\u00eancia de Processo (Entre CFC\u00b4s)<\/td>\r\n            <td style='border: 1px solid #ddd;padding: 12px;text-align: right'>\r\n                R$ 79,20\r\n            <\/td>\r\n          <\/tr><\/tbody><\/table>\n","protected":false},"excerpt":{"rendered":"","protected":false},"author":1783,"featured_media":0,"parent":938,"menu_order":0,"comment_status":"closed","ping_status":"closed","template":"","meta":[],"featured_image_urls":{"full":"","thumbnail":"","medium":"","medium_large":"","large":"","sgg-420":"","sgg-540":"","sgg-780":"","1536x1536":"","2048x2048":"","homepage-slider":"","homepage-slider-small":"","page-top":"","page-small":"","loop-main":"","thumb-gallery-widget":""},"post_excerpt_stackable":"<p>Confira abaixo as Taxas Relacionadas a CNH C\u00f3digo Descri\u00e7\u00e3o Valor Atual (R$) 62 Altera\u00e7\u00e3o de Dados R$ 282,15 5 Certid\u00e3o Negativa de CNH R$ 39,60 3 CNH PERMANENTE R$ 148,50 53 CNH PERMANENTE (Outro Estado) R$ 148,50 6 C\u00f3pia do Prontu\u00e1rio (CNH de outros Estados) R$ 84,15 10 Desist\u00eancia de Categoria R$ 39,60 21 Devolu\u00e7\u00e3o de CNH R$ 19,80 8 Falta Injustificada R$ 64,35 13 Licen\u00e7a p\/ Aprend. de Dir. Ve\u00edculo (LADV) R$ 39,60 61 Permiss\u00e3o Internacional para Dirigir (PID) R$ 257,40 58 Permiss\u00e3o para Dirigir (AB) &#8211; Primeira Habilita\u00e7\u00e3o R$ 371,25 56 Permiss\u00e3o para Dirigir (A) &#8211; Primeira Habilita\u00e7\u00e3o&hellip;<\/p>\n","category_list":"","author_info":{"name":"marcoschaves","url":"https:\/\/portal.pi.gov.br\/detran\/author\/marcoschaves\/"},"comments_num":"0 coment\u00e1rio","featured_image_urls_v2":{"full":"","thumbnail":"","medium":"","medium_large":"","large":"","sgg-420":"","sgg-540":"","sgg-780":"","1536x1536":"","2048x2048":"","homepage-slider":"","homepage-slider-small":"","page-top":"","page-small":"","loop-main":"","thumb-gallery-widget":""},"post_excerpt_stackable_v2":"<p>Confira abaixo as Taxas Relacionadas a CNH C\u00f3digo Descri\u00e7\u00e3o Valor Atual (R$) 62 Altera\u00e7\u00e3o de Dados R$ 282,15 5 Certid\u00e3o Negativa de CNH R$ 39,60 3 CNH PERMANENTE R$ 148,50 53 CNH PERMANENTE (Outro Estado) R$ 148,50 6 C\u00f3pia do Prontu\u00e1rio (CNH de outros Estados) R$ 84,15 10 Desist\u00eancia de Categoria R$ 39,60 21 Devolu\u00e7\u00e3o de CNH R$ 19,80 8 Falta Injustificada R$ 64,35 13 Licen\u00e7a p\/ Aprend. de Dir. Ve\u00edculo (LADV) R$ 39,60 61 Permiss\u00e3o Internacional para Dirigir (PID) R$ 257,40 58 Permiss\u00e3o para Dirigir (AB) &#8211; Primeira Habilita\u00e7\u00e3o R$ 371,25 56 Permiss\u00e3o para Dirigir (A) &#8211; Primeira Habilita\u00e7\u00e3o&hellip;<\/p>\n","category_list_v2":"","author_info_v2":{"name":"marcoschaves","url":"https:\/\/portal.pi.gov.br\/detran\/author\/marcoschaves\/"},"comments_num_v2":"0 coment\u00e1rio","_links":{"self":[{"href":"https:\/\/portal.pi.gov.br\/detran\/wp-json\/wp\/v2\/pages\/1422"}],"collection":[{"href":"https:\/\/portal.pi.gov.br\/detran\/wp-json\/wp\/v2\/pages"}],"about":[{"href":"https:\/\/portal.pi.gov.br\/detran\/wp-json\/wp\/v2\/types\/page"}],"author":[{"embeddable":true,"href":"https:\/\/portal.pi.gov.br\/detran\/wp-json\/wp\/v2\/users\/1783"}],"replies":[{"embeddable":true,"href":"https:\/\/portal.pi.gov.br\/detran\/wp-json\/wp\/v2\/comments?post=1422"}],"version-history":[{"count":30,"href":"https:\/\/portal.pi.gov.br\/detran\/wp-json\/wp\/v2\/pages\/1422\/revisions"}],"predecessor-version":[{"id":3513,"href":"https:\/\/portal.pi.gov.br\/detran\/wp-json\/wp\/v2\/pages\/1422\/revisions\/3513"}],"up":[{"embeddable":true,"href":"https:\/\/portal.pi.gov.br\/detran\/wp-json\/wp\/v2\/pages\/938"}],"wp:attachment":[{"href":"https:\/\/portal.pi.gov.br\/detran\/wp-json\/wp\/v2\/media?parent=1422"}],"curies":[{"name":"wp","href":"https:\/\/api.w.org\/{rel}","templated":true}]}}